{"id":387428,"date":"2025-03-09T13:43:00","date_gmt":"2025-03-09T12:43:00","guid":{"rendered":"https:\/\/gotygu.com\/?post_type=product&#038;p=387428"},"modified":"2025-12-01T00:00:24","modified_gmt":"2025-11-30T23:00:24","slug":"bali-jersey-kopia-kopia-kopia","status":"publish","type":"product","link":"https:\/\/gotygu.com\/en\/produkt\/bali-jersey-kopia-kopia-kopia\/","title":{"rendered":"Jersey Black short 2025"},"content":{"rendered":"","protected":false},"excerpt":{"rendered":"<p style=\"text-align: center;\"><strong><em><img decoding=\"async\" class=\"alignnone wp-image-387376\" src=\"https:\/\/gotygu.com\/wp-content\/uploads\/2025\/03\/eco.png\" alt=\"\" width=\"174\" height=\"230\" \/><\/em><\/strong><\/p>\n<h3>Reclaimed polyester<\/h3>\n<p>Despite the existence of many alternatives, <b>polyester remains the first choice material for many sportswear manufacturers<\/b>. Its durability, resistance to damage, quick-drying properties and ability to be produced in a variety of textures and finishes make polyester extremely versatile.<\/p>\n<p>&nbsp;<\/p>\n<h3>130g. lightest on the market<\/h3>\n<p>With a weight of ~130 gsm, we deliver ultralight, quick-drying, yet durable t-shirts. Available with short and long sleeves.<\/p>\n","protected":false},"featured_media":387334,"comment_status":"open","ping_status":"closed","template":"","meta":[],"product_brand":[],"product_cat":[196,199,197,198,100,427],"product_tag":[],"class_list":{"0":"post-387428","1":"product","2":"type-product","3":"status-publish","4":"has-post-thumbnail","6":"product_cat-he-en","7":"product_cat-mens-shirts","8":"product_cat-she-en","9":"product_cat-womens-shirts","10":"product_cat-t-shirts","11":"product_cat-test-en","12":"pa_rozmiary-xs-en","13":"pa_rozmiary-s-en","14":"pa_rozmiary-m-en","15":"pa_rozmiary-l-en","16":"pa_rozmiary-xl-en","17":"pa_rozmiary-2xl-en","18":"pa_rozmiary-3xl-en","20":"first","21":"instock","22":"taxable","23":"shipping-taxable","24":"purchasable","25":"product-type-variable"},"yoast_head":"<!-- This site is optimized with the Yoast SEO plugin v25.4 - https:\/\/yoast.com\/wordpress\/plugins\/seo\/ -->\n<title>Jersey Black short 2025 - TYGU<\/title>\n<meta name=\"robots\" content=\"index, follow, max-snippet:-1, max-image-preview:large, max-video-preview:-1\" \/>\n<link rel=\"canonical\" href=\"https:\/\/gotygu.com\/en\/produkt\/bali-jersey-kopia-kopia-kopia\/\" \/>\n<meta property=\"og:locale\" content=\"en_US\" \/>\n<meta property=\"og:type\" content=\"article\" \/>\n<meta property=\"og:title\" content=\"Jersey Black short 2025 - TYGU\" \/>\n<meta property=\"og:description\" content=\"Reclaimed polyester Despite the existence of many alternatives, polyester remains the first choice material for many sportswear manufacturers. Its durability, resistance to damage, quick-drying properties and ability to be produced in a variety of textures and finishes make polyester extremely versatile.  &nbsp; 130g. lightest on the market With a weight of ~130 gsm, we deliver ultralight, quick-drying, yet durable t-shirts. Available with short and long sleeves.\" \/>\n<meta property=\"og:url\" content=\"https:\/\/gotygu.com\/en\/produkt\/bali-jersey-kopia-kopia-kopia\/\" \/>\n<meta property=\"og:site_name\" content=\"TYGU\" \/>\n<meta property=\"article:publisher\" content=\"https:\/\/www.facebook.com\/TYGUapparel\" \/>\n<meta property=\"article:modified_time\" content=\"2025-11-30T23:00:24+00:00\" \/>\n<meta property=\"og:image\" content=\"https:\/\/gotygu.com\/wp-content\/uploads\/2025\/03\/zdjecie-13.jpg\" \/>\n\t<meta property=\"og:image:width\" content=\"1500\" \/>\n\t<meta property=\"og:image:height\" content=\"2013\" \/>\n\t<meta property=\"og:image:type\" content=\"image\/jpeg\" \/>\n<meta name=\"twitter:card\" content=\"summary_large_image\" \/>\n<script type=\"application\/ld+json\" class=\"yoast-schema-graph\">{\"@context\":\"https:\/\/schema.org\",\"@graph\":[{\"@type\":\"WebPage\",\"@id\":\"https:\/\/gotygu.com\/en\/produkt\/bali-jersey-kopia-kopia-kopia\/\",\"url\":\"https:\/\/gotygu.com\/en\/produkt\/bali-jersey-kopia-kopia-kopia\/\",\"name\":\"Jersey Black short 2025 - TYGU\",\"isPartOf\":{\"@id\":\"https:\/\/gotygu.com\/#website\"},\"primaryImageOfPage\":{\"@id\":\"https:\/\/gotygu.com\/en\/produkt\/bali-jersey-kopia-kopia-kopia\/#primaryimage\"},\"image\":{\"@id\":\"https:\/\/gotygu.com\/en\/produkt\/bali-jersey-kopia-kopia-kopia\/#primaryimage\"},\"thumbnailUrl\":\"https:\/\/gotygu.com\/wp-content\/uploads\/2025\/03\/zdjecie-13.jpg\",\"datePublished\":\"2025-03-09T12:43:00+00:00\",\"dateModified\":\"2025-11-30T23:00:24+00:00\",\"breadcrumb\":{\"@id\":\"https:\/\/gotygu.com\/en\/produkt\/bali-jersey-kopia-kopia-kopia\/#breadcrumb\"},\"inLanguage\":\"en-US\",\"potentialAction\":[{\"@type\":\"ReadAction\",\"target\":[\"https:\/\/gotygu.com\/en\/produkt\/bali-jersey-kopia-kopia-kopia\/\"]}]},{\"@type\":\"ImageObject\",\"inLanguage\":\"en-US\",\"@id\":\"https:\/\/gotygu.com\/en\/produkt\/bali-jersey-kopia-kopia-kopia\/#primaryimage\",\"url\":\"https:\/\/gotygu.com\/wp-content\/uploads\/2025\/03\/zdjecie-13.jpg\",\"contentUrl\":\"https:\/\/gotygu.com\/wp-content\/uploads\/2025\/03\/zdjecie-13.jpg\",\"width\":1500,\"height\":2013},{\"@type\":\"BreadcrumbList\",\"@id\":\"https:\/\/gotygu.com\/en\/produkt\/bali-jersey-kopia-kopia-kopia\/#breadcrumb\",\"itemListElement\":[{\"@type\":\"ListItem\",\"position\":1,\"name\":\"Strona g\u0142\u00f3wna\",\"item\":\"https:\/\/gotygu.com\/\"},{\"@type\":\"ListItem\",\"position\":2,\"name\":\"Produkty\",\"item\":\"https:\/\/gotygu.com\/shop\/\"},{\"@type\":\"ListItem\",\"position\":3,\"name\":\"Jersey Black short 2025\"}]},{\"@type\":\"WebSite\",\"@id\":\"https:\/\/gotygu.com\/#website\",\"url\":\"https:\/\/gotygu.com\/\",\"name\":\"TYGU - Polska marka odzie\u017cy\",\"description\":\"Designed To Ride - poznaj Polsk\u0105 mark\u0119\",\"publisher\":{\"@id\":\"https:\/\/gotygu.com\/#organization\"},\"alternateName\":\"Prosto z serca Beskid\u00f3w. Autorskie projekty odzie\u017cy i akcesori\u00f3w rowerowych. Odzie\u017c Merino dla rowerzyst\u00f3w\",\"potentialAction\":[{\"@type\":\"SearchAction\",\"target\":{\"@type\":\"EntryPoint\",\"urlTemplate\":\"https:\/\/gotygu.com\/?s={search_term_string}\"},\"query-input\":{\"@type\":\"PropertyValueSpecification\",\"valueRequired\":true,\"valueName\":\"search_term_string\"}}],\"inLanguage\":\"en-US\"},{\"@type\":\"Organization\",\"@id\":\"https:\/\/gotygu.com\/#organization\",\"name\":\"Polska marka rowerowa z serca beskid\u00f3w. Odzie\u017c i akcesoria rowerowa projektowane przez rowerzyst\u00f3w. Odzie\u017c merino, enduro i mtb.\",\"url\":\"https:\/\/gotygu.com\/\",\"logo\":{\"@type\":\"ImageObject\",\"inLanguage\":\"en-US\",\"@id\":\"https:\/\/gotygu.com\/#\/schema\/logo\/image\/\",\"url\":\"https:\/\/gotygu.com\/wp-content\/uploads\/2023\/12\/tygu-gory.png\",\"contentUrl\":\"https:\/\/gotygu.com\/wp-content\/uploads\/2023\/12\/tygu-gory.png\",\"width\":512,\"height\":512,\"caption\":\"Polska marka rowerowa z serca beskid\u00f3w. Odzie\u017c i akcesoria rowerowa projektowane przez rowerzyst\u00f3w. Odzie\u017c merino, enduro i mtb.\"},\"image\":{\"@id\":\"https:\/\/gotygu.com\/#\/schema\/logo\/image\/\"},\"sameAs\":[\"https:\/\/www.facebook.com\/TYGUapparel\"]}]}<\/script>\n<!-- \/ Yoast SEO plugin. -->","yoast_head_json":{"title":"Jersey Black short 2025 - TYGU","robots":{"index":"index","follow":"follow","max-snippet":"max-snippet:-1","max-image-preview":"max-image-preview:large","max-video-preview":"max-video-preview:-1"},"canonical":"https:\/\/gotygu.com\/en\/produkt\/bali-jersey-kopia-kopia-kopia\/","og_locale":"en_US","og_type":"article","og_title":"Jersey Black short 2025 - TYGU","og_description":"Reclaimed polyester Despite the existence of many alternatives, polyester remains the first choice material for many sportswear manufacturers. Its durability, resistance to damage, quick-drying properties and ability to be produced in a variety of textures and finishes make polyester extremely versatile.  &nbsp; 130g. lightest on the market With a weight of ~130 gsm, we deliver ultralight, quick-drying, yet durable t-shirts. Available with short and long sleeves.","og_url":"https:\/\/gotygu.com\/en\/produkt\/bali-jersey-kopia-kopia-kopia\/","og_site_name":"TYGU","article_publisher":"https:\/\/www.facebook.com\/TYGUapparel","article_modified_time":"2025-11-30T23:00:24+00:00","og_image":[{"width":1500,"height":2013,"url":"https:\/\/gotygu.com\/wp-content\/uploads\/2025\/03\/zdjecie-13.jpg","type":"image\/jpeg"}],"twitter_card":"summary_large_image","schema":{"@context":"https:\/\/schema.org","@graph":[{"@type":"WebPage","@id":"https:\/\/gotygu.com\/en\/produkt\/bali-jersey-kopia-kopia-kopia\/","url":"https:\/\/gotygu.com\/en\/produkt\/bali-jersey-kopia-kopia-kopia\/","name":"Jersey Black short 2025 - TYGU","isPartOf":{"@id":"https:\/\/gotygu.com\/#website"},"primaryImageOfPage":{"@id":"https:\/\/gotygu.com\/en\/produkt\/bali-jersey-kopia-kopia-kopia\/#primaryimage"},"image":{"@id":"https:\/\/gotygu.com\/en\/produkt\/bali-jersey-kopia-kopia-kopia\/#primaryimage"},"thumbnailUrl":"https:\/\/gotygu.com\/wp-content\/uploads\/2025\/03\/zdjecie-13.jpg","datePublished":"2025-03-09T12:43:00+00:00","dateModified":"2025-11-30T23:00:24+00:00","breadcrumb":{"@id":"https:\/\/gotygu.com\/en\/produkt\/bali-jersey-kopia-kopia-kopia\/#breadcrumb"},"inLanguage":"en-US","potentialAction":[{"@type":"ReadAction","target":["https:\/\/gotygu.com\/en\/produkt\/bali-jersey-kopia-kopia-kopia\/"]}]},{"@type":"ImageObject","inLanguage":"en-US","@id":"https:\/\/gotygu.com\/en\/produkt\/bali-jersey-kopia-kopia-kopia\/#primaryimage","url":"https:\/\/gotygu.com\/wp-content\/uploads\/2025\/03\/zdjecie-13.jpg","contentUrl":"https:\/\/gotygu.com\/wp-content\/uploads\/2025\/03\/zdjecie-13.jpg","width":1500,"height":2013},{"@type":"BreadcrumbList","@id":"https:\/\/gotygu.com\/en\/produkt\/bali-jersey-kopia-kopia-kopia\/#breadcrumb","itemListElement":[{"@type":"ListItem","position":1,"name":"Strona g\u0142\u00f3wna","item":"https:\/\/gotygu.com\/"},{"@type":"ListItem","position":2,"name":"Produkty","item":"https:\/\/gotygu.com\/shop\/"},{"@type":"ListItem","position":3,"name":"Jersey Black short 2025"}]},{"@type":"WebSite","@id":"https:\/\/gotygu.com\/#website","url":"https:\/\/gotygu.com\/","name":"TYGU - Polska marka odzie\u017cy","description":"Designed To Ride - poznaj Polsk\u0105 mark\u0119","publisher":{"@id":"https:\/\/gotygu.com\/#organization"},"alternateName":"Prosto z serca Beskid\u00f3w. Autorskie projekty odzie\u017cy i akcesori\u00f3w rowerowych. Odzie\u017c Merino dla rowerzyst\u00f3w","potentialAction":[{"@type":"SearchAction","target":{"@type":"EntryPoint","urlTemplate":"https:\/\/gotygu.com\/?s={search_term_string}"},"query-input":{"@type":"PropertyValueSpecification","valueRequired":true,"valueName":"search_term_string"}}],"inLanguage":"en-US"},{"@type":"Organization","@id":"https:\/\/gotygu.com\/#organization","name":"Polska marka rowerowa z serca beskid\u00f3w. Odzie\u017c i akcesoria rowerowa projektowane przez rowerzyst\u00f3w. Odzie\u017c merino, enduro i mtb.","url":"https:\/\/gotygu.com\/","logo":{"@type":"ImageObject","inLanguage":"en-US","@id":"https:\/\/gotygu.com\/#\/schema\/logo\/image\/","url":"https:\/\/gotygu.com\/wp-content\/uploads\/2023\/12\/tygu-gory.png","contentUrl":"https:\/\/gotygu.com\/wp-content\/uploads\/2023\/12\/tygu-gory.png","width":512,"height":512,"caption":"Polska marka rowerowa z serca beskid\u00f3w. Odzie\u017c i akcesoria rowerowa projektowane przez rowerzyst\u00f3w. Odzie\u017c merino, enduro i mtb."},"image":{"@id":"https:\/\/gotygu.com\/#\/schema\/logo\/image\/"},"sameAs":["https:\/\/www.facebook.com\/TYGUapparel"]}]}},"_links":{"self":[{"href":"https:\/\/gotygu.com\/en\/wp-json\/wp\/v2\/product\/387428"}],"collection":[{"href":"https:\/\/gotygu.com\/en\/wp-json\/wp\/v2\/product"}],"about":[{"href":"https:\/\/gotygu.com\/en\/wp-json\/wp\/v2\/types\/product"}],"replies":[{"embeddable":true,"href":"https:\/\/gotygu.com\/en\/wp-json\/wp\/v2\/comments?post=387428"}],"wp:featuredmedia":[{"embeddable":true,"href":"https:\/\/gotygu.com\/en\/wp-json\/wp\/v2\/media\/387334"}],"wp:attachment":[{"href":"https:\/\/gotygu.com\/en\/wp-json\/wp\/v2\/media?parent=387428"}],"wp:term":[{"taxonomy":"product_brand","embeddable":true,"href":"https:\/\/gotygu.com\/en\/wp-json\/wp\/v2\/product_brand?post=387428"},{"taxonomy":"product_cat","embeddable":true,"href":"https:\/\/gotygu.com\/en\/wp-json\/wp\/v2\/product_cat?post=387428"},{"taxonomy":"product_tag","embeddable":true,"href":"https:\/\/gotygu.com\/en\/wp-json\/wp\/v2\/product_tag?post=387428"}],"curies":[{"name":"wp","href":"https:\/\/api.w.org\/{rel}","templated":true}]}}