{"id":386920,"date":"2025-01-03T17:48:00","date_gmt":"2025-01-03T16:48:00","guid":{"rendered":"https:\/\/gotygu.com\/?post_type=product&#038;p=386920"},"modified":"2026-03-21T00:00:09","modified_gmt":"2026-03-20T23:00:09","slug":"trooper-ii-pants-kopia","status":"publish","type":"product","link":"https:\/\/gotygu.com\/en\/produkt\/trooper-ii-pants-kopia\/","title":{"rendered":"Thunder Black Pants"},"content":{"rendered":"<p>MTB pants<\/p>\n<p>Our 2021 bestseller is back in even better shape! In accordance with user feedback, we lengthened the legs and redesigned the pockets.<br \/>\nProfessional MTB pants for riding in all conditions. Lightweight fabric, construction and ventilation are the basis of this product.<br \/>\nAn all-new cut, narrower legs, large pockets, ventilation ports and durable zippers are just some of the features.<br \/>\nA special <strong>insole with a membrane inside<\/strong> will make riding in wet or cold weather even more comfortable!<\/p>\n","protected":false},"excerpt":{"rendered":"<h3><strong>New MTB pants, new cut<\/strong><\/h3>\n<p>New for 2025, we&#8217;ve streamlined our Trooper pants, added an extra pocket and redesigned the pockets. Very comfortable cycling pants for all conditions<\/p>\n<ul>\n<li><strong>Softshell ripstop fabric, <\/strong><\/li>\n<\/ul>\n<p>comfort, durability and light weight in one product<\/p>\n<ul>\n<li><strong>Cut heavily cycling<\/strong><\/li>\n<\/ul>\n<p>Loose around the thigh and fitted below the knee<\/p>\n<ul>\n<li><strong>Fits protectors<\/strong><\/li>\n<li><strong>Additional pocket on the back. Ideal for transporting small items while pedaling <\/strong><\/li>\n<li><strong>Velcro closure further holds the belt in place<\/strong><\/li>\n<\/ul>\n<p>&nbsp;<\/p>\n","protected":false},"featured_media":386951,"comment_status":"open","ping_status":"closed","template":"","meta":[],"product_brand":[],"product_cat":[196,201,127,197,205],"product_tag":[],"class_list":{"0":"post-386920","1":"product","2":"type-product","3":"status-publish","4":"has-post-thumbnail","6":"product_cat-he-en","7":"product_cat-mens-pants","8":"product_cat-pants","9":"product_cat-she-en","10":"product_cat-womens-pants","11":"pa_rozmiary-26-en","12":"pa_rozmiary-28-en","13":"pa_rozmiary-30-en","14":"pa_rozmiary-32-en","15":"pa_rozmiary-34-en","16":"pa_rozmiary-36-en","17":"pa_rozmiary-38-en","18":"pa_rozmiary-403xl-en","20":"first","21":"instock","22":"taxable","23":"shipping-taxable","24":"purchasable","25":"product-type-variable"},"yoast_head":"<!-- This site is optimized with the Yoast SEO plugin v25.4 - https:\/\/yoast.com\/wordpress\/plugins\/seo\/ -->\n<title>Thunder Black Pants - TYGU<\/title>\n<meta name=\"robots\" content=\"index, follow, max-snippet:-1, max-image-preview:large, max-video-preview:-1\" \/>\n<link rel=\"canonical\" href=\"https:\/\/gotygu.com\/en\/produkt\/trooper-ii-pants-kopia\/\" \/>\n<meta property=\"og:locale\" content=\"en_US\" \/>\n<meta property=\"og:type\" content=\"article\" \/>\n<meta property=\"og:title\" content=\"Thunder Black Pants - TYGU\" \/>\n<meta property=\"og:description\" content=\"New MTB pants, new cut New for 2025, we&#039;ve streamlined our Trooper pants, added an extra pocket and redesigned the pockets. Very comfortable cycling pants for all conditions   Softshell ripstop fabric,   comfort, durability and light weight in one product   Cut heavily cycling  Loose around the thigh and fitted below the knee   Fits protectors  Additional pocket on the back. Ideal for transporting small items while pedaling   Velcro closure further holds the belt in place  &nbsp;\" \/>\n<meta property=\"og:url\" content=\"https:\/\/gotygu.com\/en\/produkt\/trooper-ii-pants-kopia\/\" \/>\n<meta property=\"og:site_name\" content=\"TYGU\" \/>\n<meta property=\"article:publisher\" content=\"https:\/\/www.facebook.com\/TYGUapparel\" \/>\n<meta property=\"article:modified_time\" content=\"2026-03-20T23:00:09+00:00\" \/>\n<meta property=\"og:image\" content=\"https:\/\/gotygu.com\/wp-content\/uploads\/2025\/01\/zdjecie-1.jpg\" \/>\n\t<meta property=\"og:image:width\" content=\"1500\" \/>\n\t<meta property=\"og:image:height\" content=\"2013\" \/>\n\t<meta property=\"og:image:type\" content=\"image\/jpeg\" \/>\n<meta name=\"twitter:card\" content=\"summary_large_image\" \/>\n<meta name=\"twitter:label1\" content=\"Est. reading time\" \/>\n\t<meta name=\"twitter:data1\" content=\"1 minute\" \/>\n<script type=\"application\/ld+json\" class=\"yoast-schema-graph\">{\"@context\":\"https:\/\/schema.org\",\"@graph\":[{\"@type\":\"WebPage\",\"@id\":\"https:\/\/gotygu.com\/en\/produkt\/trooper-ii-pants-kopia\/\",\"url\":\"https:\/\/gotygu.com\/en\/produkt\/trooper-ii-pants-kopia\/\",\"name\":\"Thunder Black Pants - TYGU\",\"isPartOf\":{\"@id\":\"https:\/\/gotygu.com\/#website\"},\"primaryImageOfPage\":{\"@id\":\"https:\/\/gotygu.com\/en\/produkt\/trooper-ii-pants-kopia\/#primaryimage\"},\"image\":{\"@id\":\"https:\/\/gotygu.com\/en\/produkt\/trooper-ii-pants-kopia\/#primaryimage\"},\"thumbnailUrl\":\"https:\/\/gotygu.com\/wp-content\/uploads\/2025\/01\/zdjecie-1.jpg\",\"datePublished\":\"2025-01-03T16:48:00+00:00\",\"dateModified\":\"2026-03-20T23:00:09+00:00\",\"breadcrumb\":{\"@id\":\"https:\/\/gotygu.com\/en\/produkt\/trooper-ii-pants-kopia\/#breadcrumb\"},\"inLanguage\":\"en-US\",\"potentialAction\":[{\"@type\":\"ReadAction\",\"target\":[\"https:\/\/gotygu.com\/en\/produkt\/trooper-ii-pants-kopia\/\"]}]},{\"@type\":\"ImageObject\",\"inLanguage\":\"en-US\",\"@id\":\"https:\/\/gotygu.com\/en\/produkt\/trooper-ii-pants-kopia\/#primaryimage\",\"url\":\"https:\/\/gotygu.com\/wp-content\/uploads\/2025\/01\/zdjecie-1.jpg\",\"contentUrl\":\"https:\/\/gotygu.com\/wp-content\/uploads\/2025\/01\/zdjecie-1.jpg\",\"width\":1500,\"height\":2013},{\"@type\":\"BreadcrumbList\",\"@id\":\"https:\/\/gotygu.com\/en\/produkt\/trooper-ii-pants-kopia\/#breadcrumb\",\"itemListElement\":[{\"@type\":\"ListItem\",\"position\":1,\"name\":\"Strona g\u0142\u00f3wna\",\"item\":\"https:\/\/gotygu.com\/\"},{\"@type\":\"ListItem\",\"position\":2,\"name\":\"Produkty\",\"item\":\"https:\/\/gotygu.com\/shop\/\"},{\"@type\":\"ListItem\",\"position\":3,\"name\":\"Thunder Black Pants\"}]},{\"@type\":\"WebSite\",\"@id\":\"https:\/\/gotygu.com\/#website\",\"url\":\"https:\/\/gotygu.com\/\",\"name\":\"TYGU - Polska marka odzie\u017cy\",\"description\":\"Designed To Ride - poznaj Polsk\u0105 mark\u0119\",\"publisher\":{\"@id\":\"https:\/\/gotygu.com\/#organization\"},\"alternateName\":\"Prosto z serca Beskid\u00f3w. Autorskie projekty odzie\u017cy i akcesori\u00f3w rowerowych. Odzie\u017c Merino dla rowerzyst\u00f3w\",\"potentialAction\":[{\"@type\":\"SearchAction\",\"target\":{\"@type\":\"EntryPoint\",\"urlTemplate\":\"https:\/\/gotygu.com\/?s={search_term_string}\"},\"query-input\":{\"@type\":\"PropertyValueSpecification\",\"valueRequired\":true,\"valueName\":\"search_term_string\"}}],\"inLanguage\":\"en-US\"},{\"@type\":\"Organization\",\"@id\":\"https:\/\/gotygu.com\/#organization\",\"name\":\"Polska marka rowerowa z serca beskid\u00f3w. Odzie\u017c i akcesoria rowerowa projektowane przez rowerzyst\u00f3w. Odzie\u017c merino, enduro i mtb.\",\"url\":\"https:\/\/gotygu.com\/\",\"logo\":{\"@type\":\"ImageObject\",\"inLanguage\":\"en-US\",\"@id\":\"https:\/\/gotygu.com\/#\/schema\/logo\/image\/\",\"url\":\"https:\/\/gotygu.com\/wp-content\/uploads\/2023\/12\/tygu-gory.png\",\"contentUrl\":\"https:\/\/gotygu.com\/wp-content\/uploads\/2023\/12\/tygu-gory.png\",\"width\":512,\"height\":512,\"caption\":\"Polska marka rowerowa z serca beskid\u00f3w. Odzie\u017c i akcesoria rowerowa projektowane przez rowerzyst\u00f3w. Odzie\u017c merino, enduro i mtb.\"},\"image\":{\"@id\":\"https:\/\/gotygu.com\/#\/schema\/logo\/image\/\"},\"sameAs\":[\"https:\/\/www.facebook.com\/TYGUapparel\"]}]}<\/script>\n<!-- \/ Yoast SEO plugin. -->","yoast_head_json":{"title":"Thunder Black Pants - TYGU","robots":{"index":"index","follow":"follow","max-snippet":"max-snippet:-1","max-image-preview":"max-image-preview:large","max-video-preview":"max-video-preview:-1"},"canonical":"https:\/\/gotygu.com\/en\/produkt\/trooper-ii-pants-kopia\/","og_locale":"en_US","og_type":"article","og_title":"Thunder Black Pants - TYGU","og_description":"New MTB pants, new cut New for 2025, we've streamlined our Trooper pants, added an extra pocket and redesigned the pockets. Very comfortable cycling pants for all conditions   Softshell ripstop fabric,   comfort, durability and light weight in one product   Cut heavily cycling  Loose around the thigh and fitted below the knee   Fits protectors  Additional pocket on the back. Ideal for transporting small items while pedaling   Velcro closure further holds the belt in place  &nbsp;","og_url":"https:\/\/gotygu.com\/en\/produkt\/trooper-ii-pants-kopia\/","og_site_name":"TYGU","article_publisher":"https:\/\/www.facebook.com\/TYGUapparel","article_modified_time":"2026-03-20T23:00:09+00:00","og_image":[{"width":1500,"height":2013,"url":"https:\/\/gotygu.com\/wp-content\/uploads\/2025\/01\/zdjecie-1.jpg","type":"image\/jpeg"}],"twitter_card":"summary_large_image","twitter_misc":{"Est. reading time":"1 minute"},"schema":{"@context":"https:\/\/schema.org","@graph":[{"@type":"WebPage","@id":"https:\/\/gotygu.com\/en\/produkt\/trooper-ii-pants-kopia\/","url":"https:\/\/gotygu.com\/en\/produkt\/trooper-ii-pants-kopia\/","name":"Thunder Black Pants - TYGU","isPartOf":{"@id":"https:\/\/gotygu.com\/#website"},"primaryImageOfPage":{"@id":"https:\/\/gotygu.com\/en\/produkt\/trooper-ii-pants-kopia\/#primaryimage"},"image":{"@id":"https:\/\/gotygu.com\/en\/produkt\/trooper-ii-pants-kopia\/#primaryimage"},"thumbnailUrl":"https:\/\/gotygu.com\/wp-content\/uploads\/2025\/01\/zdjecie-1.jpg","datePublished":"2025-01-03T16:48:00+00:00","dateModified":"2026-03-20T23:00:09+00:00","breadcrumb":{"@id":"https:\/\/gotygu.com\/en\/produkt\/trooper-ii-pants-kopia\/#breadcrumb"},"inLanguage":"en-US","potentialAction":[{"@type":"ReadAction","target":["https:\/\/gotygu.com\/en\/produkt\/trooper-ii-pants-kopia\/"]}]},{"@type":"ImageObject","inLanguage":"en-US","@id":"https:\/\/gotygu.com\/en\/produkt\/trooper-ii-pants-kopia\/#primaryimage","url":"https:\/\/gotygu.com\/wp-content\/uploads\/2025\/01\/zdjecie-1.jpg","contentUrl":"https:\/\/gotygu.com\/wp-content\/uploads\/2025\/01\/zdjecie-1.jpg","width":1500,"height":2013},{"@type":"BreadcrumbList","@id":"https:\/\/gotygu.com\/en\/produkt\/trooper-ii-pants-kopia\/#breadcrumb","itemListElement":[{"@type":"ListItem","position":1,"name":"Strona g\u0142\u00f3wna","item":"https:\/\/gotygu.com\/"},{"@type":"ListItem","position":2,"name":"Produkty","item":"https:\/\/gotygu.com\/shop\/"},{"@type":"ListItem","position":3,"name":"Thunder Black Pants"}]},{"@type":"WebSite","@id":"https:\/\/gotygu.com\/#website","url":"https:\/\/gotygu.com\/","name":"TYGU - Polska marka odzie\u017cy","description":"Designed To Ride - poznaj Polsk\u0105 mark\u0119","publisher":{"@id":"https:\/\/gotygu.com\/#organization"},"alternateName":"Prosto z serca Beskid\u00f3w. Autorskie projekty odzie\u017cy i akcesori\u00f3w rowerowych. Odzie\u017c Merino dla rowerzyst\u00f3w","potentialAction":[{"@type":"SearchAction","target":{"@type":"EntryPoint","urlTemplate":"https:\/\/gotygu.com\/?s={search_term_string}"},"query-input":{"@type":"PropertyValueSpecification","valueRequired":true,"valueName":"search_term_string"}}],"inLanguage":"en-US"},{"@type":"Organization","@id":"https:\/\/gotygu.com\/#organization","name":"Polska marka rowerowa z serca beskid\u00f3w. Odzie\u017c i akcesoria rowerowa projektowane przez rowerzyst\u00f3w. Odzie\u017c merino, enduro i mtb.","url":"https:\/\/gotygu.com\/","logo":{"@type":"ImageObject","inLanguage":"en-US","@id":"https:\/\/gotygu.com\/#\/schema\/logo\/image\/","url":"https:\/\/gotygu.com\/wp-content\/uploads\/2023\/12\/tygu-gory.png","contentUrl":"https:\/\/gotygu.com\/wp-content\/uploads\/2023\/12\/tygu-gory.png","width":512,"height":512,"caption":"Polska marka rowerowa z serca beskid\u00f3w. Odzie\u017c i akcesoria rowerowa projektowane przez rowerzyst\u00f3w. Odzie\u017c merino, enduro i mtb."},"image":{"@id":"https:\/\/gotygu.com\/#\/schema\/logo\/image\/"},"sameAs":["https:\/\/www.facebook.com\/TYGUapparel"]}]}},"_links":{"self":[{"href":"https:\/\/gotygu.com\/en\/wp-json\/wp\/v2\/product\/386920"}],"collection":[{"href":"https:\/\/gotygu.com\/en\/wp-json\/wp\/v2\/product"}],"about":[{"href":"https:\/\/gotygu.com\/en\/wp-json\/wp\/v2\/types\/product"}],"replies":[{"embeddable":true,"href":"https:\/\/gotygu.com\/en\/wp-json\/wp\/v2\/comments?post=386920"}],"wp:featuredmedia":[{"embeddable":true,"href":"https:\/\/gotygu.com\/en\/wp-json\/wp\/v2\/media\/386951"}],"wp:attachment":[{"href":"https:\/\/gotygu.com\/en\/wp-json\/wp\/v2\/media?parent=386920"}],"wp:term":[{"taxonomy":"product_brand","embeddable":true,"href":"https:\/\/gotygu.com\/en\/wp-json\/wp\/v2\/product_brand?post=386920"},{"taxonomy":"product_cat","embeddable":true,"href":"https:\/\/gotygu.com\/en\/wp-json\/wp\/v2\/product_cat?post=386920"},{"taxonomy":"product_tag","embeddable":true,"href":"https:\/\/gotygu.com\/en\/wp-json\/wp\/v2\/product_tag?post=386920"}],"curies":[{"name":"wp","href":"https:\/\/api.w.org\/{rel}","templated":true}]}}