{"id":386086,"date":"2024-10-12T07:18:00","date_gmt":"2024-10-12T05:18:00","guid":{"rendered":"https:\/\/gotygu.com\/produkt\/dzik-3l-25k-bicycle-pants\/"},"modified":"2025-12-01T00:00:25","modified_gmt":"2025-11-30T23:00:25","slug":"boar-3l-25k-bicycle-pants","status":"publish","type":"product","link":"https:\/\/gotygu.com\/en\/produkt\/boar-3l-25k-bicycle-pants\/","title":{"rendered":"BOAR 3L 25K bicycle pants"},"content":{"rendered":"","protected":false},"excerpt":{"rendered":"<p><img fetchpriority=\"high\" decoding=\"async\" class=\"alignnone size-full wp-image-385813\" src=\"https:\/\/gotygu.com\/wp-content\/uploads\/2024\/10\/icons_PL.png\" alt=\"\" width=\"800\" height=\"102\" \/><\/p>\n<ul>\n<li>Waterproof, breathable pants for long bike tours in harsh conditions.<\/li>\n<li>Cut specifically designed for cyclists, slim fit below the knees.<\/li>\n<li>Elastic band instead of waist adjustment, minimalism and comfort of cut.<\/li>\n<li>Drawstrings on the ankles of the main fabric.<\/li>\n<li>Taped seams.<\/li>\n<li>2 pockets, lockable.<\/li>\n<li>Open ventilation zones on the thighs, fastened.<\/li>\n<li>Three-layer waterproof material with 20,000 mm water column, PFCs not used at any stage of production.<\/li>\n<li>Water vapor permeability of 25,000 gsm \/ 24 h.<\/li>\n<li>Fits any knee pads.<\/li>\n<\/ul>\n<p><img decoding=\"async\" class=\"alignnone \" src=\"https:\/\/www.aquaclean.com\/assets\/grocery_crud\/texteditor\/tinymce_4\/responsive_filemanager\/uploads\/FREE.jpg?1508399658823\" width=\"130\" height=\"124\" \/><\/p>\n<p>&nbsp;<\/p>\n<p>&nbsp;<\/p>\n<p>&nbsp;<\/p>\n<p><em>Models in the photos:<\/em><\/p>\n<p><em>Male &#8211; 180 cm, slim, size M (lies loosely, S also fits)<\/em><\/p>\n<p><em>Female &#8211; 169 cm, size S (lies loosely, XS also fits)<\/em><\/p>\n","protected":false},"featured_media":385801,"comment_status":"open","ping_status":"closed","template":"","meta":[],"product_brand":[],"product_cat":[196,201,127,197,205],"product_tag":[],"class_list":{"0":"post-386086","1":"product","2":"type-product","3":"status-publish","4":"has-post-thumbnail","6":"product_cat-he-en","7":"product_cat-mens-pants","8":"product_cat-pants","9":"product_cat-she-en","10":"product_cat-womens-pants","11":"pa_rozmiary-s-en","12":"pa_rozmiary-m-en","13":"pa_rozmiary-l-en","14":"pa_rozmiary-xl-en","15":"pa_rozmiary-2xl-en","17":"first","18":"instock","19":"taxable","20":"shipping-taxable","21":"purchasable","22":"product-type-variable"},"yoast_head":"<!-- This site is optimized with the Yoast SEO plugin v25.4 - https:\/\/yoast.com\/wordpress\/plugins\/seo\/ -->\n<title>BOAR 3L 25K bicycle pants - TYGU<\/title>\n<meta name=\"robots\" content=\"index, follow, max-snippet:-1, max-image-preview:large, max-video-preview:-1\" \/>\n<link rel=\"canonical\" href=\"https:\/\/gotygu.com\/en\/produkt\/boar-3l-25k-bicycle-pants\/\" \/>\n<meta property=\"og:locale\" content=\"en_US\" \/>\n<meta property=\"og:type\" content=\"article\" \/>\n<meta property=\"og:title\" content=\"BOAR 3L 25K bicycle pants - TYGU\" \/>\n<meta property=\"og:description\" content=\"Waterproof, breathable pants for long bike tours in harsh conditions.  Cut specifically designed for cyclists, slim fit below the knees.  Elastic band instead of waist adjustment, minimalism and comfort of cut.  Drawstrings on the ankles of the main fabric.  Taped seams.  2 pockets, lockable.  Open ventilation zones on the thighs, fastened.  Three-layer waterproof material with 20,000 mm water column, PFCs not used at any stage of production.  Water vapor permeability of 25,000 gsm \/ 24 h.  Fits any knee pads.    &nbsp;  &nbsp;  &nbsp;  Models in the photos:  Male - 180 cm, slim, size M (lies loosely, S also fits)  Female - 169 cm, size S (lies loosely, XS also fits)\" \/>\n<meta property=\"og:url\" content=\"https:\/\/gotygu.com\/en\/produkt\/boar-3l-25k-bicycle-pants\/\" \/>\n<meta property=\"og:site_name\" content=\"TYGU\" \/>\n<meta property=\"article:publisher\" content=\"https:\/\/www.facebook.com\/TYGUapparel\" \/>\n<meta property=\"article:modified_time\" content=\"2025-11-30T23:00:25+00:00\" \/>\n<meta property=\"og:image\" content=\"https:\/\/gotygu.com\/wp-content\/uploads\/2024\/10\/gacie1.jpg\" \/>\n\t<meta property=\"og:image:width\" content=\"2000\" \/>\n\t<meta property=\"og:image:height\" content=\"2000\" \/>\n\t<meta property=\"og:image:type\" content=\"image\/jpeg\" \/>\n<meta name=\"twitter:card\" content=\"summary_large_image\" \/>\n<meta name=\"twitter:label1\" content=\"Est. reading time\" \/>\n\t<meta name=\"twitter:data1\" content=\"1 minute\" \/>\n<script type=\"application\/ld+json\" class=\"yoast-schema-graph\">{\"@context\":\"https:\/\/schema.org\",\"@graph\":[{\"@type\":\"WebPage\",\"@id\":\"https:\/\/gotygu.com\/en\/produkt\/boar-3l-25k-bicycle-pants\/\",\"url\":\"https:\/\/gotygu.com\/en\/produkt\/boar-3l-25k-bicycle-pants\/\",\"name\":\"BOAR 3L 25K bicycle pants - TYGU\",\"isPartOf\":{\"@id\":\"https:\/\/gotygu.com\/#website\"},\"primaryImageOfPage\":{\"@id\":\"https:\/\/gotygu.com\/en\/produkt\/boar-3l-25k-bicycle-pants\/#primaryimage\"},\"image\":{\"@id\":\"https:\/\/gotygu.com\/en\/produkt\/boar-3l-25k-bicycle-pants\/#primaryimage\"},\"thumbnailUrl\":\"https:\/\/gotygu.com\/wp-content\/uploads\/2024\/10\/gacie1.jpg\",\"datePublished\":\"2024-10-12T05:18:00+00:00\",\"dateModified\":\"2025-11-30T23:00:25+00:00\",\"breadcrumb\":{\"@id\":\"https:\/\/gotygu.com\/en\/produkt\/boar-3l-25k-bicycle-pants\/#breadcrumb\"},\"inLanguage\":\"en-US\",\"potentialAction\":[{\"@type\":\"ReadAction\",\"target\":[\"https:\/\/gotygu.com\/en\/produkt\/boar-3l-25k-bicycle-pants\/\"]}]},{\"@type\":\"ImageObject\",\"inLanguage\":\"en-US\",\"@id\":\"https:\/\/gotygu.com\/en\/produkt\/boar-3l-25k-bicycle-pants\/#primaryimage\",\"url\":\"https:\/\/gotygu.com\/wp-content\/uploads\/2024\/10\/gacie1.jpg\",\"contentUrl\":\"https:\/\/gotygu.com\/wp-content\/uploads\/2024\/10\/gacie1.jpg\",\"width\":2000,\"height\":2000},{\"@type\":\"BreadcrumbList\",\"@id\":\"https:\/\/gotygu.com\/en\/produkt\/boar-3l-25k-bicycle-pants\/#breadcrumb\",\"itemListElement\":[{\"@type\":\"ListItem\",\"position\":1,\"name\":\"Strona g\u0142\u00f3wna\",\"item\":\"https:\/\/gotygu.com\/\"},{\"@type\":\"ListItem\",\"position\":2,\"name\":\"Produkty\",\"item\":\"https:\/\/gotygu.com\/shop\/\"},{\"@type\":\"ListItem\",\"position\":3,\"name\":\"BOAR 3L 25K bicycle pants\"}]},{\"@type\":\"WebSite\",\"@id\":\"https:\/\/gotygu.com\/#website\",\"url\":\"https:\/\/gotygu.com\/\",\"name\":\"TYGU - Polska marka odzie\u017cy\",\"description\":\"Designed To Ride - poznaj Polsk\u0105 mark\u0119\",\"publisher\":{\"@id\":\"https:\/\/gotygu.com\/#organization\"},\"alternateName\":\"Prosto z serca Beskid\u00f3w. Autorskie projekty odzie\u017cy i akcesori\u00f3w rowerowych. Odzie\u017c Merino dla rowerzyst\u00f3w\",\"potentialAction\":[{\"@type\":\"SearchAction\",\"target\":{\"@type\":\"EntryPoint\",\"urlTemplate\":\"https:\/\/gotygu.com\/?s={search_term_string}\"},\"query-input\":{\"@type\":\"PropertyValueSpecification\",\"valueRequired\":true,\"valueName\":\"search_term_string\"}}],\"inLanguage\":\"en-US\"},{\"@type\":\"Organization\",\"@id\":\"https:\/\/gotygu.com\/#organization\",\"name\":\"Polska marka rowerowa z serca beskid\u00f3w. Odzie\u017c i akcesoria rowerowa projektowane przez rowerzyst\u00f3w. Odzie\u017c merino, enduro i mtb.\",\"url\":\"https:\/\/gotygu.com\/\",\"logo\":{\"@type\":\"ImageObject\",\"inLanguage\":\"en-US\",\"@id\":\"https:\/\/gotygu.com\/#\/schema\/logo\/image\/\",\"url\":\"https:\/\/gotygu.com\/wp-content\/uploads\/2023\/12\/tygu-gory.png\",\"contentUrl\":\"https:\/\/gotygu.com\/wp-content\/uploads\/2023\/12\/tygu-gory.png\",\"width\":512,\"height\":512,\"caption\":\"Polska marka rowerowa z serca beskid\u00f3w. Odzie\u017c i akcesoria rowerowa projektowane przez rowerzyst\u00f3w. Odzie\u017c merino, enduro i mtb.\"},\"image\":{\"@id\":\"https:\/\/gotygu.com\/#\/schema\/logo\/image\/\"},\"sameAs\":[\"https:\/\/www.facebook.com\/TYGUapparel\"]}]}<\/script>\n<!-- \/ Yoast SEO plugin. -->","yoast_head_json":{"title":"BOAR 3L 25K bicycle pants - TYGU","robots":{"index":"index","follow":"follow","max-snippet":"max-snippet:-1","max-image-preview":"max-image-preview:large","max-video-preview":"max-video-preview:-1"},"canonical":"https:\/\/gotygu.com\/en\/produkt\/boar-3l-25k-bicycle-pants\/","og_locale":"en_US","og_type":"article","og_title":"BOAR 3L 25K bicycle pants - TYGU","og_description":"Waterproof, breathable pants for long bike tours in harsh conditions.  Cut specifically designed for cyclists, slim fit below the knees.  Elastic band instead of waist adjustment, minimalism and comfort of cut.  Drawstrings on the ankles of the main fabric.  Taped seams.  2 pockets, lockable.  Open ventilation zones on the thighs, fastened.  Three-layer waterproof material with 20,000 mm water column, PFCs not used at any stage of production.  Water vapor permeability of 25,000 gsm \/ 24 h.  Fits any knee pads.    &nbsp;  &nbsp;  &nbsp;  Models in the photos:  Male - 180 cm, slim, size M (lies loosely, S also fits)  Female - 169 cm, size S (lies loosely, XS also fits)","og_url":"https:\/\/gotygu.com\/en\/produkt\/boar-3l-25k-bicycle-pants\/","og_site_name":"TYGU","article_publisher":"https:\/\/www.facebook.com\/TYGUapparel","article_modified_time":"2025-11-30T23:00:25+00:00","og_image":[{"width":2000,"height":2000,"url":"https:\/\/gotygu.com\/wp-content\/uploads\/2024\/10\/gacie1.jpg","type":"image\/jpeg"}],"twitter_card":"summary_large_image","twitter_misc":{"Est. reading time":"1 minute"},"schema":{"@context":"https:\/\/schema.org","@graph":[{"@type":"WebPage","@id":"https:\/\/gotygu.com\/en\/produkt\/boar-3l-25k-bicycle-pants\/","url":"https:\/\/gotygu.com\/en\/produkt\/boar-3l-25k-bicycle-pants\/","name":"BOAR 3L 25K bicycle pants - TYGU","isPartOf":{"@id":"https:\/\/gotygu.com\/#website"},"primaryImageOfPage":{"@id":"https:\/\/gotygu.com\/en\/produkt\/boar-3l-25k-bicycle-pants\/#primaryimage"},"image":{"@id":"https:\/\/gotygu.com\/en\/produkt\/boar-3l-25k-bicycle-pants\/#primaryimage"},"thumbnailUrl":"https:\/\/gotygu.com\/wp-content\/uploads\/2024\/10\/gacie1.jpg","datePublished":"2024-10-12T05:18:00+00:00","dateModified":"2025-11-30T23:00:25+00:00","breadcrumb":{"@id":"https:\/\/gotygu.com\/en\/produkt\/boar-3l-25k-bicycle-pants\/#breadcrumb"},"inLanguage":"en-US","potentialAction":[{"@type":"ReadAction","target":["https:\/\/gotygu.com\/en\/produkt\/boar-3l-25k-bicycle-pants\/"]}]},{"@type":"ImageObject","inLanguage":"en-US","@id":"https:\/\/gotygu.com\/en\/produkt\/boar-3l-25k-bicycle-pants\/#primaryimage","url":"https:\/\/gotygu.com\/wp-content\/uploads\/2024\/10\/gacie1.jpg","contentUrl":"https:\/\/gotygu.com\/wp-content\/uploads\/2024\/10\/gacie1.jpg","width":2000,"height":2000},{"@type":"BreadcrumbList","@id":"https:\/\/gotygu.com\/en\/produkt\/boar-3l-25k-bicycle-pants\/#breadcrumb","itemListElement":[{"@type":"ListItem","position":1,"name":"Strona g\u0142\u00f3wna","item":"https:\/\/gotygu.com\/"},{"@type":"ListItem","position":2,"name":"Produkty","item":"https:\/\/gotygu.com\/shop\/"},{"@type":"ListItem","position":3,"name":"BOAR 3L 25K bicycle pants"}]},{"@type":"WebSite","@id":"https:\/\/gotygu.com\/#website","url":"https:\/\/gotygu.com\/","name":"TYGU - Polska marka odzie\u017cy","description":"Designed To Ride - poznaj Polsk\u0105 mark\u0119","publisher":{"@id":"https:\/\/gotygu.com\/#organization"},"alternateName":"Prosto z serca Beskid\u00f3w. Autorskie projekty odzie\u017cy i akcesori\u00f3w rowerowych. Odzie\u017c Merino dla rowerzyst\u00f3w","potentialAction":[{"@type":"SearchAction","target":{"@type":"EntryPoint","urlTemplate":"https:\/\/gotygu.com\/?s={search_term_string}"},"query-input":{"@type":"PropertyValueSpecification","valueRequired":true,"valueName":"search_term_string"}}],"inLanguage":"en-US"},{"@type":"Organization","@id":"https:\/\/gotygu.com\/#organization","name":"Polska marka rowerowa z serca beskid\u00f3w. Odzie\u017c i akcesoria rowerowa projektowane przez rowerzyst\u00f3w. Odzie\u017c merino, enduro i mtb.","url":"https:\/\/gotygu.com\/","logo":{"@type":"ImageObject","inLanguage":"en-US","@id":"https:\/\/gotygu.com\/#\/schema\/logo\/image\/","url":"https:\/\/gotygu.com\/wp-content\/uploads\/2023\/12\/tygu-gory.png","contentUrl":"https:\/\/gotygu.com\/wp-content\/uploads\/2023\/12\/tygu-gory.png","width":512,"height":512,"caption":"Polska marka rowerowa z serca beskid\u00f3w. Odzie\u017c i akcesoria rowerowa projektowane przez rowerzyst\u00f3w. Odzie\u017c merino, enduro i mtb."},"image":{"@id":"https:\/\/gotygu.com\/#\/schema\/logo\/image\/"},"sameAs":["https:\/\/www.facebook.com\/TYGUapparel"]}]}},"_links":{"self":[{"href":"https:\/\/gotygu.com\/en\/wp-json\/wp\/v2\/product\/386086"}],"collection":[{"href":"https:\/\/gotygu.com\/en\/wp-json\/wp\/v2\/product"}],"about":[{"href":"https:\/\/gotygu.com\/en\/wp-json\/wp\/v2\/types\/product"}],"replies":[{"embeddable":true,"href":"https:\/\/gotygu.com\/en\/wp-json\/wp\/v2\/comments?post=386086"}],"wp:featuredmedia":[{"embeddable":true,"href":"https:\/\/gotygu.com\/en\/wp-json\/wp\/v2\/media\/385801"}],"wp:attachment":[{"href":"https:\/\/gotygu.com\/en\/wp-json\/wp\/v2\/media?parent=386086"}],"wp:term":[{"taxonomy":"product_brand","embeddable":true,"href":"https:\/\/gotygu.com\/en\/wp-json\/wp\/v2\/product_brand?post=386086"},{"taxonomy":"product_cat","embeddable":true,"href":"https:\/\/gotygu.com\/en\/wp-json\/wp\/v2\/product_cat?post=386086"},{"taxonomy":"product_tag","embeddable":true,"href":"https:\/\/gotygu.com\/en\/wp-json\/wp\/v2\/product_tag?post=386086"}],"curies":[{"name":"wp","href":"https:\/\/api.w.org\/{rel}","templated":true}]}}