{"id":384914,"date":"2024-07-10T11:01:00","date_gmt":"2024-07-10T09:01:00","guid":{"rendered":"https:\/\/gotygu.com\/?post_type=product&#038;p=384914"},"modified":"2025-07-03T01:00:14","modified_gmt":"2025-07-02T23:00:14","slug":"shred-glasses","status":"publish","type":"product","link":"https:\/\/gotygu.com\/en\/produkt\/shred-glasses\/","title":{"rendered":"Shred Anthracite Glasses"},"content":{"rendered":"","protected":false},"excerpt":{"rendered":"<table>\n<tbody>\n<tr>\n<td><img fetchpriority=\"high\" decoding=\"async\" class=\"alignnone \" src=\"https:\/\/gotygu.com\/wp-content\/uploads\/2023\/03\/5-3-1154x650.jpg\" width=\"755\" height=\"425\"><\/td>\n<td>\n<h3 class=\"elementor-image-box-title\">2nd PHOTOCHROMY glass included<\/h3>\n<p class=\"elementor-image-box-title\">cat. photochromes: 0-3<\/p>\n<p>Visible light transmission:<\/p>\n<p class=\"elementor-image-box-title\">cat. 0 &#8211; 80%-100% of VLT<br \/>\ncat. 3 &#8211; %-18% of VLT<\/p>\n<p class=\"elementor-image-box-description\">All models are supplied with additional PHOTOCHROMATIC glass. You can enjoy driving in really tough conditions!<\/p>\n<\/td>\n<\/tr>\n<tr>\n<td><\/td>\n<td><\/td>\n<\/tr>\n<tr>\n<td><img decoding=\"async\" class=\"alignnone size-medium\" src=\"https:\/\/gotygu.com\/wp-content\/uploads\/2023\/03\/6-3-1153x650.jpg\" width=\"1153\" height=\"650\"><\/td>\n<td>\n<h3 class=\"elementor-image-box-title\">REVO \u00ae glass technology<\/h3>\n<\/td>\n<\/tr>\n<tr>\n<td><\/td>\n<td>\n<p class=\"elementor-image-box-description\">\n<\/td>\n<\/tr>\n<\/tbody>\n<\/table>\n<p><!-- DivTable.com --><\/p>\n","protected":false},"featured_media":384916,"comment_status":"open","ping_status":"closed","template":"","meta":[],"product_brand":[],"product_cat":[160,246,538],"product_tag":[],"class_list":{"0":"post-384914","1":"product","2":"type-product","3":"status-publish","4":"has-post-thumbnail","6":"product_cat-2023-collection","7":"product_cat-glasses","8":"product_cat-shred-glasses","10":"first","11":"instock","12":"taxable","13":"shipping-taxable","14":"purchasable","15":"product-type-variable"},"yoast_head":"<!-- This site is optimized with the Yoast SEO plugin v25.4 - https:\/\/yoast.com\/wordpress\/plugins\/seo\/ -->\n<title>SHRED cycling glasses<\/title>\n<meta name=\"robots\" content=\"index, follow, max-snippet:-1, max-image-preview:large, max-video-preview:-1\" \/>\n<link rel=\"canonical\" href=\"https:\/\/gotygu.com\/en\/produkt\/shred-glasses\/\" \/>\n<meta property=\"og:locale\" content=\"en_US\" \/>\n<meta property=\"og:type\" content=\"article\" \/>\n<meta property=\"og:title\" content=\"SHRED cycling glasses\" \/>\n<meta property=\"og:description\" content=\"2nd PHOTOCHROMY glass included cat. photochromes: 0-3 Visible light transmission: cat. 0 - 80%-100% of VLT cat. 3 - %-18% of VLT All models are supplied with additional PHOTOCHROMATIC glass. You can enjoy driving in really tough conditions!     REVO \u00ae glass technology\" \/>\n<meta property=\"og:url\" content=\"https:\/\/gotygu.com\/en\/produkt\/shred-glasses\/\" \/>\n<meta property=\"og:site_name\" content=\"TYGU\" \/>\n<meta property=\"article:publisher\" content=\"https:\/\/www.facebook.com\/TYGUapparel\" \/>\n<meta property=\"article:modified_time\" content=\"2025-07-02T23:00:14+00:00\" \/>\n<meta property=\"og:image\" content=\"https:\/\/gotygu.com\/wp-content\/uploads\/2024\/07\/okulary-k.szybka-b.jpg\" \/>\n\t<meta property=\"og:image:width\" content=\"1300\" \/>\n\t<meta property=\"og:image:height\" content=\"1300\" \/>\n\t<meta property=\"og:image:type\" content=\"image\/jpeg\" \/>\n<meta name=\"twitter:card\" content=\"summary_large_image\" \/>\n<meta name=\"twitter:label1\" content=\"Est. reading time\" \/>\n\t<meta name=\"twitter:data1\" content=\"1 minute\" \/>\n<script type=\"application\/ld+json\" class=\"yoast-schema-graph\">{\"@context\":\"https:\/\/schema.org\",\"@graph\":[{\"@type\":\"WebPage\",\"@id\":\"https:\/\/gotygu.com\/en\/produkt\/shred-glasses\/\",\"url\":\"https:\/\/gotygu.com\/en\/produkt\/shred-glasses\/\",\"name\":\"SHRED cycling glasses\",\"isPartOf\":{\"@id\":\"https:\/\/gotygu.com\/#website\"},\"primaryImageOfPage\":{\"@id\":\"https:\/\/gotygu.com\/en\/produkt\/shred-glasses\/#primaryimage\"},\"image\":{\"@id\":\"https:\/\/gotygu.com\/en\/produkt\/shred-glasses\/#primaryimage\"},\"thumbnailUrl\":\"https:\/\/gotygu.com\/wp-content\/uploads\/2024\/07\/okulary-k.szybka-b.jpg\",\"datePublished\":\"2024-07-10T09:01:00+00:00\",\"dateModified\":\"2025-07-02T23:00:14+00:00\",\"breadcrumb\":{\"@id\":\"https:\/\/gotygu.com\/en\/produkt\/shred-glasses\/#breadcrumb\"},\"inLanguage\":\"en-US\",\"potentialAction\":[{\"@type\":\"ReadAction\",\"target\":[\"https:\/\/gotygu.com\/en\/produkt\/shred-glasses\/\"]}]},{\"@type\":\"ImageObject\",\"inLanguage\":\"en-US\",\"@id\":\"https:\/\/gotygu.com\/en\/produkt\/shred-glasses\/#primaryimage\",\"url\":\"https:\/\/gotygu.com\/wp-content\/uploads\/2024\/07\/okulary-k.szybka-b.jpg\",\"contentUrl\":\"https:\/\/gotygu.com\/wp-content\/uploads\/2024\/07\/okulary-k.szybka-b.jpg\",\"width\":1300,\"height\":1300},{\"@type\":\"BreadcrumbList\",\"@id\":\"https:\/\/gotygu.com\/en\/produkt\/shred-glasses\/#breadcrumb\",\"itemListElement\":[{\"@type\":\"ListItem\",\"position\":1,\"name\":\"Strona g\u0142\u00f3wna\",\"item\":\"https:\/\/gotygu.com\/\"},{\"@type\":\"ListItem\",\"position\":2,\"name\":\"Produkty\",\"item\":\"https:\/\/gotygu.com\/shop\/\"},{\"@type\":\"ListItem\",\"position\":3,\"name\":\"Shred Anthracite Glasses\"}]},{\"@type\":\"WebSite\",\"@id\":\"https:\/\/gotygu.com\/#website\",\"url\":\"https:\/\/gotygu.com\/\",\"name\":\"TYGU - Polska marka odzie\u017cy\",\"description\":\"Designed To Ride - poznaj Polsk\u0105 mark\u0119\",\"publisher\":{\"@id\":\"https:\/\/gotygu.com\/#organization\"},\"alternateName\":\"Prosto z serca Beskid\u00f3w. Autorskie projekty odzie\u017cy i akcesori\u00f3w rowerowych. Odzie\u017c Merino dla rowerzyst\u00f3w\",\"potentialAction\":[{\"@type\":\"SearchAction\",\"target\":{\"@type\":\"EntryPoint\",\"urlTemplate\":\"https:\/\/gotygu.com\/?s={search_term_string}\"},\"query-input\":{\"@type\":\"PropertyValueSpecification\",\"valueRequired\":true,\"valueName\":\"search_term_string\"}}],\"inLanguage\":\"en-US\"},{\"@type\":\"Organization\",\"@id\":\"https:\/\/gotygu.com\/#organization\",\"name\":\"Polska marka rowerowa z serca beskid\u00f3w. Odzie\u017c i akcesoria rowerowa projektowane przez rowerzyst\u00f3w. Odzie\u017c merino, enduro i mtb.\",\"url\":\"https:\/\/gotygu.com\/\",\"logo\":{\"@type\":\"ImageObject\",\"inLanguage\":\"en-US\",\"@id\":\"https:\/\/gotygu.com\/#\/schema\/logo\/image\/\",\"url\":\"https:\/\/gotygu.com\/wp-content\/uploads\/2023\/12\/tygu-gory.png\",\"contentUrl\":\"https:\/\/gotygu.com\/wp-content\/uploads\/2023\/12\/tygu-gory.png\",\"width\":512,\"height\":512,\"caption\":\"Polska marka rowerowa z serca beskid\u00f3w. Odzie\u017c i akcesoria rowerowa projektowane przez rowerzyst\u00f3w. Odzie\u017c merino, enduro i mtb.\"},\"image\":{\"@id\":\"https:\/\/gotygu.com\/#\/schema\/logo\/image\/\"},\"sameAs\":[\"https:\/\/www.facebook.com\/TYGUapparel\"]}]}<\/script>\n<!-- \/ Yoast SEO plugin. -->","yoast_head_json":{"title":"SHRED cycling glasses","robots":{"index":"index","follow":"follow","max-snippet":"max-snippet:-1","max-image-preview":"max-image-preview:large","max-video-preview":"max-video-preview:-1"},"canonical":"https:\/\/gotygu.com\/en\/produkt\/shred-glasses\/","og_locale":"en_US","og_type":"article","og_title":"SHRED cycling glasses","og_description":"2nd PHOTOCHROMY glass included cat. photochromes: 0-3 Visible light transmission: cat. 0 - 80%-100% of VLT cat. 3 - %-18% of VLT All models are supplied with additional PHOTOCHROMATIC glass. You can enjoy driving in really tough conditions!     REVO \u00ae glass technology","og_url":"https:\/\/gotygu.com\/en\/produkt\/shred-glasses\/","og_site_name":"TYGU","article_publisher":"https:\/\/www.facebook.com\/TYGUapparel","article_modified_time":"2025-07-02T23:00:14+00:00","og_image":[{"width":1300,"height":1300,"url":"https:\/\/gotygu.com\/wp-content\/uploads\/2024\/07\/okulary-k.szybka-b.jpg","type":"image\/jpeg"}],"twitter_card":"summary_large_image","twitter_misc":{"Est. reading time":"1 minute"},"schema":{"@context":"https:\/\/schema.org","@graph":[{"@type":"WebPage","@id":"https:\/\/gotygu.com\/en\/produkt\/shred-glasses\/","url":"https:\/\/gotygu.com\/en\/produkt\/shred-glasses\/","name":"SHRED cycling glasses","isPartOf":{"@id":"https:\/\/gotygu.com\/#website"},"primaryImageOfPage":{"@id":"https:\/\/gotygu.com\/en\/produkt\/shred-glasses\/#primaryimage"},"image":{"@id":"https:\/\/gotygu.com\/en\/produkt\/shred-glasses\/#primaryimage"},"thumbnailUrl":"https:\/\/gotygu.com\/wp-content\/uploads\/2024\/07\/okulary-k.szybka-b.jpg","datePublished":"2024-07-10T09:01:00+00:00","dateModified":"2025-07-02T23:00:14+00:00","breadcrumb":{"@id":"https:\/\/gotygu.com\/en\/produkt\/shred-glasses\/#breadcrumb"},"inLanguage":"en-US","potentialAction":[{"@type":"ReadAction","target":["https:\/\/gotygu.com\/en\/produkt\/shred-glasses\/"]}]},{"@type":"ImageObject","inLanguage":"en-US","@id":"https:\/\/gotygu.com\/en\/produkt\/shred-glasses\/#primaryimage","url":"https:\/\/gotygu.com\/wp-content\/uploads\/2024\/07\/okulary-k.szybka-b.jpg","contentUrl":"https:\/\/gotygu.com\/wp-content\/uploads\/2024\/07\/okulary-k.szybka-b.jpg","width":1300,"height":1300},{"@type":"BreadcrumbList","@id":"https:\/\/gotygu.com\/en\/produkt\/shred-glasses\/#breadcrumb","itemListElement":[{"@type":"ListItem","position":1,"name":"Strona g\u0142\u00f3wna","item":"https:\/\/gotygu.com\/"},{"@type":"ListItem","position":2,"name":"Produkty","item":"https:\/\/gotygu.com\/shop\/"},{"@type":"ListItem","position":3,"name":"Shred Anthracite Glasses"}]},{"@type":"WebSite","@id":"https:\/\/gotygu.com\/#website","url":"https:\/\/gotygu.com\/","name":"TYGU - Polska marka odzie\u017cy","description":"Designed To Ride - poznaj Polsk\u0105 mark\u0119","publisher":{"@id":"https:\/\/gotygu.com\/#organization"},"alternateName":"Prosto z serca Beskid\u00f3w. Autorskie projekty odzie\u017cy i akcesori\u00f3w rowerowych. Odzie\u017c Merino dla rowerzyst\u00f3w","potentialAction":[{"@type":"SearchAction","target":{"@type":"EntryPoint","urlTemplate":"https:\/\/gotygu.com\/?s={search_term_string}"},"query-input":{"@type":"PropertyValueSpecification","valueRequired":true,"valueName":"search_term_string"}}],"inLanguage":"en-US"},{"@type":"Organization","@id":"https:\/\/gotygu.com\/#organization","name":"Polska marka rowerowa z serca beskid\u00f3w. Odzie\u017c i akcesoria rowerowa projektowane przez rowerzyst\u00f3w. Odzie\u017c merino, enduro i mtb.","url":"https:\/\/gotygu.com\/","logo":{"@type":"ImageObject","inLanguage":"en-US","@id":"https:\/\/gotygu.com\/#\/schema\/logo\/image\/","url":"https:\/\/gotygu.com\/wp-content\/uploads\/2023\/12\/tygu-gory.png","contentUrl":"https:\/\/gotygu.com\/wp-content\/uploads\/2023\/12\/tygu-gory.png","width":512,"height":512,"caption":"Polska marka rowerowa z serca beskid\u00f3w. Odzie\u017c i akcesoria rowerowa projektowane przez rowerzyst\u00f3w. Odzie\u017c merino, enduro i mtb."},"image":{"@id":"https:\/\/gotygu.com\/#\/schema\/logo\/image\/"},"sameAs":["https:\/\/www.facebook.com\/TYGUapparel"]}]}},"_links":{"self":[{"href":"https:\/\/gotygu.com\/en\/wp-json\/wp\/v2\/product\/384914"}],"collection":[{"href":"https:\/\/gotygu.com\/en\/wp-json\/wp\/v2\/product"}],"about":[{"href":"https:\/\/gotygu.com\/en\/wp-json\/wp\/v2\/types\/product"}],"replies":[{"embeddable":true,"href":"https:\/\/gotygu.com\/en\/wp-json\/wp\/v2\/comments?post=384914"}],"wp:featuredmedia":[{"embeddable":true,"href":"https:\/\/gotygu.com\/en\/wp-json\/wp\/v2\/media\/384916"}],"wp:attachment":[{"href":"https:\/\/gotygu.com\/en\/wp-json\/wp\/v2\/media?parent=384914"}],"wp:term":[{"taxonomy":"product_brand","embeddable":true,"href":"https:\/\/gotygu.com\/en\/wp-json\/wp\/v2\/product_brand?post=384914"},{"taxonomy":"product_cat","embeddable":true,"href":"https:\/\/gotygu.com\/en\/wp-json\/wp\/v2\/product_cat?post=384914"},{"taxonomy":"product_tag","embeddable":true,"href":"https:\/\/gotygu.com\/en\/wp-json\/wp\/v2\/product_tag?post=384914"}],"curies":[{"name":"wp","href":"https:\/\/api.w.org\/{rel}","templated":true}]}}