{"id":383402,"date":"2024-02-14T13:44:00","date_gmt":"2024-02-14T12:44:00","guid":{"rendered":"https:\/\/gotygu.com\/?post_type=product&#038;p=383402"},"modified":"2025-12-01T00:00:25","modified_gmt":"2025-11-30T23:00:25","slug":"kido-jersey-rainbow-kopia-kopia-kopia","status":"publish","type":"product","link":"https:\/\/gotygu.com\/en\/produkt\/kido-jersey-rainbow-kopia-kopia-kopia\/","title":{"rendered":"MERINO Jersey Grey"},"content":{"rendered":"","protected":false},"excerpt":{"rendered":"<p>&nbsp;<\/p>\n<p><img fetchpriority=\"high\" decoding=\"async\" class=\"alignnone wp-image-383356\" src=\"https:\/\/gotygu.com\/wp-content\/uploads\/2024\/02\/merino-TAG.png\" alt=\"\" width=\"480\" height=\"236\"><\/p>\n<p>Welcome to the world of cycling MERINO Wool. Nature knows how to do it best.  Ultralight (145gsm) merino wool jersey suitably reinforced with tensile. The special cut (cycling, longer at the back) and fabric properties guarantee comfort for multi-day trips.<\/p>\n<p>&nbsp;<\/p>\n<p>Advantages:<\/p>\n<ul>\n<li>Approximately 96% absorption of bad odors;<\/li>\n<li>instant thermoregulation;<\/li>\n<li>maintains thermal comfort in all seasons;<\/li>\n<li>antibacterial;<\/li>\n<li>&#8220;does not bite&#8221;, extremely gentle;<\/li>\n<li>non-allergenic;<\/li>\n<li>The comfort of wearing natural clothes.<\/li>\n<\/ul>\n","protected":false},"featured_media":383321,"comment_status":"open","ping_status":"closed","template":"","meta":[],"product_brand":[],"product_cat":[196,199,197,477,100],"product_tag":[],"class_list":{"0":"post-383402","1":"product","2":"type-product","3":"status-publish","4":"has-post-thumbnail","6":"product_cat-he-en","7":"product_cat-mens-shirts","8":"product_cat-she-en","9":"product_cat-merino-en","10":"product_cat-t-shirts","11":"pa_rozmiary-xs-en","12":"pa_rozmiary-s-en","13":"pa_rozmiary-m-en","14":"pa_rozmiary-l-en","15":"pa_rozmiary-xl-en","16":"pa_rozmiary-2xl-en","18":"first","19":"instock","20":"taxable","21":"shipping-taxable","22":"purchasable","23":"product-type-variable"},"yoast_head":"<!-- This site is optimized with the Yoast SEO plugin v25.4 - https:\/\/yoast.com\/wordpress\/plugins\/seo\/ -->\n<title>merino cycling jersey grey<\/title>\n<meta name=\"robots\" content=\"index, follow, max-snippet:-1, max-image-preview:large, max-video-preview:-1\" \/>\n<link rel=\"canonical\" href=\"https:\/\/gotygu.com\/en\/produkt\/kido-jersey-rainbow-kopia-kopia-kopia\/\" \/>\n<meta property=\"og:locale\" content=\"en_US\" \/>\n<meta property=\"og:type\" content=\"article\" \/>\n<meta property=\"og:title\" content=\"merino cycling jersey grey\" \/>\n<meta property=\"og:description\" content=\"&nbsp;  Welcome to the world of cycling MERINO Wool. Nature knows how to do it best. Ultralight (145gsm) merino wool jersey suitably reinforced with tensile. The special cut (cycling, longer at the back) and fabric properties guarantee comfort for multi-day trips. &nbsp; Advantages:  Approximately 96% absorption of bad odors;  instant thermoregulation;  maintains thermal comfort in all seasons;  antibacterial;  &quot;does not bite&quot;, extremely gentle;  non-allergenic;  The comfort of wearing natural clothes.\" \/>\n<meta property=\"og:url\" content=\"https:\/\/gotygu.com\/en\/produkt\/kido-jersey-rainbow-kopia-kopia-kopia\/\" \/>\n<meta property=\"og:site_name\" content=\"TYGU\" \/>\n<meta property=\"article:publisher\" content=\"https:\/\/www.facebook.com\/TYGUapparel\" \/>\n<meta property=\"article:modified_time\" content=\"2025-11-30T23:00:25+00:00\" \/>\n<meta property=\"og:image\" content=\"https:\/\/gotygu.com\/wp-content\/uploads\/2024\/02\/szary-t-shirt-przod-meski.jpg\" \/>\n\t<meta property=\"og:image:width\" content=\"2000\" \/>\n\t<meta property=\"og:image:height\" content=\"2000\" \/>\n\t<meta property=\"og:image:type\" content=\"image\/jpeg\" \/>\n<meta name=\"twitter:card\" content=\"summary_large_image\" \/>\n<meta name=\"twitter:label1\" content=\"Est. reading time\" \/>\n\t<meta name=\"twitter:data1\" content=\"1 minute\" \/>\n<script type=\"application\/ld+json\" class=\"yoast-schema-graph\">{\"@context\":\"https:\/\/schema.org\",\"@graph\":[{\"@type\":\"WebPage\",\"@id\":\"https:\/\/gotygu.com\/en\/produkt\/kido-jersey-rainbow-kopia-kopia-kopia\/\",\"url\":\"https:\/\/gotygu.com\/en\/produkt\/kido-jersey-rainbow-kopia-kopia-kopia\/\",\"name\":\"merino cycling jersey grey\",\"isPartOf\":{\"@id\":\"https:\/\/gotygu.com\/#website\"},\"primaryImageOfPage\":{\"@id\":\"https:\/\/gotygu.com\/en\/produkt\/kido-jersey-rainbow-kopia-kopia-kopia\/#primaryimage\"},\"image\":{\"@id\":\"https:\/\/gotygu.com\/en\/produkt\/kido-jersey-rainbow-kopia-kopia-kopia\/#primaryimage\"},\"thumbnailUrl\":\"https:\/\/gotygu.com\/wp-content\/uploads\/2024\/02\/szary-t-shirt-przod-meski.jpg\",\"datePublished\":\"2024-02-14T12:44:00+00:00\",\"dateModified\":\"2025-11-30T23:00:25+00:00\",\"breadcrumb\":{\"@id\":\"https:\/\/gotygu.com\/en\/produkt\/kido-jersey-rainbow-kopia-kopia-kopia\/#breadcrumb\"},\"inLanguage\":\"en-US\",\"potentialAction\":[{\"@type\":\"ReadAction\",\"target\":[\"https:\/\/gotygu.com\/en\/produkt\/kido-jersey-rainbow-kopia-kopia-kopia\/\"]}]},{\"@type\":\"ImageObject\",\"inLanguage\":\"en-US\",\"@id\":\"https:\/\/gotygu.com\/en\/produkt\/kido-jersey-rainbow-kopia-kopia-kopia\/#primaryimage\",\"url\":\"https:\/\/gotygu.com\/wp-content\/uploads\/2024\/02\/szary-t-shirt-przod-meski.jpg\",\"contentUrl\":\"https:\/\/gotygu.com\/wp-content\/uploads\/2024\/02\/szary-t-shirt-przod-meski.jpg\",\"width\":2000,\"height\":2000},{\"@type\":\"BreadcrumbList\",\"@id\":\"https:\/\/gotygu.com\/en\/produkt\/kido-jersey-rainbow-kopia-kopia-kopia\/#breadcrumb\",\"itemListElement\":[{\"@type\":\"ListItem\",\"position\":1,\"name\":\"Strona g\u0142\u00f3wna\",\"item\":\"https:\/\/gotygu.com\/\"},{\"@type\":\"ListItem\",\"position\":2,\"name\":\"Produkty\",\"item\":\"https:\/\/gotygu.com\/shop\/\"},{\"@type\":\"ListItem\",\"position\":3,\"name\":\"MERINO Jersey Grey\"}]},{\"@type\":\"WebSite\",\"@id\":\"https:\/\/gotygu.com\/#website\",\"url\":\"https:\/\/gotygu.com\/\",\"name\":\"TYGU - Polska marka odzie\u017cy\",\"description\":\"Designed To Ride - poznaj Polsk\u0105 mark\u0119\",\"publisher\":{\"@id\":\"https:\/\/gotygu.com\/#organization\"},\"alternateName\":\"Prosto z serca Beskid\u00f3w. Autorskie projekty odzie\u017cy i akcesori\u00f3w rowerowych. Odzie\u017c Merino dla rowerzyst\u00f3w\",\"potentialAction\":[{\"@type\":\"SearchAction\",\"target\":{\"@type\":\"EntryPoint\",\"urlTemplate\":\"https:\/\/gotygu.com\/?s={search_term_string}\"},\"query-input\":{\"@type\":\"PropertyValueSpecification\",\"valueRequired\":true,\"valueName\":\"search_term_string\"}}],\"inLanguage\":\"en-US\"},{\"@type\":\"Organization\",\"@id\":\"https:\/\/gotygu.com\/#organization\",\"name\":\"Polska marka rowerowa z serca beskid\u00f3w. Odzie\u017c i akcesoria rowerowa projektowane przez rowerzyst\u00f3w. Odzie\u017c merino, enduro i mtb.\",\"url\":\"https:\/\/gotygu.com\/\",\"logo\":{\"@type\":\"ImageObject\",\"inLanguage\":\"en-US\",\"@id\":\"https:\/\/gotygu.com\/#\/schema\/logo\/image\/\",\"url\":\"https:\/\/gotygu.com\/wp-content\/uploads\/2023\/12\/tygu-gory.png\",\"contentUrl\":\"https:\/\/gotygu.com\/wp-content\/uploads\/2023\/12\/tygu-gory.png\",\"width\":512,\"height\":512,\"caption\":\"Polska marka rowerowa z serca beskid\u00f3w. Odzie\u017c i akcesoria rowerowa projektowane przez rowerzyst\u00f3w. Odzie\u017c merino, enduro i mtb.\"},\"image\":{\"@id\":\"https:\/\/gotygu.com\/#\/schema\/logo\/image\/\"},\"sameAs\":[\"https:\/\/www.facebook.com\/TYGUapparel\"]}]}<\/script>\n<!-- \/ Yoast SEO plugin. -->","yoast_head_json":{"title":"merino cycling jersey grey","robots":{"index":"index","follow":"follow","max-snippet":"max-snippet:-1","max-image-preview":"max-image-preview:large","max-video-preview":"max-video-preview:-1"},"canonical":"https:\/\/gotygu.com\/en\/produkt\/kido-jersey-rainbow-kopia-kopia-kopia\/","og_locale":"en_US","og_type":"article","og_title":"merino cycling jersey grey","og_description":"&nbsp;  Welcome to the world of cycling MERINO Wool. Nature knows how to do it best. Ultralight (145gsm) merino wool jersey suitably reinforced with tensile. The special cut (cycling, longer at the back) and fabric properties guarantee comfort for multi-day trips. &nbsp; Advantages:  Approximately 96% absorption of bad odors;  instant thermoregulation;  maintains thermal comfort in all seasons;  antibacterial;  \"does not bite\", extremely gentle;  non-allergenic;  The comfort of wearing natural clothes.","og_url":"https:\/\/gotygu.com\/en\/produkt\/kido-jersey-rainbow-kopia-kopia-kopia\/","og_site_name":"TYGU","article_publisher":"https:\/\/www.facebook.com\/TYGUapparel","article_modified_time":"2025-11-30T23:00:25+00:00","og_image":[{"width":2000,"height":2000,"url":"https:\/\/gotygu.com\/wp-content\/uploads\/2024\/02\/szary-t-shirt-przod-meski.jpg","type":"image\/jpeg"}],"twitter_card":"summary_large_image","twitter_misc":{"Est. reading time":"1 minute"},"schema":{"@context":"https:\/\/schema.org","@graph":[{"@type":"WebPage","@id":"https:\/\/gotygu.com\/en\/produkt\/kido-jersey-rainbow-kopia-kopia-kopia\/","url":"https:\/\/gotygu.com\/en\/produkt\/kido-jersey-rainbow-kopia-kopia-kopia\/","name":"merino cycling jersey grey","isPartOf":{"@id":"https:\/\/gotygu.com\/#website"},"primaryImageOfPage":{"@id":"https:\/\/gotygu.com\/en\/produkt\/kido-jersey-rainbow-kopia-kopia-kopia\/#primaryimage"},"image":{"@id":"https:\/\/gotygu.com\/en\/produkt\/kido-jersey-rainbow-kopia-kopia-kopia\/#primaryimage"},"thumbnailUrl":"https:\/\/gotygu.com\/wp-content\/uploads\/2024\/02\/szary-t-shirt-przod-meski.jpg","datePublished":"2024-02-14T12:44:00+00:00","dateModified":"2025-11-30T23:00:25+00:00","breadcrumb":{"@id":"https:\/\/gotygu.com\/en\/produkt\/kido-jersey-rainbow-kopia-kopia-kopia\/#breadcrumb"},"inLanguage":"en-US","potentialAction":[{"@type":"ReadAction","target":["https:\/\/gotygu.com\/en\/produkt\/kido-jersey-rainbow-kopia-kopia-kopia\/"]}]},{"@type":"ImageObject","inLanguage":"en-US","@id":"https:\/\/gotygu.com\/en\/produkt\/kido-jersey-rainbow-kopia-kopia-kopia\/#primaryimage","url":"https:\/\/gotygu.com\/wp-content\/uploads\/2024\/02\/szary-t-shirt-przod-meski.jpg","contentUrl":"https:\/\/gotygu.com\/wp-content\/uploads\/2024\/02\/szary-t-shirt-przod-meski.jpg","width":2000,"height":2000},{"@type":"BreadcrumbList","@id":"https:\/\/gotygu.com\/en\/produkt\/kido-jersey-rainbow-kopia-kopia-kopia\/#breadcrumb","itemListElement":[{"@type":"ListItem","position":1,"name":"Strona g\u0142\u00f3wna","item":"https:\/\/gotygu.com\/"},{"@type":"ListItem","position":2,"name":"Produkty","item":"https:\/\/gotygu.com\/shop\/"},{"@type":"ListItem","position":3,"name":"MERINO Jersey Grey"}]},{"@type":"WebSite","@id":"https:\/\/gotygu.com\/#website","url":"https:\/\/gotygu.com\/","name":"TYGU - Polska marka odzie\u017cy","description":"Designed To Ride - poznaj Polsk\u0105 mark\u0119","publisher":{"@id":"https:\/\/gotygu.com\/#organization"},"alternateName":"Prosto z serca Beskid\u00f3w. Autorskie projekty odzie\u017cy i akcesori\u00f3w rowerowych. Odzie\u017c Merino dla rowerzyst\u00f3w","potentialAction":[{"@type":"SearchAction","target":{"@type":"EntryPoint","urlTemplate":"https:\/\/gotygu.com\/?s={search_term_string}"},"query-input":{"@type":"PropertyValueSpecification","valueRequired":true,"valueName":"search_term_string"}}],"inLanguage":"en-US"},{"@type":"Organization","@id":"https:\/\/gotygu.com\/#organization","name":"Polska marka rowerowa z serca beskid\u00f3w. Odzie\u017c i akcesoria rowerowa projektowane przez rowerzyst\u00f3w. Odzie\u017c merino, enduro i mtb.","url":"https:\/\/gotygu.com\/","logo":{"@type":"ImageObject","inLanguage":"en-US","@id":"https:\/\/gotygu.com\/#\/schema\/logo\/image\/","url":"https:\/\/gotygu.com\/wp-content\/uploads\/2023\/12\/tygu-gory.png","contentUrl":"https:\/\/gotygu.com\/wp-content\/uploads\/2023\/12\/tygu-gory.png","width":512,"height":512,"caption":"Polska marka rowerowa z serca beskid\u00f3w. Odzie\u017c i akcesoria rowerowa projektowane przez rowerzyst\u00f3w. Odzie\u017c merino, enduro i mtb."},"image":{"@id":"https:\/\/gotygu.com\/#\/schema\/logo\/image\/"},"sameAs":["https:\/\/www.facebook.com\/TYGUapparel"]}]}},"_links":{"self":[{"href":"https:\/\/gotygu.com\/en\/wp-json\/wp\/v2\/product\/383402"}],"collection":[{"href":"https:\/\/gotygu.com\/en\/wp-json\/wp\/v2\/product"}],"about":[{"href":"https:\/\/gotygu.com\/en\/wp-json\/wp\/v2\/types\/product"}],"replies":[{"embeddable":true,"href":"https:\/\/gotygu.com\/en\/wp-json\/wp\/v2\/comments?post=383402"}],"wp:featuredmedia":[{"embeddable":true,"href":"https:\/\/gotygu.com\/en\/wp-json\/wp\/v2\/media\/383321"}],"wp:attachment":[{"href":"https:\/\/gotygu.com\/en\/wp-json\/wp\/v2\/media?parent=383402"}],"wp:term":[{"taxonomy":"product_brand","embeddable":true,"href":"https:\/\/gotygu.com\/en\/wp-json\/wp\/v2\/product_brand?post=383402"},{"taxonomy":"product_cat","embeddable":true,"href":"https:\/\/gotygu.com\/en\/wp-json\/wp\/v2\/product_cat?post=383402"},{"taxonomy":"product_tag","embeddable":true,"href":"https:\/\/gotygu.com\/en\/wp-json\/wp\/v2\/product_tag?post=383402"}],"curies":[{"name":"wp","href":"https:\/\/api.w.org\/{rel}","templated":true}]}}