{"id":383213,"date":"2024-01-26T09:11:00","date_gmt":"2024-01-26T08:11:00","guid":{"rendered":"https:\/\/gotygu.com\/produkt\/2024-enduro-grey-shorts\/"},"modified":"2025-08-01T01:00:55","modified_gmt":"2025-07-31T23:00:55","slug":"2024-enduro-grey-shorts","status":"publish","type":"product","link":"https:\/\/gotygu.com\/en\/produkt\/2024-enduro-grey-shorts\/","title":{"rendered":"Enduro Grey Shorts"},"content":{"rendered":"<p><img fetchpriority=\"high\" decoding=\"async\" class=\"wp-image-374854 alignleft\" src=\"https:\/\/gotygu.com\/wp-content\/uploads\/2023\/03\/Hfa06957dd8744eac832ab9087c1ec2f7e-414x414.jpg\" alt=\"\" width=\"314\" height=\"314\" srcset=\"https:\/\/gotygu.com\/wp-content\/uploads\/2023\/03\/Hfa06957dd8744eac832ab9087c1ec2f7e-414x414.jpg 414w, https:\/\/gotygu.com\/wp-content\/uploads\/2023\/03\/Hfa06957dd8744eac832ab9087c1ec2f7e-150x150.jpg 150w, https:\/\/gotygu.com\/wp-content\/uploads\/2023\/03\/Hfa06957dd8744eac832ab9087c1ec2f7e-100x100.jpg 100w\" sizes=\"(max-width: 314px) 100vw, 314px\" \/>FUNCTEC\u00ae fabric. Unique combination of ultra-lightweight polymers that make the best outdoor fabrics<\/p>\n<p>&nbsp;<\/p>\n<ul>\n<li>4 pockets, lockable<\/li>\n<li>adjustable at the waist<\/li>\n<li>fit perfectly with knee pads<\/li>\n<li>YKK zippers<\/li>\n<\/ul>\n","protected":false},"excerpt":{"rendered":"<p><img decoding=\"async\" class=\"wp-image-374854 alignnone\" src=\"https:\/\/gotygu.com\/wp-content\/uploads\/2023\/03\/Hfa06957dd8744eac832ab9087c1ec2f7e-414x414.jpg\" alt=\"\" width=\"314\" height=\"314\" srcset=\"https:\/\/gotygu.com\/wp-content\/uploads\/2023\/03\/Hfa06957dd8744eac832ab9087c1ec2f7e-414x414.jpg 414w, https:\/\/gotygu.com\/wp-content\/uploads\/2023\/03\/Hfa06957dd8744eac832ab9087c1ec2f7e-150x150.jpg 150w, https:\/\/gotygu.com\/wp-content\/uploads\/2023\/03\/Hfa06957dd8744eac832ab9087c1ec2f7e-100x100.jpg 100w\" sizes=\"(max-width: 314px) 100vw, 314px\" \/><\/p>\n<table>\n<tbody>\n<tr>\n<td><\/td>\n<td>\n<h4>Cut &amp; Fabric<\/h4>\n<p>The cut of the pants is ideal for riding with protectors. The 4 pockets and strong zippers guarantee quality for both short and multi-day trips. The shorts are light and breathable additionally thanks to the laser cut technique.<\/p>\n<\/td>\n<\/tr>\n<tr>\n<td><\/td>\n<td>\n<h4>Back pockets<\/h4>\n<p>One of the most appreciated additions by customers &#8211; large pockets overlapping the back of the thigh. Pedaling with full pockets has never been so comfortable!<\/td>\n<\/tr>\n<tr>\n<td><\/td>\n<td>\n<h4>FUNCTECH \u00ae<\/h4>\n<p>FUNCTECH\u00ae fabric. A unique combination of ultralight polymers that create the best outdoor fabrics.<\/td>\n<\/tr>\n<\/tbody>\n<\/table>\n","protected":false},"featured_media":383171,"comment_status":"open","ping_status":"closed","template":"","meta":[],"product_brand":[],"product_cat":[196,200,197,128,204],"product_tag":[],"class_list":{"0":"post-383213","1":"product","2":"type-product","3":"status-publish","4":"has-post-thumbnail","6":"product_cat-he-en","7":"product_cat-mens-shorts","8":"product_cat-she-en","9":"product_cat-shorts","10":"product_cat-womens-shorts","11":"pa_rozmiary-26-en","12":"pa_rozmiary-28-en","13":"pa_rozmiary-30-en","14":"pa_rozmiary-32-en","15":"pa_rozmiary-34-en","16":"pa_rozmiary-36-en","17":"pa_rozmiary-38-en","18":"pa_rozmiary-403xl-en","20":"first","21":"instock","22":"taxable","23":"shipping-taxable","24":"purchasable","25":"product-type-variable","26":"has-default-attributes"},"yoast_head":"<!-- This site is optimized with the Yoast SEO plugin v25.4 - https:\/\/yoast.com\/wordpress\/plugins\/seo\/ -->\n<title>Grey enduro shorts<\/title>\n<meta name=\"robots\" content=\"index, follow, max-snippet:-1, max-image-preview:large, max-video-preview:-1\" \/>\n<link rel=\"canonical\" href=\"https:\/\/gotygu.com\/en\/produkt\/2024-enduro-grey-shorts\/\" \/>\n<meta property=\"og:locale\" content=\"en_US\" \/>\n<meta property=\"og:type\" content=\"article\" \/>\n<meta property=\"og:title\" content=\"Grey enduro shorts\" \/>\n<meta property=\"og:description\" content=\"Cut &amp; Fabric The cut of the pants is ideal for riding with protectors. The 4 pockets and strong zippers guarantee quality for both short and multi-day trips. The shorts are light and breathable additionally thanks to the laser cut technique.    Back pockets One of the most appreciated additions by customers - large pockets overlapping the back of the thigh. Pedaling with full pockets has never been so comfortable!   FUNCTECH \u00ae FUNCTECH\u00ae fabric. A unique combination of ultralight polymers that create the best outdoor fabrics.\" \/>\n<meta property=\"og:url\" content=\"https:\/\/gotygu.com\/en\/produkt\/2024-enduro-grey-shorts\/\" \/>\n<meta property=\"og:site_name\" content=\"TYGU\" \/>\n<meta property=\"article:publisher\" content=\"https:\/\/www.facebook.com\/TYGUapparel\" \/>\n<meta property=\"article:modified_time\" content=\"2025-07-31T23:00:55+00:00\" \/>\n<meta property=\"og:image\" content=\"https:\/\/gotygu.com\/wp-content\/uploads\/2024\/01\/szare-spodenki-p.jpg\" \/>\n\t<meta property=\"og:image:width\" content=\"2000\" \/>\n\t<meta property=\"og:image:height\" content=\"2000\" \/>\n\t<meta property=\"og:image:type\" content=\"image\/jpeg\" \/>\n<meta name=\"twitter:card\" content=\"summary_large_image\" \/>\n<meta name=\"twitter:label1\" content=\"Est. reading time\" \/>\n\t<meta name=\"twitter:data1\" content=\"1 minute\" \/>\n<script type=\"application\/ld+json\" class=\"yoast-schema-graph\">{\"@context\":\"https:\/\/schema.org\",\"@graph\":[{\"@type\":\"WebPage\",\"@id\":\"https:\/\/gotygu.com\/en\/produkt\/2024-enduro-grey-shorts\/\",\"url\":\"https:\/\/gotygu.com\/en\/produkt\/2024-enduro-grey-shorts\/\",\"name\":\"Grey enduro shorts\",\"isPartOf\":{\"@id\":\"https:\/\/gotygu.com\/#website\"},\"primaryImageOfPage\":{\"@id\":\"https:\/\/gotygu.com\/en\/produkt\/2024-enduro-grey-shorts\/#primaryimage\"},\"image\":{\"@id\":\"https:\/\/gotygu.com\/en\/produkt\/2024-enduro-grey-shorts\/#primaryimage\"},\"thumbnailUrl\":\"https:\/\/gotygu.com\/wp-content\/uploads\/2024\/01\/szare-spodenki-p.jpg\",\"datePublished\":\"2024-01-26T08:11:00+00:00\",\"dateModified\":\"2025-07-31T23:00:55+00:00\",\"breadcrumb\":{\"@id\":\"https:\/\/gotygu.com\/en\/produkt\/2024-enduro-grey-shorts\/#breadcrumb\"},\"inLanguage\":\"en-US\",\"potentialAction\":[{\"@type\":\"ReadAction\",\"target\":[\"https:\/\/gotygu.com\/en\/produkt\/2024-enduro-grey-shorts\/\"]}]},{\"@type\":\"ImageObject\",\"inLanguage\":\"en-US\",\"@id\":\"https:\/\/gotygu.com\/en\/produkt\/2024-enduro-grey-shorts\/#primaryimage\",\"url\":\"https:\/\/gotygu.com\/wp-content\/uploads\/2024\/01\/szare-spodenki-p.jpg\",\"contentUrl\":\"https:\/\/gotygu.com\/wp-content\/uploads\/2024\/01\/szare-spodenki-p.jpg\",\"width\":2000,\"height\":2000},{\"@type\":\"BreadcrumbList\",\"@id\":\"https:\/\/gotygu.com\/en\/produkt\/2024-enduro-grey-shorts\/#breadcrumb\",\"itemListElement\":[{\"@type\":\"ListItem\",\"position\":1,\"name\":\"Strona g\u0142\u00f3wna\",\"item\":\"https:\/\/gotygu.com\/\"},{\"@type\":\"ListItem\",\"position\":2,\"name\":\"Produkty\",\"item\":\"https:\/\/gotygu.com\/shop\/\"},{\"@type\":\"ListItem\",\"position\":3,\"name\":\"Enduro Grey Shorts\"}]},{\"@type\":\"WebSite\",\"@id\":\"https:\/\/gotygu.com\/#website\",\"url\":\"https:\/\/gotygu.com\/\",\"name\":\"TYGU - Polska marka odzie\u017cy\",\"description\":\"Designed To Ride - poznaj Polsk\u0105 mark\u0119\",\"publisher\":{\"@id\":\"https:\/\/gotygu.com\/#organization\"},\"alternateName\":\"Prosto z serca Beskid\u00f3w. Autorskie projekty odzie\u017cy i akcesori\u00f3w rowerowych. Odzie\u017c Merino dla rowerzyst\u00f3w\",\"potentialAction\":[{\"@type\":\"SearchAction\",\"target\":{\"@type\":\"EntryPoint\",\"urlTemplate\":\"https:\/\/gotygu.com\/?s={search_term_string}\"},\"query-input\":{\"@type\":\"PropertyValueSpecification\",\"valueRequired\":true,\"valueName\":\"search_term_string\"}}],\"inLanguage\":\"en-US\"},{\"@type\":\"Organization\",\"@id\":\"https:\/\/gotygu.com\/#organization\",\"name\":\"Polska marka rowerowa z serca beskid\u00f3w. Odzie\u017c i akcesoria rowerowa projektowane przez rowerzyst\u00f3w. Odzie\u017c merino, enduro i mtb.\",\"url\":\"https:\/\/gotygu.com\/\",\"logo\":{\"@type\":\"ImageObject\",\"inLanguage\":\"en-US\",\"@id\":\"https:\/\/gotygu.com\/#\/schema\/logo\/image\/\",\"url\":\"https:\/\/gotygu.com\/wp-content\/uploads\/2023\/12\/tygu-gory.png\",\"contentUrl\":\"https:\/\/gotygu.com\/wp-content\/uploads\/2023\/12\/tygu-gory.png\",\"width\":512,\"height\":512,\"caption\":\"Polska marka rowerowa z serca beskid\u00f3w. Odzie\u017c i akcesoria rowerowa projektowane przez rowerzyst\u00f3w. Odzie\u017c merino, enduro i mtb.\"},\"image\":{\"@id\":\"https:\/\/gotygu.com\/#\/schema\/logo\/image\/\"},\"sameAs\":[\"https:\/\/www.facebook.com\/TYGUapparel\"]}]}<\/script>\n<!-- \/ Yoast SEO plugin. -->","yoast_head_json":{"title":"Grey enduro shorts","robots":{"index":"index","follow":"follow","max-snippet":"max-snippet:-1","max-image-preview":"max-image-preview:large","max-video-preview":"max-video-preview:-1"},"canonical":"https:\/\/gotygu.com\/en\/produkt\/2024-enduro-grey-shorts\/","og_locale":"en_US","og_type":"article","og_title":"Grey enduro shorts","og_description":"Cut &amp; Fabric The cut of the pants is ideal for riding with protectors. The 4 pockets and strong zippers guarantee quality for both short and multi-day trips. The shorts are light and breathable additionally thanks to the laser cut technique.    Back pockets One of the most appreciated additions by customers - large pockets overlapping the back of the thigh. Pedaling with full pockets has never been so comfortable!   FUNCTECH \u00ae FUNCTECH\u00ae fabric. A unique combination of ultralight polymers that create the best outdoor fabrics.","og_url":"https:\/\/gotygu.com\/en\/produkt\/2024-enduro-grey-shorts\/","og_site_name":"TYGU","article_publisher":"https:\/\/www.facebook.com\/TYGUapparel","article_modified_time":"2025-07-31T23:00:55+00:00","og_image":[{"width":2000,"height":2000,"url":"https:\/\/gotygu.com\/wp-content\/uploads\/2024\/01\/szare-spodenki-p.jpg","type":"image\/jpeg"}],"twitter_card":"summary_large_image","twitter_misc":{"Est. reading time":"1 minute"},"schema":{"@context":"https:\/\/schema.org","@graph":[{"@type":"WebPage","@id":"https:\/\/gotygu.com\/en\/produkt\/2024-enduro-grey-shorts\/","url":"https:\/\/gotygu.com\/en\/produkt\/2024-enduro-grey-shorts\/","name":"Grey enduro shorts","isPartOf":{"@id":"https:\/\/gotygu.com\/#website"},"primaryImageOfPage":{"@id":"https:\/\/gotygu.com\/en\/produkt\/2024-enduro-grey-shorts\/#primaryimage"},"image":{"@id":"https:\/\/gotygu.com\/en\/produkt\/2024-enduro-grey-shorts\/#primaryimage"},"thumbnailUrl":"https:\/\/gotygu.com\/wp-content\/uploads\/2024\/01\/szare-spodenki-p.jpg","datePublished":"2024-01-26T08:11:00+00:00","dateModified":"2025-07-31T23:00:55+00:00","breadcrumb":{"@id":"https:\/\/gotygu.com\/en\/produkt\/2024-enduro-grey-shorts\/#breadcrumb"},"inLanguage":"en-US","potentialAction":[{"@type":"ReadAction","target":["https:\/\/gotygu.com\/en\/produkt\/2024-enduro-grey-shorts\/"]}]},{"@type":"ImageObject","inLanguage":"en-US","@id":"https:\/\/gotygu.com\/en\/produkt\/2024-enduro-grey-shorts\/#primaryimage","url":"https:\/\/gotygu.com\/wp-content\/uploads\/2024\/01\/szare-spodenki-p.jpg","contentUrl":"https:\/\/gotygu.com\/wp-content\/uploads\/2024\/01\/szare-spodenki-p.jpg","width":2000,"height":2000},{"@type":"BreadcrumbList","@id":"https:\/\/gotygu.com\/en\/produkt\/2024-enduro-grey-shorts\/#breadcrumb","itemListElement":[{"@type":"ListItem","position":1,"name":"Strona g\u0142\u00f3wna","item":"https:\/\/gotygu.com\/"},{"@type":"ListItem","position":2,"name":"Produkty","item":"https:\/\/gotygu.com\/shop\/"},{"@type":"ListItem","position":3,"name":"Enduro Grey Shorts"}]},{"@type":"WebSite","@id":"https:\/\/gotygu.com\/#website","url":"https:\/\/gotygu.com\/","name":"TYGU - Polska marka odzie\u017cy","description":"Designed To Ride - poznaj Polsk\u0105 mark\u0119","publisher":{"@id":"https:\/\/gotygu.com\/#organization"},"alternateName":"Prosto z serca Beskid\u00f3w. Autorskie projekty odzie\u017cy i akcesori\u00f3w rowerowych. Odzie\u017c Merino dla rowerzyst\u00f3w","potentialAction":[{"@type":"SearchAction","target":{"@type":"EntryPoint","urlTemplate":"https:\/\/gotygu.com\/?s={search_term_string}"},"query-input":{"@type":"PropertyValueSpecification","valueRequired":true,"valueName":"search_term_string"}}],"inLanguage":"en-US"},{"@type":"Organization","@id":"https:\/\/gotygu.com\/#organization","name":"Polska marka rowerowa z serca beskid\u00f3w. Odzie\u017c i akcesoria rowerowa projektowane przez rowerzyst\u00f3w. Odzie\u017c merino, enduro i mtb.","url":"https:\/\/gotygu.com\/","logo":{"@type":"ImageObject","inLanguage":"en-US","@id":"https:\/\/gotygu.com\/#\/schema\/logo\/image\/","url":"https:\/\/gotygu.com\/wp-content\/uploads\/2023\/12\/tygu-gory.png","contentUrl":"https:\/\/gotygu.com\/wp-content\/uploads\/2023\/12\/tygu-gory.png","width":512,"height":512,"caption":"Polska marka rowerowa z serca beskid\u00f3w. Odzie\u017c i akcesoria rowerowa projektowane przez rowerzyst\u00f3w. Odzie\u017c merino, enduro i mtb."},"image":{"@id":"https:\/\/gotygu.com\/#\/schema\/logo\/image\/"},"sameAs":["https:\/\/www.facebook.com\/TYGUapparel"]}]}},"_links":{"self":[{"href":"https:\/\/gotygu.com\/en\/wp-json\/wp\/v2\/product\/383213"}],"collection":[{"href":"https:\/\/gotygu.com\/en\/wp-json\/wp\/v2\/product"}],"about":[{"href":"https:\/\/gotygu.com\/en\/wp-json\/wp\/v2\/types\/product"}],"replies":[{"embeddable":true,"href":"https:\/\/gotygu.com\/en\/wp-json\/wp\/v2\/comments?post=383213"}],"wp:featuredmedia":[{"embeddable":true,"href":"https:\/\/gotygu.com\/en\/wp-json\/wp\/v2\/media\/383171"}],"wp:attachment":[{"href":"https:\/\/gotygu.com\/en\/wp-json\/wp\/v2\/media?parent=383213"}],"wp:term":[{"taxonomy":"product_brand","embeddable":true,"href":"https:\/\/gotygu.com\/en\/wp-json\/wp\/v2\/product_brand?post=383213"},{"taxonomy":"product_cat","embeddable":true,"href":"https:\/\/gotygu.com\/en\/wp-json\/wp\/v2\/product_cat?post=383213"},{"taxonomy":"product_tag","embeddable":true,"href":"https:\/\/gotygu.com\/en\/wp-json\/wp\/v2\/product_tag?post=383213"}],"curies":[{"name":"wp","href":"https:\/\/api.w.org\/{rel}","templated":true}]}}