{"id":383106,"date":"2023-08-07T17:27:00","date_gmt":"2023-08-07T15:27:00","guid":{"rendered":"https:\/\/gotygu.com\/produkt\/mtb-waterproof-socks\/"},"modified":"2025-12-01T00:00:26","modified_gmt":"2025-11-30T23:00:26","slug":"mtb-waterproof-socks","status":"publish","type":"product","link":"https:\/\/gotygu.com\/en\/produkt\/mtb-waterproof-socks\/","title":{"rendered":"MTB waterproof socks"},"content":{"rendered":"","protected":false},"excerpt":{"rendered":"<h3>TYGU waterproof socks<\/h3>\n<p>You no longer need to buy expensive boots for winter or autumn riding. Excellent protection from rain and mud. The lightest membrane cycling socks on the market, the foot does not cook and provides comfort for long hours.<\/p>\n<ul>\n<li>Effective membrane repels water and lets feet breathe<\/li>\n<li>Silicone stoppers prevent the sock from riding up<\/li>\n<li>Antibacterial PROLEN ensures a high level of hygiene<\/li>\n<\/ul>\n<p><img decoding=\"async\" class=\"alignnone size-medium wp-image-378997\" src=\"https:\/\/gotygu.com\/wp-content\/uploads\/2023\/08\/4-414x414.jpg\" alt=\"\" width=\"180\" height=\"180\" srcset=\"https:\/\/gotygu.com\/wp-content\/uploads\/2023\/08\/4-414x414.jpg 414w, https:\/\/gotygu.com\/wp-content\/uploads\/2023\/08\/4-150x150.jpg 150w, https:\/\/gotygu.com\/wp-content\/uploads\/2023\/08\/4-100x100.jpg 100w\" sizes=\"(max-width: 180px) 100vw, 180px\" \/><\/p>\n<p>&nbsp;<\/p>\n<h4>Sizes:<\/h4>\n<p>SMALL: 36-38EU<\/p>\n<p>MEDIUM: 39-42EU<\/p>\n<p>LARGE: 43-46EU<\/p>\n<p>X.LARGE: 47-49EU<\/p>\n<p>&nbsp;<\/p>\n","protected":false},"featured_media":378989,"comment_status":"open","ping_status":"closed","template":"","meta":[],"product_brand":[],"product_cat":[218,130,427],"product_tag":[],"class_list":{"0":"post-383106","1":"product","2":"type-product","3":"status-publish","4":"has-post-thumbnail","6":"product_cat-extras","7":"product_cat-socks","8":"product_cat-test-en","10":"first","11":"instock","12":"taxable","13":"shipping-taxable","14":"purchasable","15":"product-type-variable"},"yoast_head":"<!-- This site is optimized with the Yoast SEO plugin v25.4 - https:\/\/yoast.com\/wordpress\/plugins\/seo\/ -->\n<title>MTB waterproof socks - TYGU<\/title>\n<meta name=\"robots\" content=\"index, follow, max-snippet:-1, max-image-preview:large, max-video-preview:-1\" \/>\n<link rel=\"canonical\" href=\"https:\/\/gotygu.com\/produkt\/skarpety-wodoodporne-mtb\/\" \/>\n<meta property=\"og:locale\" content=\"en_US\" \/>\n<meta property=\"og:type\" content=\"article\" \/>\n<meta property=\"og:title\" content=\"MTB waterproof socks - TYGU\" \/>\n<meta property=\"og:description\" content=\"TYGU waterproof socks You no longer need to buy expensive boots for winter or autumn riding. Excellent protection from rain and mud. The lightest membrane cycling socks on the market, the foot does not cook and provides comfort for long hours.  Effective membrane repels water and lets feet breathe  Silicone stoppers prevent the sock from riding up  Antibacterial PROLEN ensures a high level of hygiene  &nbsp; Sizes: SMALL: 36-38EU MEDIUM: 39-42EU LARGE: 43-46EU X.LARGE: 47-49EU &nbsp;\" \/>\n<meta property=\"og:url\" content=\"https:\/\/gotygu.com\/produkt\/skarpety-wodoodporne-mtb\/\" \/>\n<meta property=\"og:site_name\" content=\"TYGU\" \/>\n<meta property=\"article:publisher\" content=\"https:\/\/www.facebook.com\/TYGUapparel\" \/>\n<meta property=\"article:modified_time\" content=\"2025-11-30T23:00:26+00:00\" \/>\n<meta property=\"og:image\" content=\"https:\/\/gotygu.com\/wp-content\/uploads\/2023\/08\/2.jpg\" \/>\n\t<meta property=\"og:image:width\" content=\"1280\" \/>\n\t<meta property=\"og:image:height\" content=\"1280\" \/>\n\t<meta property=\"og:image:type\" content=\"image\/jpeg\" \/>\n<meta name=\"twitter:card\" content=\"summary_large_image\" \/>\n<script type=\"application\/ld+json\" class=\"yoast-schema-graph\">{\"@context\":\"https:\/\/schema.org\",\"@graph\":[{\"@type\":\"WebPage\",\"@id\":\"https:\/\/gotygu.com\/produkt\/skarpety-wodoodporne-mtb\/\",\"url\":\"https:\/\/gotygu.com\/produkt\/skarpety-wodoodporne-mtb\/\",\"name\":\"MTB waterproof socks - TYGU\",\"isPartOf\":{\"@id\":\"https:\/\/gotygu.com\/#website\"},\"primaryImageOfPage\":{\"@id\":\"https:\/\/gotygu.com\/produkt\/skarpety-wodoodporne-mtb\/#primaryimage\"},\"image\":{\"@id\":\"https:\/\/gotygu.com\/produkt\/skarpety-wodoodporne-mtb\/#primaryimage\"},\"thumbnailUrl\":\"https:\/\/gotygu.com\/wp-content\/uploads\/2023\/08\/2.jpg\",\"datePublished\":\"2023-08-07T15:27:00+00:00\",\"dateModified\":\"2025-11-30T23:00:26+00:00\",\"breadcrumb\":{\"@id\":\"https:\/\/gotygu.com\/produkt\/skarpety-wodoodporne-mtb\/#breadcrumb\"},\"inLanguage\":\"en-US\",\"potentialAction\":[{\"@type\":\"ReadAction\",\"target\":[\"https:\/\/gotygu.com\/produkt\/skarpety-wodoodporne-mtb\/\"]}]},{\"@type\":\"ImageObject\",\"inLanguage\":\"en-US\",\"@id\":\"https:\/\/gotygu.com\/produkt\/skarpety-wodoodporne-mtb\/#primaryimage\",\"url\":\"https:\/\/gotygu.com\/wp-content\/uploads\/2023\/08\/2.jpg\",\"contentUrl\":\"https:\/\/gotygu.com\/wp-content\/uploads\/2023\/08\/2.jpg\",\"width\":1280,\"height\":1280},{\"@type\":\"BreadcrumbList\",\"@id\":\"https:\/\/gotygu.com\/produkt\/skarpety-wodoodporne-mtb\/#breadcrumb\",\"itemListElement\":[{\"@type\":\"ListItem\",\"position\":1,\"name\":\"Strona g\u0142\u00f3wna\",\"item\":\"https:\/\/gotygu.com\/\"},{\"@type\":\"ListItem\",\"position\":2,\"name\":\"Produkty\",\"item\":\"https:\/\/gotygu.com\/shop\/\"},{\"@type\":\"ListItem\",\"position\":3,\"name\":\"MTB waterproof socks\"}]},{\"@type\":\"WebSite\",\"@id\":\"https:\/\/gotygu.com\/#website\",\"url\":\"https:\/\/gotygu.com\/\",\"name\":\"TYGU - Polska marka odzie\u017cy\",\"description\":\"Designed To Ride - poznaj Polsk\u0105 mark\u0119\",\"publisher\":{\"@id\":\"https:\/\/gotygu.com\/#organization\"},\"alternateName\":\"Prosto z serca Beskid\u00f3w. Autorskie projekty odzie\u017cy i akcesori\u00f3w rowerowych. Odzie\u017c Merino dla rowerzyst\u00f3w\",\"potentialAction\":[{\"@type\":\"SearchAction\",\"target\":{\"@type\":\"EntryPoint\",\"urlTemplate\":\"https:\/\/gotygu.com\/?s={search_term_string}\"},\"query-input\":{\"@type\":\"PropertyValueSpecification\",\"valueRequired\":true,\"valueName\":\"search_term_string\"}}],\"inLanguage\":\"en-US\"},{\"@type\":\"Organization\",\"@id\":\"https:\/\/gotygu.com\/#organization\",\"name\":\"Polska marka rowerowa z serca beskid\u00f3w. Odzie\u017c i akcesoria rowerowa projektowane przez rowerzyst\u00f3w. Odzie\u017c merino, enduro i mtb.\",\"url\":\"https:\/\/gotygu.com\/\",\"logo\":{\"@type\":\"ImageObject\",\"inLanguage\":\"en-US\",\"@id\":\"https:\/\/gotygu.com\/#\/schema\/logo\/image\/\",\"url\":\"https:\/\/gotygu.com\/wp-content\/uploads\/2023\/12\/tygu-gory.png\",\"contentUrl\":\"https:\/\/gotygu.com\/wp-content\/uploads\/2023\/12\/tygu-gory.png\",\"width\":512,\"height\":512,\"caption\":\"Polska marka rowerowa z serca beskid\u00f3w. Odzie\u017c i akcesoria rowerowa projektowane przez rowerzyst\u00f3w. Odzie\u017c merino, enduro i mtb.\"},\"image\":{\"@id\":\"https:\/\/gotygu.com\/#\/schema\/logo\/image\/\"},\"sameAs\":[\"https:\/\/www.facebook.com\/TYGUapparel\"]}]}<\/script>\n<!-- \/ Yoast SEO plugin. -->","yoast_head_json":{"title":"MTB waterproof socks - TYGU","robots":{"index":"index","follow":"follow","max-snippet":"max-snippet:-1","max-image-preview":"max-image-preview:large","max-video-preview":"max-video-preview:-1"},"canonical":"https:\/\/gotygu.com\/produkt\/skarpety-wodoodporne-mtb\/","og_locale":"en_US","og_type":"article","og_title":"MTB waterproof socks - TYGU","og_description":"TYGU waterproof socks You no longer need to buy expensive boots for winter or autumn riding. Excellent protection from rain and mud. The lightest membrane cycling socks on the market, the foot does not cook and provides comfort for long hours.  Effective membrane repels water and lets feet breathe  Silicone stoppers prevent the sock from riding up  Antibacterial PROLEN ensures a high level of hygiene  &nbsp; Sizes: SMALL: 36-38EU MEDIUM: 39-42EU LARGE: 43-46EU X.LARGE: 47-49EU &nbsp;","og_url":"https:\/\/gotygu.com\/produkt\/skarpety-wodoodporne-mtb\/","og_site_name":"TYGU","article_publisher":"https:\/\/www.facebook.com\/TYGUapparel","article_modified_time":"2025-11-30T23:00:26+00:00","og_image":[{"width":1280,"height":1280,"url":"https:\/\/gotygu.com\/wp-content\/uploads\/2023\/08\/2.jpg","type":"image\/jpeg"}],"twitter_card":"summary_large_image","schema":{"@context":"https:\/\/schema.org","@graph":[{"@type":"WebPage","@id":"https:\/\/gotygu.com\/produkt\/skarpety-wodoodporne-mtb\/","url":"https:\/\/gotygu.com\/produkt\/skarpety-wodoodporne-mtb\/","name":"MTB waterproof socks - TYGU","isPartOf":{"@id":"https:\/\/gotygu.com\/#website"},"primaryImageOfPage":{"@id":"https:\/\/gotygu.com\/produkt\/skarpety-wodoodporne-mtb\/#primaryimage"},"image":{"@id":"https:\/\/gotygu.com\/produkt\/skarpety-wodoodporne-mtb\/#primaryimage"},"thumbnailUrl":"https:\/\/gotygu.com\/wp-content\/uploads\/2023\/08\/2.jpg","datePublished":"2023-08-07T15:27:00+00:00","dateModified":"2025-11-30T23:00:26+00:00","breadcrumb":{"@id":"https:\/\/gotygu.com\/produkt\/skarpety-wodoodporne-mtb\/#breadcrumb"},"inLanguage":"en-US","potentialAction":[{"@type":"ReadAction","target":["https:\/\/gotygu.com\/produkt\/skarpety-wodoodporne-mtb\/"]}]},{"@type":"ImageObject","inLanguage":"en-US","@id":"https:\/\/gotygu.com\/produkt\/skarpety-wodoodporne-mtb\/#primaryimage","url":"https:\/\/gotygu.com\/wp-content\/uploads\/2023\/08\/2.jpg","contentUrl":"https:\/\/gotygu.com\/wp-content\/uploads\/2023\/08\/2.jpg","width":1280,"height":1280},{"@type":"BreadcrumbList","@id":"https:\/\/gotygu.com\/produkt\/skarpety-wodoodporne-mtb\/#breadcrumb","itemListElement":[{"@type":"ListItem","position":1,"name":"Strona g\u0142\u00f3wna","item":"https:\/\/gotygu.com\/"},{"@type":"ListItem","position":2,"name":"Produkty","item":"https:\/\/gotygu.com\/shop\/"},{"@type":"ListItem","position":3,"name":"MTB waterproof socks"}]},{"@type":"WebSite","@id":"https:\/\/gotygu.com\/#website","url":"https:\/\/gotygu.com\/","name":"TYGU - Polska marka odzie\u017cy","description":"Designed To Ride - poznaj Polsk\u0105 mark\u0119","publisher":{"@id":"https:\/\/gotygu.com\/#organization"},"alternateName":"Prosto z serca Beskid\u00f3w. Autorskie projekty odzie\u017cy i akcesori\u00f3w rowerowych. Odzie\u017c Merino dla rowerzyst\u00f3w","potentialAction":[{"@type":"SearchAction","target":{"@type":"EntryPoint","urlTemplate":"https:\/\/gotygu.com\/?s={search_term_string}"},"query-input":{"@type":"PropertyValueSpecification","valueRequired":true,"valueName":"search_term_string"}}],"inLanguage":"en-US"},{"@type":"Organization","@id":"https:\/\/gotygu.com\/#organization","name":"Polska marka rowerowa z serca beskid\u00f3w. Odzie\u017c i akcesoria rowerowa projektowane przez rowerzyst\u00f3w. Odzie\u017c merino, enduro i mtb.","url":"https:\/\/gotygu.com\/","logo":{"@type":"ImageObject","inLanguage":"en-US","@id":"https:\/\/gotygu.com\/#\/schema\/logo\/image\/","url":"https:\/\/gotygu.com\/wp-content\/uploads\/2023\/12\/tygu-gory.png","contentUrl":"https:\/\/gotygu.com\/wp-content\/uploads\/2023\/12\/tygu-gory.png","width":512,"height":512,"caption":"Polska marka rowerowa z serca beskid\u00f3w. Odzie\u017c i akcesoria rowerowa projektowane przez rowerzyst\u00f3w. Odzie\u017c merino, enduro i mtb."},"image":{"@id":"https:\/\/gotygu.com\/#\/schema\/logo\/image\/"},"sameAs":["https:\/\/www.facebook.com\/TYGUapparel"]}]}},"_links":{"self":[{"href":"https:\/\/gotygu.com\/en\/wp-json\/wp\/v2\/product\/383106"}],"collection":[{"href":"https:\/\/gotygu.com\/en\/wp-json\/wp\/v2\/product"}],"about":[{"href":"https:\/\/gotygu.com\/en\/wp-json\/wp\/v2\/types\/product"}],"replies":[{"embeddable":true,"href":"https:\/\/gotygu.com\/en\/wp-json\/wp\/v2\/comments?post=383106"}],"wp:featuredmedia":[{"embeddable":true,"href":"https:\/\/gotygu.com\/en\/wp-json\/wp\/v2\/media\/378989"}],"wp:attachment":[{"href":"https:\/\/gotygu.com\/en\/wp-json\/wp\/v2\/media?parent=383106"}],"wp:term":[{"taxonomy":"product_brand","embeddable":true,"href":"https:\/\/gotygu.com\/en\/wp-json\/wp\/v2\/product_brand?post=383106"},{"taxonomy":"product_cat","embeddable":true,"href":"https:\/\/gotygu.com\/en\/wp-json\/wp\/v2\/product_cat?post=383106"},{"taxonomy":"product_tag","embeddable":true,"href":"https:\/\/gotygu.com\/en\/wp-json\/wp\/v2\/product_tag?post=383106"}],"curies":[{"name":"wp","href":"https:\/\/api.w.org\/{rel}","templated":true}]}}