{"id":383054,"date":"2023-11-22T08:43:00","date_gmt":"2023-11-22T07:43:00","guid":{"rendered":"https:\/\/gotygu.com\/produkt\/eve-gloves-red\/"},"modified":"2025-12-01T00:00:26","modified_gmt":"2025-11-30T23:00:26","slug":"eve-gloves-red","status":"publish","type":"product","link":"https:\/\/gotygu.com\/en\/produkt\/eve-gloves-red\/","title":{"rendered":"EVE Gloves Red"},"content":{"rendered":"","protected":false},"excerpt":{"rendered":"<p><strong>RIPSTOP<\/strong><\/p>\n<p>Lightweight and stretchy fabric would not be the best idea for gloves &#8211; unless geometrically reinforced with fibers. The new gloves are made of RIPSTOP fabric.<\/p>\n<p><strong>Women&#8217;s cut<\/strong><\/p>\n<p>The gloves have different proportions than classic men&#8217;s gloves.<\/p>\n<p><strong>Light<\/strong><\/p>\n<p>We know what gloves are best &#8211; durable and lightweight! We design only comfortable and light gloves, bicycle handlebar control is most important!<\/p>\n<p><strong>Min. 50% recycled polyester<\/strong><\/p>\n<p>By using partially recycled polyester, our products are also lighter on the soul! We take care of the planet by reducing the consumption of its resources. <\/p>\n","protected":false},"featured_media":380152,"comment_status":"open","ping_status":"closed","template":"","meta":[],"product_brand":[],"product_cat":[197,207,102],"product_tag":[],"class_list":{"0":"post-383054","1":"product","2":"type-product","3":"status-publish","4":"has-post-thumbnail","6":"product_cat-she-en","7":"product_cat-womens-gloves","8":"product_cat-gloves","9":"pa_rozmiary-xs-en","10":"pa_rozmiary-s-en","11":"pa_rozmiary-m-en","12":"pa_rozmiary-l-en","13":"pa_rozmiary-xl-en","14":"pa_rozmiary-2xl-en","16":"first","17":"instock","18":"taxable","19":"shipping-taxable","20":"purchasable","21":"product-type-variable"},"yoast_head":"<!-- This site is optimized with the Yoast SEO plugin v25.4 - https:\/\/yoast.com\/wordpress\/plugins\/seo\/ -->\n<title>Women&#039;s MTB Gloves Red<\/title>\n<meta name=\"robots\" content=\"index, follow, max-snippet:-1, max-image-preview:large, max-video-preview:-1\" \/>\n<link rel=\"canonical\" href=\"https:\/\/gotygu.com\/produkt\/eve-rekawiczki-red\/\" \/>\n<meta property=\"og:locale\" content=\"en_US\" \/>\n<meta property=\"og:type\" content=\"article\" \/>\n<meta property=\"og:title\" content=\"Women&#039;s MTB Gloves Red\" \/>\n<meta property=\"og:description\" content=\"RIPSTOP Lightweight and stretchy fabric would not be the best idea for gloves - unless geometrically reinforced with fibers. The new gloves are made of RIPSTOP fabric. Women&#039;s cut The gloves have different proportions than classic men&#039;s gloves. Light We know what gloves are best - durable and lightweight! We design only comfortable and light gloves, bicycle handlebar control is most important! Min. 50% recycled polyester By using partially recycled polyester, our products are also lighter on the soul! We take care of the planet by reducing the consumption of its resources.\" \/>\n<meta property=\"og:url\" content=\"https:\/\/gotygu.com\/produkt\/eve-rekawiczki-red\/\" \/>\n<meta property=\"og:site_name\" content=\"TYGU\" \/>\n<meta property=\"article:publisher\" content=\"https:\/\/www.facebook.com\/TYGUapparel\" \/>\n<meta property=\"article:modified_time\" content=\"2025-11-30T23:00:26+00:00\" \/>\n<meta property=\"og:image\" content=\"https:\/\/gotygu.com\/wp-content\/uploads\/2023\/11\/rekawiczki-dzieciece-cz-kopia-1-kopia.jpg\" \/>\n\t<meta property=\"og:image:width\" content=\"2000\" \/>\n\t<meta property=\"og:image:height\" content=\"2000\" \/>\n\t<meta property=\"og:image:type\" content=\"image\/jpeg\" \/>\n<meta name=\"twitter:card\" content=\"summary_large_image\" \/>\n<script type=\"application\/ld+json\" class=\"yoast-schema-graph\">{\"@context\":\"https:\/\/schema.org\",\"@graph\":[{\"@type\":\"WebPage\",\"@id\":\"https:\/\/gotygu.com\/produkt\/eve-rekawiczki-red\/\",\"url\":\"https:\/\/gotygu.com\/produkt\/eve-rekawiczki-red\/\",\"name\":\"Women's MTB Gloves Red\",\"isPartOf\":{\"@id\":\"https:\/\/gotygu.com\/#website\"},\"primaryImageOfPage\":{\"@id\":\"https:\/\/gotygu.com\/produkt\/eve-rekawiczki-red\/#primaryimage\"},\"image\":{\"@id\":\"https:\/\/gotygu.com\/produkt\/eve-rekawiczki-red\/#primaryimage\"},\"thumbnailUrl\":\"https:\/\/gotygu.com\/wp-content\/uploads\/2023\/11\/rekawiczki-dzieciece-cz-kopia-1-kopia.jpg\",\"datePublished\":\"2023-11-22T07:43:00+00:00\",\"dateModified\":\"2025-11-30T23:00:26+00:00\",\"breadcrumb\":{\"@id\":\"https:\/\/gotygu.com\/produkt\/eve-rekawiczki-red\/#breadcrumb\"},\"inLanguage\":\"en-US\",\"potentialAction\":[{\"@type\":\"ReadAction\",\"target\":[\"https:\/\/gotygu.com\/produkt\/eve-rekawiczki-red\/\"]}]},{\"@type\":\"ImageObject\",\"inLanguage\":\"en-US\",\"@id\":\"https:\/\/gotygu.com\/produkt\/eve-rekawiczki-red\/#primaryimage\",\"url\":\"https:\/\/gotygu.com\/wp-content\/uploads\/2023\/11\/rekawiczki-dzieciece-cz-kopia-1-kopia.jpg\",\"contentUrl\":\"https:\/\/gotygu.com\/wp-content\/uploads\/2023\/11\/rekawiczki-dzieciece-cz-kopia-1-kopia.jpg\",\"width\":2000,\"height\":2000},{\"@type\":\"BreadcrumbList\",\"@id\":\"https:\/\/gotygu.com\/produkt\/eve-rekawiczki-red\/#breadcrumb\",\"itemListElement\":[{\"@type\":\"ListItem\",\"position\":1,\"name\":\"Strona g\u0142\u00f3wna\",\"item\":\"https:\/\/gotygu.com\/\"},{\"@type\":\"ListItem\",\"position\":2,\"name\":\"Produkty\",\"item\":\"https:\/\/gotygu.com\/shop\/\"},{\"@type\":\"ListItem\",\"position\":3,\"name\":\"EVE Gloves Red\"}]},{\"@type\":\"WebSite\",\"@id\":\"https:\/\/gotygu.com\/#website\",\"url\":\"https:\/\/gotygu.com\/\",\"name\":\"TYGU - Polska marka odzie\u017cy\",\"description\":\"Designed To Ride - poznaj Polsk\u0105 mark\u0119\",\"publisher\":{\"@id\":\"https:\/\/gotygu.com\/#organization\"},\"alternateName\":\"Prosto z serca Beskid\u00f3w. Autorskie projekty odzie\u017cy i akcesori\u00f3w rowerowych. Odzie\u017c Merino dla rowerzyst\u00f3w\",\"potentialAction\":[{\"@type\":\"SearchAction\",\"target\":{\"@type\":\"EntryPoint\",\"urlTemplate\":\"https:\/\/gotygu.com\/?s={search_term_string}\"},\"query-input\":{\"@type\":\"PropertyValueSpecification\",\"valueRequired\":true,\"valueName\":\"search_term_string\"}}],\"inLanguage\":\"en-US\"},{\"@type\":\"Organization\",\"@id\":\"https:\/\/gotygu.com\/#organization\",\"name\":\"Polska marka rowerowa z serca beskid\u00f3w. Odzie\u017c i akcesoria rowerowa projektowane przez rowerzyst\u00f3w. Odzie\u017c merino, enduro i mtb.\",\"url\":\"https:\/\/gotygu.com\/\",\"logo\":{\"@type\":\"ImageObject\",\"inLanguage\":\"en-US\",\"@id\":\"https:\/\/gotygu.com\/#\/schema\/logo\/image\/\",\"url\":\"https:\/\/gotygu.com\/wp-content\/uploads\/2023\/12\/tygu-gory.png\",\"contentUrl\":\"https:\/\/gotygu.com\/wp-content\/uploads\/2023\/12\/tygu-gory.png\",\"width\":512,\"height\":512,\"caption\":\"Polska marka rowerowa z serca beskid\u00f3w. Odzie\u017c i akcesoria rowerowa projektowane przez rowerzyst\u00f3w. Odzie\u017c merino, enduro i mtb.\"},\"image\":{\"@id\":\"https:\/\/gotygu.com\/#\/schema\/logo\/image\/\"},\"sameAs\":[\"https:\/\/www.facebook.com\/TYGUapparel\"]}]}<\/script>\n<!-- \/ Yoast SEO plugin. -->","yoast_head_json":{"title":"Women's MTB Gloves Red","robots":{"index":"index","follow":"follow","max-snippet":"max-snippet:-1","max-image-preview":"max-image-preview:large","max-video-preview":"max-video-preview:-1"},"canonical":"https:\/\/gotygu.com\/produkt\/eve-rekawiczki-red\/","og_locale":"en_US","og_type":"article","og_title":"Women's MTB Gloves Red","og_description":"RIPSTOP Lightweight and stretchy fabric would not be the best idea for gloves - unless geometrically reinforced with fibers. The new gloves are made of RIPSTOP fabric. Women's cut The gloves have different proportions than classic men's gloves. Light We know what gloves are best - durable and lightweight! We design only comfortable and light gloves, bicycle handlebar control is most important! Min. 50% recycled polyester By using partially recycled polyester, our products are also lighter on the soul! We take care of the planet by reducing the consumption of its resources.","og_url":"https:\/\/gotygu.com\/produkt\/eve-rekawiczki-red\/","og_site_name":"TYGU","article_publisher":"https:\/\/www.facebook.com\/TYGUapparel","article_modified_time":"2025-11-30T23:00:26+00:00","og_image":[{"width":2000,"height":2000,"url":"https:\/\/gotygu.com\/wp-content\/uploads\/2023\/11\/rekawiczki-dzieciece-cz-kopia-1-kopia.jpg","type":"image\/jpeg"}],"twitter_card":"summary_large_image","schema":{"@context":"https:\/\/schema.org","@graph":[{"@type":"WebPage","@id":"https:\/\/gotygu.com\/produkt\/eve-rekawiczki-red\/","url":"https:\/\/gotygu.com\/produkt\/eve-rekawiczki-red\/","name":"Women's MTB Gloves Red","isPartOf":{"@id":"https:\/\/gotygu.com\/#website"},"primaryImageOfPage":{"@id":"https:\/\/gotygu.com\/produkt\/eve-rekawiczki-red\/#primaryimage"},"image":{"@id":"https:\/\/gotygu.com\/produkt\/eve-rekawiczki-red\/#primaryimage"},"thumbnailUrl":"https:\/\/gotygu.com\/wp-content\/uploads\/2023\/11\/rekawiczki-dzieciece-cz-kopia-1-kopia.jpg","datePublished":"2023-11-22T07:43:00+00:00","dateModified":"2025-11-30T23:00:26+00:00","breadcrumb":{"@id":"https:\/\/gotygu.com\/produkt\/eve-rekawiczki-red\/#breadcrumb"},"inLanguage":"en-US","potentialAction":[{"@type":"ReadAction","target":["https:\/\/gotygu.com\/produkt\/eve-rekawiczki-red\/"]}]},{"@type":"ImageObject","inLanguage":"en-US","@id":"https:\/\/gotygu.com\/produkt\/eve-rekawiczki-red\/#primaryimage","url":"https:\/\/gotygu.com\/wp-content\/uploads\/2023\/11\/rekawiczki-dzieciece-cz-kopia-1-kopia.jpg","contentUrl":"https:\/\/gotygu.com\/wp-content\/uploads\/2023\/11\/rekawiczki-dzieciece-cz-kopia-1-kopia.jpg","width":2000,"height":2000},{"@type":"BreadcrumbList","@id":"https:\/\/gotygu.com\/produkt\/eve-rekawiczki-red\/#breadcrumb","itemListElement":[{"@type":"ListItem","position":1,"name":"Strona g\u0142\u00f3wna","item":"https:\/\/gotygu.com\/"},{"@type":"ListItem","position":2,"name":"Produkty","item":"https:\/\/gotygu.com\/shop\/"},{"@type":"ListItem","position":3,"name":"EVE Gloves Red"}]},{"@type":"WebSite","@id":"https:\/\/gotygu.com\/#website","url":"https:\/\/gotygu.com\/","name":"TYGU - Polska marka odzie\u017cy","description":"Designed To Ride - poznaj Polsk\u0105 mark\u0119","publisher":{"@id":"https:\/\/gotygu.com\/#organization"},"alternateName":"Prosto z serca Beskid\u00f3w. Autorskie projekty odzie\u017cy i akcesori\u00f3w rowerowych. Odzie\u017c Merino dla rowerzyst\u00f3w","potentialAction":[{"@type":"SearchAction","target":{"@type":"EntryPoint","urlTemplate":"https:\/\/gotygu.com\/?s={search_term_string}"},"query-input":{"@type":"PropertyValueSpecification","valueRequired":true,"valueName":"search_term_string"}}],"inLanguage":"en-US"},{"@type":"Organization","@id":"https:\/\/gotygu.com\/#organization","name":"Polska marka rowerowa z serca beskid\u00f3w. Odzie\u017c i akcesoria rowerowa projektowane przez rowerzyst\u00f3w. Odzie\u017c merino, enduro i mtb.","url":"https:\/\/gotygu.com\/","logo":{"@type":"ImageObject","inLanguage":"en-US","@id":"https:\/\/gotygu.com\/#\/schema\/logo\/image\/","url":"https:\/\/gotygu.com\/wp-content\/uploads\/2023\/12\/tygu-gory.png","contentUrl":"https:\/\/gotygu.com\/wp-content\/uploads\/2023\/12\/tygu-gory.png","width":512,"height":512,"caption":"Polska marka rowerowa z serca beskid\u00f3w. Odzie\u017c i akcesoria rowerowa projektowane przez rowerzyst\u00f3w. Odzie\u017c merino, enduro i mtb."},"image":{"@id":"https:\/\/gotygu.com\/#\/schema\/logo\/image\/"},"sameAs":["https:\/\/www.facebook.com\/TYGUapparel"]}]}},"_links":{"self":[{"href":"https:\/\/gotygu.com\/en\/wp-json\/wp\/v2\/product\/383054"}],"collection":[{"href":"https:\/\/gotygu.com\/en\/wp-json\/wp\/v2\/product"}],"about":[{"href":"https:\/\/gotygu.com\/en\/wp-json\/wp\/v2\/types\/product"}],"replies":[{"embeddable":true,"href":"https:\/\/gotygu.com\/en\/wp-json\/wp\/v2\/comments?post=383054"}],"wp:featuredmedia":[{"embeddable":true,"href":"https:\/\/gotygu.com\/en\/wp-json\/wp\/v2\/media\/380152"}],"wp:attachment":[{"href":"https:\/\/gotygu.com\/en\/wp-json\/wp\/v2\/media?parent=383054"}],"wp:term":[{"taxonomy":"product_brand","embeddable":true,"href":"https:\/\/gotygu.com\/en\/wp-json\/wp\/v2\/product_brand?post=383054"},{"taxonomy":"product_cat","embeddable":true,"href":"https:\/\/gotygu.com\/en\/wp-json\/wp\/v2\/product_cat?post=383054"},{"taxonomy":"product_tag","embeddable":true,"href":"https:\/\/gotygu.com\/en\/wp-json\/wp\/v2\/product_tag?post=383054"}],"curies":[{"name":"wp","href":"https:\/\/api.w.org\/{rel}","templated":true}]}}