{"id":378667,"date":"2023-06-28T07:25:00","date_gmt":"2023-06-28T05:25:00","guid":{"rendered":"http:\/\/gotygu.com\/produkt\/okulary-punk-junior-orange\/"},"modified":"2025-12-01T00:00:16","modified_gmt":"2025-11-30T23:00:16","slug":"glasses-punk-junior-orange","status":"publish","type":"product","link":"https:\/\/gotygu.com\/en\/produkt\/glasses-punk-junior-orange\/","title":{"rendered":"Okulary PUNK Junior Orange"},"content":{"rendered":"","protected":false},"excerpt":{"rendered":"<h1>Children&#8217;s bicycle glasses<\/h1>\n<p>100% original design of <strong>children&#8217;s glasses for bicycles<\/strong>. A proper 130mm frame and a wide range of adjustment options (nose pads and temples) will allow you to perfectly fit the shape of a small head.<\/p>\n<p>MTB glasses for kids PUNK from TYGU provides a large and comfortable field of vision for little riders.<\/p>\n<p>Comes with an additional photochromatic (self-dimming) lens for harsher conditions<\/p>\n<table>\n<tbody>\n<tr>\n<td><img fetchpriority=\"high\" decoding=\"async\" class=\"alignnone \" src=\"https:\/\/gotygu.com\/wp-content\/uploads\/2023\/03\/5-3-1154x650.jpg\" width=\"755\" height=\"425\"><\/td>\n<td>\n<h3 class=\"elementor-image-box-title\">PHOTOCHROMS<br \/>\n2 panes included<\/h3>\n<p class=\"elementor-image-box-description\">All models are supplied with additional PHOTOCHROMATIC glass. You can enjoy driving in really tough conditions!<\/p>\n<\/td>\n<\/tr>\n<tr>\n<td><img decoding=\"async\" class=\"alignnone size-medium\" src=\"https:\/\/gotygu.com\/wp-content\/uploads\/2023\/03\/kids-size.jpg\" width=\"604\" height=\"369\"><\/td>\n<td>\n<h3 class=\"elementor-image-box-title\">&lt;- 130mm -&gt;<\/h3>\n<p class=\"elementor-image-box-description\">The spacing between the hinges fits smaller heads.<\/p>\n<\/td>\n<\/tr>\n<tr>\n<td><img decoding=\"async\" class=\"alignnone size-medium\" src=\"https:\/\/gotygu.com\/wp-content\/uploads\/2023\/03\/6-3-1153x650.jpg\" width=\"1153\" height=\"650\"><\/td>\n<td>\n<h3 class=\"elementor-image-box-title\">REVO \u00ae glass technology<\/h3>\n<\/td>\n<\/tr>\n<tr>\n<td><img loading=\"lazy\" decoding=\"async\" class=\"alignnone size-medium\" src=\"https:\/\/gotygu.com\/wp-content\/uploads\/2023\/03\/7-2-1153x650.jpg\" width=\"1153\" height=\"650\"><\/td>\n<td>\n<h3 class=\"elementor-image-box-title\">ADJUST<\/h3>\n<p class=\"elementor-image-box-description\"><b>Eyepieces and nosepieces<\/b><\/p>\n<\/td>\n<\/tr>\n<\/tbody>\n<\/table>\n<p><!-- DivTable.com --><\/p>\n","protected":false},"featured_media":378471,"comment_status":"open","ping_status":"closed","template":"","meta":[],"product_brand":[],"product_cat":[195,293,246],"product_tag":[],"class_list":{"0":"post-378667","1":"product","2":"type-product","3":"status-publish","4":"has-post-thumbnail","6":"product_cat-child","7":"product_cat-punk-glasses","8":"product_cat-glasses","10":"first","11":"instock","12":"sale","13":"taxable","14":"shipping-taxable","15":"purchasable","16":"product-type-simple"},"yoast_head":"<!-- This site is optimized with the Yoast SEO plugin v25.4 - https:\/\/yoast.com\/wordpress\/plugins\/seo\/ -->\n<title>Okulary PUNK Junior Orange - TYGU<\/title>\n<meta name=\"robots\" content=\"index, follow, max-snippet:-1, max-image-preview:large, max-video-preview:-1\" \/>\n<link rel=\"canonical\" href=\"https:\/\/gotygu.com\/produkt\/okulary-punk-junior-orange-2\/\" \/>\n<meta property=\"og:locale\" content=\"en_US\" \/>\n<meta property=\"og:type\" content=\"article\" \/>\n<meta property=\"og:title\" content=\"Okulary PUNK Junior Orange - TYGU\" \/>\n<meta property=\"og:description\" content=\"Children&#039;s bicycle glasses 100% original design of children&#039;s glasses for bicycles. A proper 130mm frame and a wide range of adjustment options (nose pads and temples) will allow you to perfectly fit the shape of a small head. MTB glasses for kids PUNK from TYGU provides a large and comfortable field of vision for little riders. Comes with an additional photochromatic (self-dimming) lens for harsher conditions   PHOTOCHROMS 2 panes included All models are supplied with additional PHOTOCHROMATIC glass. You can enjoy driving in really tough conditions!   &lt;- 130mm -&gt; The spacing between the hinges fits smaller heads.   REVO \u00ae glass technology   ADJUST Eyepieces and nosepieces\" \/>\n<meta property=\"og:url\" content=\"https:\/\/gotygu.com\/produkt\/okulary-punk-junior-orange-2\/\" \/>\n<meta property=\"og:site_name\" content=\"TYGU\" \/>\n<meta property=\"article:publisher\" content=\"https:\/\/www.facebook.com\/TYGUapparel\" \/>\n<meta property=\"article:modified_time\" content=\"2025-11-30T23:00:16+00:00\" \/>\n<meta property=\"og:image\" content=\"https:\/\/gotygu.com\/wp-content\/uploads\/2023\/06\/dzieciece-nieb-bok.jpg\" \/>\n\t<meta property=\"og:image:width\" content=\"2500\" \/>\n\t<meta property=\"og:image:height\" content=\"2500\" \/>\n\t<meta property=\"og:image:type\" content=\"image\/jpeg\" \/>\n<meta name=\"twitter:card\" content=\"summary_large_image\" \/>\n<script type=\"application\/ld+json\" class=\"yoast-schema-graph\">{\"@context\":\"https:\/\/schema.org\",\"@graph\":[{\"@type\":\"WebPage\",\"@id\":\"https:\/\/gotygu.com\/produkt\/okulary-punk-junior-orange-2\/\",\"url\":\"https:\/\/gotygu.com\/produkt\/okulary-punk-junior-orange-2\/\",\"name\":\"Okulary PUNK Junior Orange - TYGU\",\"isPartOf\":{\"@id\":\"https:\/\/gotygu.com\/#website\"},\"primaryImageOfPage\":{\"@id\":\"https:\/\/gotygu.com\/produkt\/okulary-punk-junior-orange-2\/#primaryimage\"},\"image\":{\"@id\":\"https:\/\/gotygu.com\/produkt\/okulary-punk-junior-orange-2\/#primaryimage\"},\"thumbnailUrl\":\"https:\/\/gotygu.com\/wp-content\/uploads\/2023\/06\/dzieciece-nieb-bok.jpg\",\"datePublished\":\"2023-06-28T05:25:00+00:00\",\"dateModified\":\"2025-11-30T23:00:16+00:00\",\"breadcrumb\":{\"@id\":\"https:\/\/gotygu.com\/produkt\/okulary-punk-junior-orange-2\/#breadcrumb\"},\"inLanguage\":\"en-US\",\"potentialAction\":[{\"@type\":\"ReadAction\",\"target\":[\"https:\/\/gotygu.com\/produkt\/okulary-punk-junior-orange-2\/\"]}]},{\"@type\":\"ImageObject\",\"inLanguage\":\"en-US\",\"@id\":\"https:\/\/gotygu.com\/produkt\/okulary-punk-junior-orange-2\/#primaryimage\",\"url\":\"https:\/\/gotygu.com\/wp-content\/uploads\/2023\/06\/dzieciece-nieb-bok.jpg\",\"contentUrl\":\"https:\/\/gotygu.com\/wp-content\/uploads\/2023\/06\/dzieciece-nieb-bok.jpg\",\"width\":2500,\"height\":2500},{\"@type\":\"BreadcrumbList\",\"@id\":\"https:\/\/gotygu.com\/produkt\/okulary-punk-junior-orange-2\/#breadcrumb\",\"itemListElement\":[{\"@type\":\"ListItem\",\"position\":1,\"name\":\"Strona g\u0142\u00f3wna\",\"item\":\"https:\/\/gotygu.com\/\"},{\"@type\":\"ListItem\",\"position\":2,\"name\":\"Produkty\",\"item\":\"https:\/\/gotygu.com\/shop\/\"},{\"@type\":\"ListItem\",\"position\":3,\"name\":\"Okulary PUNK Junior Orange\"}]},{\"@type\":\"WebSite\",\"@id\":\"https:\/\/gotygu.com\/#website\",\"url\":\"https:\/\/gotygu.com\/\",\"name\":\"TYGU - Polska marka odzie\u017cy\",\"description\":\"Designed To Ride - poznaj Polsk\u0105 mark\u0119\",\"publisher\":{\"@id\":\"https:\/\/gotygu.com\/#organization\"},\"alternateName\":\"Prosto z serca Beskid\u00f3w. Autorskie projekty odzie\u017cy i akcesori\u00f3w rowerowych. Odzie\u017c Merino dla rowerzyst\u00f3w\",\"potentialAction\":[{\"@type\":\"SearchAction\",\"target\":{\"@type\":\"EntryPoint\",\"urlTemplate\":\"https:\/\/gotygu.com\/?s={search_term_string}\"},\"query-input\":{\"@type\":\"PropertyValueSpecification\",\"valueRequired\":true,\"valueName\":\"search_term_string\"}}],\"inLanguage\":\"en-US\"},{\"@type\":\"Organization\",\"@id\":\"https:\/\/gotygu.com\/#organization\",\"name\":\"Polska marka rowerowa z serca beskid\u00f3w. Odzie\u017c i akcesoria rowerowa projektowane przez rowerzyst\u00f3w. Odzie\u017c merino, enduro i mtb.\",\"url\":\"https:\/\/gotygu.com\/\",\"logo\":{\"@type\":\"ImageObject\",\"inLanguage\":\"en-US\",\"@id\":\"https:\/\/gotygu.com\/#\/schema\/logo\/image\/\",\"url\":\"https:\/\/gotygu.com\/wp-content\/uploads\/2023\/12\/tygu-gory.png\",\"contentUrl\":\"https:\/\/gotygu.com\/wp-content\/uploads\/2023\/12\/tygu-gory.png\",\"width\":512,\"height\":512,\"caption\":\"Polska marka rowerowa z serca beskid\u00f3w. Odzie\u017c i akcesoria rowerowa projektowane przez rowerzyst\u00f3w. Odzie\u017c merino, enduro i mtb.\"},\"image\":{\"@id\":\"https:\/\/gotygu.com\/#\/schema\/logo\/image\/\"},\"sameAs\":[\"https:\/\/www.facebook.com\/TYGUapparel\"]}]}<\/script>\n<!-- \/ Yoast SEO plugin. -->","yoast_head_json":{"title":"Okulary PUNK Junior Orange - TYGU","robots":{"index":"index","follow":"follow","max-snippet":"max-snippet:-1","max-image-preview":"max-image-preview:large","max-video-preview":"max-video-preview:-1"},"canonical":"https:\/\/gotygu.com\/produkt\/okulary-punk-junior-orange-2\/","og_locale":"en_US","og_type":"article","og_title":"Okulary PUNK Junior Orange - TYGU","og_description":"Children's bicycle glasses 100% original design of children's glasses for bicycles. A proper 130mm frame and a wide range of adjustment options (nose pads and temples) will allow you to perfectly fit the shape of a small head. MTB glasses for kids PUNK from TYGU provides a large and comfortable field of vision for little riders. Comes with an additional photochromatic (self-dimming) lens for harsher conditions   PHOTOCHROMS 2 panes included All models are supplied with additional PHOTOCHROMATIC glass. You can enjoy driving in really tough conditions!   &lt;- 130mm -&gt; The spacing between the hinges fits smaller heads.   REVO \u00ae glass technology   ADJUST Eyepieces and nosepieces","og_url":"https:\/\/gotygu.com\/produkt\/okulary-punk-junior-orange-2\/","og_site_name":"TYGU","article_publisher":"https:\/\/www.facebook.com\/TYGUapparel","article_modified_time":"2025-11-30T23:00:16+00:00","og_image":[{"width":2500,"height":2500,"url":"https:\/\/gotygu.com\/wp-content\/uploads\/2023\/06\/dzieciece-nieb-bok.jpg","type":"image\/jpeg"}],"twitter_card":"summary_large_image","schema":{"@context":"https:\/\/schema.org","@graph":[{"@type":"WebPage","@id":"https:\/\/gotygu.com\/produkt\/okulary-punk-junior-orange-2\/","url":"https:\/\/gotygu.com\/produkt\/okulary-punk-junior-orange-2\/","name":"Okulary PUNK Junior Orange - TYGU","isPartOf":{"@id":"https:\/\/gotygu.com\/#website"},"primaryImageOfPage":{"@id":"https:\/\/gotygu.com\/produkt\/okulary-punk-junior-orange-2\/#primaryimage"},"image":{"@id":"https:\/\/gotygu.com\/produkt\/okulary-punk-junior-orange-2\/#primaryimage"},"thumbnailUrl":"https:\/\/gotygu.com\/wp-content\/uploads\/2023\/06\/dzieciece-nieb-bok.jpg","datePublished":"2023-06-28T05:25:00+00:00","dateModified":"2025-11-30T23:00:16+00:00","breadcrumb":{"@id":"https:\/\/gotygu.com\/produkt\/okulary-punk-junior-orange-2\/#breadcrumb"},"inLanguage":"en-US","potentialAction":[{"@type":"ReadAction","target":["https:\/\/gotygu.com\/produkt\/okulary-punk-junior-orange-2\/"]}]},{"@type":"ImageObject","inLanguage":"en-US","@id":"https:\/\/gotygu.com\/produkt\/okulary-punk-junior-orange-2\/#primaryimage","url":"https:\/\/gotygu.com\/wp-content\/uploads\/2023\/06\/dzieciece-nieb-bok.jpg","contentUrl":"https:\/\/gotygu.com\/wp-content\/uploads\/2023\/06\/dzieciece-nieb-bok.jpg","width":2500,"height":2500},{"@type":"BreadcrumbList","@id":"https:\/\/gotygu.com\/produkt\/okulary-punk-junior-orange-2\/#breadcrumb","itemListElement":[{"@type":"ListItem","position":1,"name":"Strona g\u0142\u00f3wna","item":"https:\/\/gotygu.com\/"},{"@type":"ListItem","position":2,"name":"Produkty","item":"https:\/\/gotygu.com\/shop\/"},{"@type":"ListItem","position":3,"name":"Okulary PUNK Junior Orange"}]},{"@type":"WebSite","@id":"https:\/\/gotygu.com\/#website","url":"https:\/\/gotygu.com\/","name":"TYGU - Polska marka odzie\u017cy","description":"Designed To Ride - poznaj Polsk\u0105 mark\u0119","publisher":{"@id":"https:\/\/gotygu.com\/#organization"},"alternateName":"Prosto z serca Beskid\u00f3w. Autorskie projekty odzie\u017cy i akcesori\u00f3w rowerowych. Odzie\u017c Merino dla rowerzyst\u00f3w","potentialAction":[{"@type":"SearchAction","target":{"@type":"EntryPoint","urlTemplate":"https:\/\/gotygu.com\/?s={search_term_string}"},"query-input":{"@type":"PropertyValueSpecification","valueRequired":true,"valueName":"search_term_string"}}],"inLanguage":"en-US"},{"@type":"Organization","@id":"https:\/\/gotygu.com\/#organization","name":"Polska marka rowerowa z serca beskid\u00f3w. Odzie\u017c i akcesoria rowerowa projektowane przez rowerzyst\u00f3w. Odzie\u017c merino, enduro i mtb.","url":"https:\/\/gotygu.com\/","logo":{"@type":"ImageObject","inLanguage":"en-US","@id":"https:\/\/gotygu.com\/#\/schema\/logo\/image\/","url":"https:\/\/gotygu.com\/wp-content\/uploads\/2023\/12\/tygu-gory.png","contentUrl":"https:\/\/gotygu.com\/wp-content\/uploads\/2023\/12\/tygu-gory.png","width":512,"height":512,"caption":"Polska marka rowerowa z serca beskid\u00f3w. Odzie\u017c i akcesoria rowerowa projektowane przez rowerzyst\u00f3w. Odzie\u017c merino, enduro i mtb."},"image":{"@id":"https:\/\/gotygu.com\/#\/schema\/logo\/image\/"},"sameAs":["https:\/\/www.facebook.com\/TYGUapparel"]}]}},"_links":{"self":[{"href":"https:\/\/gotygu.com\/en\/wp-json\/wp\/v2\/product\/378667"}],"collection":[{"href":"https:\/\/gotygu.com\/en\/wp-json\/wp\/v2\/product"}],"about":[{"href":"https:\/\/gotygu.com\/en\/wp-json\/wp\/v2\/types\/product"}],"replies":[{"embeddable":true,"href":"https:\/\/gotygu.com\/en\/wp-json\/wp\/v2\/comments?post=378667"}],"wp:featuredmedia":[{"embeddable":true,"href":"https:\/\/gotygu.com\/en\/wp-json\/wp\/v2\/media\/378471"}],"wp:attachment":[{"href":"https:\/\/gotygu.com\/en\/wp-json\/wp\/v2\/media?parent=378667"}],"wp:term":[{"taxonomy":"product_brand","embeddable":true,"href":"https:\/\/gotygu.com\/en\/wp-json\/wp\/v2\/product_brand?post=378667"},{"taxonomy":"product_cat","embeddable":true,"href":"https:\/\/gotygu.com\/en\/wp-json\/wp\/v2\/product_cat?post=378667"},{"taxonomy":"product_tag","embeddable":true,"href":"https:\/\/gotygu.com\/en\/wp-json\/wp\/v2\/product_tag?post=378667"}],"curies":[{"name":"wp","href":"https:\/\/api.w.org\/{rel}","templated":true}]}}