{"id":374179,"date":"2023-03-08T06:53:00","date_gmt":"2023-03-08T05:53:00","guid":{"rendered":"https:\/\/gotygu.com\/?post_type=product&#038;p=374179"},"modified":"2025-12-01T00:00:26","modified_gmt":"2025-11-30T23:00:26","slug":"2023-shorts-green","status":"publish","type":"product","link":"https:\/\/gotygu.com\/en\/produkt\/2023-shorts-green\/","title":{"rendered":"GREEN shorts"},"content":{"rendered":"<p>&#8211; 4 way stretch <strong>micro polyester<\/strong><\/p>\n<p>&#8211; 4 pockets, lockable<\/p>\n<p>&#8211; adjustable at the waist<\/p>\n<p>&#8211; fit perfectly with knee pads<\/p>\n","protected":false},"excerpt":{"rendered":"<p><strong>UNIVERSAL cut (he\/she)!<\/strong>  Classic MTB shorts that are lightweight and breathable thanks to a mesh panel made using the laser cut technique.<\/p>\n<ul>\n<li style=\"list-style-type: none;\">\n<ul>\n<li>4-way stretch <strong>micro polyester<\/strong><\/li>\n<li>3 pockets &#8211; including one zippered at the back<\/li>\n<li>have insets with elastic waistband<\/li>\n<li>fit perfectly with knee pads<\/li>\n<li>ventilation<\/li>\n<\/ul>\n<\/li>\n<\/ul>\n","protected":false},"featured_media":374130,"comment_status":"open","ping_status":"closed","template":"","meta":[],"product_brand":[],"product_cat":[196,200,197,128,204],"product_tag":[],"class_list":{"0":"post-374179","1":"product","2":"type-product","3":"status-publish","4":"has-post-thumbnail","6":"product_cat-he-en","7":"product_cat-mens-shorts","8":"product_cat-she-en","9":"product_cat-shorts","10":"product_cat-womens-shorts","11":"pa_rozmiary-26-en","12":"pa_rozmiary-28-en","13":"pa_rozmiary-30-en","14":"pa_rozmiary-32-en","15":"pa_rozmiary-34-en","16":"pa_rozmiary-36-en","17":"pa_rozmiary-38-en","19":"first","20":"instock","21":"taxable","22":"shipping-taxable","23":"purchasable","24":"product-type-variable"},"yoast_head":"<!-- This site is optimized with the Yoast SEO plugin v25.4 - https:\/\/yoast.com\/wordpress\/plugins\/seo\/ -->\n<title>GREEN shorts - TYGU<\/title>\n<meta name=\"robots\" content=\"index, follow, max-snippet:-1, max-image-preview:large, max-video-preview:-1\" \/>\n<link rel=\"canonical\" href=\"https:\/\/gotygu.com\/produkt\/2023-spodenki-green\/\" \/>\n<meta property=\"og:locale\" content=\"en_US\" \/>\n<meta property=\"og:type\" content=\"article\" \/>\n<meta property=\"og:title\" content=\"GREEN shorts - TYGU\" \/>\n<meta property=\"og:description\" content=\"UNIVERSAL cut (he\/she)! Classic MTB shorts that are lightweight and breathable thanks to a mesh panel made using the laser cut technique.    4-way stretch micro polyester  3 pockets - including one zippered at the back  have insets with elastic waistband  fit perfectly with knee pads  ventilation\" \/>\n<meta property=\"og:url\" content=\"https:\/\/gotygu.com\/produkt\/2023-spodenki-green\/\" \/>\n<meta property=\"og:site_name\" content=\"TYGU\" \/>\n<meta property=\"article:publisher\" content=\"https:\/\/www.facebook.com\/TYGUapparel\" \/>\n<meta property=\"article:modified_time\" content=\"2025-11-30T23:00:26+00:00\" \/>\n<meta property=\"og:image\" content=\"https:\/\/gotygu.com\/wp-content\/uploads\/2023\/03\/1-2.jpg\" \/>\n\t<meta property=\"og:image:width\" content=\"1300\" \/>\n\t<meta property=\"og:image:height\" content=\"1300\" \/>\n\t<meta property=\"og:image:type\" content=\"image\/jpeg\" \/>\n<meta name=\"twitter:card\" content=\"summary_large_image\" \/>\n<script type=\"application\/ld+json\" class=\"yoast-schema-graph\">{\"@context\":\"https:\/\/schema.org\",\"@graph\":[{\"@type\":\"WebPage\",\"@id\":\"https:\/\/gotygu.com\/produkt\/2023-spodenki-green\/\",\"url\":\"https:\/\/gotygu.com\/produkt\/2023-spodenki-green\/\",\"name\":\"GREEN shorts - TYGU\",\"isPartOf\":{\"@id\":\"https:\/\/gotygu.com\/#website\"},\"primaryImageOfPage\":{\"@id\":\"https:\/\/gotygu.com\/produkt\/2023-spodenki-green\/#primaryimage\"},\"image\":{\"@id\":\"https:\/\/gotygu.com\/produkt\/2023-spodenki-green\/#primaryimage\"},\"thumbnailUrl\":\"https:\/\/gotygu.com\/wp-content\/uploads\/2023\/03\/1-2.jpg\",\"datePublished\":\"2023-03-08T05:53:00+00:00\",\"dateModified\":\"2025-11-30T23:00:26+00:00\",\"breadcrumb\":{\"@id\":\"https:\/\/gotygu.com\/produkt\/2023-spodenki-green\/#breadcrumb\"},\"inLanguage\":\"en-US\",\"potentialAction\":[{\"@type\":\"ReadAction\",\"target\":[\"https:\/\/gotygu.com\/produkt\/2023-spodenki-green\/\"]}]},{\"@type\":\"ImageObject\",\"inLanguage\":\"en-US\",\"@id\":\"https:\/\/gotygu.com\/produkt\/2023-spodenki-green\/#primaryimage\",\"url\":\"https:\/\/gotygu.com\/wp-content\/uploads\/2023\/03\/1-2.jpg\",\"contentUrl\":\"https:\/\/gotygu.com\/wp-content\/uploads\/2023\/03\/1-2.jpg\",\"width\":1300,\"height\":1300},{\"@type\":\"BreadcrumbList\",\"@id\":\"https:\/\/gotygu.com\/produkt\/2023-spodenki-green\/#breadcrumb\",\"itemListElement\":[{\"@type\":\"ListItem\",\"position\":1,\"name\":\"Strona g\u0142\u00f3wna\",\"item\":\"https:\/\/gotygu.com\/\"},{\"@type\":\"ListItem\",\"position\":2,\"name\":\"Produkty\",\"item\":\"https:\/\/gotygu.com\/shop\/\"},{\"@type\":\"ListItem\",\"position\":3,\"name\":\"GREEN shorts\"}]},{\"@type\":\"WebSite\",\"@id\":\"https:\/\/gotygu.com\/#website\",\"url\":\"https:\/\/gotygu.com\/\",\"name\":\"TYGU - Polska marka odzie\u017cy\",\"description\":\"Designed To Ride - poznaj Polsk\u0105 mark\u0119\",\"publisher\":{\"@id\":\"https:\/\/gotygu.com\/#organization\"},\"alternateName\":\"Prosto z serca Beskid\u00f3w. Autorskie projekty odzie\u017cy i akcesori\u00f3w rowerowych. Odzie\u017c Merino dla rowerzyst\u00f3w\",\"potentialAction\":[{\"@type\":\"SearchAction\",\"target\":{\"@type\":\"EntryPoint\",\"urlTemplate\":\"https:\/\/gotygu.com\/?s={search_term_string}\"},\"query-input\":{\"@type\":\"PropertyValueSpecification\",\"valueRequired\":true,\"valueName\":\"search_term_string\"}}],\"inLanguage\":\"en-US\"},{\"@type\":\"Organization\",\"@id\":\"https:\/\/gotygu.com\/#organization\",\"name\":\"Polska marka rowerowa z serca beskid\u00f3w. Odzie\u017c i akcesoria rowerowa projektowane przez rowerzyst\u00f3w. Odzie\u017c merino, enduro i mtb.\",\"url\":\"https:\/\/gotygu.com\/\",\"logo\":{\"@type\":\"ImageObject\",\"inLanguage\":\"en-US\",\"@id\":\"https:\/\/gotygu.com\/#\/schema\/logo\/image\/\",\"url\":\"https:\/\/gotygu.com\/wp-content\/uploads\/2023\/12\/tygu-gory.png\",\"contentUrl\":\"https:\/\/gotygu.com\/wp-content\/uploads\/2023\/12\/tygu-gory.png\",\"width\":512,\"height\":512,\"caption\":\"Polska marka rowerowa z serca beskid\u00f3w. Odzie\u017c i akcesoria rowerowa projektowane przez rowerzyst\u00f3w. Odzie\u017c merino, enduro i mtb.\"},\"image\":{\"@id\":\"https:\/\/gotygu.com\/#\/schema\/logo\/image\/\"},\"sameAs\":[\"https:\/\/www.facebook.com\/TYGUapparel\"]}]}<\/script>\n<!-- \/ Yoast SEO plugin. -->","yoast_head_json":{"title":"GREEN shorts - TYGU","robots":{"index":"index","follow":"follow","max-snippet":"max-snippet:-1","max-image-preview":"max-image-preview:large","max-video-preview":"max-video-preview:-1"},"canonical":"https:\/\/gotygu.com\/produkt\/2023-spodenki-green\/","og_locale":"en_US","og_type":"article","og_title":"GREEN shorts - TYGU","og_description":"UNIVERSAL cut (he\/she)! Classic MTB shorts that are lightweight and breathable thanks to a mesh panel made using the laser cut technique.    4-way stretch micro polyester  3 pockets - including one zippered at the back  have insets with elastic waistband  fit perfectly with knee pads  ventilation","og_url":"https:\/\/gotygu.com\/produkt\/2023-spodenki-green\/","og_site_name":"TYGU","article_publisher":"https:\/\/www.facebook.com\/TYGUapparel","article_modified_time":"2025-11-30T23:00:26+00:00","og_image":[{"width":1300,"height":1300,"url":"https:\/\/gotygu.com\/wp-content\/uploads\/2023\/03\/1-2.jpg","type":"image\/jpeg"}],"twitter_card":"summary_large_image","schema":{"@context":"https:\/\/schema.org","@graph":[{"@type":"WebPage","@id":"https:\/\/gotygu.com\/produkt\/2023-spodenki-green\/","url":"https:\/\/gotygu.com\/produkt\/2023-spodenki-green\/","name":"GREEN shorts - TYGU","isPartOf":{"@id":"https:\/\/gotygu.com\/#website"},"primaryImageOfPage":{"@id":"https:\/\/gotygu.com\/produkt\/2023-spodenki-green\/#primaryimage"},"image":{"@id":"https:\/\/gotygu.com\/produkt\/2023-spodenki-green\/#primaryimage"},"thumbnailUrl":"https:\/\/gotygu.com\/wp-content\/uploads\/2023\/03\/1-2.jpg","datePublished":"2023-03-08T05:53:00+00:00","dateModified":"2025-11-30T23:00:26+00:00","breadcrumb":{"@id":"https:\/\/gotygu.com\/produkt\/2023-spodenki-green\/#breadcrumb"},"inLanguage":"en-US","potentialAction":[{"@type":"ReadAction","target":["https:\/\/gotygu.com\/produkt\/2023-spodenki-green\/"]}]},{"@type":"ImageObject","inLanguage":"en-US","@id":"https:\/\/gotygu.com\/produkt\/2023-spodenki-green\/#primaryimage","url":"https:\/\/gotygu.com\/wp-content\/uploads\/2023\/03\/1-2.jpg","contentUrl":"https:\/\/gotygu.com\/wp-content\/uploads\/2023\/03\/1-2.jpg","width":1300,"height":1300},{"@type":"BreadcrumbList","@id":"https:\/\/gotygu.com\/produkt\/2023-spodenki-green\/#breadcrumb","itemListElement":[{"@type":"ListItem","position":1,"name":"Strona g\u0142\u00f3wna","item":"https:\/\/gotygu.com\/"},{"@type":"ListItem","position":2,"name":"Produkty","item":"https:\/\/gotygu.com\/shop\/"},{"@type":"ListItem","position":3,"name":"GREEN shorts"}]},{"@type":"WebSite","@id":"https:\/\/gotygu.com\/#website","url":"https:\/\/gotygu.com\/","name":"TYGU - Polska marka odzie\u017cy","description":"Designed To Ride - poznaj Polsk\u0105 mark\u0119","publisher":{"@id":"https:\/\/gotygu.com\/#organization"},"alternateName":"Prosto z serca Beskid\u00f3w. Autorskie projekty odzie\u017cy i akcesori\u00f3w rowerowych. Odzie\u017c Merino dla rowerzyst\u00f3w","potentialAction":[{"@type":"SearchAction","target":{"@type":"EntryPoint","urlTemplate":"https:\/\/gotygu.com\/?s={search_term_string}"},"query-input":{"@type":"PropertyValueSpecification","valueRequired":true,"valueName":"search_term_string"}}],"inLanguage":"en-US"},{"@type":"Organization","@id":"https:\/\/gotygu.com\/#organization","name":"Polska marka rowerowa z serca beskid\u00f3w. Odzie\u017c i akcesoria rowerowa projektowane przez rowerzyst\u00f3w. Odzie\u017c merino, enduro i mtb.","url":"https:\/\/gotygu.com\/","logo":{"@type":"ImageObject","inLanguage":"en-US","@id":"https:\/\/gotygu.com\/#\/schema\/logo\/image\/","url":"https:\/\/gotygu.com\/wp-content\/uploads\/2023\/12\/tygu-gory.png","contentUrl":"https:\/\/gotygu.com\/wp-content\/uploads\/2023\/12\/tygu-gory.png","width":512,"height":512,"caption":"Polska marka rowerowa z serca beskid\u00f3w. Odzie\u017c i akcesoria rowerowa projektowane przez rowerzyst\u00f3w. Odzie\u017c merino, enduro i mtb."},"image":{"@id":"https:\/\/gotygu.com\/#\/schema\/logo\/image\/"},"sameAs":["https:\/\/www.facebook.com\/TYGUapparel"]}]}},"_links":{"self":[{"href":"https:\/\/gotygu.com\/en\/wp-json\/wp\/v2\/product\/374179"}],"collection":[{"href":"https:\/\/gotygu.com\/en\/wp-json\/wp\/v2\/product"}],"about":[{"href":"https:\/\/gotygu.com\/en\/wp-json\/wp\/v2\/types\/product"}],"replies":[{"embeddable":true,"href":"https:\/\/gotygu.com\/en\/wp-json\/wp\/v2\/comments?post=374179"}],"wp:featuredmedia":[{"embeddable":true,"href":"https:\/\/gotygu.com\/en\/wp-json\/wp\/v2\/media\/374130"}],"wp:attachment":[{"href":"https:\/\/gotygu.com\/en\/wp-json\/wp\/v2\/media?parent=374179"}],"wp:term":[{"taxonomy":"product_brand","embeddable":true,"href":"https:\/\/gotygu.com\/en\/wp-json\/wp\/v2\/product_brand?post=374179"},{"taxonomy":"product_cat","embeddable":true,"href":"https:\/\/gotygu.com\/en\/wp-json\/wp\/v2\/product_cat?post=374179"},{"taxonomy":"product_tag","embeddable":true,"href":"https:\/\/gotygu.com\/en\/wp-json\/wp\/v2\/product_tag?post=374179"}],"curies":[{"name":"wp","href":"https:\/\/api.w.org\/{rel}","templated":true}]}}