{"id":373851,"date":"2020-01-07T18:39:00","date_gmt":"2020-01-07T17:39:00","guid":{"rendered":"https:\/\/gotygu.com\/produkt\/2020-black-antibacterial-socks\/"},"modified":"2025-12-01T00:00:28","modified_gmt":"2025-11-30T23:00:28","slug":"socks-black-antibacterial","status":"publish","type":"product","link":"https:\/\/gotygu.com\/en\/produkt\/socks-black-antibacterial\/","title":{"rendered":"BLACK \/ antibacterial socks"},"content":{"rendered":"<p>Antibacterial cycling socks. Ideal cut, slightly above the ankle with a compression form. The inner side is coated with PROLEN\u00ae licensed from SILTEX.<\/p>\n<p><strong>Light as a feather<\/strong><br \/>\nPROLEN\u00ae is the lightest yarn produced to date. Thanks to its very low specific weight of more than 50% lighter than cotton, products made from it are very lightweight, which ensures the high comfort of the product, appreciated by those who are actively engaged in sports. Production of products from PROLEN\u00ae is economical because one kilogram of PROLEN\u00ae can be used to produce more fabric and knitwear compared to other yarns, for example, 1.5 times more than polyester.<br \/>\n<strong>Healthy and organic<\/strong><br \/>\nThanks to the ingredients used in the production of PROELN\u00ae, the material has the following properties: prevents the proliferation of bacteria, mold and fungi, does not cause allergies and is 100% recyclable.<\/p>\n<p><img fetchpriority=\"high\" decoding=\"async\" class=\"alignnone size-full wp-image-548\" src=\"https:\/\/gotygu.com\/wp-content\/uploads\/2020\/01\/indeks.png\" alt=\"\" width=\"225\" height=\"225\" \/><\/p>\n<p><a href=\"http:\/\/www.prolenyarn.com\/prolen-health\/prolen-siltex\/\">More about PROLEN<\/a><\/p>\n","protected":false},"excerpt":{"rendered":"<p>Antibacterial cycling socks. Ideal cut, slightly above the ankle with a compression form. The inner side is coated with PROLEN\u00ae licensed from SILTEX.<\/p>\n<p><strong>Light as a feather<\/strong><br \/>\nPROLEN\u00ae is the lightest yarn produced to date. Thanks to its very low specific weight of more than 50% lighter than cotton, products made from it are very lightweight, which ensures the high comfort of the product, appreciated by those who are actively engaged in sports. Production of products from PROLEN\u00ae is economical because one kilogram of PROLEN\u00ae can be used to produce more fabric and knitwear compared to other yarns, for example, 1.5 times more than polyester.<br \/>\n<strong>Healthy and organic<\/strong><br \/>\nThanks to the ingredients used in the production of PROELN\u00ae, the material has the following properties: prevents the proliferation of bacteria, mold and fungi, does not cause allergies and is 100% recyclable.<\/p>\n<p><img fetchpriority=\"high\" decoding=\"async\" class=\"alignnone size-full wp-image-548\" src=\"https:\/\/gotygu.com\/wp-content\/uploads\/2020\/01\/indeks.png\" alt=\"\" width=\"225\" height=\"225\" \/><\/p>\n<p><a href=\"http:\/\/www.prolenyarn.com\/prolen-health\/prolen-siltex\/\">More about PROLEN<\/a><\/p>\n","protected":false},"featured_media":372427,"comment_status":"open","ping_status":"closed","template":"","meta":[],"product_brand":[],"product_cat":[218,130],"product_tag":[],"class_list":{"0":"post-373851","1":"product","2":"type-product","3":"status-publish","4":"has-post-thumbnail","6":"product_cat-extras","7":"product_cat-socks","9":"first","10":"instock","11":"taxable","12":"shipping-taxable","13":"purchasable","14":"product-type-variable","15":"has-default-attributes"},"yoast_head":"<!-- This site is optimized with the Yoast SEO plugin v25.4 - https:\/\/yoast.com\/wordpress\/plugins\/seo\/ -->\n<title>BLACK \/ antibacterial socks - TYGU<\/title>\n<meta name=\"robots\" content=\"index, follow, max-snippet:-1, max-image-preview:large, max-video-preview:-1\" \/>\n<link rel=\"canonical\" href=\"https:\/\/gotygu.com\/en\/produkt\/2018-socks-black-antibacterial\/\" \/>\n<meta property=\"og:locale\" content=\"en_US\" \/>\n<meta property=\"og:type\" content=\"article\" \/>\n<meta property=\"og:title\" content=\"BLACK \/ antibacterial socks - TYGU\" \/>\n<meta property=\"og:description\" content=\"Antibacterial cycling socks. Ideal cut, slightly above the ankle with a compression form. The inner side is coated with PROLEN\u00ae licensed from SILTEX.  Light as a feather PROLEN\u00ae is the lightest yarn produced to date. Thanks to its very low specific weight of more than 50% lighter than cotton, products made from it are very lightweight, which ensures the high comfort of the product, appreciated by those who are actively engaged in sports. Production of products from PROLEN\u00ae is economical because one kilogram of PROLEN\u00ae can be used to produce more fabric and knitwear compared to other yarns, for example, 1.5 times more than polyester. Healthy and organic Thanks to the ingredients used in the production of PROELN\u00ae, the material has the following properties: prevents the proliferation of bacteria, mold and fungi, does not cause allergies and is 100% recyclable.    More about PROLEN\" \/>\n<meta property=\"og:url\" content=\"https:\/\/gotygu.com\/en\/produkt\/2018-socks-black-antibacterial\/\" \/>\n<meta property=\"og:site_name\" content=\"TYGU\" \/>\n<meta property=\"article:publisher\" content=\"https:\/\/www.facebook.com\/TYGUapparel\" \/>\n<meta property=\"article:modified_time\" content=\"2025-11-30T23:00:28+00:00\" \/>\n<meta property=\"og:image\" content=\"https:\/\/gotygu.com\/wp-content\/uploads\/2020\/01\/1-5.jpg\" \/>\n\t<meta property=\"og:image:width\" content=\"1000\" \/>\n\t<meta property=\"og:image:height\" content=\"1299\" \/>\n\t<meta property=\"og:image:type\" content=\"image\/jpeg\" \/>\n<meta name=\"twitter:card\" content=\"summary_large_image\" \/>\n<meta name=\"twitter:label1\" content=\"Est. reading time\" \/>\n\t<meta name=\"twitter:data1\" content=\"2 minutes\" \/>\n<script type=\"application\/ld+json\" class=\"yoast-schema-graph\">{\"@context\":\"https:\/\/schema.org\",\"@graph\":[{\"@type\":\"WebPage\",\"@id\":\"https:\/\/gotygu.com\/en\/produkt\/2018-socks-black-antibacterial\/\",\"url\":\"https:\/\/gotygu.com\/en\/produkt\/2018-socks-black-antibacterial\/\",\"name\":\"BLACK \/ antibacterial socks - TYGU\",\"isPartOf\":{\"@id\":\"https:\/\/gotygu.com\/#website\"},\"primaryImageOfPage\":{\"@id\":\"https:\/\/gotygu.com\/en\/produkt\/2018-socks-black-antibacterial\/#primaryimage\"},\"image\":{\"@id\":\"https:\/\/gotygu.com\/en\/produkt\/2018-socks-black-antibacterial\/#primaryimage\"},\"thumbnailUrl\":\"https:\/\/gotygu.com\/wp-content\/uploads\/2020\/01\/1-5.jpg\",\"datePublished\":\"2020-01-07T17:39:00+00:00\",\"dateModified\":\"2025-11-30T23:00:28+00:00\",\"breadcrumb\":{\"@id\":\"https:\/\/gotygu.com\/en\/produkt\/2018-socks-black-antibacterial\/#breadcrumb\"},\"inLanguage\":\"en-US\",\"potentialAction\":[{\"@type\":\"ReadAction\",\"target\":[\"https:\/\/gotygu.com\/en\/produkt\/2018-socks-black-antibacterial\/\"]}]},{\"@type\":\"ImageObject\",\"inLanguage\":\"en-US\",\"@id\":\"https:\/\/gotygu.com\/en\/produkt\/2018-socks-black-antibacterial\/#primaryimage\",\"url\":\"https:\/\/gotygu.com\/wp-content\/uploads\/2020\/01\/1-5.jpg\",\"contentUrl\":\"https:\/\/gotygu.com\/wp-content\/uploads\/2020\/01\/1-5.jpg\",\"width\":1000,\"height\":1299},{\"@type\":\"BreadcrumbList\",\"@id\":\"https:\/\/gotygu.com\/en\/produkt\/2018-socks-black-antibacterial\/#breadcrumb\",\"itemListElement\":[{\"@type\":\"ListItem\",\"position\":1,\"name\":\"Strona g\u0142\u00f3wna\",\"item\":\"https:\/\/gotygu.com\/\"},{\"@type\":\"ListItem\",\"position\":2,\"name\":\"Produkty\",\"item\":\"https:\/\/gotygu.com\/shop\/\"},{\"@type\":\"ListItem\",\"position\":3,\"name\":\"BLACK \/ antibacterial socks\"}]},{\"@type\":\"WebSite\",\"@id\":\"https:\/\/gotygu.com\/#website\",\"url\":\"https:\/\/gotygu.com\/\",\"name\":\"TYGU - Polska marka odzie\u017cy\",\"description\":\"Designed To Ride - poznaj Polsk\u0105 mark\u0119\",\"publisher\":{\"@id\":\"https:\/\/gotygu.com\/#organization\"},\"alternateName\":\"Prosto z serca Beskid\u00f3w. Autorskie projekty odzie\u017cy i akcesori\u00f3w rowerowych. Odzie\u017c Merino dla rowerzyst\u00f3w\",\"potentialAction\":[{\"@type\":\"SearchAction\",\"target\":{\"@type\":\"EntryPoint\",\"urlTemplate\":\"https:\/\/gotygu.com\/?s={search_term_string}\"},\"query-input\":{\"@type\":\"PropertyValueSpecification\",\"valueRequired\":true,\"valueName\":\"search_term_string\"}}],\"inLanguage\":\"en-US\"},{\"@type\":\"Organization\",\"@id\":\"https:\/\/gotygu.com\/#organization\",\"name\":\"Polska marka rowerowa z serca beskid\u00f3w. Odzie\u017c i akcesoria rowerowa projektowane przez rowerzyst\u00f3w. Odzie\u017c merino, enduro i mtb.\",\"url\":\"https:\/\/gotygu.com\/\",\"logo\":{\"@type\":\"ImageObject\",\"inLanguage\":\"en-US\",\"@id\":\"https:\/\/gotygu.com\/#\/schema\/logo\/image\/\",\"url\":\"https:\/\/gotygu.com\/wp-content\/uploads\/2023\/12\/tygu-gory.png\",\"contentUrl\":\"https:\/\/gotygu.com\/wp-content\/uploads\/2023\/12\/tygu-gory.png\",\"width\":512,\"height\":512,\"caption\":\"Polska marka rowerowa z serca beskid\u00f3w. Odzie\u017c i akcesoria rowerowa projektowane przez rowerzyst\u00f3w. Odzie\u017c merino, enduro i mtb.\"},\"image\":{\"@id\":\"https:\/\/gotygu.com\/#\/schema\/logo\/image\/\"},\"sameAs\":[\"https:\/\/www.facebook.com\/TYGUapparel\"]}]}<\/script>\n<!-- \/ Yoast SEO plugin. -->","yoast_head_json":{"title":"BLACK \/ antibacterial socks - TYGU","robots":{"index":"index","follow":"follow","max-snippet":"max-snippet:-1","max-image-preview":"max-image-preview:large","max-video-preview":"max-video-preview:-1"},"canonical":"https:\/\/gotygu.com\/en\/produkt\/2018-socks-black-antibacterial\/","og_locale":"en_US","og_type":"article","og_title":"BLACK \/ antibacterial socks - TYGU","og_description":"Antibacterial cycling socks. Ideal cut, slightly above the ankle with a compression form. The inner side is coated with PROLEN\u00ae licensed from SILTEX.  Light as a feather PROLEN\u00ae is the lightest yarn produced to date. Thanks to its very low specific weight of more than 50% lighter than cotton, products made from it are very lightweight, which ensures the high comfort of the product, appreciated by those who are actively engaged in sports. Production of products from PROLEN\u00ae is economical because one kilogram of PROLEN\u00ae can be used to produce more fabric and knitwear compared to other yarns, for example, 1.5 times more than polyester. Healthy and organic Thanks to the ingredients used in the production of PROELN\u00ae, the material has the following properties: prevents the proliferation of bacteria, mold and fungi, does not cause allergies and is 100% recyclable.    More about PROLEN","og_url":"https:\/\/gotygu.com\/en\/produkt\/2018-socks-black-antibacterial\/","og_site_name":"TYGU","article_publisher":"https:\/\/www.facebook.com\/TYGUapparel","article_modified_time":"2025-11-30T23:00:28+00:00","og_image":[{"width":1000,"height":1299,"url":"https:\/\/gotygu.com\/wp-content\/uploads\/2020\/01\/1-5.jpg","type":"image\/jpeg"}],"twitter_card":"summary_large_image","twitter_misc":{"Est. reading time":"2 minutes"},"schema":{"@context":"https:\/\/schema.org","@graph":[{"@type":"WebPage","@id":"https:\/\/gotygu.com\/en\/produkt\/2018-socks-black-antibacterial\/","url":"https:\/\/gotygu.com\/en\/produkt\/2018-socks-black-antibacterial\/","name":"BLACK \/ antibacterial socks - TYGU","isPartOf":{"@id":"https:\/\/gotygu.com\/#website"},"primaryImageOfPage":{"@id":"https:\/\/gotygu.com\/en\/produkt\/2018-socks-black-antibacterial\/#primaryimage"},"image":{"@id":"https:\/\/gotygu.com\/en\/produkt\/2018-socks-black-antibacterial\/#primaryimage"},"thumbnailUrl":"https:\/\/gotygu.com\/wp-content\/uploads\/2020\/01\/1-5.jpg","datePublished":"2020-01-07T17:39:00+00:00","dateModified":"2025-11-30T23:00:28+00:00","breadcrumb":{"@id":"https:\/\/gotygu.com\/en\/produkt\/2018-socks-black-antibacterial\/#breadcrumb"},"inLanguage":"en-US","potentialAction":[{"@type":"ReadAction","target":["https:\/\/gotygu.com\/en\/produkt\/2018-socks-black-antibacterial\/"]}]},{"@type":"ImageObject","inLanguage":"en-US","@id":"https:\/\/gotygu.com\/en\/produkt\/2018-socks-black-antibacterial\/#primaryimage","url":"https:\/\/gotygu.com\/wp-content\/uploads\/2020\/01\/1-5.jpg","contentUrl":"https:\/\/gotygu.com\/wp-content\/uploads\/2020\/01\/1-5.jpg","width":1000,"height":1299},{"@type":"BreadcrumbList","@id":"https:\/\/gotygu.com\/en\/produkt\/2018-socks-black-antibacterial\/#breadcrumb","itemListElement":[{"@type":"ListItem","position":1,"name":"Strona g\u0142\u00f3wna","item":"https:\/\/gotygu.com\/"},{"@type":"ListItem","position":2,"name":"Produkty","item":"https:\/\/gotygu.com\/shop\/"},{"@type":"ListItem","position":3,"name":"BLACK \/ antibacterial socks"}]},{"@type":"WebSite","@id":"https:\/\/gotygu.com\/#website","url":"https:\/\/gotygu.com\/","name":"TYGU - Polska marka odzie\u017cy","description":"Designed To Ride - poznaj Polsk\u0105 mark\u0119","publisher":{"@id":"https:\/\/gotygu.com\/#organization"},"alternateName":"Prosto z serca Beskid\u00f3w. Autorskie projekty odzie\u017cy i akcesori\u00f3w rowerowych. Odzie\u017c Merino dla rowerzyst\u00f3w","potentialAction":[{"@type":"SearchAction","target":{"@type":"EntryPoint","urlTemplate":"https:\/\/gotygu.com\/?s={search_term_string}"},"query-input":{"@type":"PropertyValueSpecification","valueRequired":true,"valueName":"search_term_string"}}],"inLanguage":"en-US"},{"@type":"Organization","@id":"https:\/\/gotygu.com\/#organization","name":"Polska marka rowerowa z serca beskid\u00f3w. Odzie\u017c i akcesoria rowerowa projektowane przez rowerzyst\u00f3w. Odzie\u017c merino, enduro i mtb.","url":"https:\/\/gotygu.com\/","logo":{"@type":"ImageObject","inLanguage":"en-US","@id":"https:\/\/gotygu.com\/#\/schema\/logo\/image\/","url":"https:\/\/gotygu.com\/wp-content\/uploads\/2023\/12\/tygu-gory.png","contentUrl":"https:\/\/gotygu.com\/wp-content\/uploads\/2023\/12\/tygu-gory.png","width":512,"height":512,"caption":"Polska marka rowerowa z serca beskid\u00f3w. Odzie\u017c i akcesoria rowerowa projektowane przez rowerzyst\u00f3w. Odzie\u017c merino, enduro i mtb."},"image":{"@id":"https:\/\/gotygu.com\/#\/schema\/logo\/image\/"},"sameAs":["https:\/\/www.facebook.com\/TYGUapparel"]}]}},"_links":{"self":[{"href":"https:\/\/gotygu.com\/en\/wp-json\/wp\/v2\/product\/373851"}],"collection":[{"href":"https:\/\/gotygu.com\/en\/wp-json\/wp\/v2\/product"}],"about":[{"href":"https:\/\/gotygu.com\/en\/wp-json\/wp\/v2\/types\/product"}],"replies":[{"embeddable":true,"href":"https:\/\/gotygu.com\/en\/wp-json\/wp\/v2\/comments?post=373851"}],"wp:featuredmedia":[{"embeddable":true,"href":"https:\/\/gotygu.com\/en\/wp-json\/wp\/v2\/media\/372427"}],"wp:attachment":[{"href":"https:\/\/gotygu.com\/en\/wp-json\/wp\/v2\/media?parent=373851"}],"wp:term":[{"taxonomy":"product_brand","embeddable":true,"href":"https:\/\/gotygu.com\/en\/wp-json\/wp\/v2\/product_brand?post=373851"},{"taxonomy":"product_cat","embeddable":true,"href":"https:\/\/gotygu.com\/en\/wp-json\/wp\/v2\/product_cat?post=373851"},{"taxonomy":"product_tag","embeddable":true,"href":"https:\/\/gotygu.com\/en\/wp-json\/wp\/v2\/product_tag?post=373851"}],"curies":[{"name":"wp","href":"https:\/\/api.w.org\/{rel}","templated":true}]}}