{"id":373844,"date":"2020-01-08T14:13:00","date_gmt":"2020-01-08T13:13:00","guid":{"rendered":"https:\/\/gotygu.com\/produkt\/goggles-2018-podium-fitframe-green-2-glasses\/"},"modified":"2024-12-01T23:01:59","modified_gmt":"2024-12-01T22:01:59","slug":"goggles-2018-podium-fitframe-green-2-glasses","status":"publish","type":"product","link":"https:\/\/gotygu.com\/en\/produkt\/goggles-2018-podium-fitframe-green-2-glasses\/","title":{"rendered":"GOGGLES 2018 PODIUM \/ FITFRAME GREEN \/ 2 GLASSES"},"content":{"rendered":"<h2><em>FITframe<\/em> &#8211; a model with a narrower frame<\/h2>\n<p>PODIUM goggles, whose glass is made of Makrolon and is the best technology for glasses and goggles today. The rigid, large frame provides an expansive field of view giving you a comfortable ride with complete satisfaction. The frame of the goggles is designed to provide maximum ventilation and protect against falling mud. You can choose between mirrored or fully transparent glass. Adjust the goggles according to the conditions you will be riding in.<\/p>\n<p><strong>The goggles are sold with two windshields CLEAR and MIRROR<\/strong><\/p>\n<p><a href=\"https:\/\/gotygu.com\/podium-nowe\/\">More about PODIUM goggles<\/a><\/p>\n<p>&nbsp;<\/p>\n<p style=\"text-align: center;\">[popup title=&#8221;Szczeg\u00f3\u0142y rozmiar\u00f3w&#8221; padding=&#8221;0&#8243; button=&#8221;1&#8243;]<\/p>\n<p style=\"text-align: center;\"><img fetchpriority=\"high\" decoding=\"async\" class=\"alignnone size-full wp-image-398\" src=\"https:\/\/gotygu.com\/wp-content\/uploads\/2019\/09\/goggles-size.jpg\" alt=\"Goggles size\" width=\"850\" height=\"431\"><\/p>\n<p style=\"text-align: center;\">[\/popup]<\/p>\n","protected":false},"excerpt":{"rendered":"<p>FITframe &#8211; a model with a narrower frame PODIUM goggles, whose glass is made of Makrolon and is the best technology for glasses and goggles today. The rigid, large frame provides an expansive field of view giving you a comfortable ride with complete satisfaction. The frame of the goggles is designed to provide maximum ventilation [&hellip;]<\/p>\n","protected":false},"featured_media":0,"comment_status":"open","ping_status":"closed","template":"","meta":[],"product_brand":[],"product_cat":[129,99],"product_tag":[],"class_list":{"0":"post-373844","1":"product","2":"type-product","3":"status-publish","5":"product_cat-sale","6":"product_cat-goggles","8":"first","9":"instock","10":"taxable","11":"shipping-taxable","12":"purchasable","13":"product-type-simple"},"yoast_head":"<!-- This site is optimized with the Yoast SEO plugin v25.4 - https:\/\/yoast.com\/wordpress\/plugins\/seo\/ -->\n<title>GOGGLES 2018 PODIUM \/ FITFRAME GREEN \/ 2 GLASSES - TYGU<\/title>\n<meta name=\"robots\" content=\"index, follow, max-snippet:-1, max-image-preview:large, max-video-preview:-1\" \/>\n<link rel=\"canonical\" href=\"https:\/\/gotygu.com\/produkt\/gogle-2018-podium-fitframe-green-2-szyby\/\" \/>\n<meta property=\"og:locale\" content=\"en_US\" \/>\n<meta property=\"og:type\" content=\"article\" \/>\n<meta property=\"og:title\" content=\"GOGGLES 2018 PODIUM \/ FITFRAME GREEN \/ 2 GLASSES - TYGU\" \/>\n<meta property=\"og:description\" content=\"FITframe &#8211; a model with a narrower frame PODIUM goggles, whose glass is made of Makrolon and is the best technology for glasses and goggles today. The rigid, large frame provides an expansive field of view giving you a comfortable ride with complete satisfaction. The frame of the goggles is designed to provide maximum ventilation [&hellip;]\" \/>\n<meta property=\"og:url\" content=\"https:\/\/gotygu.com\/produkt\/gogle-2018-podium-fitframe-green-2-szyby\/\" \/>\n<meta property=\"og:site_name\" content=\"TYGU\" \/>\n<meta property=\"article:publisher\" content=\"https:\/\/www.facebook.com\/TYGUapparel\" \/>\n<meta property=\"article:modified_time\" content=\"2024-12-01T22:01:59+00:00\" \/>\n<meta property=\"og:image\" content=\"https:\/\/gotygu.com\/wp-content\/uploads\/2020\/01\/7-1-1.jpg\" \/>\n\t<meta property=\"og:image:width\" content=\"1000\" \/>\n\t<meta property=\"og:image:height\" content=\"678\" \/>\n\t<meta property=\"og:image:type\" content=\"image\/jpeg\" \/>\n<meta name=\"twitter:card\" content=\"summary_large_image\" \/>\n<meta name=\"twitter:label1\" content=\"Est. reading time\" \/>\n\t<meta name=\"twitter:data1\" content=\"1 minute\" \/>\n<script type=\"application\/ld+json\" class=\"yoast-schema-graph\">{\"@context\":\"https:\/\/schema.org\",\"@graph\":[{\"@type\":\"WebPage\",\"@id\":\"https:\/\/gotygu.com\/produkt\/gogle-2018-podium-fitframe-green-2-szyby\/\",\"url\":\"https:\/\/gotygu.com\/produkt\/gogle-2018-podium-fitframe-green-2-szyby\/\",\"name\":\"GOGGLES 2018 PODIUM \/ FITFRAME GREEN \/ 2 GLASSES - TYGU\",\"isPartOf\":{\"@id\":\"https:\/\/gotygu.com\/#website\"},\"primaryImageOfPage\":{\"@id\":\"https:\/\/gotygu.com\/produkt\/gogle-2018-podium-fitframe-green-2-szyby\/#primaryimage\"},\"image\":{\"@id\":\"https:\/\/gotygu.com\/produkt\/gogle-2018-podium-fitframe-green-2-szyby\/#primaryimage\"},\"thumbnailUrl\":\"https:\/\/gotygu.com\/wp-content\/uploads\/2019\/09\/goggles-size.jpg\",\"datePublished\":\"2020-01-08T13:13:00+00:00\",\"dateModified\":\"2024-12-01T22:01:59+00:00\",\"breadcrumb\":{\"@id\":\"https:\/\/gotygu.com\/produkt\/gogle-2018-podium-fitframe-green-2-szyby\/#breadcrumb\"},\"inLanguage\":\"en-US\",\"potentialAction\":[{\"@type\":\"ReadAction\",\"target\":[\"https:\/\/gotygu.com\/produkt\/gogle-2018-podium-fitframe-green-2-szyby\/\"]}]},{\"@type\":\"ImageObject\",\"inLanguage\":\"en-US\",\"@id\":\"https:\/\/gotygu.com\/produkt\/gogle-2018-podium-fitframe-green-2-szyby\/#primaryimage\",\"url\":\"https:\/\/gotygu.com\/wp-content\/uploads\/2019\/09\/goggles-size.jpg\",\"contentUrl\":\"https:\/\/gotygu.com\/wp-content\/uploads\/2019\/09\/goggles-size.jpg\"},{\"@type\":\"BreadcrumbList\",\"@id\":\"https:\/\/gotygu.com\/produkt\/gogle-2018-podium-fitframe-green-2-szyby\/#breadcrumb\",\"itemListElement\":[{\"@type\":\"ListItem\",\"position\":1,\"name\":\"Strona g\u0142\u00f3wna\",\"item\":\"https:\/\/gotygu.com\/\"},{\"@type\":\"ListItem\",\"position\":2,\"name\":\"Produkty\",\"item\":\"https:\/\/gotygu.com\/shop\/\"},{\"@type\":\"ListItem\",\"position\":3,\"name\":\"GOGGLES 2018 PODIUM \/ FITFRAME GREEN \/ 2 GLASSES\"}]},{\"@type\":\"WebSite\",\"@id\":\"https:\/\/gotygu.com\/#website\",\"url\":\"https:\/\/gotygu.com\/\",\"name\":\"TYGU - Polska marka odzie\u017cy\",\"description\":\"Designed To Ride - poznaj Polsk\u0105 mark\u0119\",\"publisher\":{\"@id\":\"https:\/\/gotygu.com\/#organization\"},\"alternateName\":\"Prosto z serca Beskid\u00f3w. Autorskie projekty odzie\u017cy i akcesori\u00f3w rowerowych. Odzie\u017c Merino dla rowerzyst\u00f3w\",\"potentialAction\":[{\"@type\":\"SearchAction\",\"target\":{\"@type\":\"EntryPoint\",\"urlTemplate\":\"https:\/\/gotygu.com\/?s={search_term_string}\"},\"query-input\":{\"@type\":\"PropertyValueSpecification\",\"valueRequired\":true,\"valueName\":\"search_term_string\"}}],\"inLanguage\":\"en-US\"},{\"@type\":\"Organization\",\"@id\":\"https:\/\/gotygu.com\/#organization\",\"name\":\"Polska marka rowerowa z serca beskid\u00f3w. Odzie\u017c i akcesoria rowerowa projektowane przez rowerzyst\u00f3w. Odzie\u017c merino, enduro i mtb.\",\"url\":\"https:\/\/gotygu.com\/\",\"logo\":{\"@type\":\"ImageObject\",\"inLanguage\":\"en-US\",\"@id\":\"https:\/\/gotygu.com\/#\/schema\/logo\/image\/\",\"url\":\"https:\/\/gotygu.com\/wp-content\/uploads\/2023\/12\/tygu-gory.png\",\"contentUrl\":\"https:\/\/gotygu.com\/wp-content\/uploads\/2023\/12\/tygu-gory.png\",\"width\":512,\"height\":512,\"caption\":\"Polska marka rowerowa z serca beskid\u00f3w. Odzie\u017c i akcesoria rowerowa projektowane przez rowerzyst\u00f3w. Odzie\u017c merino, enduro i mtb.\"},\"image\":{\"@id\":\"https:\/\/gotygu.com\/#\/schema\/logo\/image\/\"},\"sameAs\":[\"https:\/\/www.facebook.com\/TYGUapparel\"]}]}<\/script>\n<!-- \/ Yoast SEO plugin. -->","yoast_head_json":{"title":"GOGGLES 2018 PODIUM \/ FITFRAME GREEN \/ 2 GLASSES - TYGU","robots":{"index":"index","follow":"follow","max-snippet":"max-snippet:-1","max-image-preview":"max-image-preview:large","max-video-preview":"max-video-preview:-1"},"canonical":"https:\/\/gotygu.com\/produkt\/gogle-2018-podium-fitframe-green-2-szyby\/","og_locale":"en_US","og_type":"article","og_title":"GOGGLES 2018 PODIUM \/ FITFRAME GREEN \/ 2 GLASSES - TYGU","og_description":"FITframe &#8211; a model with a narrower frame PODIUM goggles, whose glass is made of Makrolon and is the best technology for glasses and goggles today. The rigid, large frame provides an expansive field of view giving you a comfortable ride with complete satisfaction. The frame of the goggles is designed to provide maximum ventilation [&hellip;]","og_url":"https:\/\/gotygu.com\/produkt\/gogle-2018-podium-fitframe-green-2-szyby\/","og_site_name":"TYGU","article_publisher":"https:\/\/www.facebook.com\/TYGUapparel","article_modified_time":"2024-12-01T22:01:59+00:00","og_image":[{"width":1000,"height":678,"url":"https:\/\/gotygu.com\/wp-content\/uploads\/2020\/01\/7-1-1.jpg","type":"image\/jpeg"}],"twitter_card":"summary_large_image","twitter_misc":{"Est. reading time":"1 minute"},"schema":{"@context":"https:\/\/schema.org","@graph":[{"@type":"WebPage","@id":"https:\/\/gotygu.com\/produkt\/gogle-2018-podium-fitframe-green-2-szyby\/","url":"https:\/\/gotygu.com\/produkt\/gogle-2018-podium-fitframe-green-2-szyby\/","name":"GOGGLES 2018 PODIUM \/ FITFRAME GREEN \/ 2 GLASSES - TYGU","isPartOf":{"@id":"https:\/\/gotygu.com\/#website"},"primaryImageOfPage":{"@id":"https:\/\/gotygu.com\/produkt\/gogle-2018-podium-fitframe-green-2-szyby\/#primaryimage"},"image":{"@id":"https:\/\/gotygu.com\/produkt\/gogle-2018-podium-fitframe-green-2-szyby\/#primaryimage"},"thumbnailUrl":"https:\/\/gotygu.com\/wp-content\/uploads\/2019\/09\/goggles-size.jpg","datePublished":"2020-01-08T13:13:00+00:00","dateModified":"2024-12-01T22:01:59+00:00","breadcrumb":{"@id":"https:\/\/gotygu.com\/produkt\/gogle-2018-podium-fitframe-green-2-szyby\/#breadcrumb"},"inLanguage":"en-US","potentialAction":[{"@type":"ReadAction","target":["https:\/\/gotygu.com\/produkt\/gogle-2018-podium-fitframe-green-2-szyby\/"]}]},{"@type":"ImageObject","inLanguage":"en-US","@id":"https:\/\/gotygu.com\/produkt\/gogle-2018-podium-fitframe-green-2-szyby\/#primaryimage","url":"https:\/\/gotygu.com\/wp-content\/uploads\/2019\/09\/goggles-size.jpg","contentUrl":"https:\/\/gotygu.com\/wp-content\/uploads\/2019\/09\/goggles-size.jpg"},{"@type":"BreadcrumbList","@id":"https:\/\/gotygu.com\/produkt\/gogle-2018-podium-fitframe-green-2-szyby\/#breadcrumb","itemListElement":[{"@type":"ListItem","position":1,"name":"Strona g\u0142\u00f3wna","item":"https:\/\/gotygu.com\/"},{"@type":"ListItem","position":2,"name":"Produkty","item":"https:\/\/gotygu.com\/shop\/"},{"@type":"ListItem","position":3,"name":"GOGGLES 2018 PODIUM \/ FITFRAME GREEN \/ 2 GLASSES"}]},{"@type":"WebSite","@id":"https:\/\/gotygu.com\/#website","url":"https:\/\/gotygu.com\/","name":"TYGU - Polska marka odzie\u017cy","description":"Designed To Ride - poznaj Polsk\u0105 mark\u0119","publisher":{"@id":"https:\/\/gotygu.com\/#organization"},"alternateName":"Prosto z serca Beskid\u00f3w. Autorskie projekty odzie\u017cy i akcesori\u00f3w rowerowych. Odzie\u017c Merino dla rowerzyst\u00f3w","potentialAction":[{"@type":"SearchAction","target":{"@type":"EntryPoint","urlTemplate":"https:\/\/gotygu.com\/?s={search_term_string}"},"query-input":{"@type":"PropertyValueSpecification","valueRequired":true,"valueName":"search_term_string"}}],"inLanguage":"en-US"},{"@type":"Organization","@id":"https:\/\/gotygu.com\/#organization","name":"Polska marka rowerowa z serca beskid\u00f3w. Odzie\u017c i akcesoria rowerowa projektowane przez rowerzyst\u00f3w. Odzie\u017c merino, enduro i mtb.","url":"https:\/\/gotygu.com\/","logo":{"@type":"ImageObject","inLanguage":"en-US","@id":"https:\/\/gotygu.com\/#\/schema\/logo\/image\/","url":"https:\/\/gotygu.com\/wp-content\/uploads\/2023\/12\/tygu-gory.png","contentUrl":"https:\/\/gotygu.com\/wp-content\/uploads\/2023\/12\/tygu-gory.png","width":512,"height":512,"caption":"Polska marka rowerowa z serca beskid\u00f3w. Odzie\u017c i akcesoria rowerowa projektowane przez rowerzyst\u00f3w. Odzie\u017c merino, enduro i mtb."},"image":{"@id":"https:\/\/gotygu.com\/#\/schema\/logo\/image\/"},"sameAs":["https:\/\/www.facebook.com\/TYGUapparel"]}]}},"_links":{"self":[{"href":"https:\/\/gotygu.com\/en\/wp-json\/wp\/v2\/product\/373844"}],"collection":[{"href":"https:\/\/gotygu.com\/en\/wp-json\/wp\/v2\/product"}],"about":[{"href":"https:\/\/gotygu.com\/en\/wp-json\/wp\/v2\/types\/product"}],"replies":[{"embeddable":true,"href":"https:\/\/gotygu.com\/en\/wp-json\/wp\/v2\/comments?post=373844"}],"wp:attachment":[{"href":"https:\/\/gotygu.com\/en\/wp-json\/wp\/v2\/media?parent=373844"}],"wp:term":[{"taxonomy":"product_brand","embeddable":true,"href":"https:\/\/gotygu.com\/en\/wp-json\/wp\/v2\/product_brand?post=373844"},{"taxonomy":"product_cat","embeddable":true,"href":"https:\/\/gotygu.com\/en\/wp-json\/wp\/v2\/product_cat?post=373844"},{"taxonomy":"product_tag","embeddable":true,"href":"https:\/\/gotygu.com\/en\/wp-json\/wp\/v2\/product_tag?post=373844"}],"curies":[{"name":"wp","href":"https:\/\/api.w.org\/{rel}","templated":true}]}}