{"id":373777,"date":"2020-01-09T12:22:00","date_gmt":"2020-01-09T11:22:00","guid":{"rendered":"https:\/\/gotygu.com\/produkt\/2021-rover-blue-shorts\/"},"modified":"2025-12-01T00:00:28","modified_gmt":"2025-11-30T23:00:28","slug":"2020-rover-spodenki-blue","status":"publish","type":"product","link":"https:\/\/gotygu.com\/en\/produkt\/2020-rover-spodenki-blue\/","title":{"rendered":"ROVER SHORTS BLUE"},"content":{"rendered":"<h3><strong>For him and for her, universal cut<br \/>\n<\/strong><\/h3>\n<p>Shorts 2020:<\/p>\n<p>&#8211; 4 way stretch micro polyester<\/p>\n<p>&#8211; 4 pockets<\/p>\n<p>&#8211; adjustable at the waist<\/p>\n<p>&#8211; fit perfectly with knee pads<\/p>\n","protected":false},"excerpt":{"rendered":"<p>Classic MTB shorts. Lightweight, quick-drying and breathable thanks to mesh side panels and additional holes made using laser cut technology.<\/p>\n<div class=\"elementor-element elementor-element-601b43b elementor-widget elementor-widget-text-editor\" data-id=\"601b43b\" data-element_type=\"widget\" data-widget_type=\"text-editor.default\">\n<div class=\"elementor-widget-container\">\n<ul>\n<li><strong>UNIVERSAL cut (he\/she)<\/strong><\/li>\n<li>4-way stretch <strong>micro polyester<\/strong><\/li>\n<li>4 pockets, 2 of which are lockable<\/li>\n<li>adjustable at the waist<\/li>\n<li>fit perfectly with knee pads<\/li>\n<li>ventilation<\/li>\n<\/ul>\n<\/div>\n<\/div>\n<div class=\"elementor-element elementor-element-69dd7a9 openedByDefault elementor-widget elementor-widget-toggle\" data-id=\"69dd7a9\" data-element_type=\"widget\" data-widget_type=\"toggle.default\">\n<div class=\"elementor-widget-container\">\n<div class=\"elementor-toggle\">\n<div class=\"elementor-toggle-item\">\n<div id=\"elementor-tab-title-1111\" class=\"elementor-tab-title elementor-active\" tabindex=\"0\" role=\"button\" data-tab=\"1\" aria-controls=\"elementor-tab-content-1111\" aria-expanded=\"true\" aria-selected=\"true\"><\/div>\n<\/div>\n<\/div>\n<\/div>\n<\/div>\n","protected":false},"featured_media":373132,"comment_status":"open","ping_status":"closed","template":"","meta":[],"product_brand":[],"product_cat":[196,200,197,128,204],"product_tag":[],"class_list":{"0":"post-373777","1":"product","2":"type-product","3":"status-publish","4":"has-post-thumbnail","6":"product_cat-he-en","7":"product_cat-mens-shorts","8":"product_cat-she-en","9":"product_cat-shorts","10":"product_cat-womens-shorts","11":"pa_rozmiary-26-en","12":"pa_rozmiary-28-en","13":"pa_rozmiary-30-en","14":"pa_rozmiary-32-en","15":"pa_rozmiary-34-en","16":"pa_rozmiary-36-en","17":"pa_rozmiary-38-en","19":"first","20":"instock","21":"taxable","22":"shipping-taxable","23":"purchasable","24":"product-type-variable"},"yoast_head":"<!-- This site is optimized with the Yoast SEO plugin v25.4 - https:\/\/yoast.com\/wordpress\/plugins\/seo\/ -->\n<title>ROVER SHORTS BLUE - TYGU<\/title>\n<meta name=\"robots\" content=\"index, follow, max-snippet:-1, max-image-preview:large, max-video-preview:-1\" \/>\n<link rel=\"canonical\" href=\"https:\/\/gotygu.com\/produkt\/2020-rover-spodenki-blue\/\" \/>\n<meta property=\"og:locale\" content=\"en_US\" \/>\n<meta property=\"og:type\" content=\"article\" \/>\n<meta property=\"og:title\" content=\"ROVER SHORTS BLUE - TYGU\" \/>\n<meta property=\"og:description\" content=\"Classic MTB shorts. Lightweight, quick-drying and breathable thanks to mesh side panels and additional holes made using laser cut technology.    UNIVERSAL cut (he\/she)  4-way stretch micro polyester  4 pockets, 2 of which are lockable  adjustable at the waist  fit perfectly with knee pads  ventilation\" \/>\n<meta property=\"og:url\" content=\"https:\/\/gotygu.com\/produkt\/2020-rover-spodenki-blue\/\" \/>\n<meta property=\"og:site_name\" content=\"TYGU\" \/>\n<meta property=\"article:publisher\" content=\"https:\/\/www.facebook.com\/TYGUapparel\" \/>\n<meta property=\"article:modified_time\" content=\"2025-11-30T23:00:28+00:00\" \/>\n<meta property=\"og:image\" content=\"https:\/\/gotygu.com\/wp-content\/uploads\/2020\/01\/6-5.jpg\" \/>\n\t<meta property=\"og:image:width\" content=\"935\" \/>\n\t<meta property=\"og:image:height\" content=\"1255\" \/>\n\t<meta property=\"og:image:type\" content=\"image\/jpeg\" \/>\n<meta name=\"twitter:card\" content=\"summary_large_image\" \/>\n<script type=\"application\/ld+json\" class=\"yoast-schema-graph\">{\"@context\":\"https:\/\/schema.org\",\"@graph\":[{\"@type\":\"WebPage\",\"@id\":\"https:\/\/gotygu.com\/produkt\/2020-rover-spodenki-blue\/\",\"url\":\"https:\/\/gotygu.com\/produkt\/2020-rover-spodenki-blue\/\",\"name\":\"ROVER SHORTS BLUE - TYGU\",\"isPartOf\":{\"@id\":\"https:\/\/gotygu.com\/#website\"},\"primaryImageOfPage\":{\"@id\":\"https:\/\/gotygu.com\/produkt\/2020-rover-spodenki-blue\/#primaryimage\"},\"image\":{\"@id\":\"https:\/\/gotygu.com\/produkt\/2020-rover-spodenki-blue\/#primaryimage\"},\"thumbnailUrl\":\"https:\/\/gotygu.com\/wp-content\/uploads\/2020\/01\/6-5.jpg\",\"datePublished\":\"2020-01-09T11:22:00+00:00\",\"dateModified\":\"2025-11-30T23:00:28+00:00\",\"breadcrumb\":{\"@id\":\"https:\/\/gotygu.com\/produkt\/2020-rover-spodenki-blue\/#breadcrumb\"},\"inLanguage\":\"en-US\",\"potentialAction\":[{\"@type\":\"ReadAction\",\"target\":[\"https:\/\/gotygu.com\/produkt\/2020-rover-spodenki-blue\/\"]}]},{\"@type\":\"ImageObject\",\"inLanguage\":\"en-US\",\"@id\":\"https:\/\/gotygu.com\/produkt\/2020-rover-spodenki-blue\/#primaryimage\",\"url\":\"https:\/\/gotygu.com\/wp-content\/uploads\/2020\/01\/6-5.jpg\",\"contentUrl\":\"https:\/\/gotygu.com\/wp-content\/uploads\/2020\/01\/6-5.jpg\",\"width\":935,\"height\":1255},{\"@type\":\"BreadcrumbList\",\"@id\":\"https:\/\/gotygu.com\/produkt\/2020-rover-spodenki-blue\/#breadcrumb\",\"itemListElement\":[{\"@type\":\"ListItem\",\"position\":1,\"name\":\"Strona g\u0142\u00f3wna\",\"item\":\"https:\/\/gotygu.com\/\"},{\"@type\":\"ListItem\",\"position\":2,\"name\":\"Produkty\",\"item\":\"https:\/\/gotygu.com\/shop\/\"},{\"@type\":\"ListItem\",\"position\":3,\"name\":\"ROVER SHORTS BLUE\"}]},{\"@type\":\"WebSite\",\"@id\":\"https:\/\/gotygu.com\/#website\",\"url\":\"https:\/\/gotygu.com\/\",\"name\":\"TYGU - Polska marka odzie\u017cy\",\"description\":\"Designed To Ride - poznaj Polsk\u0105 mark\u0119\",\"publisher\":{\"@id\":\"https:\/\/gotygu.com\/#organization\"},\"alternateName\":\"Prosto z serca Beskid\u00f3w. Autorskie projekty odzie\u017cy i akcesori\u00f3w rowerowych. Odzie\u017c Merino dla rowerzyst\u00f3w\",\"potentialAction\":[{\"@type\":\"SearchAction\",\"target\":{\"@type\":\"EntryPoint\",\"urlTemplate\":\"https:\/\/gotygu.com\/?s={search_term_string}\"},\"query-input\":{\"@type\":\"PropertyValueSpecification\",\"valueRequired\":true,\"valueName\":\"search_term_string\"}}],\"inLanguage\":\"en-US\"},{\"@type\":\"Organization\",\"@id\":\"https:\/\/gotygu.com\/#organization\",\"name\":\"Polska marka rowerowa z serca beskid\u00f3w. Odzie\u017c i akcesoria rowerowa projektowane przez rowerzyst\u00f3w. Odzie\u017c merino, enduro i mtb.\",\"url\":\"https:\/\/gotygu.com\/\",\"logo\":{\"@type\":\"ImageObject\",\"inLanguage\":\"en-US\",\"@id\":\"https:\/\/gotygu.com\/#\/schema\/logo\/image\/\",\"url\":\"https:\/\/gotygu.com\/wp-content\/uploads\/2023\/12\/tygu-gory.png\",\"contentUrl\":\"https:\/\/gotygu.com\/wp-content\/uploads\/2023\/12\/tygu-gory.png\",\"width\":512,\"height\":512,\"caption\":\"Polska marka rowerowa z serca beskid\u00f3w. Odzie\u017c i akcesoria rowerowa projektowane przez rowerzyst\u00f3w. Odzie\u017c merino, enduro i mtb.\"},\"image\":{\"@id\":\"https:\/\/gotygu.com\/#\/schema\/logo\/image\/\"},\"sameAs\":[\"https:\/\/www.facebook.com\/TYGUapparel\"]}]}<\/script>\n<!-- \/ Yoast SEO plugin. -->","yoast_head_json":{"title":"ROVER SHORTS BLUE - TYGU","robots":{"index":"index","follow":"follow","max-snippet":"max-snippet:-1","max-image-preview":"max-image-preview:large","max-video-preview":"max-video-preview:-1"},"canonical":"https:\/\/gotygu.com\/produkt\/2020-rover-spodenki-blue\/","og_locale":"en_US","og_type":"article","og_title":"ROVER SHORTS BLUE - TYGU","og_description":"Classic MTB shorts. Lightweight, quick-drying and breathable thanks to mesh side panels and additional holes made using laser cut technology.    UNIVERSAL cut (he\/she)  4-way stretch micro polyester  4 pockets, 2 of which are lockable  adjustable at the waist  fit perfectly with knee pads  ventilation","og_url":"https:\/\/gotygu.com\/produkt\/2020-rover-spodenki-blue\/","og_site_name":"TYGU","article_publisher":"https:\/\/www.facebook.com\/TYGUapparel","article_modified_time":"2025-11-30T23:00:28+00:00","og_image":[{"width":935,"height":1255,"url":"https:\/\/gotygu.com\/wp-content\/uploads\/2020\/01\/6-5.jpg","type":"image\/jpeg"}],"twitter_card":"summary_large_image","schema":{"@context":"https:\/\/schema.org","@graph":[{"@type":"WebPage","@id":"https:\/\/gotygu.com\/produkt\/2020-rover-spodenki-blue\/","url":"https:\/\/gotygu.com\/produkt\/2020-rover-spodenki-blue\/","name":"ROVER SHORTS BLUE - TYGU","isPartOf":{"@id":"https:\/\/gotygu.com\/#website"},"primaryImageOfPage":{"@id":"https:\/\/gotygu.com\/produkt\/2020-rover-spodenki-blue\/#primaryimage"},"image":{"@id":"https:\/\/gotygu.com\/produkt\/2020-rover-spodenki-blue\/#primaryimage"},"thumbnailUrl":"https:\/\/gotygu.com\/wp-content\/uploads\/2020\/01\/6-5.jpg","datePublished":"2020-01-09T11:22:00+00:00","dateModified":"2025-11-30T23:00:28+00:00","breadcrumb":{"@id":"https:\/\/gotygu.com\/produkt\/2020-rover-spodenki-blue\/#breadcrumb"},"inLanguage":"en-US","potentialAction":[{"@type":"ReadAction","target":["https:\/\/gotygu.com\/produkt\/2020-rover-spodenki-blue\/"]}]},{"@type":"ImageObject","inLanguage":"en-US","@id":"https:\/\/gotygu.com\/produkt\/2020-rover-spodenki-blue\/#primaryimage","url":"https:\/\/gotygu.com\/wp-content\/uploads\/2020\/01\/6-5.jpg","contentUrl":"https:\/\/gotygu.com\/wp-content\/uploads\/2020\/01\/6-5.jpg","width":935,"height":1255},{"@type":"BreadcrumbList","@id":"https:\/\/gotygu.com\/produkt\/2020-rover-spodenki-blue\/#breadcrumb","itemListElement":[{"@type":"ListItem","position":1,"name":"Strona g\u0142\u00f3wna","item":"https:\/\/gotygu.com\/"},{"@type":"ListItem","position":2,"name":"Produkty","item":"https:\/\/gotygu.com\/shop\/"},{"@type":"ListItem","position":3,"name":"ROVER SHORTS BLUE"}]},{"@type":"WebSite","@id":"https:\/\/gotygu.com\/#website","url":"https:\/\/gotygu.com\/","name":"TYGU - Polska marka odzie\u017cy","description":"Designed To Ride - poznaj Polsk\u0105 mark\u0119","publisher":{"@id":"https:\/\/gotygu.com\/#organization"},"alternateName":"Prosto z serca Beskid\u00f3w. Autorskie projekty odzie\u017cy i akcesori\u00f3w rowerowych. Odzie\u017c Merino dla rowerzyst\u00f3w","potentialAction":[{"@type":"SearchAction","target":{"@type":"EntryPoint","urlTemplate":"https:\/\/gotygu.com\/?s={search_term_string}"},"query-input":{"@type":"PropertyValueSpecification","valueRequired":true,"valueName":"search_term_string"}}],"inLanguage":"en-US"},{"@type":"Organization","@id":"https:\/\/gotygu.com\/#organization","name":"Polska marka rowerowa z serca beskid\u00f3w. Odzie\u017c i akcesoria rowerowa projektowane przez rowerzyst\u00f3w. Odzie\u017c merino, enduro i mtb.","url":"https:\/\/gotygu.com\/","logo":{"@type":"ImageObject","inLanguage":"en-US","@id":"https:\/\/gotygu.com\/#\/schema\/logo\/image\/","url":"https:\/\/gotygu.com\/wp-content\/uploads\/2023\/12\/tygu-gory.png","contentUrl":"https:\/\/gotygu.com\/wp-content\/uploads\/2023\/12\/tygu-gory.png","width":512,"height":512,"caption":"Polska marka rowerowa z serca beskid\u00f3w. Odzie\u017c i akcesoria rowerowa projektowane przez rowerzyst\u00f3w. Odzie\u017c merino, enduro i mtb."},"image":{"@id":"https:\/\/gotygu.com\/#\/schema\/logo\/image\/"},"sameAs":["https:\/\/www.facebook.com\/TYGUapparel"]}]}},"_links":{"self":[{"href":"https:\/\/gotygu.com\/en\/wp-json\/wp\/v2\/product\/373777"}],"collection":[{"href":"https:\/\/gotygu.com\/en\/wp-json\/wp\/v2\/product"}],"about":[{"href":"https:\/\/gotygu.com\/en\/wp-json\/wp\/v2\/types\/product"}],"replies":[{"embeddable":true,"href":"https:\/\/gotygu.com\/en\/wp-json\/wp\/v2\/comments?post=373777"}],"wp:featuredmedia":[{"embeddable":true,"href":"https:\/\/gotygu.com\/en\/wp-json\/wp\/v2\/media\/373132"}],"wp:attachment":[{"href":"https:\/\/gotygu.com\/en\/wp-json\/wp\/v2\/media?parent=373777"}],"wp:term":[{"taxonomy":"product_brand","embeddable":true,"href":"https:\/\/gotygu.com\/en\/wp-json\/wp\/v2\/product_brand?post=373777"},{"taxonomy":"product_cat","embeddable":true,"href":"https:\/\/gotygu.com\/en\/wp-json\/wp\/v2\/product_cat?post=373777"},{"taxonomy":"product_tag","embeddable":true,"href":"https:\/\/gotygu.com\/en\/wp-json\/wp\/v2\/product_tag?post=373777"}],"curies":[{"name":"wp","href":"https:\/\/api.w.org\/{rel}","templated":true}]}}