{"id":373447,"date":"2020-05-27T09:04:00","date_gmt":"2020-05-27T07:04:00","guid":{"rendered":"https:\/\/gotygu.com\/produkt\/2020-kido-red-shorts\/"},"modified":"2025-12-01T00:00:28","modified_gmt":"2025-11-30T23:00:28","slug":"2020-kido-spodenki-red","status":"publish","type":"product","link":"https:\/\/gotygu.com\/en\/produkt\/2020-kido-spodenki-red\/","title":{"rendered":"KIDO SHORTS RED"},"content":{"rendered":"","protected":false},"excerpt":{"rendered":"<p>The KIDO collection from TYGU is dedicated to the youngest children and includes gloves, shorts and T-shirts. Everything carefully sewn, light and airy.<\/p>\n<p>The shorts are made of polyester and nylon, additionally reinforced at the bottom &#8211; this combination will withstand many falls and protect against abrasions, and a panel with ventilation holes makes the shorts breathable.<\/p>\n","protected":false},"featured_media":372934,"comment_status":"open","ping_status":"closed","template":"","meta":[],"product_brand":[],"product_cat":[195,209,128,427],"product_tag":[],"class_list":{"0":"post-373447","1":"product","2":"type-product","3":"status-publish","4":"has-post-thumbnail","6":"product_cat-child","7":"product_cat-childrens-shorts","8":"product_cat-shorts","9":"product_cat-test-en","10":"pa_rozmiary-140-en","11":"pa_rozmiary-146-en","12":"pa_rozmiary-152-en","13":"pa_rozmiary-158-en","15":"first","16":"instock","17":"sale","18":"taxable","19":"shipping-taxable","20":"purchasable","21":"product-type-variable"},"yoast_head":"<!-- This site is optimized with the Yoast SEO plugin v25.4 - https:\/\/yoast.com\/wordpress\/plugins\/seo\/ -->\n<title>KIDO SHORTS RED - TYGU<\/title>\n<meta name=\"robots\" content=\"index, follow, max-snippet:-1, max-image-preview:large, max-video-preview:-1\" \/>\n<link rel=\"canonical\" href=\"https:\/\/gotygu.com\/en\/produkt\/2020-kido-spodenki-red\/\" \/>\n<meta property=\"og:locale\" content=\"en_US\" \/>\n<meta property=\"og:type\" content=\"article\" \/>\n<meta property=\"og:title\" content=\"KIDO SHORTS RED - TYGU\" \/>\n<meta property=\"og:description\" content=\"The KIDO collection from TYGU is dedicated to the youngest children and includes gloves, shorts and T-shirts. Everything carefully sewn, light and airy.  The shorts are made of polyester and nylon, additionally reinforced at the bottom - this combination will withstand many falls and protect against abrasions, and a panel with ventilation holes makes the shorts breathable.\" \/>\n<meta property=\"og:url\" content=\"https:\/\/gotygu.com\/en\/produkt\/2020-kido-spodenki-red\/\" \/>\n<meta property=\"og:site_name\" content=\"TYGU\" \/>\n<meta property=\"article:publisher\" content=\"https:\/\/www.facebook.com\/TYGUapparel\" \/>\n<meta property=\"article:modified_time\" content=\"2025-11-30T23:00:28+00:00\" \/>\n<meta property=\"og:image\" content=\"https:\/\/gotygu.com\/wp-content\/uploads\/2022\/03\/s2-1.png\" \/>\n\t<meta property=\"og:image:width\" content=\"1319\" \/>\n\t<meta property=\"og:image:height\" content=\"1536\" \/>\n\t<meta property=\"og:image:type\" content=\"image\/png\" \/>\n<meta name=\"twitter:card\" content=\"summary_large_image\" \/>\n<meta name=\"twitter:label1\" content=\"Est. reading time\" \/>\n\t<meta name=\"twitter:data1\" content=\"1 minute\" \/>\n<script type=\"application\/ld+json\" class=\"yoast-schema-graph\">{\"@context\":\"https:\/\/schema.org\",\"@graph\":[{\"@type\":\"WebPage\",\"@id\":\"https:\/\/gotygu.com\/en\/produkt\/2020-kido-spodenki-red\/\",\"url\":\"https:\/\/gotygu.com\/en\/produkt\/2020-kido-spodenki-red\/\",\"name\":\"KIDO SHORTS RED - TYGU\",\"isPartOf\":{\"@id\":\"https:\/\/gotygu.com\/#website\"},\"primaryImageOfPage\":{\"@id\":\"https:\/\/gotygu.com\/en\/produkt\/2020-kido-spodenki-red\/#primaryimage\"},\"image\":{\"@id\":\"https:\/\/gotygu.com\/en\/produkt\/2020-kido-spodenki-red\/#primaryimage\"},\"thumbnailUrl\":\"https:\/\/gotygu.com\/wp-content\/uploads\/2022\/03\/s2-1.png\",\"datePublished\":\"2020-05-27T07:04:00+00:00\",\"dateModified\":\"2025-11-30T23:00:28+00:00\",\"breadcrumb\":{\"@id\":\"https:\/\/gotygu.com\/en\/produkt\/2020-kido-spodenki-red\/#breadcrumb\"},\"inLanguage\":\"en-US\",\"potentialAction\":[{\"@type\":\"ReadAction\",\"target\":[\"https:\/\/gotygu.com\/en\/produkt\/2020-kido-spodenki-red\/\"]}]},{\"@type\":\"ImageObject\",\"inLanguage\":\"en-US\",\"@id\":\"https:\/\/gotygu.com\/en\/produkt\/2020-kido-spodenki-red\/#primaryimage\",\"url\":\"https:\/\/gotygu.com\/wp-content\/uploads\/2022\/03\/s2-1.png\",\"contentUrl\":\"https:\/\/gotygu.com\/wp-content\/uploads\/2022\/03\/s2-1.png\",\"width\":1319,\"height\":1536},{\"@type\":\"BreadcrumbList\",\"@id\":\"https:\/\/gotygu.com\/en\/produkt\/2020-kido-spodenki-red\/#breadcrumb\",\"itemListElement\":[{\"@type\":\"ListItem\",\"position\":1,\"name\":\"Strona g\u0142\u00f3wna\",\"item\":\"https:\/\/gotygu.com\/\"},{\"@type\":\"ListItem\",\"position\":2,\"name\":\"Produkty\",\"item\":\"https:\/\/gotygu.com\/shop\/\"},{\"@type\":\"ListItem\",\"position\":3,\"name\":\"KIDO SHORTS RED\"}]},{\"@type\":\"WebSite\",\"@id\":\"https:\/\/gotygu.com\/#website\",\"url\":\"https:\/\/gotygu.com\/\",\"name\":\"TYGU - Polska marka odzie\u017cy\",\"description\":\"Designed To Ride - poznaj Polsk\u0105 mark\u0119\",\"publisher\":{\"@id\":\"https:\/\/gotygu.com\/#organization\"},\"alternateName\":\"Prosto z serca Beskid\u00f3w. Autorskie projekty odzie\u017cy i akcesori\u00f3w rowerowych. Odzie\u017c Merino dla rowerzyst\u00f3w\",\"potentialAction\":[{\"@type\":\"SearchAction\",\"target\":{\"@type\":\"EntryPoint\",\"urlTemplate\":\"https:\/\/gotygu.com\/?s={search_term_string}\"},\"query-input\":{\"@type\":\"PropertyValueSpecification\",\"valueRequired\":true,\"valueName\":\"search_term_string\"}}],\"inLanguage\":\"en-US\"},{\"@type\":\"Organization\",\"@id\":\"https:\/\/gotygu.com\/#organization\",\"name\":\"Polska marka rowerowa z serca beskid\u00f3w. Odzie\u017c i akcesoria rowerowa projektowane przez rowerzyst\u00f3w. Odzie\u017c merino, enduro i mtb.\",\"url\":\"https:\/\/gotygu.com\/\",\"logo\":{\"@type\":\"ImageObject\",\"inLanguage\":\"en-US\",\"@id\":\"https:\/\/gotygu.com\/#\/schema\/logo\/image\/\",\"url\":\"https:\/\/gotygu.com\/wp-content\/uploads\/2023\/12\/tygu-gory.png\",\"contentUrl\":\"https:\/\/gotygu.com\/wp-content\/uploads\/2023\/12\/tygu-gory.png\",\"width\":512,\"height\":512,\"caption\":\"Polska marka rowerowa z serca beskid\u00f3w. Odzie\u017c i akcesoria rowerowa projektowane przez rowerzyst\u00f3w. Odzie\u017c merino, enduro i mtb.\"},\"image\":{\"@id\":\"https:\/\/gotygu.com\/#\/schema\/logo\/image\/\"},\"sameAs\":[\"https:\/\/www.facebook.com\/TYGUapparel\"]}]}<\/script>\n<!-- \/ Yoast SEO plugin. -->","yoast_head_json":{"title":"KIDO SHORTS RED - TYGU","robots":{"index":"index","follow":"follow","max-snippet":"max-snippet:-1","max-image-preview":"max-image-preview:large","max-video-preview":"max-video-preview:-1"},"canonical":"https:\/\/gotygu.com\/en\/produkt\/2020-kido-spodenki-red\/","og_locale":"en_US","og_type":"article","og_title":"KIDO SHORTS RED - TYGU","og_description":"The KIDO collection from TYGU is dedicated to the youngest children and includes gloves, shorts and T-shirts. Everything carefully sewn, light and airy.  The shorts are made of polyester and nylon, additionally reinforced at the bottom - this combination will withstand many falls and protect against abrasions, and a panel with ventilation holes makes the shorts breathable.","og_url":"https:\/\/gotygu.com\/en\/produkt\/2020-kido-spodenki-red\/","og_site_name":"TYGU","article_publisher":"https:\/\/www.facebook.com\/TYGUapparel","article_modified_time":"2025-11-30T23:00:28+00:00","og_image":[{"width":1319,"height":1536,"url":"https:\/\/gotygu.com\/wp-content\/uploads\/2022\/03\/s2-1.png","type":"image\/png"}],"twitter_card":"summary_large_image","twitter_misc":{"Est. reading time":"1 minute"},"schema":{"@context":"https:\/\/schema.org","@graph":[{"@type":"WebPage","@id":"https:\/\/gotygu.com\/en\/produkt\/2020-kido-spodenki-red\/","url":"https:\/\/gotygu.com\/en\/produkt\/2020-kido-spodenki-red\/","name":"KIDO SHORTS RED - TYGU","isPartOf":{"@id":"https:\/\/gotygu.com\/#website"},"primaryImageOfPage":{"@id":"https:\/\/gotygu.com\/en\/produkt\/2020-kido-spodenki-red\/#primaryimage"},"image":{"@id":"https:\/\/gotygu.com\/en\/produkt\/2020-kido-spodenki-red\/#primaryimage"},"thumbnailUrl":"https:\/\/gotygu.com\/wp-content\/uploads\/2022\/03\/s2-1.png","datePublished":"2020-05-27T07:04:00+00:00","dateModified":"2025-11-30T23:00:28+00:00","breadcrumb":{"@id":"https:\/\/gotygu.com\/en\/produkt\/2020-kido-spodenki-red\/#breadcrumb"},"inLanguage":"en-US","potentialAction":[{"@type":"ReadAction","target":["https:\/\/gotygu.com\/en\/produkt\/2020-kido-spodenki-red\/"]}]},{"@type":"ImageObject","inLanguage":"en-US","@id":"https:\/\/gotygu.com\/en\/produkt\/2020-kido-spodenki-red\/#primaryimage","url":"https:\/\/gotygu.com\/wp-content\/uploads\/2022\/03\/s2-1.png","contentUrl":"https:\/\/gotygu.com\/wp-content\/uploads\/2022\/03\/s2-1.png","width":1319,"height":1536},{"@type":"BreadcrumbList","@id":"https:\/\/gotygu.com\/en\/produkt\/2020-kido-spodenki-red\/#breadcrumb","itemListElement":[{"@type":"ListItem","position":1,"name":"Strona g\u0142\u00f3wna","item":"https:\/\/gotygu.com\/"},{"@type":"ListItem","position":2,"name":"Produkty","item":"https:\/\/gotygu.com\/shop\/"},{"@type":"ListItem","position":3,"name":"KIDO SHORTS RED"}]},{"@type":"WebSite","@id":"https:\/\/gotygu.com\/#website","url":"https:\/\/gotygu.com\/","name":"TYGU - Polska marka odzie\u017cy","description":"Designed To Ride - poznaj Polsk\u0105 mark\u0119","publisher":{"@id":"https:\/\/gotygu.com\/#organization"},"alternateName":"Prosto z serca Beskid\u00f3w. Autorskie projekty odzie\u017cy i akcesori\u00f3w rowerowych. Odzie\u017c Merino dla rowerzyst\u00f3w","potentialAction":[{"@type":"SearchAction","target":{"@type":"EntryPoint","urlTemplate":"https:\/\/gotygu.com\/?s={search_term_string}"},"query-input":{"@type":"PropertyValueSpecification","valueRequired":true,"valueName":"search_term_string"}}],"inLanguage":"en-US"},{"@type":"Organization","@id":"https:\/\/gotygu.com\/#organization","name":"Polska marka rowerowa z serca beskid\u00f3w. Odzie\u017c i akcesoria rowerowa projektowane przez rowerzyst\u00f3w. Odzie\u017c merino, enduro i mtb.","url":"https:\/\/gotygu.com\/","logo":{"@type":"ImageObject","inLanguage":"en-US","@id":"https:\/\/gotygu.com\/#\/schema\/logo\/image\/","url":"https:\/\/gotygu.com\/wp-content\/uploads\/2023\/12\/tygu-gory.png","contentUrl":"https:\/\/gotygu.com\/wp-content\/uploads\/2023\/12\/tygu-gory.png","width":512,"height":512,"caption":"Polska marka rowerowa z serca beskid\u00f3w. Odzie\u017c i akcesoria rowerowa projektowane przez rowerzyst\u00f3w. Odzie\u017c merino, enduro i mtb."},"image":{"@id":"https:\/\/gotygu.com\/#\/schema\/logo\/image\/"},"sameAs":["https:\/\/www.facebook.com\/TYGUapparel"]}]}},"_links":{"self":[{"href":"https:\/\/gotygu.com\/en\/wp-json\/wp\/v2\/product\/373447"}],"collection":[{"href":"https:\/\/gotygu.com\/en\/wp-json\/wp\/v2\/product"}],"about":[{"href":"https:\/\/gotygu.com\/en\/wp-json\/wp\/v2\/types\/product"}],"replies":[{"embeddable":true,"href":"https:\/\/gotygu.com\/en\/wp-json\/wp\/v2\/comments?post=373447"}],"wp:featuredmedia":[{"embeddable":true,"href":"https:\/\/gotygu.com\/en\/wp-json\/wp\/v2\/media\/372934"}],"wp:attachment":[{"href":"https:\/\/gotygu.com\/en\/wp-json\/wp\/v2\/media?parent=373447"}],"wp:term":[{"taxonomy":"product_brand","embeddable":true,"href":"https:\/\/gotygu.com\/en\/wp-json\/wp\/v2\/product_brand?post=373447"},{"taxonomy":"product_cat","embeddable":true,"href":"https:\/\/gotygu.com\/en\/wp-json\/wp\/v2\/product_cat?post=373447"},{"taxonomy":"product_tag","embeddable":true,"href":"https:\/\/gotygu.com\/en\/wp-json\/wp\/v2\/product_tag?post=373447"}],"curies":[{"name":"wp","href":"https:\/\/api.w.org\/{rel}","templated":true}]}}