{"id":373442,"date":"2020-05-27T09:08:00","date_gmt":"2020-05-27T07:08:00","guid":{"rendered":"https:\/\/gotygu.com\/produkt\/2020-kido-blue-shorts\/"},"modified":"2025-12-01T00:00:28","modified_gmt":"2025-11-30T23:00:28","slug":"2020-kido-spodenki-blue","status":"publish","type":"product","link":"https:\/\/gotygu.com\/en\/produkt\/2020-kido-spodenki-blue\/","title":{"rendered":"KIDO BLUE SHORTS"},"content":{"rendered":"","protected":false},"excerpt":{"rendered":"<div class=\"elementor-element elementor-element-601b43b elementor-widget elementor-widget-text-editor\" data-id=\"601b43b\" data-element_type=\"widget\" data-widget_type=\"text-editor.default\">\n<div class=\"elementor-widget-container\">The KIDO collection from TYGU is dedicated to the youngest children and includes gloves, shorts and T-shirts. Everything carefully sewn, light and airy. The shorts are made of polyester and nylon, additionally reinforced at the bottom \u2013 this combination will withstand many falls and protect against abrasions, and a panel with ventilation holes makes the shorts breathable.<\/div>\n<\/div>\n<div class=\"elementor-element elementor-element-69dd7a9 openedByDefault elementor-widget elementor-widget-toggle\" data-id=\"69dd7a9\" data-element_type=\"widget\" data-widget_type=\"toggle.default\">\n<div class=\"elementor-widget-container\">\n<div class=\"elementor-toggle\">\n<div class=\"elementor-toggle-item\">\n<div id=\"elementor-tab-title-1111\" class=\"elementor-tab-title\" role=\"button\" data-tab=\"1\" aria-controls=\"elementor-tab-content-1111\" aria-expanded=\"false\"><\/div>\n<\/div>\n<\/div>\n<\/div>\n<\/div>\n","protected":false},"featured_media":372932,"comment_status":"open","ping_status":"closed","template":"","meta":[],"product_brand":[],"product_cat":[195,209,128],"product_tag":[],"class_list":{"0":"post-373442","1":"product","2":"type-product","3":"status-publish","4":"has-post-thumbnail","6":"product_cat-child","7":"product_cat-childrens-shorts","8":"product_cat-shorts","9":"pa_rozmiary-140-en","10":"pa_rozmiary-146-en","11":"pa_rozmiary-152-en","12":"pa_rozmiary-158-en","14":"first","15":"instock","16":"sale","17":"taxable","18":"shipping-taxable","19":"purchasable","20":"product-type-variable"},"yoast_head":"<!-- This site is optimized with the Yoast SEO plugin v25.4 - https:\/\/yoast.com\/wordpress\/plugins\/seo\/ -->\n<title>KIDO BLUE SHORTS - TYGU<\/title>\n<meta name=\"robots\" content=\"index, follow, max-snippet:-1, max-image-preview:large, max-video-preview:-1\" \/>\n<link rel=\"canonical\" href=\"https:\/\/gotygu.com\/en\/produkt\/2020-kido-spodenki-blue\/\" \/>\n<meta property=\"og:locale\" content=\"en_US\" \/>\n<meta property=\"og:type\" content=\"article\" \/>\n<meta property=\"og:title\" content=\"KIDO BLUE SHORTS - TYGU\" \/>\n<meta property=\"og:description\" content=\"The KIDO collection from TYGU is dedicated to the youngest children and includes gloves, shorts and T-shirts. Everything carefully sewn, light and airy. The shorts are made of polyester and nylon, additionally reinforced at the bottom \u2013 this combination will withstand many falls and protect against abrasions, and a panel with ventilation holes makes the shorts breathable.\" \/>\n<meta property=\"og:url\" content=\"https:\/\/gotygu.com\/en\/produkt\/2020-kido-spodenki-blue\/\" \/>\n<meta property=\"og:site_name\" content=\"TYGU\" \/>\n<meta property=\"article:publisher\" content=\"https:\/\/www.facebook.com\/TYGUapparel\" \/>\n<meta property=\"article:modified_time\" content=\"2025-11-30T23:00:28+00:00\" \/>\n<meta property=\"og:image\" content=\"https:\/\/gotygu.com\/wp-content\/uploads\/2022\/03\/s1.png\" \/>\n\t<meta property=\"og:image:width\" content=\"1718\" \/>\n\t<meta property=\"og:image:height\" content=\"2000\" \/>\n\t<meta property=\"og:image:type\" content=\"image\/png\" \/>\n<meta name=\"twitter:card\" content=\"summary_large_image\" \/>\n<meta name=\"twitter:label1\" content=\"Est. reading time\" \/>\n\t<meta name=\"twitter:data1\" content=\"1 minute\" \/>\n<script type=\"application\/ld+json\" class=\"yoast-schema-graph\">{\"@context\":\"https:\/\/schema.org\",\"@graph\":[{\"@type\":\"WebPage\",\"@id\":\"https:\/\/gotygu.com\/en\/produkt\/2020-kido-spodenki-blue\/\",\"url\":\"https:\/\/gotygu.com\/en\/produkt\/2020-kido-spodenki-blue\/\",\"name\":\"KIDO BLUE SHORTS - TYGU\",\"isPartOf\":{\"@id\":\"https:\/\/gotygu.com\/#website\"},\"primaryImageOfPage\":{\"@id\":\"https:\/\/gotygu.com\/en\/produkt\/2020-kido-spodenki-blue\/#primaryimage\"},\"image\":{\"@id\":\"https:\/\/gotygu.com\/en\/produkt\/2020-kido-spodenki-blue\/#primaryimage\"},\"thumbnailUrl\":\"https:\/\/gotygu.com\/wp-content\/uploads\/2022\/03\/s1.png\",\"datePublished\":\"2020-05-27T07:08:00+00:00\",\"dateModified\":\"2025-11-30T23:00:28+00:00\",\"breadcrumb\":{\"@id\":\"https:\/\/gotygu.com\/en\/produkt\/2020-kido-spodenki-blue\/#breadcrumb\"},\"inLanguage\":\"en-US\",\"potentialAction\":[{\"@type\":\"ReadAction\",\"target\":[\"https:\/\/gotygu.com\/en\/produkt\/2020-kido-spodenki-blue\/\"]}]},{\"@type\":\"ImageObject\",\"inLanguage\":\"en-US\",\"@id\":\"https:\/\/gotygu.com\/en\/produkt\/2020-kido-spodenki-blue\/#primaryimage\",\"url\":\"https:\/\/gotygu.com\/wp-content\/uploads\/2022\/03\/s1.png\",\"contentUrl\":\"https:\/\/gotygu.com\/wp-content\/uploads\/2022\/03\/s1.png\",\"width\":1718,\"height\":2000},{\"@type\":\"BreadcrumbList\",\"@id\":\"https:\/\/gotygu.com\/en\/produkt\/2020-kido-spodenki-blue\/#breadcrumb\",\"itemListElement\":[{\"@type\":\"ListItem\",\"position\":1,\"name\":\"Strona g\u0142\u00f3wna\",\"item\":\"https:\/\/gotygu.com\/\"},{\"@type\":\"ListItem\",\"position\":2,\"name\":\"Produkty\",\"item\":\"https:\/\/gotygu.com\/shop\/\"},{\"@type\":\"ListItem\",\"position\":3,\"name\":\"KIDO BLUE SHORTS\"}]},{\"@type\":\"WebSite\",\"@id\":\"https:\/\/gotygu.com\/#website\",\"url\":\"https:\/\/gotygu.com\/\",\"name\":\"TYGU - Polska marka odzie\u017cy\",\"description\":\"Designed To Ride - poznaj Polsk\u0105 mark\u0119\",\"publisher\":{\"@id\":\"https:\/\/gotygu.com\/#organization\"},\"alternateName\":\"Prosto z serca Beskid\u00f3w. Autorskie projekty odzie\u017cy i akcesori\u00f3w rowerowych. Odzie\u017c Merino dla rowerzyst\u00f3w\",\"potentialAction\":[{\"@type\":\"SearchAction\",\"target\":{\"@type\":\"EntryPoint\",\"urlTemplate\":\"https:\/\/gotygu.com\/?s={search_term_string}\"},\"query-input\":{\"@type\":\"PropertyValueSpecification\",\"valueRequired\":true,\"valueName\":\"search_term_string\"}}],\"inLanguage\":\"en-US\"},{\"@type\":\"Organization\",\"@id\":\"https:\/\/gotygu.com\/#organization\",\"name\":\"Polska marka rowerowa z serca beskid\u00f3w. Odzie\u017c i akcesoria rowerowa projektowane przez rowerzyst\u00f3w. Odzie\u017c merino, enduro i mtb.\",\"url\":\"https:\/\/gotygu.com\/\",\"logo\":{\"@type\":\"ImageObject\",\"inLanguage\":\"en-US\",\"@id\":\"https:\/\/gotygu.com\/#\/schema\/logo\/image\/\",\"url\":\"https:\/\/gotygu.com\/wp-content\/uploads\/2023\/12\/tygu-gory.png\",\"contentUrl\":\"https:\/\/gotygu.com\/wp-content\/uploads\/2023\/12\/tygu-gory.png\",\"width\":512,\"height\":512,\"caption\":\"Polska marka rowerowa z serca beskid\u00f3w. Odzie\u017c i akcesoria rowerowa projektowane przez rowerzyst\u00f3w. Odzie\u017c merino, enduro i mtb.\"},\"image\":{\"@id\":\"https:\/\/gotygu.com\/#\/schema\/logo\/image\/\"},\"sameAs\":[\"https:\/\/www.facebook.com\/TYGUapparel\"]}]}<\/script>\n<!-- \/ Yoast SEO plugin. -->","yoast_head_json":{"title":"KIDO BLUE SHORTS - TYGU","robots":{"index":"index","follow":"follow","max-snippet":"max-snippet:-1","max-image-preview":"max-image-preview:large","max-video-preview":"max-video-preview:-1"},"canonical":"https:\/\/gotygu.com\/en\/produkt\/2020-kido-spodenki-blue\/","og_locale":"en_US","og_type":"article","og_title":"KIDO BLUE SHORTS - TYGU","og_description":"The KIDO collection from TYGU is dedicated to the youngest children and includes gloves, shorts and T-shirts. Everything carefully sewn, light and airy. The shorts are made of polyester and nylon, additionally reinforced at the bottom \u2013 this combination will withstand many falls and protect against abrasions, and a panel with ventilation holes makes the shorts breathable.","og_url":"https:\/\/gotygu.com\/en\/produkt\/2020-kido-spodenki-blue\/","og_site_name":"TYGU","article_publisher":"https:\/\/www.facebook.com\/TYGUapparel","article_modified_time":"2025-11-30T23:00:28+00:00","og_image":[{"width":1718,"height":2000,"url":"https:\/\/gotygu.com\/wp-content\/uploads\/2022\/03\/s1.png","type":"image\/png"}],"twitter_card":"summary_large_image","twitter_misc":{"Est. reading time":"1 minute"},"schema":{"@context":"https:\/\/schema.org","@graph":[{"@type":"WebPage","@id":"https:\/\/gotygu.com\/en\/produkt\/2020-kido-spodenki-blue\/","url":"https:\/\/gotygu.com\/en\/produkt\/2020-kido-spodenki-blue\/","name":"KIDO BLUE SHORTS - TYGU","isPartOf":{"@id":"https:\/\/gotygu.com\/#website"},"primaryImageOfPage":{"@id":"https:\/\/gotygu.com\/en\/produkt\/2020-kido-spodenki-blue\/#primaryimage"},"image":{"@id":"https:\/\/gotygu.com\/en\/produkt\/2020-kido-spodenki-blue\/#primaryimage"},"thumbnailUrl":"https:\/\/gotygu.com\/wp-content\/uploads\/2022\/03\/s1.png","datePublished":"2020-05-27T07:08:00+00:00","dateModified":"2025-11-30T23:00:28+00:00","breadcrumb":{"@id":"https:\/\/gotygu.com\/en\/produkt\/2020-kido-spodenki-blue\/#breadcrumb"},"inLanguage":"en-US","potentialAction":[{"@type":"ReadAction","target":["https:\/\/gotygu.com\/en\/produkt\/2020-kido-spodenki-blue\/"]}]},{"@type":"ImageObject","inLanguage":"en-US","@id":"https:\/\/gotygu.com\/en\/produkt\/2020-kido-spodenki-blue\/#primaryimage","url":"https:\/\/gotygu.com\/wp-content\/uploads\/2022\/03\/s1.png","contentUrl":"https:\/\/gotygu.com\/wp-content\/uploads\/2022\/03\/s1.png","width":1718,"height":2000},{"@type":"BreadcrumbList","@id":"https:\/\/gotygu.com\/en\/produkt\/2020-kido-spodenki-blue\/#breadcrumb","itemListElement":[{"@type":"ListItem","position":1,"name":"Strona g\u0142\u00f3wna","item":"https:\/\/gotygu.com\/"},{"@type":"ListItem","position":2,"name":"Produkty","item":"https:\/\/gotygu.com\/shop\/"},{"@type":"ListItem","position":3,"name":"KIDO BLUE SHORTS"}]},{"@type":"WebSite","@id":"https:\/\/gotygu.com\/#website","url":"https:\/\/gotygu.com\/","name":"TYGU - Polska marka odzie\u017cy","description":"Designed To Ride - poznaj Polsk\u0105 mark\u0119","publisher":{"@id":"https:\/\/gotygu.com\/#organization"},"alternateName":"Prosto z serca Beskid\u00f3w. Autorskie projekty odzie\u017cy i akcesori\u00f3w rowerowych. Odzie\u017c Merino dla rowerzyst\u00f3w","potentialAction":[{"@type":"SearchAction","target":{"@type":"EntryPoint","urlTemplate":"https:\/\/gotygu.com\/?s={search_term_string}"},"query-input":{"@type":"PropertyValueSpecification","valueRequired":true,"valueName":"search_term_string"}}],"inLanguage":"en-US"},{"@type":"Organization","@id":"https:\/\/gotygu.com\/#organization","name":"Polska marka rowerowa z serca beskid\u00f3w. Odzie\u017c i akcesoria rowerowa projektowane przez rowerzyst\u00f3w. Odzie\u017c merino, enduro i mtb.","url":"https:\/\/gotygu.com\/","logo":{"@type":"ImageObject","inLanguage":"en-US","@id":"https:\/\/gotygu.com\/#\/schema\/logo\/image\/","url":"https:\/\/gotygu.com\/wp-content\/uploads\/2023\/12\/tygu-gory.png","contentUrl":"https:\/\/gotygu.com\/wp-content\/uploads\/2023\/12\/tygu-gory.png","width":512,"height":512,"caption":"Polska marka rowerowa z serca beskid\u00f3w. Odzie\u017c i akcesoria rowerowa projektowane przez rowerzyst\u00f3w. Odzie\u017c merino, enduro i mtb."},"image":{"@id":"https:\/\/gotygu.com\/#\/schema\/logo\/image\/"},"sameAs":["https:\/\/www.facebook.com\/TYGUapparel"]}]}},"_links":{"self":[{"href":"https:\/\/gotygu.com\/en\/wp-json\/wp\/v2\/product\/373442"}],"collection":[{"href":"https:\/\/gotygu.com\/en\/wp-json\/wp\/v2\/product"}],"about":[{"href":"https:\/\/gotygu.com\/en\/wp-json\/wp\/v2\/types\/product"}],"replies":[{"embeddable":true,"href":"https:\/\/gotygu.com\/en\/wp-json\/wp\/v2\/comments?post=373442"}],"wp:featuredmedia":[{"embeddable":true,"href":"https:\/\/gotygu.com\/en\/wp-json\/wp\/v2\/media\/372932"}],"wp:attachment":[{"href":"https:\/\/gotygu.com\/en\/wp-json\/wp\/v2\/media?parent=373442"}],"wp:term":[{"taxonomy":"product_brand","embeddable":true,"href":"https:\/\/gotygu.com\/en\/wp-json\/wp\/v2\/product_brand?post=373442"},{"taxonomy":"product_cat","embeddable":true,"href":"https:\/\/gotygu.com\/en\/wp-json\/wp\/v2\/product_cat?post=373442"},{"taxonomy":"product_tag","embeddable":true,"href":"https:\/\/gotygu.com\/en\/wp-json\/wp\/v2\/product_tag?post=373442"}],"curies":[{"name":"wp","href":"https:\/\/api.w.org\/{rel}","templated":true}]}}