{"id":373301,"date":"2022-05-16T13:27:00","date_gmt":"2022-05-16T11:27:00","guid":{"rendered":"https:\/\/gotygu.com\/produkt\/trooper-kids\/"},"modified":"2025-12-01T00:00:27","modified_gmt":"2025-11-30T23:00:27","slug":"trooper-kids","status":"publish","type":"product","link":"https:\/\/gotygu.com\/en\/produkt\/trooper-kids\/","title":{"rendered":"Trooper Kids Pants"},"content":{"rendered":"","protected":false},"excerpt":{"rendered":"<h3><strong>MTB pants for kids<\/strong><\/h3>\n<p>Lightweight fabric, construction and ventilation are the basis of this product. All sized for the youngest riders!<\/p>\n<ul>\n<li><strong>Softshell ripstop fabric,  <\/strong><\/li>\n<\/ul>\n<p>Comfort, durability and light weight in one product.<\/p>\n<ul>\n<li><strong>Cut heavily cycling<\/strong><\/li>\n<\/ul>\n<p>Loose around the thigh and fitted below the knee.<\/p>\n<ul>\n<li><strong>Fits protectors<\/strong><\/li>\n<\/ul>\n","protected":false},"featured_media":373104,"comment_status":"open","ping_status":"closed","template":"","meta":[],"product_brand":[],"product_cat":[195,211,127],"product_tag":[],"class_list":{"0":"post-373301","1":"product","2":"type-product","3":"status-publish","4":"has-post-thumbnail","6":"product_cat-child","7":"product_cat-childrens-pants","8":"product_cat-pants","9":"pa_rozmiary-122-en","10":"pa_rozmiary-128-en","11":"pa_rozmiary-134-en","12":"pa_rozmiary-140-en","14":"first","15":"instock","16":"sale","17":"taxable","18":"shipping-taxable","19":"purchasable","20":"product-type-variable"},"yoast_head":"<!-- This site is optimized with the Yoast SEO plugin v25.4 - https:\/\/yoast.com\/wordpress\/plugins\/seo\/ -->\n<title>Trooper Kids Pants - TYGU<\/title>\n<meta name=\"robots\" content=\"index, follow, max-snippet:-1, max-image-preview:large, max-video-preview:-1\" \/>\n<link rel=\"canonical\" href=\"https:\/\/gotygu.com\/produkt\/spodnie-trooper-kids\/\" \/>\n<meta property=\"og:locale\" content=\"en_US\" \/>\n<meta property=\"og:type\" content=\"article\" \/>\n<meta property=\"og:title\" content=\"Trooper Kids Pants - TYGU\" \/>\n<meta property=\"og:description\" content=\"MTB pants for kids Lightweight fabric, construction and ventilation are the basis of this product. All sized for the youngest riders!  Softshell ripstop fabric,  Comfort, durability and light weight in one product.  Cut heavily cycling Loose around the thigh and fitted below the knee.  Fits protectors\" \/>\n<meta property=\"og:url\" content=\"https:\/\/gotygu.com\/produkt\/spodnie-trooper-kids\/\" \/>\n<meta property=\"og:site_name\" content=\"TYGU\" \/>\n<meta property=\"article:publisher\" content=\"https:\/\/www.facebook.com\/TYGUapparel\" \/>\n<meta property=\"article:modified_time\" content=\"2025-11-30T23:00:27+00:00\" \/>\n<meta property=\"og:image\" content=\"https:\/\/gotygu.com\/wp-content\/uploads\/2022\/05\/spodnie-dzieciece-przod-poprawka-1.jpg\" \/>\n\t<meta property=\"og:image:width\" content=\"2500\" \/>\n\t<meta property=\"og:image:height\" content=\"2500\" \/>\n\t<meta property=\"og:image:type\" content=\"image\/jpeg\" \/>\n<meta name=\"twitter:card\" content=\"summary_large_image\" \/>\n<script type=\"application\/ld+json\" class=\"yoast-schema-graph\">{\"@context\":\"https:\/\/schema.org\",\"@graph\":[{\"@type\":\"WebPage\",\"@id\":\"https:\/\/gotygu.com\/produkt\/spodnie-trooper-kids\/\",\"url\":\"https:\/\/gotygu.com\/produkt\/spodnie-trooper-kids\/\",\"name\":\"Trooper Kids Pants - TYGU\",\"isPartOf\":{\"@id\":\"https:\/\/gotygu.com\/#website\"},\"primaryImageOfPage\":{\"@id\":\"https:\/\/gotygu.com\/produkt\/spodnie-trooper-kids\/#primaryimage\"},\"image\":{\"@id\":\"https:\/\/gotygu.com\/produkt\/spodnie-trooper-kids\/#primaryimage\"},\"thumbnailUrl\":\"https:\/\/gotygu.com\/wp-content\/uploads\/2022\/05\/spodnie-dzieciece-przod-poprawka-1.jpg\",\"datePublished\":\"2022-05-16T11:27:00+00:00\",\"dateModified\":\"2025-11-30T23:00:27+00:00\",\"breadcrumb\":{\"@id\":\"https:\/\/gotygu.com\/produkt\/spodnie-trooper-kids\/#breadcrumb\"},\"inLanguage\":\"en-US\",\"potentialAction\":[{\"@type\":\"ReadAction\",\"target\":[\"https:\/\/gotygu.com\/produkt\/spodnie-trooper-kids\/\"]}]},{\"@type\":\"ImageObject\",\"inLanguage\":\"en-US\",\"@id\":\"https:\/\/gotygu.com\/produkt\/spodnie-trooper-kids\/#primaryimage\",\"url\":\"https:\/\/gotygu.com\/wp-content\/uploads\/2022\/05\/spodnie-dzieciece-przod-poprawka-1.jpg\",\"contentUrl\":\"https:\/\/gotygu.com\/wp-content\/uploads\/2022\/05\/spodnie-dzieciece-przod-poprawka-1.jpg\",\"width\":2500,\"height\":2500},{\"@type\":\"BreadcrumbList\",\"@id\":\"https:\/\/gotygu.com\/produkt\/spodnie-trooper-kids\/#breadcrumb\",\"itemListElement\":[{\"@type\":\"ListItem\",\"position\":1,\"name\":\"Strona g\u0142\u00f3wna\",\"item\":\"https:\/\/gotygu.com\/\"},{\"@type\":\"ListItem\",\"position\":2,\"name\":\"Produkty\",\"item\":\"https:\/\/gotygu.com\/shop\/\"},{\"@type\":\"ListItem\",\"position\":3,\"name\":\"Trooper Kids Pants\"}]},{\"@type\":\"WebSite\",\"@id\":\"https:\/\/gotygu.com\/#website\",\"url\":\"https:\/\/gotygu.com\/\",\"name\":\"TYGU - Polska marka odzie\u017cy\",\"description\":\"Designed To Ride - poznaj Polsk\u0105 mark\u0119\",\"publisher\":{\"@id\":\"https:\/\/gotygu.com\/#organization\"},\"alternateName\":\"Prosto z serca Beskid\u00f3w. Autorskie projekty odzie\u017cy i akcesori\u00f3w rowerowych. Odzie\u017c Merino dla rowerzyst\u00f3w\",\"potentialAction\":[{\"@type\":\"SearchAction\",\"target\":{\"@type\":\"EntryPoint\",\"urlTemplate\":\"https:\/\/gotygu.com\/?s={search_term_string}\"},\"query-input\":{\"@type\":\"PropertyValueSpecification\",\"valueRequired\":true,\"valueName\":\"search_term_string\"}}],\"inLanguage\":\"en-US\"},{\"@type\":\"Organization\",\"@id\":\"https:\/\/gotygu.com\/#organization\",\"name\":\"Polska marka rowerowa z serca beskid\u00f3w. Odzie\u017c i akcesoria rowerowa projektowane przez rowerzyst\u00f3w. Odzie\u017c merino, enduro i mtb.\",\"url\":\"https:\/\/gotygu.com\/\",\"logo\":{\"@type\":\"ImageObject\",\"inLanguage\":\"en-US\",\"@id\":\"https:\/\/gotygu.com\/#\/schema\/logo\/image\/\",\"url\":\"https:\/\/gotygu.com\/wp-content\/uploads\/2023\/12\/tygu-gory.png\",\"contentUrl\":\"https:\/\/gotygu.com\/wp-content\/uploads\/2023\/12\/tygu-gory.png\",\"width\":512,\"height\":512,\"caption\":\"Polska marka rowerowa z serca beskid\u00f3w. Odzie\u017c i akcesoria rowerowa projektowane przez rowerzyst\u00f3w. Odzie\u017c merino, enduro i mtb.\"},\"image\":{\"@id\":\"https:\/\/gotygu.com\/#\/schema\/logo\/image\/\"},\"sameAs\":[\"https:\/\/www.facebook.com\/TYGUapparel\"]}]}<\/script>\n<!-- \/ Yoast SEO plugin. -->","yoast_head_json":{"title":"Trooper Kids Pants - TYGU","robots":{"index":"index","follow":"follow","max-snippet":"max-snippet:-1","max-image-preview":"max-image-preview:large","max-video-preview":"max-video-preview:-1"},"canonical":"https:\/\/gotygu.com\/produkt\/spodnie-trooper-kids\/","og_locale":"en_US","og_type":"article","og_title":"Trooper Kids Pants - TYGU","og_description":"MTB pants for kids Lightweight fabric, construction and ventilation are the basis of this product. All sized for the youngest riders!  Softshell ripstop fabric,  Comfort, durability and light weight in one product.  Cut heavily cycling Loose around the thigh and fitted below the knee.  Fits protectors","og_url":"https:\/\/gotygu.com\/produkt\/spodnie-trooper-kids\/","og_site_name":"TYGU","article_publisher":"https:\/\/www.facebook.com\/TYGUapparel","article_modified_time":"2025-11-30T23:00:27+00:00","og_image":[{"width":2500,"height":2500,"url":"https:\/\/gotygu.com\/wp-content\/uploads\/2022\/05\/spodnie-dzieciece-przod-poprawka-1.jpg","type":"image\/jpeg"}],"twitter_card":"summary_large_image","schema":{"@context":"https:\/\/schema.org","@graph":[{"@type":"WebPage","@id":"https:\/\/gotygu.com\/produkt\/spodnie-trooper-kids\/","url":"https:\/\/gotygu.com\/produkt\/spodnie-trooper-kids\/","name":"Trooper Kids Pants - TYGU","isPartOf":{"@id":"https:\/\/gotygu.com\/#website"},"primaryImageOfPage":{"@id":"https:\/\/gotygu.com\/produkt\/spodnie-trooper-kids\/#primaryimage"},"image":{"@id":"https:\/\/gotygu.com\/produkt\/spodnie-trooper-kids\/#primaryimage"},"thumbnailUrl":"https:\/\/gotygu.com\/wp-content\/uploads\/2022\/05\/spodnie-dzieciece-przod-poprawka-1.jpg","datePublished":"2022-05-16T11:27:00+00:00","dateModified":"2025-11-30T23:00:27+00:00","breadcrumb":{"@id":"https:\/\/gotygu.com\/produkt\/spodnie-trooper-kids\/#breadcrumb"},"inLanguage":"en-US","potentialAction":[{"@type":"ReadAction","target":["https:\/\/gotygu.com\/produkt\/spodnie-trooper-kids\/"]}]},{"@type":"ImageObject","inLanguage":"en-US","@id":"https:\/\/gotygu.com\/produkt\/spodnie-trooper-kids\/#primaryimage","url":"https:\/\/gotygu.com\/wp-content\/uploads\/2022\/05\/spodnie-dzieciece-przod-poprawka-1.jpg","contentUrl":"https:\/\/gotygu.com\/wp-content\/uploads\/2022\/05\/spodnie-dzieciece-przod-poprawka-1.jpg","width":2500,"height":2500},{"@type":"BreadcrumbList","@id":"https:\/\/gotygu.com\/produkt\/spodnie-trooper-kids\/#breadcrumb","itemListElement":[{"@type":"ListItem","position":1,"name":"Strona g\u0142\u00f3wna","item":"https:\/\/gotygu.com\/"},{"@type":"ListItem","position":2,"name":"Produkty","item":"https:\/\/gotygu.com\/shop\/"},{"@type":"ListItem","position":3,"name":"Trooper Kids Pants"}]},{"@type":"WebSite","@id":"https:\/\/gotygu.com\/#website","url":"https:\/\/gotygu.com\/","name":"TYGU - Polska marka odzie\u017cy","description":"Designed To Ride - poznaj Polsk\u0105 mark\u0119","publisher":{"@id":"https:\/\/gotygu.com\/#organization"},"alternateName":"Prosto z serca Beskid\u00f3w. Autorskie projekty odzie\u017cy i akcesori\u00f3w rowerowych. Odzie\u017c Merino dla rowerzyst\u00f3w","potentialAction":[{"@type":"SearchAction","target":{"@type":"EntryPoint","urlTemplate":"https:\/\/gotygu.com\/?s={search_term_string}"},"query-input":{"@type":"PropertyValueSpecification","valueRequired":true,"valueName":"search_term_string"}}],"inLanguage":"en-US"},{"@type":"Organization","@id":"https:\/\/gotygu.com\/#organization","name":"Polska marka rowerowa z serca beskid\u00f3w. Odzie\u017c i akcesoria rowerowa projektowane przez rowerzyst\u00f3w. Odzie\u017c merino, enduro i mtb.","url":"https:\/\/gotygu.com\/","logo":{"@type":"ImageObject","inLanguage":"en-US","@id":"https:\/\/gotygu.com\/#\/schema\/logo\/image\/","url":"https:\/\/gotygu.com\/wp-content\/uploads\/2023\/12\/tygu-gory.png","contentUrl":"https:\/\/gotygu.com\/wp-content\/uploads\/2023\/12\/tygu-gory.png","width":512,"height":512,"caption":"Polska marka rowerowa z serca beskid\u00f3w. Odzie\u017c i akcesoria rowerowa projektowane przez rowerzyst\u00f3w. Odzie\u017c merino, enduro i mtb."},"image":{"@id":"https:\/\/gotygu.com\/#\/schema\/logo\/image\/"},"sameAs":["https:\/\/www.facebook.com\/TYGUapparel"]}]}},"_links":{"self":[{"href":"https:\/\/gotygu.com\/en\/wp-json\/wp\/v2\/product\/373301"}],"collection":[{"href":"https:\/\/gotygu.com\/en\/wp-json\/wp\/v2\/product"}],"about":[{"href":"https:\/\/gotygu.com\/en\/wp-json\/wp\/v2\/types\/product"}],"replies":[{"embeddable":true,"href":"https:\/\/gotygu.com\/en\/wp-json\/wp\/v2\/comments?post=373301"}],"wp:featuredmedia":[{"embeddable":true,"href":"https:\/\/gotygu.com\/en\/wp-json\/wp\/v2\/media\/373104"}],"wp:attachment":[{"href":"https:\/\/gotygu.com\/en\/wp-json\/wp\/v2\/media?parent=373301"}],"wp:term":[{"taxonomy":"product_brand","embeddable":true,"href":"https:\/\/gotygu.com\/en\/wp-json\/wp\/v2\/product_brand?post=373301"},{"taxonomy":"product_cat","embeddable":true,"href":"https:\/\/gotygu.com\/en\/wp-json\/wp\/v2\/product_cat?post=373301"},{"taxonomy":"product_tag","embeddable":true,"href":"https:\/\/gotygu.com\/en\/wp-json\/wp\/v2\/product_tag?post=373301"}],"curies":[{"name":"wp","href":"https:\/\/api.w.org\/{rel}","templated":true}]}}