{"id":373278,"date":"2022-11-24T08:39:00","date_gmt":"2022-11-24T07:39:00","guid":{"rendered":"https:\/\/gotygu.com\/produkt\/2023-eve-jersey-trail\/"},"modified":"2025-12-01T00:00:27","modified_gmt":"2025-11-30T23:00:27","slug":"2023-eve-jersey-trail","status":"publish","type":"product","link":"https:\/\/gotygu.com\/en\/produkt\/2023-eve-jersey-trail\/","title":{"rendered":"EVE Jersey Trail"},"content":{"rendered":"","protected":false},"excerpt":{"rendered":"<table>\n<tbody>\n<tr>\n<td><img fetchpriority=\"high\" decoding=\"async\" class=\"alignnone size-medium\" src=\"https:\/\/gotygu.com\/wp-content\/uploads\/2022\/04\/222.jpg\" width=\"443\" height=\"265\"><\/td>\n<td>\n<h4>Lightest on the market<\/h4>\n<p>With a weight of ~130 gsm, we deliver ultralight, quick-drying, yet durable t-shirts. Available with short and long sleeves. <\/td>\n<\/tr>\n<tr>\n<td><\/td>\n<td><\/td>\n<\/tr>\n<tr>\n<td><img decoding=\"async\" src=\"https:\/\/gotygu.com\/wp-content\/uploads\/2022\/04\/2222.jpg\"><\/td>\n<td>\n<h4>Min. 50% recycled polyester<\/h4>\n<p>The use of partially recycled polyester makes the shirts lighter on the soul as well! We take care of the planet by limiting the consumption of its resources.<\/td>\n<\/tr>\n<\/tbody>\n<\/table>\n<p>&nbsp;<\/p>\n<p><!-- DivTable.com --><\/p>\n","protected":false},"featured_media":373188,"comment_status":"open","ping_status":"closed","template":"","meta":[],"product_brand":[],"product_cat":[197,198,100],"product_tag":[],"class_list":{"0":"post-373278","1":"product","2":"type-product","3":"status-publish","4":"has-post-thumbnail","6":"product_cat-she-en","7":"product_cat-womens-shirts","8":"product_cat-t-shirts","9":"pa_rozmiary-s-en","10":"pa_rozmiary-m-en","11":"pa_rozmiary-l-en","12":"pa_rozmiary-xl-en","14":"first","15":"instock","16":"taxable","17":"shipping-taxable","18":"purchasable","19":"product-type-variable"},"yoast_head":"<!-- This site is optimized with the Yoast SEO plugin v25.4 - https:\/\/yoast.com\/wordpress\/plugins\/seo\/ -->\n<title>EVE Jersey Trail - TYGU<\/title>\n<meta name=\"robots\" content=\"index, follow, max-snippet:-1, max-image-preview:large, max-video-preview:-1\" \/>\n<link rel=\"canonical\" href=\"https:\/\/gotygu.com\/produkt\/2023-eve-jersey-trail\/\" \/>\n<meta property=\"og:locale\" content=\"en_US\" \/>\n<meta property=\"og:type\" content=\"article\" \/>\n<meta property=\"og:title\" content=\"EVE Jersey Trail - TYGU\" \/>\n<meta property=\"og:description\" content=\"Lightest on the market With a weight of ~130 gsm, we deliver ultralight, quick-drying, yet durable t-shirts. Available with short and long sleeves.     Min. 50% recycled polyester The use of partially recycled polyester makes the shirts lighter on the soul as well! We take care of the planet by limiting the consumption of its resources.  &nbsp;\" \/>\n<meta property=\"og:url\" content=\"https:\/\/gotygu.com\/produkt\/2023-eve-jersey-trail\/\" \/>\n<meta property=\"og:site_name\" content=\"TYGU\" \/>\n<meta property=\"article:publisher\" content=\"https:\/\/www.facebook.com\/TYGUapparel\" \/>\n<meta property=\"article:modified_time\" content=\"2025-11-30T23:00:27+00:00\" \/>\n<meta property=\"og:image\" content=\"https:\/\/gotygu.com\/wp-content\/uploads\/2022\/11\/koszulka-szara-damska-p.jpg\" \/>\n\t<meta property=\"og:image:width\" content=\"2500\" \/>\n\t<meta property=\"og:image:height\" content=\"2500\" \/>\n\t<meta property=\"og:image:type\" content=\"image\/jpeg\" \/>\n<meta name=\"twitter:card\" content=\"summary_large_image\" \/>\n<script type=\"application\/ld+json\" class=\"yoast-schema-graph\">{\"@context\":\"https:\/\/schema.org\",\"@graph\":[{\"@type\":\"WebPage\",\"@id\":\"https:\/\/gotygu.com\/produkt\/2023-eve-jersey-trail\/\",\"url\":\"https:\/\/gotygu.com\/produkt\/2023-eve-jersey-trail\/\",\"name\":\"EVE Jersey Trail - TYGU\",\"isPartOf\":{\"@id\":\"https:\/\/gotygu.com\/#website\"},\"primaryImageOfPage\":{\"@id\":\"https:\/\/gotygu.com\/produkt\/2023-eve-jersey-trail\/#primaryimage\"},\"image\":{\"@id\":\"https:\/\/gotygu.com\/produkt\/2023-eve-jersey-trail\/#primaryimage\"},\"thumbnailUrl\":\"https:\/\/gotygu.com\/wp-content\/uploads\/2022\/11\/koszulka-szara-damska-p.jpg\",\"datePublished\":\"2022-11-24T07:39:00+00:00\",\"dateModified\":\"2025-11-30T23:00:27+00:00\",\"breadcrumb\":{\"@id\":\"https:\/\/gotygu.com\/produkt\/2023-eve-jersey-trail\/#breadcrumb\"},\"inLanguage\":\"en-US\",\"potentialAction\":[{\"@type\":\"ReadAction\",\"target\":[\"https:\/\/gotygu.com\/produkt\/2023-eve-jersey-trail\/\"]}]},{\"@type\":\"ImageObject\",\"inLanguage\":\"en-US\",\"@id\":\"https:\/\/gotygu.com\/produkt\/2023-eve-jersey-trail\/#primaryimage\",\"url\":\"https:\/\/gotygu.com\/wp-content\/uploads\/2022\/11\/koszulka-szara-damska-p.jpg\",\"contentUrl\":\"https:\/\/gotygu.com\/wp-content\/uploads\/2022\/11\/koszulka-szara-damska-p.jpg\",\"width\":2500,\"height\":2500},{\"@type\":\"BreadcrumbList\",\"@id\":\"https:\/\/gotygu.com\/produkt\/2023-eve-jersey-trail\/#breadcrumb\",\"itemListElement\":[{\"@type\":\"ListItem\",\"position\":1,\"name\":\"Strona g\u0142\u00f3wna\",\"item\":\"https:\/\/gotygu.com\/\"},{\"@type\":\"ListItem\",\"position\":2,\"name\":\"Produkty\",\"item\":\"https:\/\/gotygu.com\/shop\/\"},{\"@type\":\"ListItem\",\"position\":3,\"name\":\"EVE Jersey Trail\"}]},{\"@type\":\"WebSite\",\"@id\":\"https:\/\/gotygu.com\/#website\",\"url\":\"https:\/\/gotygu.com\/\",\"name\":\"TYGU - Polska marka odzie\u017cy\",\"description\":\"Designed To Ride - poznaj Polsk\u0105 mark\u0119\",\"publisher\":{\"@id\":\"https:\/\/gotygu.com\/#organization\"},\"alternateName\":\"Prosto z serca Beskid\u00f3w. Autorskie projekty odzie\u017cy i akcesori\u00f3w rowerowych. Odzie\u017c Merino dla rowerzyst\u00f3w\",\"potentialAction\":[{\"@type\":\"SearchAction\",\"target\":{\"@type\":\"EntryPoint\",\"urlTemplate\":\"https:\/\/gotygu.com\/?s={search_term_string}\"},\"query-input\":{\"@type\":\"PropertyValueSpecification\",\"valueRequired\":true,\"valueName\":\"search_term_string\"}}],\"inLanguage\":\"en-US\"},{\"@type\":\"Organization\",\"@id\":\"https:\/\/gotygu.com\/#organization\",\"name\":\"Polska marka rowerowa z serca beskid\u00f3w. Odzie\u017c i akcesoria rowerowa projektowane przez rowerzyst\u00f3w. Odzie\u017c merino, enduro i mtb.\",\"url\":\"https:\/\/gotygu.com\/\",\"logo\":{\"@type\":\"ImageObject\",\"inLanguage\":\"en-US\",\"@id\":\"https:\/\/gotygu.com\/#\/schema\/logo\/image\/\",\"url\":\"https:\/\/gotygu.com\/wp-content\/uploads\/2023\/12\/tygu-gory.png\",\"contentUrl\":\"https:\/\/gotygu.com\/wp-content\/uploads\/2023\/12\/tygu-gory.png\",\"width\":512,\"height\":512,\"caption\":\"Polska marka rowerowa z serca beskid\u00f3w. Odzie\u017c i akcesoria rowerowa projektowane przez rowerzyst\u00f3w. Odzie\u017c merino, enduro i mtb.\"},\"image\":{\"@id\":\"https:\/\/gotygu.com\/#\/schema\/logo\/image\/\"},\"sameAs\":[\"https:\/\/www.facebook.com\/TYGUapparel\"]}]}<\/script>\n<!-- \/ Yoast SEO plugin. -->","yoast_head_json":{"title":"EVE Jersey Trail - TYGU","robots":{"index":"index","follow":"follow","max-snippet":"max-snippet:-1","max-image-preview":"max-image-preview:large","max-video-preview":"max-video-preview:-1"},"canonical":"https:\/\/gotygu.com\/produkt\/2023-eve-jersey-trail\/","og_locale":"en_US","og_type":"article","og_title":"EVE Jersey Trail - TYGU","og_description":"Lightest on the market With a weight of ~130 gsm, we deliver ultralight, quick-drying, yet durable t-shirts. Available with short and long sleeves.     Min. 50% recycled polyester The use of partially recycled polyester makes the shirts lighter on the soul as well! We take care of the planet by limiting the consumption of its resources.  &nbsp;","og_url":"https:\/\/gotygu.com\/produkt\/2023-eve-jersey-trail\/","og_site_name":"TYGU","article_publisher":"https:\/\/www.facebook.com\/TYGUapparel","article_modified_time":"2025-11-30T23:00:27+00:00","og_image":[{"width":2500,"height":2500,"url":"https:\/\/gotygu.com\/wp-content\/uploads\/2022\/11\/koszulka-szara-damska-p.jpg","type":"image\/jpeg"}],"twitter_card":"summary_large_image","schema":{"@context":"https:\/\/schema.org","@graph":[{"@type":"WebPage","@id":"https:\/\/gotygu.com\/produkt\/2023-eve-jersey-trail\/","url":"https:\/\/gotygu.com\/produkt\/2023-eve-jersey-trail\/","name":"EVE Jersey Trail - TYGU","isPartOf":{"@id":"https:\/\/gotygu.com\/#website"},"primaryImageOfPage":{"@id":"https:\/\/gotygu.com\/produkt\/2023-eve-jersey-trail\/#primaryimage"},"image":{"@id":"https:\/\/gotygu.com\/produkt\/2023-eve-jersey-trail\/#primaryimage"},"thumbnailUrl":"https:\/\/gotygu.com\/wp-content\/uploads\/2022\/11\/koszulka-szara-damska-p.jpg","datePublished":"2022-11-24T07:39:00+00:00","dateModified":"2025-11-30T23:00:27+00:00","breadcrumb":{"@id":"https:\/\/gotygu.com\/produkt\/2023-eve-jersey-trail\/#breadcrumb"},"inLanguage":"en-US","potentialAction":[{"@type":"ReadAction","target":["https:\/\/gotygu.com\/produkt\/2023-eve-jersey-trail\/"]}]},{"@type":"ImageObject","inLanguage":"en-US","@id":"https:\/\/gotygu.com\/produkt\/2023-eve-jersey-trail\/#primaryimage","url":"https:\/\/gotygu.com\/wp-content\/uploads\/2022\/11\/koszulka-szara-damska-p.jpg","contentUrl":"https:\/\/gotygu.com\/wp-content\/uploads\/2022\/11\/koszulka-szara-damska-p.jpg","width":2500,"height":2500},{"@type":"BreadcrumbList","@id":"https:\/\/gotygu.com\/produkt\/2023-eve-jersey-trail\/#breadcrumb","itemListElement":[{"@type":"ListItem","position":1,"name":"Strona g\u0142\u00f3wna","item":"https:\/\/gotygu.com\/"},{"@type":"ListItem","position":2,"name":"Produkty","item":"https:\/\/gotygu.com\/shop\/"},{"@type":"ListItem","position":3,"name":"EVE Jersey Trail"}]},{"@type":"WebSite","@id":"https:\/\/gotygu.com\/#website","url":"https:\/\/gotygu.com\/","name":"TYGU - Polska marka odzie\u017cy","description":"Designed To Ride - poznaj Polsk\u0105 mark\u0119","publisher":{"@id":"https:\/\/gotygu.com\/#organization"},"alternateName":"Prosto z serca Beskid\u00f3w. Autorskie projekty odzie\u017cy i akcesori\u00f3w rowerowych. Odzie\u017c Merino dla rowerzyst\u00f3w","potentialAction":[{"@type":"SearchAction","target":{"@type":"EntryPoint","urlTemplate":"https:\/\/gotygu.com\/?s={search_term_string}"},"query-input":{"@type":"PropertyValueSpecification","valueRequired":true,"valueName":"search_term_string"}}],"inLanguage":"en-US"},{"@type":"Organization","@id":"https:\/\/gotygu.com\/#organization","name":"Polska marka rowerowa z serca beskid\u00f3w. Odzie\u017c i akcesoria rowerowa projektowane przez rowerzyst\u00f3w. Odzie\u017c merino, enduro i mtb.","url":"https:\/\/gotygu.com\/","logo":{"@type":"ImageObject","inLanguage":"en-US","@id":"https:\/\/gotygu.com\/#\/schema\/logo\/image\/","url":"https:\/\/gotygu.com\/wp-content\/uploads\/2023\/12\/tygu-gory.png","contentUrl":"https:\/\/gotygu.com\/wp-content\/uploads\/2023\/12\/tygu-gory.png","width":512,"height":512,"caption":"Polska marka rowerowa z serca beskid\u00f3w. Odzie\u017c i akcesoria rowerowa projektowane przez rowerzyst\u00f3w. Odzie\u017c merino, enduro i mtb."},"image":{"@id":"https:\/\/gotygu.com\/#\/schema\/logo\/image\/"},"sameAs":["https:\/\/www.facebook.com\/TYGUapparel"]}]}},"_links":{"self":[{"href":"https:\/\/gotygu.com\/en\/wp-json\/wp\/v2\/product\/373278"}],"collection":[{"href":"https:\/\/gotygu.com\/en\/wp-json\/wp\/v2\/product"}],"about":[{"href":"https:\/\/gotygu.com\/en\/wp-json\/wp\/v2\/types\/product"}],"replies":[{"embeddable":true,"href":"https:\/\/gotygu.com\/en\/wp-json\/wp\/v2\/comments?post=373278"}],"wp:featuredmedia":[{"embeddable":true,"href":"https:\/\/gotygu.com\/en\/wp-json\/wp\/v2\/media\/373188"}],"wp:attachment":[{"href":"https:\/\/gotygu.com\/en\/wp-json\/wp\/v2\/media?parent=373278"}],"wp:term":[{"taxonomy":"product_brand","embeddable":true,"href":"https:\/\/gotygu.com\/en\/wp-json\/wp\/v2\/product_brand?post=373278"},{"taxonomy":"product_cat","embeddable":true,"href":"https:\/\/gotygu.com\/en\/wp-json\/wp\/v2\/product_cat?post=373278"},{"taxonomy":"product_tag","embeddable":true,"href":"https:\/\/gotygu.com\/en\/wp-json\/wp\/v2\/product_tag?post=373278"}],"curies":[{"name":"wp","href":"https:\/\/api.w.org\/{rel}","templated":true}]}}