{"id":373487,"date":"2021-11-24T16:01:49","date_gmt":"2021-11-24T15:01:49","guid":{"rendered":"https:\/\/gotygu.com\/privacy-policy\/"},"modified":"2023-01-19T19:06:25","modified_gmt":"2023-01-19T18:06:25","slug":"privacy-policy","status":"publish","type":"page","link":"https:\/\/gotygu.com\/en\/privacy-policy\/","title":{"rendered":"Privacy Policy"},"content":{"rendered":"\t\t<div data-elementor-type=\"wp-page\" data-elementor-id=\"373487\" class=\"elementor elementor-373487 elementor-3\" data-elementor-post-type=\"page\">\n\t\t\t\t\t\t<section class=\"elementor-section elementor-top-section elementor-element elementor-element-1214957 elementor-section-full_width elementor-section-height-default elementor-section-height-default\" data-id=\"1214957\" data-element_type=\"section\" data-e-type=\"section\">\n\t\t\t\t\t\t<div class=\"elementor-container elementor-column-gap-default\">\n\t\t\t\t\t<div class=\"elementor-column elementor-col-50 elementor-top-column elementor-element elementor-element-9e8dc09\" data-id=\"9e8dc09\" data-element_type=\"column\" data-e-type=\"column\">\n\t\t\t<div class=\"elementor-widget-wrap\">\n\t\t\t\t\t\t\t<\/div>\n\t\t<\/div>\n\t\t\t\t<div class=\"elementor-column elementor-col-50 elementor-top-column elementor-element elementor-element-b89d846\" data-id=\"b89d846\" data-element_type=\"column\" data-e-type=\"column\">\n\t\t\t<div class=\"elementor-widget-wrap elementor-element-populated\">\n\t\t\t\t\t\t<div class=\"elementor-element elementor-element-c58d8f5 elementor-widget elementor-widget-heading\" data-id=\"c58d8f5\" data-element_type=\"widget\" data-e-type=\"widget\" data-widget_type=\"heading.default\">\n\t\t\t\t<div class=\"elementor-widget-container\">\n\t\t\t\t\t<h2 class=\"elementor-heading-title elementor-size-default\">PRIVACY POLICY<\/h2>\t\t\t\t<\/div>\n\t\t\t\t<\/div>\n\t\t\t\t\t<\/div>\n\t\t<\/div>\n\t\t\t\t\t<\/div>\n\t\t<\/section>\n\t\t\t\t<section class=\"elementor-section elementor-top-section elementor-element elementor-element-1088dabd elementor-section-boxed elementor-section-height-default elementor-section-height-default\" data-id=\"1088dabd\" data-element_type=\"section\" data-e-type=\"section\">\n\t\t\t\t\t\t<div class=\"elementor-container elementor-column-gap-default\">\n\t\t\t\t\t<div class=\"elementor-column elementor-col-100 elementor-top-column elementor-element elementor-element-67bf1f36\" data-id=\"67bf1f36\" data-element_type=\"column\" data-e-type=\"column\">\n\t\t\t<div class=\"elementor-widget-wrap elementor-element-populated\">\n\t\t\t\t\t\t<div class=\"elementor-element elementor-element-45c1632 elementor-widget elementor-widget-heading\" data-id=\"45c1632\" data-element_type=\"widget\" data-e-type=\"widget\" data-widget_type=\"heading.default\">\n\t\t\t\t<div class=\"elementor-widget-container\">\n\t\t\t\t\t<h2 class=\"elementor-heading-title elementor-size-default\">ATTENTION! PLEASE NOTE THAT THE ENGLISH PRIVACY POLICY IS AUTOMATICALLY TRANSLATED FROM POLISH WHICH MAKES THE POLISH PRIVACY POLICY THE ONLY CORRECT AND RELIABLE.<\/h2>\t\t\t\t<\/div>\n\t\t\t\t<\/div>\n\t\t\t\t<div class=\"elementor-element elementor-element-06a3ae3 elementor-widget elementor-widget-heading\" data-id=\"06a3ae3\" data-element_type=\"widget\" data-e-type=\"widget\" data-widget_type=\"heading.default\">\n\t\t\t\t<div class=\"elementor-widget-container\">\n\t\t\t\t\t<h2 class=\"elementor-heading-title elementor-size-default\">1 General Provisions<\/h2>\t\t\t\t<\/div>\n\t\t\t\t<\/div>\n\t\t\t\t<div class=\"elementor-element elementor-element-209ea8f elementor-widget elementor-widget-text-editor\" data-id=\"209ea8f\" data-element_type=\"widget\" data-e-type=\"widget\" data-widget_type=\"text-editor.default\">\n\t\t\t\t<div class=\"elementor-widget-container\">\n\t\t\t\t\t\t\t\t\t<h3>Providing personal data and consenting to its processing is completely voluntary and allows us to process your order.<\/h3>\n<p>The personal data you have provided to us is processed only to the extent and for the purpose for which you have consented.<\/p>\n<p>You have the right to update your personal data or delete it at any time.<\/p>\n<p>The administrator of the personal data collected via the Internet Store www.gotygu.com is Katarzyna Kania &#8211; Tuleja conducting business activity SEOPLUS Katarzyna Kania-Tuleja based in \u017bywiec, ul. Pi\u0119kna 1, NIP: 9452038365, REGON: 243277756, e-mail address: kontakt@gotygu.com &#8211; hereinafter referred to as the &#8220;Administrator&#8221; and being at the same time the Service Provider of the Internet Shop and the Seller.<\/p>\n<p>Customer&#8217;s personal data is processed in accordance with the Regulation of the European Parliament and of the Council (EU) 2016\/679 of April 27, 2016. on the protection of natural persons in relation to the processing of personal data and on the free flow of such data.<\/p>\n\t\t\t\t\t\t\t\t<\/div>\n\t\t\t\t<\/div>\n\t\t\t\t\t<\/div>\n\t\t<\/div>\n\t\t\t\t\t<\/div>\n\t\t<\/section>\n\t\t\t\t<section class=\"elementor-section elementor-top-section elementor-element elementor-element-6c39d7a elementor-section-boxed elementor-section-height-default elementor-section-height-default\" data-id=\"6c39d7a\" data-element_type=\"section\" data-e-type=\"section\">\n\t\t\t\t\t\t<div class=\"elementor-container elementor-column-gap-default\">\n\t\t\t\t\t<div class=\"elementor-column elementor-col-100 elementor-top-column elementor-element elementor-element-d53c047\" data-id=\"d53c047\" data-element_type=\"column\" data-e-type=\"column\">\n\t\t\t<div class=\"elementor-widget-wrap elementor-element-populated\">\n\t\t\t\t\t\t<div class=\"elementor-element elementor-element-f7467c9 elementor-widget elementor-widget-heading\" data-id=\"f7467c9\" data-element_type=\"widget\" data-e-type=\"widget\" data-widget_type=\"heading.default\">\n\t\t\t\t<div class=\"elementor-widget-container\">\n\t\t\t\t\t<h2 class=\"elementor-heading-title elementor-size-default\">2. purpose and scope of data collection<\/h2>\t\t\t\t<\/div>\n\t\t\t\t<\/div>\n\t\t\t\t<div class=\"elementor-element elementor-element-3a7bb63 elementor-widget elementor-widget-text-editor\" data-id=\"3a7bb63\" data-element_type=\"widget\" data-e-type=\"widget\" data-widget_type=\"text-editor.default\">\n\t\t\t\t<div class=\"elementor-widget-container\">\n\t\t\t\t\t\t\t\t\t<h3>Establishing a Customer Account in the online store www.gotygu.pl &#8211; requires entering the data necessary for its establishment, so there is no need to give us all the data from scratch every time you make a purchase, and it is possible to check the status of your order or view your purchase history. This data is processed only by www.gotygu.pl<\/h3>\n<ol>\n<li>e-mail address &#8211; needed for logging into the Customer&#8217;s Account and possible communication between the Customer and the Seller;<\/li>\n<li>Name &#8211; needed for invoicing and addressing the shipment;<\/li>\n<li>date of birth<\/li>\n<li>consent to send newsletters;<\/li>\n<li>consent to promotional offers from partners.<\/li>\n<\/ol>\n<p>This data is processed only by www.gotygu.pl<\/p>\n<p><b>When placing an order, it is required to provide the data necessary for its implementation &#8211; part of the data is automatically taken from the data provided when submitting a Customer Account. For the execution of the order are needed:<\/b><\/p>\n<ol>\n<li>Name or company name &#8211; needed to issue a sales document and address the shipment;<\/li>\n<li>address (street, house and apartment number, postal code, city, country) &#8211; needed to address the shipment;<\/li>\n<li>telephone number or cell phone number &#8211; required by the provider of your shipment &#8211; depending on the delivery method selected;<\/li>\n<li>e-mail address &#8211; required by the supplier of your shipment, depending on the selected delivery method;<\/li>\n<\/ol>\n<p><b>In addition, the customer may specify a different delivery address when placing an order or choose a different billing address (to which the sales document will be issued). For this purpose, for the execution of the order are necessary:<\/b><\/p>\n<ol>\n<li>Name or company name &#8211; needed to issue a sales document and address the shipment;<\/li>\n<li>address (street, house and apartment number, postal code, city, country) &#8211; needed to address the shipment;<\/li>\n<li>telephone number or cell phone number &#8211; required by the provider of your shipment &#8211; depending on the delivery method selected;<\/li>\n<li>e-mail address &#8211; required by the supplier of your shipment, depending on the selected delivery method;<\/li>\n<li>nip &#8211; needed for issuance of proof of sale.<\/li>\n<\/ol>\n<p><b>This data is processed by www.gotygu.com and transferred to Inpost, as the provider of your shipment, to the extent necessary to deliver the shipment depending on the delivery method selected early on in the form of a label or a waybill. The following data are transferred: name \/ company name, address, telephone number, e-mail address, telephone number.<\/b><\/p>\t\t\t\t\t\t\t\t<\/div>\n\t\t\t\t<\/div>\n\t\t\t\t\t<\/div>\n\t\t<\/div>\n\t\t\t\t\t<\/div>\n\t\t<\/section>\n\t\t\t\t<section class=\"elementor-section elementor-top-section elementor-element elementor-element-2ad8d8a elementor-section-boxed elementor-section-height-default elementor-section-height-default\" data-id=\"2ad8d8a\" data-element_type=\"section\" data-e-type=\"section\">\n\t\t\t\t\t\t<div class=\"elementor-container elementor-column-gap-default\">\n\t\t\t\t\t<div class=\"elementor-column elementor-col-100 elementor-top-column elementor-element elementor-element-dad6ed0\" data-id=\"dad6ed0\" data-element_type=\"column\" data-e-type=\"column\">\n\t\t\t<div class=\"elementor-widget-wrap elementor-element-populated\">\n\t\t\t\t\t\t<div class=\"elementor-element elementor-element-4e4bc17 elementor-widget elementor-widget-heading\" data-id=\"4e4bc17\" data-element_type=\"widget\" data-e-type=\"widget\" data-widget_type=\"heading.default\">\n\t\t\t\t<div class=\"elementor-widget-container\">\n\t\t\t\t\t<h2 class=\"elementor-heading-title elementor-size-default\">3. payments<\/h2>\t\t\t\t<\/div>\n\t\t\t\t<\/div>\n\t\t\t\t<div class=\"elementor-element elementor-element-82ea0e2 elementor-widget elementor-widget-text-editor\" data-id=\"82ea0e2\" data-element_type=\"widget\" data-e-type=\"widget\" data-widget_type=\"text-editor.default\">\n\t\t\t\t<div class=\"elementor-widget-container\">\n\t\t\t\t\t\t\t\t\t<p>If an external payment system is used, the customer is transferred to the payment operator&#8217;s website.<\/p>\n<p>www.tygu.com does not have any insight into this data, nor does it process it in any way.<\/p>\n<p>www.tygu.com works with przelewy24 and paypal.<\/p>\n<p>In the case of withdrawal from the contract, it is required to provide the following data: name, address and account number, necessary to complete the transfer. This data is processed only by www.gotygu.pl<\/p>\n<p>When sending newsletters or promotional offers from our partners, we need your email address. Consent to send newsletters or offers is given when creating a Customer Account and can be canceled at any time.<\/p>\t\t\t\t\t\t\t\t<\/div>\n\t\t\t\t<\/div>\n\t\t\t\t\t<\/div>\n\t\t<\/div>\n\t\t\t\t\t<\/div>\n\t\t<\/section>\n\t\t\t\t<section class=\"elementor-section elementor-top-section elementor-element elementor-element-21bd130 elementor-section-boxed elementor-section-height-default elementor-section-height-default\" data-id=\"21bd130\" data-element_type=\"section\" data-e-type=\"section\">\n\t\t\t\t\t\t<div class=\"elementor-container elementor-column-gap-default\">\n\t\t\t\t\t<div class=\"elementor-column elementor-col-100 elementor-top-column elementor-element elementor-element-5e28b41\" data-id=\"5e28b41\" data-element_type=\"column\" data-e-type=\"column\">\n\t\t\t<div class=\"elementor-widget-wrap elementor-element-populated\">\n\t\t\t\t\t\t<div class=\"elementor-element elementor-element-4cb8ac6 elementor-widget elementor-widget-heading\" data-id=\"4cb8ac6\" data-element_type=\"widget\" data-e-type=\"widget\" data-widget_type=\"heading.default\">\n\t\t\t\t<div class=\"elementor-widget-container\">\n\t\t\t\t\t<h2 class=\"elementor-heading-title elementor-size-default\">4 Purpose and scope of collecting personal data \"cookies\"<\/h2>\t\t\t\t<\/div>\n\t\t\t\t<\/div>\n\t\t\t\t<div class=\"elementor-element elementor-element-0eefc83 elementor-widget elementor-widget-text-editor\" data-id=\"0eefc83\" data-element_type=\"widget\" data-e-type=\"widget\" data-widget_type=\"text-editor.default\">\n\t\t\t\t<div class=\"elementor-widget-container\">\n\t\t\t\t\t\t\t\t\t<p>The data collected automatically when you go to www.gotygu.com &#8220;cookies&#8221; are small text files that are stored on your device when you visit www.gotygu.com in order for www.gotygu.com to recognize you and customize the site to your needs:<\/p>\n<ol>\n<li>remembering the login (session duration:)<\/li>\n<li>remembering the contents of the shopping cart (session duration:)<\/li>\n<li>creation of statistics and viewing reports<\/li>\n<\/ol>\n<p>You can block the placement of cookies on your device at any time by configuring your web browser accordingly. If cookies are blocked, it is not possible to guarantee the correct operation of the online store. Once you have consented to the placement of cookies, you can also remove them by configuring your web browser accordingly.<\/p>\t\t\t\t\t\t\t\t<\/div>\n\t\t\t\t<\/div>\n\t\t\t\t\t<\/div>\n\t\t<\/div>\n\t\t\t\t\t<\/div>\n\t\t<\/section>\n\t\t\t\t<section class=\"elementor-section elementor-top-section elementor-element elementor-element-1cfc235 elementor-section-boxed elementor-section-height-default elementor-section-height-default\" data-id=\"1cfc235\" data-element_type=\"section\" data-e-type=\"section\">\n\t\t\t\t\t\t<div class=\"elementor-container elementor-column-gap-default\">\n\t\t\t\t\t<div class=\"elementor-column elementor-col-100 elementor-top-column elementor-element elementor-element-26755b4\" data-id=\"26755b4\" data-element_type=\"column\" data-e-type=\"column\">\n\t\t\t<div class=\"elementor-widget-wrap elementor-element-populated\">\n\t\t\t\t\t\t<div class=\"elementor-element elementor-element-a1969f3 elementor-widget elementor-widget-heading\" data-id=\"a1969f3\" data-element_type=\"widget\" data-e-type=\"widget\" data-widget_type=\"heading.default\">\n\t\t\t\t<div class=\"elementor-widget-container\">\n\t\t\t\t\t<h2 class=\"elementor-heading-title elementor-size-default\">5. changes to the Privacy Policy<\/h2>\t\t\t\t<\/div>\n\t\t\t\t<\/div>\n\t\t\t\t<div class=\"elementor-element elementor-element-d0481eb elementor-widget elementor-widget-text-editor\" data-id=\"d0481eb\" data-element_type=\"widget\" data-e-type=\"widget\" data-widget_type=\"text-editor.default\">\n\t\t\t\t<div class=\"elementor-widget-container\">\n\t\t\t\t\t\t\t\t\t<p>It is allowed to make future changes to this document if required by applicable law or a change in the operation of the service dictated by technological or technical reasons.<\/p>\n<p>You will be notified of any changes by e-mail (to the e-mail address you provided when creating your Customer Account).<\/p>\t\t\t\t\t\t\t\t<\/div>\n\t\t\t\t<\/div>\n\t\t\t\t\t<\/div>\n\t\t<\/div>\n\t\t\t\t\t<\/div>\n\t\t<\/section>\n\t\t\t\t<section class=\"elementor-section elementor-top-section elementor-element elementor-element-632b711 elementor-section-boxed elementor-section-height-default elementor-section-height-default\" data-id=\"632b711\" data-element_type=\"section\" data-e-type=\"section\">\n\t\t\t\t\t\t<div class=\"elementor-container elementor-column-gap-default\">\n\t\t\t\t\t<div class=\"elementor-column elementor-col-100 elementor-top-column elementor-element elementor-element-7d0eafc\" data-id=\"7d0eafc\" data-element_type=\"column\" data-e-type=\"column\">\n\t\t\t<div class=\"elementor-widget-wrap elementor-element-populated\">\n\t\t\t\t\t\t<div class=\"elementor-element elementor-element-656532f elementor-widget elementor-widget-heading\" data-id=\"656532f\" data-element_type=\"widget\" data-e-type=\"widget\" data-widget_type=\"heading.default\">\n\t\t\t\t<div class=\"elementor-widget-container\">\n\t\t\t\t\t<h2 class=\"elementor-heading-title elementor-size-default\">6 Contact.<\/h2>\t\t\t\t<\/div>\n\t\t\t\t<\/div>\n\t\t\t\t<div class=\"elementor-element elementor-element-2a86046 elementor-widget elementor-widget-text-editor\" data-id=\"2a86046\" data-element_type=\"widget\" data-e-type=\"widget\" data-widget_type=\"text-editor.default\">\n\t\t\t\t<div class=\"elementor-widget-container\">\n\t\t\t\t\t\t\t\t\t<div id=\"Content\">\n<div class=\"content_wrapper clearfix\">\n<div class=\"sections_group\">\n<div class=\"entry-content\">\n<div class=\"section mcb-section mcb-section-1wjmnxnfc\">\n<div class=\"section_wrapper mcb-section-inner\">\n<div class=\"wrap mcb-wrap mcb-wrap-7bdpp6u3c one valign-top clearfix\">\n<div class=\"mcb-wrap-inner\">\n<div class=\"column mcb-column mcb-item-iiwwsjk9w one column_visual\">\n<p>If you have any questions or concerns regarding this Privacy Policy, please contact us by phone +48 533 150 105 or by email kontakt@gotygu.com.<\/p>\n<p>If you need to update or delete your personal data, please contact us by phone +48 533 150 105 or via email kontakt@gotygu.com, unless you can do it yourself from your Customer Account.<\/p>\n<p>Up-to-date contact information is always on www.gotygu.com under the Contact Us tab.<\/p>\n<p>This Privacy Policy is effective as of May 25, 2018.<\/p>\n<\/div>\n<\/div>\n<\/div>\n<\/div>\n<\/div>\n<div class=\"section the_content no_content\">\n<div class=\"section_wrapper\">\n<div class=\"the_content_wrapper cp-empty-content\"> <\/div>\n<\/div>\n<\/div>\n<div class=\"section section-page-footer\">\n<div class=\"section_wrapper clearfix\">\n<div class=\"column one page-pager\"> <\/div>\n<\/div>\n<\/div>\n<\/div>\n<\/div>\n<\/div>\n<\/div>\n<footer id=\"Footer\" class=\"clearfix\">\n<div class=\"widgets_wrapper\">\n<div class=\"container\">\n<div class=\"column one-third\">\n<aside id=\"widget_mfn_login-3\" class=\"widget widget_mfn_login\">\n<div class=\"mfn-login\"> <\/div>\n<\/aside>\n<\/div>\n<\/div>\n<\/div>\n<\/footer>\t\t\t\t\t\t\t\t<\/div>\n\t\t\t\t<\/div>\n\t\t\t\t\t<\/div>\n\t\t<\/div>\n\t\t\t\t\t<\/div>\n\t\t<\/section>\n\t\t\t\t<\/div>\n\t\t","protected":false},"excerpt":{"rendered":"<p>PRIVACY POLICY ATTENTION! PLEASE NOTE THAT THE ENGLISH PRIVACY POLICY IS AUTOMATICALLY TRANSLATED FROM POLISH WHICH MAKES THE POLISH PRIVACY POLICY THE ONLY CORRECT AND RELIABLE. 1 General Provisions Providing personal data and consenting to its processing is completely voluntary and allows us to process your order. The personal data you have provided to us [&hellip;]<\/p>\n","protected":false},"author":3023,"featured_media":0,"parent":0,"menu_order":0,"comment_status":"closed","ping_status":"open","template":"elementor_header_footer","meta":{"footnotes":""},"class_list":["post-373487","page","type-page","status-publish","hentry"],"yoast_head":"<!-- This site is optimized with the Yoast SEO plugin v25.4 - https:\/\/yoast.com\/wordpress\/plugins\/seo\/ -->\n<title>Privacy Policy - TYGU<\/title>\n<meta name=\"robots\" content=\"index, follow, max-snippet:-1, max-image-preview:large, max-video-preview:-1\" \/>\n<link rel=\"canonical\" href=\"https:\/\/gotygu.com\/polityka-prywatnosci-2\/\" \/>\n<meta property=\"og:locale\" content=\"en_US\" \/>\n<meta property=\"og:type\" content=\"article\" \/>\n<meta property=\"og:title\" content=\"Privacy Policy - TYGU\" \/>\n<meta property=\"og:description\" content=\"PRIVACY POLICY ATTENTION! PLEASE NOTE THAT THE ENGLISH PRIVACY POLICY IS AUTOMATICALLY TRANSLATED FROM POLISH WHICH MAKES THE POLISH PRIVACY POLICY THE ONLY CORRECT AND RELIABLE. 1 General Provisions Providing personal data and consenting to its processing is completely voluntary and allows us to process your order. The personal data you have provided to us [&hellip;]\" \/>\n<meta property=\"og:url\" content=\"https:\/\/gotygu.com\/polityka-prywatnosci-2\/\" \/>\n<meta property=\"og:site_name\" content=\"TYGU\" \/>\n<meta property=\"article:publisher\" content=\"https:\/\/www.facebook.com\/TYGUapparel\" \/>\n<meta property=\"article:modified_time\" content=\"2023-01-19T18:06:25+00:00\" \/>\n<meta property=\"og:image\" content=\"https:\/\/gotygu.com\/wp-content\/uploads\/2023\/12\/tygu-gory.png\" \/>\n\t<meta property=\"og:image:width\" content=\"512\" \/>\n\t<meta property=\"og:image:height\" content=\"512\" \/>\n\t<meta property=\"og:image:type\" content=\"image\/png\" \/>\n<meta name=\"twitter:card\" content=\"summary_large_image\" \/>\n<meta name=\"twitter:label1\" content=\"Est. reading time\" \/>\n\t<meta name=\"twitter:data1\" content=\"5 minutes\" \/>\n<script type=\"application\/ld+json\" class=\"yoast-schema-graph\">{\"@context\":\"https:\/\/schema.org\",\"@graph\":[{\"@type\":\"WebPage\",\"@id\":\"https:\/\/gotygu.com\/polityka-prywatnosci-2\/\",\"url\":\"https:\/\/gotygu.com\/polityka-prywatnosci-2\/\",\"name\":\"Privacy Policy - TYGU\",\"isPartOf\":{\"@id\":\"https:\/\/gotygu.com\/#website\"},\"datePublished\":\"2021-11-24T15:01:49+00:00\",\"dateModified\":\"2023-01-19T18:06:25+00:00\",\"breadcrumb\":{\"@id\":\"https:\/\/gotygu.com\/polityka-prywatnosci-2\/#breadcrumb\"},\"inLanguage\":\"en-US\",\"potentialAction\":[{\"@type\":\"ReadAction\",\"target\":[\"https:\/\/gotygu.com\/polityka-prywatnosci-2\/\"]}]},{\"@type\":\"BreadcrumbList\",\"@id\":\"https:\/\/gotygu.com\/polityka-prywatnosci-2\/#breadcrumb\",\"itemListElement\":[{\"@type\":\"ListItem\",\"position\":1,\"name\":\"Strona g\u0142\u00f3wna\",\"item\":\"https:\/\/gotygu.com\/\"},{\"@type\":\"ListItem\",\"position\":2,\"name\":\"Privacy Policy\"}]},{\"@type\":\"WebSite\",\"@id\":\"https:\/\/gotygu.com\/#website\",\"url\":\"https:\/\/gotygu.com\/\",\"name\":\"TYGU - Polska marka odzie\u017cy\",\"description\":\"Designed To Ride - poznaj Polsk\u0105 mark\u0119\",\"publisher\":{\"@id\":\"https:\/\/gotygu.com\/#organization\"},\"alternateName\":\"Prosto z serca Beskid\u00f3w. Autorskie projekty odzie\u017cy i akcesori\u00f3w rowerowych. Odzie\u017c Merino dla rowerzyst\u00f3w\",\"potentialAction\":[{\"@type\":\"SearchAction\",\"target\":{\"@type\":\"EntryPoint\",\"urlTemplate\":\"https:\/\/gotygu.com\/?s={search_term_string}\"},\"query-input\":{\"@type\":\"PropertyValueSpecification\",\"valueRequired\":true,\"valueName\":\"search_term_string\"}}],\"inLanguage\":\"en-US\"},{\"@type\":\"Organization\",\"@id\":\"https:\/\/gotygu.com\/#organization\",\"name\":\"Polska marka rowerowa z serca beskid\u00f3w. Odzie\u017c i akcesoria rowerowa projektowane przez rowerzyst\u00f3w. Odzie\u017c merino, enduro i mtb.\",\"url\":\"https:\/\/gotygu.com\/\",\"logo\":{\"@type\":\"ImageObject\",\"inLanguage\":\"en-US\",\"@id\":\"https:\/\/gotygu.com\/#\/schema\/logo\/image\/\",\"url\":\"https:\/\/gotygu.com\/wp-content\/uploads\/2023\/12\/tygu-gory.png\",\"contentUrl\":\"https:\/\/gotygu.com\/wp-content\/uploads\/2023\/12\/tygu-gory.png\",\"width\":512,\"height\":512,\"caption\":\"Polska marka rowerowa z serca beskid\u00f3w. Odzie\u017c i akcesoria rowerowa projektowane przez rowerzyst\u00f3w. Odzie\u017c merino, enduro i mtb.\"},\"image\":{\"@id\":\"https:\/\/gotygu.com\/#\/schema\/logo\/image\/\"},\"sameAs\":[\"https:\/\/www.facebook.com\/TYGUapparel\"]}]}<\/script>\n<!-- \/ Yoast SEO plugin. -->","yoast_head_json":{"title":"Privacy Policy - TYGU","robots":{"index":"index","follow":"follow","max-snippet":"max-snippet:-1","max-image-preview":"max-image-preview:large","max-video-preview":"max-video-preview:-1"},"canonical":"https:\/\/gotygu.com\/polityka-prywatnosci-2\/","og_locale":"en_US","og_type":"article","og_title":"Privacy Policy - TYGU","og_description":"PRIVACY POLICY ATTENTION! PLEASE NOTE THAT THE ENGLISH PRIVACY POLICY IS AUTOMATICALLY TRANSLATED FROM POLISH WHICH MAKES THE POLISH PRIVACY POLICY THE ONLY CORRECT AND RELIABLE. 1 General Provisions Providing personal data and consenting to its processing is completely voluntary and allows us to process your order. The personal data you have provided to us [&hellip;]","og_url":"https:\/\/gotygu.com\/polityka-prywatnosci-2\/","og_site_name":"TYGU","article_publisher":"https:\/\/www.facebook.com\/TYGUapparel","article_modified_time":"2023-01-19T18:06:25+00:00","og_image":[{"width":512,"height":512,"url":"https:\/\/gotygu.com\/wp-content\/uploads\/2023\/12\/tygu-gory.png","type":"image\/png"}],"twitter_card":"summary_large_image","twitter_misc":{"Est. reading time":"5 minutes"},"schema":{"@context":"https:\/\/schema.org","@graph":[{"@type":"WebPage","@id":"https:\/\/gotygu.com\/polityka-prywatnosci-2\/","url":"https:\/\/gotygu.com\/polityka-prywatnosci-2\/","name":"Privacy Policy - TYGU","isPartOf":{"@id":"https:\/\/gotygu.com\/#website"},"datePublished":"2021-11-24T15:01:49+00:00","dateModified":"2023-01-19T18:06:25+00:00","breadcrumb":{"@id":"https:\/\/gotygu.com\/polityka-prywatnosci-2\/#breadcrumb"},"inLanguage":"en-US","potentialAction":[{"@type":"ReadAction","target":["https:\/\/gotygu.com\/polityka-prywatnosci-2\/"]}]},{"@type":"BreadcrumbList","@id":"https:\/\/gotygu.com\/polityka-prywatnosci-2\/#breadcrumb","itemListElement":[{"@type":"ListItem","position":1,"name":"Strona g\u0142\u00f3wna","item":"https:\/\/gotygu.com\/"},{"@type":"ListItem","position":2,"name":"Privacy Policy"}]},{"@type":"WebSite","@id":"https:\/\/gotygu.com\/#website","url":"https:\/\/gotygu.com\/","name":"TYGU - Polska marka odzie\u017cy","description":"Designed To Ride - poznaj Polsk\u0105 mark\u0119","publisher":{"@id":"https:\/\/gotygu.com\/#organization"},"alternateName":"Prosto z serca Beskid\u00f3w. Autorskie projekty odzie\u017cy i akcesori\u00f3w rowerowych. Odzie\u017c Merino dla rowerzyst\u00f3w","potentialAction":[{"@type":"SearchAction","target":{"@type":"EntryPoint","urlTemplate":"https:\/\/gotygu.com\/?s={search_term_string}"},"query-input":{"@type":"PropertyValueSpecification","valueRequired":true,"valueName":"search_term_string"}}],"inLanguage":"en-US"},{"@type":"Organization","@id":"https:\/\/gotygu.com\/#organization","name":"Polska marka rowerowa z serca beskid\u00f3w. Odzie\u017c i akcesoria rowerowa projektowane przez rowerzyst\u00f3w. Odzie\u017c merino, enduro i mtb.","url":"https:\/\/gotygu.com\/","logo":{"@type":"ImageObject","inLanguage":"en-US","@id":"https:\/\/gotygu.com\/#\/schema\/logo\/image\/","url":"https:\/\/gotygu.com\/wp-content\/uploads\/2023\/12\/tygu-gory.png","contentUrl":"https:\/\/gotygu.com\/wp-content\/uploads\/2023\/12\/tygu-gory.png","width":512,"height":512,"caption":"Polska marka rowerowa z serca beskid\u00f3w. Odzie\u017c i akcesoria rowerowa projektowane przez rowerzyst\u00f3w. Odzie\u017c merino, enduro i mtb."},"image":{"@id":"https:\/\/gotygu.com\/#\/schema\/logo\/image\/"},"sameAs":["https:\/\/www.facebook.com\/TYGUapparel"]}]}},"_links":{"self":[{"href":"https:\/\/gotygu.com\/en\/wp-json\/wp\/v2\/pages\/373487"}],"collection":[{"href":"https:\/\/gotygu.com\/en\/wp-json\/wp\/v2\/pages"}],"about":[{"href":"https:\/\/gotygu.com\/en\/wp-json\/wp\/v2\/types\/page"}],"author":[{"embeddable":true,"href":"https:\/\/gotygu.com\/en\/wp-json\/wp\/v2\/users\/3023"}],"replies":[{"embeddable":true,"href":"https:\/\/gotygu.com\/en\/wp-json\/wp\/v2\/comments?post=373487"}],"version-history":[{"count":8,"href":"https:\/\/gotygu.com\/en\/wp-json\/wp\/v2\/pages\/373487\/revisions"}],"predecessor-version":[{"id":373896,"href":"https:\/\/gotygu.com\/en\/wp-json\/wp\/v2\/pages\/373487\/revisions\/373896"}],"wp:attachment":[{"href":"https:\/\/gotygu.com\/en\/wp-json\/wp\/v2\/media?parent=373487"}],"curies":[{"name":"wp","href":"https:\/\/api.w.org\/{rel}","templated":true}]}}