{"id":387616,"date":"2024-12-01T10:29:00","date_gmt":"2024-12-01T09:29:00","guid":{"rendered":"https:\/\/gotygu.com\/produkt\/huba\/"},"modified":"2025-12-01T00:00:12","modified_gmt":"2025-11-30T23:00:12","slug":"huba","status":"publish","type":"product","link":"https:\/\/gotygu.com\/de\/produkt\/huba\/","title":{"rendered":"HUBA"},"content":{"rendered":"","protected":false},"excerpt":{"rendered":"<h2><img decoding=\"async\" class=\"alignnone wp-image-386623\" src=\"https:\/\/gotygu.com\/wp-content\/uploads\/2024\/12\/eco-tag.png\" alt=\"\" width=\"159\" height=\"171\"><\/h2>\n<h2>HUBA<\/h2>\n<p>Verabschieden Sie sich von Nieren, Rucks\u00e4cken oder Rahmenspinden. Der HUBA hilft Ihnen dabei, indem er die meisten Ihrer wichtigsten Utensilien transportiert. Eine wasserdichte und robuste Tasche, die Sie immer zur Hand haben.  <\/p>\n<ul>\n<li>Der HUBA ist eine hochfunktionelle Fahrradtasche, in der Sie wichtige Dinge wie Werkzeug, Pumpen, Schl\u00fcssel usw. transportieren k\u00f6nnen.<\/li>\n<li>Auch f\u00fcr lange Gegenst\u00e4nde geeignet (z.B. eine l\u00e4ngere Pumpe)<\/li>\n<li>Elastische Riemen helfen, etwas au\u00dferhalb der Tasche zu tragen<\/li>\n<li>Strapazierf\u00e4higes und wasserdichtes Polyestergewebe<\/li>\n<\/ul>\n<p>&nbsp;<\/p>\n<p>&nbsp;<\/p>\n","protected":false},"featured_media":386616,"comment_status":"open","ping_status":"closed","template":"","meta":[],"product_brand":[],"product_cat":[226,225],"product_tag":[],"class_list":{"0":"post-387616","1":"product","2":"type-product","3":"status-publish","4":"has-post-thumbnail","6":"product_cat-keine-kategorie","7":"product_cat-zubehr","9":"first","10":"instock","11":"taxable","12":"shipping-taxable","13":"purchasable","14":"product-type-simple"},"yoast_head":"<!-- This site is optimized with the Yoast SEO plugin v25.4 - https:\/\/yoast.com\/wordpress\/plugins\/seo\/ -->\n<title>HUBA - TYGU<\/title>\n<meta name=\"robots\" content=\"index, follow, max-snippet:-1, max-image-preview:large, max-video-preview:-1\" \/>\n<link rel=\"canonical\" href=\"https:\/\/gotygu.com\/produkt\/huba\/\" \/>\n<meta property=\"og:locale\" content=\"de_DE\" \/>\n<meta property=\"og:type\" content=\"article\" \/>\n<meta property=\"og:title\" content=\"HUBA - TYGU\" \/>\n<meta property=\"og:description\" content=\"HUBA Verabschieden Sie sich von Nieren, Rucks\u00e4cken oder Rahmenspinden. Der HUBA hilft Ihnen dabei, indem er die meisten Ihrer wichtigsten Utensilien transportiert. Eine wasserdichte und robuste Tasche, die Sie immer zur Hand haben.   Der HUBA ist eine hochfunktionelle Fahrradtasche, in der Sie wichtige Dinge wie Werkzeug, Pumpen, Schl\u00fcssel usw. transportieren k\u00f6nnen.  Auch f\u00fcr lange Gegenst\u00e4nde geeignet (z.B. eine l\u00e4ngere Pumpe)  Elastische Riemen helfen, etwas au\u00dferhalb der Tasche zu tragen  Strapazierf\u00e4higes und wasserdichtes Polyestergewebe &nbsp; &nbsp;\" \/>\n<meta property=\"og:url\" content=\"https:\/\/gotygu.com\/produkt\/huba\/\" \/>\n<meta property=\"og:site_name\" content=\"TYGU\" \/>\n<meta property=\"article:publisher\" content=\"https:\/\/www.facebook.com\/TYGUapparel\" \/>\n<meta property=\"article:modified_time\" content=\"2025-11-30T23:00:12+00:00\" \/>\n<meta property=\"og:image\" content=\"https:\/\/gotygu.com\/wp-content\/uploads\/2024\/12\/Untitled-3.jpg\" \/>\n\t<meta property=\"og:image:width\" content=\"1417\" \/>\n\t<meta property=\"og:image:height\" content=\"1890\" \/>\n\t<meta property=\"og:image:type\" content=\"image\/jpeg\" \/>\n<meta name=\"twitter:card\" content=\"summary_large_image\" \/>\n<script type=\"application\/ld+json\" class=\"yoast-schema-graph\">{\"@context\":\"https:\/\/schema.org\",\"@graph\":[{\"@type\":\"WebPage\",\"@id\":\"https:\/\/gotygu.com\/produkt\/huba\/\",\"url\":\"https:\/\/gotygu.com\/produkt\/huba\/\",\"name\":\"HUBA - TYGU\",\"isPartOf\":{\"@id\":\"https:\/\/gotygu.com\/#website\"},\"primaryImageOfPage\":{\"@id\":\"https:\/\/gotygu.com\/produkt\/huba\/#primaryimage\"},\"image\":{\"@id\":\"https:\/\/gotygu.com\/produkt\/huba\/#primaryimage\"},\"thumbnailUrl\":\"https:\/\/gotygu.com\/wp-content\/uploads\/2024\/12\/Untitled-3.jpg\",\"datePublished\":\"2024-12-01T09:29:00+00:00\",\"dateModified\":\"2025-11-30T23:00:12+00:00\",\"breadcrumb\":{\"@id\":\"https:\/\/gotygu.com\/produkt\/huba\/#breadcrumb\"},\"inLanguage\":\"de\",\"potentialAction\":[{\"@type\":\"ReadAction\",\"target\":[\"https:\/\/gotygu.com\/produkt\/huba\/\"]}]},{\"@type\":\"ImageObject\",\"inLanguage\":\"de\",\"@id\":\"https:\/\/gotygu.com\/produkt\/huba\/#primaryimage\",\"url\":\"https:\/\/gotygu.com\/wp-content\/uploads\/2024\/12\/Untitled-3.jpg\",\"contentUrl\":\"https:\/\/gotygu.com\/wp-content\/uploads\/2024\/12\/Untitled-3.jpg\",\"width\":1417,\"height\":1890},{\"@type\":\"BreadcrumbList\",\"@id\":\"https:\/\/gotygu.com\/produkt\/huba\/#breadcrumb\",\"itemListElement\":[{\"@type\":\"ListItem\",\"position\":1,\"name\":\"Strona g\u0142\u00f3wna\",\"item\":\"https:\/\/gotygu.com\/\"},{\"@type\":\"ListItem\",\"position\":2,\"name\":\"Produkty\",\"item\":\"https:\/\/gotygu.com\/shop\/\"},{\"@type\":\"ListItem\",\"position\":3,\"name\":\"HUBA\"}]},{\"@type\":\"WebSite\",\"@id\":\"https:\/\/gotygu.com\/#website\",\"url\":\"https:\/\/gotygu.com\/\",\"name\":\"TYGU - Polska marka odzie\u017cy\",\"description\":\"Designed To Ride - poznaj Polsk\u0105 mark\u0119\",\"publisher\":{\"@id\":\"https:\/\/gotygu.com\/#organization\"},\"alternateName\":\"Prosto z serca Beskid\u00f3w. Autorskie projekty odzie\u017cy i akcesori\u00f3w rowerowych. Odzie\u017c Merino dla rowerzyst\u00f3w\",\"potentialAction\":[{\"@type\":\"SearchAction\",\"target\":{\"@type\":\"EntryPoint\",\"urlTemplate\":\"https:\/\/gotygu.com\/?s={search_term_string}\"},\"query-input\":{\"@type\":\"PropertyValueSpecification\",\"valueRequired\":true,\"valueName\":\"search_term_string\"}}],\"inLanguage\":\"de\"},{\"@type\":\"Organization\",\"@id\":\"https:\/\/gotygu.com\/#organization\",\"name\":\"Polska marka rowerowa z serca beskid\u00f3w. Odzie\u017c i akcesoria rowerowa projektowane przez rowerzyst\u00f3w. Odzie\u017c merino, enduro i mtb.\",\"url\":\"https:\/\/gotygu.com\/\",\"logo\":{\"@type\":\"ImageObject\",\"inLanguage\":\"de\",\"@id\":\"https:\/\/gotygu.com\/#\/schema\/logo\/image\/\",\"url\":\"https:\/\/gotygu.com\/wp-content\/uploads\/2023\/12\/tygu-gory.png\",\"contentUrl\":\"https:\/\/gotygu.com\/wp-content\/uploads\/2023\/12\/tygu-gory.png\",\"width\":512,\"height\":512,\"caption\":\"Polska marka rowerowa z serca beskid\u00f3w. Odzie\u017c i akcesoria rowerowa projektowane przez rowerzyst\u00f3w. Odzie\u017c merino, enduro i mtb.\"},\"image\":{\"@id\":\"https:\/\/gotygu.com\/#\/schema\/logo\/image\/\"},\"sameAs\":[\"https:\/\/www.facebook.com\/TYGUapparel\"]}]}<\/script>\n<!-- \/ Yoast SEO plugin. -->","yoast_head_json":{"title":"HUBA - TYGU","robots":{"index":"index","follow":"follow","max-snippet":"max-snippet:-1","max-image-preview":"max-image-preview:large","max-video-preview":"max-video-preview:-1"},"canonical":"https:\/\/gotygu.com\/produkt\/huba\/","og_locale":"de_DE","og_type":"article","og_title":"HUBA - TYGU","og_description":"HUBA Verabschieden Sie sich von Nieren, Rucks\u00e4cken oder Rahmenspinden. Der HUBA hilft Ihnen dabei, indem er die meisten Ihrer wichtigsten Utensilien transportiert. Eine wasserdichte und robuste Tasche, die Sie immer zur Hand haben.   Der HUBA ist eine hochfunktionelle Fahrradtasche, in der Sie wichtige Dinge wie Werkzeug, Pumpen, Schl\u00fcssel usw. transportieren k\u00f6nnen.  Auch f\u00fcr lange Gegenst\u00e4nde geeignet (z.B. eine l\u00e4ngere Pumpe)  Elastische Riemen helfen, etwas au\u00dferhalb der Tasche zu tragen  Strapazierf\u00e4higes und wasserdichtes Polyestergewebe &nbsp; &nbsp;","og_url":"https:\/\/gotygu.com\/produkt\/huba\/","og_site_name":"TYGU","article_publisher":"https:\/\/www.facebook.com\/TYGUapparel","article_modified_time":"2025-11-30T23:00:12+00:00","og_image":[{"width":1417,"height":1890,"url":"https:\/\/gotygu.com\/wp-content\/uploads\/2024\/12\/Untitled-3.jpg","type":"image\/jpeg"}],"twitter_card":"summary_large_image","schema":{"@context":"https:\/\/schema.org","@graph":[{"@type":"WebPage","@id":"https:\/\/gotygu.com\/produkt\/huba\/","url":"https:\/\/gotygu.com\/produkt\/huba\/","name":"HUBA - TYGU","isPartOf":{"@id":"https:\/\/gotygu.com\/#website"},"primaryImageOfPage":{"@id":"https:\/\/gotygu.com\/produkt\/huba\/#primaryimage"},"image":{"@id":"https:\/\/gotygu.com\/produkt\/huba\/#primaryimage"},"thumbnailUrl":"https:\/\/gotygu.com\/wp-content\/uploads\/2024\/12\/Untitled-3.jpg","datePublished":"2024-12-01T09:29:00+00:00","dateModified":"2025-11-30T23:00:12+00:00","breadcrumb":{"@id":"https:\/\/gotygu.com\/produkt\/huba\/#breadcrumb"},"inLanguage":"de","potentialAction":[{"@type":"ReadAction","target":["https:\/\/gotygu.com\/produkt\/huba\/"]}]},{"@type":"ImageObject","inLanguage":"de","@id":"https:\/\/gotygu.com\/produkt\/huba\/#primaryimage","url":"https:\/\/gotygu.com\/wp-content\/uploads\/2024\/12\/Untitled-3.jpg","contentUrl":"https:\/\/gotygu.com\/wp-content\/uploads\/2024\/12\/Untitled-3.jpg","width":1417,"height":1890},{"@type":"BreadcrumbList","@id":"https:\/\/gotygu.com\/produkt\/huba\/#breadcrumb","itemListElement":[{"@type":"ListItem","position":1,"name":"Strona g\u0142\u00f3wna","item":"https:\/\/gotygu.com\/"},{"@type":"ListItem","position":2,"name":"Produkty","item":"https:\/\/gotygu.com\/shop\/"},{"@type":"ListItem","position":3,"name":"HUBA"}]},{"@type":"WebSite","@id":"https:\/\/gotygu.com\/#website","url":"https:\/\/gotygu.com\/","name":"TYGU - Polska marka odzie\u017cy","description":"Designed To Ride - poznaj Polsk\u0105 mark\u0119","publisher":{"@id":"https:\/\/gotygu.com\/#organization"},"alternateName":"Prosto z serca Beskid\u00f3w. Autorskie projekty odzie\u017cy i akcesori\u00f3w rowerowych. Odzie\u017c Merino dla rowerzyst\u00f3w","potentialAction":[{"@type":"SearchAction","target":{"@type":"EntryPoint","urlTemplate":"https:\/\/gotygu.com\/?s={search_term_string}"},"query-input":{"@type":"PropertyValueSpecification","valueRequired":true,"valueName":"search_term_string"}}],"inLanguage":"de"},{"@type":"Organization","@id":"https:\/\/gotygu.com\/#organization","name":"Polska marka rowerowa z serca beskid\u00f3w. Odzie\u017c i akcesoria rowerowa projektowane przez rowerzyst\u00f3w. Odzie\u017c merino, enduro i mtb.","url":"https:\/\/gotygu.com\/","logo":{"@type":"ImageObject","inLanguage":"de","@id":"https:\/\/gotygu.com\/#\/schema\/logo\/image\/","url":"https:\/\/gotygu.com\/wp-content\/uploads\/2023\/12\/tygu-gory.png","contentUrl":"https:\/\/gotygu.com\/wp-content\/uploads\/2023\/12\/tygu-gory.png","width":512,"height":512,"caption":"Polska marka rowerowa z serca beskid\u00f3w. Odzie\u017c i akcesoria rowerowa projektowane przez rowerzyst\u00f3w. Odzie\u017c merino, enduro i mtb."},"image":{"@id":"https:\/\/gotygu.com\/#\/schema\/logo\/image\/"},"sameAs":["https:\/\/www.facebook.com\/TYGUapparel"]}]}},"_links":{"self":[{"href":"https:\/\/gotygu.com\/de\/wp-json\/wp\/v2\/product\/387616"}],"collection":[{"href":"https:\/\/gotygu.com\/de\/wp-json\/wp\/v2\/product"}],"about":[{"href":"https:\/\/gotygu.com\/de\/wp-json\/wp\/v2\/types\/product"}],"replies":[{"embeddable":true,"href":"https:\/\/gotygu.com\/de\/wp-json\/wp\/v2\/comments?post=387616"}],"wp:featuredmedia":[{"embeddable":true,"href":"https:\/\/gotygu.com\/de\/wp-json\/wp\/v2\/media\/386616"}],"wp:attachment":[{"href":"https:\/\/gotygu.com\/de\/wp-json\/wp\/v2\/media?parent=387616"}],"wp:term":[{"taxonomy":"product_brand","embeddable":true,"href":"https:\/\/gotygu.com\/de\/wp-json\/wp\/v2\/product_brand?post=387616"},{"taxonomy":"product_cat","embeddable":true,"href":"https:\/\/gotygu.com\/de\/wp-json\/wp\/v2\/product_cat?post=387616"},{"taxonomy":"product_tag","embeddable":true,"href":"https:\/\/gotygu.com\/de\/wp-json\/wp\/v2\/product_tag?post=387616"}],"curies":[{"name":"wp","href":"https:\/\/api.w.org\/{rel}","templated":true}]}}