{"id":387518,"date":"2025-03-09T13:52:00","date_gmt":"2025-03-09T12:52:00","guid":{"rendered":"https:\/\/gotygu.com\/?post_type=product&#038;p=387518"},"modified":"2025-12-01T00:00:24","modified_gmt":"2025-11-30T23:00:24","slug":"bali-trikot-kopia-kopia-kopia-kopia-kopia","status":"publish","type":"product","link":"https:\/\/gotygu.com\/de\/produkt\/bali-trikot-kopia-kopia-kopia-kopia-kopia\/","title":{"rendered":"Jersey W\u00fcste kurz 2025"},"content":{"rendered":"","protected":false},"excerpt":{"rendered":"<p style=\"text-align: center;\"><strong><em><img decoding=\"async\" class=\"alignnone wp-image-387376\" src=\"https:\/\/gotygu.com\/wp-content\/uploads\/2025\/03\/eco.png\" alt=\"\" width=\"174\" height=\"230\" \/><\/em><\/strong><\/p>\n<h3>Zur\u00fcckgewonnenes Polyester<\/h3>\n<p>Obwohl es viele Alternativen gibt, <b>bleibt Polyester f\u00fcr viele Sportbekleidungshersteller das Material erster Wahl<\/b>. Seine Strapazierf\u00e4higkeit, seine Widerstandsf\u00e4higkeit gegen Besch\u00e4digungen, seine schnell trocknenden Eigenschaften und seine F\u00e4higkeit, in einer Vielzahl von Texturen und Verarbeitungen hergestellt zu werden, machen Polyester extrem vielseitig.<\/p>\n<p>&nbsp;<\/p>\n<h3>130g. das leichteste auf dem Markt<\/h3>\n<p>Mit einem Gewicht von ~130 g\/m\u00b2 liefern wir ultraleichte, schnell trocknende und dennoch strapazierf\u00e4hige T-Shirts. Erh\u00e4ltlich mit kurzen und langen \u00c4rmeln.<\/p>\n","protected":false},"featured_media":387308,"comment_status":"open","ping_status":"closed","template":"","meta":[],"product_brand":[],"product_cat":[243,244,234,236,237,428],"product_tag":[],"class_list":{"0":"post-387518","1":"product","2":"type-product","3":"status-publish","4":"has-post-thumbnail","6":"product_cat-er","7":"product_cat-sie","8":"product_cat-t-shirts-de","9":"product_cat-t-shirts-fuer-damen","10":"product_cat-t-shirts-fuer-maenner","11":"product_cat-test-de","12":"pa_rozmiary-xs-de","13":"pa_rozmiary-s-de","14":"pa_rozmiary-m-de","15":"pa_rozmiary-l-de","16":"pa_rozmiary-xl-de","17":"pa_rozmiary-2xl-de","18":"pa_rozmiary-3xl-de","20":"first","21":"instock","22":"taxable","23":"shipping-taxable","24":"purchasable","25":"product-type-variable"},"yoast_head":"<!-- This site is optimized with the Yoast SEO plugin v25.4 - https:\/\/yoast.com\/wordpress\/plugins\/seo\/ -->\n<title>Jersey W\u00fcste kurz 2025 - TYGU<\/title>\n<meta name=\"robots\" content=\"index, follow, max-snippet:-1, max-image-preview:large, max-video-preview:-1\" \/>\n<link rel=\"canonical\" href=\"https:\/\/gotygu.com\/de\/produkt\/bali-trikot-kopia-kopia-kopia-kopia-kopia\/\" \/>\n<meta property=\"og:locale\" content=\"de_DE\" \/>\n<meta property=\"og:type\" content=\"article\" \/>\n<meta property=\"og:title\" content=\"Jersey W\u00fcste kurz 2025 - TYGU\" \/>\n<meta property=\"og:description\" content=\"Zur\u00fcckgewonnenes Polyester Obwohl es viele Alternativen gibt, bleibt Polyester f\u00fcr viele Sportbekleidungshersteller das Material erster Wahl. Seine Strapazierf\u00e4higkeit, seine Widerstandsf\u00e4higkeit gegen Besch\u00e4digungen, seine schnell trocknenden Eigenschaften und seine F\u00e4higkeit, in einer Vielzahl von Texturen und Verarbeitungen hergestellt zu werden, machen Polyester extrem vielseitig.  &nbsp; 130g. das leichteste auf dem Markt Mit einem Gewicht von ~130 g\/m\u00b2 liefern wir ultraleichte, schnell trocknende und dennoch strapazierf\u00e4hige T-Shirts. Erh\u00e4ltlich mit kurzen und langen \u00c4rmeln.\" \/>\n<meta property=\"og:url\" content=\"https:\/\/gotygu.com\/de\/produkt\/bali-trikot-kopia-kopia-kopia-kopia-kopia\/\" \/>\n<meta property=\"og:site_name\" content=\"TYGU\" \/>\n<meta property=\"article:publisher\" content=\"https:\/\/www.facebook.com\/TYGUapparel\" \/>\n<meta property=\"article:modified_time\" content=\"2025-11-30T23:00:24+00:00\" \/>\n<meta property=\"og:image\" content=\"https:\/\/gotygu.com\/wp-content\/uploads\/2025\/03\/zdjecie-4.jpg\" \/>\n\t<meta property=\"og:image:width\" content=\"1500\" \/>\n\t<meta property=\"og:image:height\" content=\"2013\" \/>\n\t<meta property=\"og:image:type\" content=\"image\/jpeg\" \/>\n<meta name=\"twitter:card\" content=\"summary_large_image\" \/>\n<meta name=\"twitter:label1\" content=\"Gesch\u00e4tzte Lesezeit\" \/>\n\t<meta name=\"twitter:data1\" content=\"1\u00a0Minute\" \/>\n<script type=\"application\/ld+json\" class=\"yoast-schema-graph\">{\"@context\":\"https:\/\/schema.org\",\"@graph\":[{\"@type\":\"WebPage\",\"@id\":\"https:\/\/gotygu.com\/de\/produkt\/bali-trikot-kopia-kopia-kopia-kopia-kopia\/\",\"url\":\"https:\/\/gotygu.com\/de\/produkt\/bali-trikot-kopia-kopia-kopia-kopia-kopia\/\",\"name\":\"Jersey W\u00fcste kurz 2025 - TYGU\",\"isPartOf\":{\"@id\":\"https:\/\/gotygu.com\/#website\"},\"primaryImageOfPage\":{\"@id\":\"https:\/\/gotygu.com\/de\/produkt\/bali-trikot-kopia-kopia-kopia-kopia-kopia\/#primaryimage\"},\"image\":{\"@id\":\"https:\/\/gotygu.com\/de\/produkt\/bali-trikot-kopia-kopia-kopia-kopia-kopia\/#primaryimage\"},\"thumbnailUrl\":\"https:\/\/gotygu.com\/wp-content\/uploads\/2025\/03\/zdjecie-4.jpg\",\"datePublished\":\"2025-03-09T12:52:00+00:00\",\"dateModified\":\"2025-11-30T23:00:24+00:00\",\"breadcrumb\":{\"@id\":\"https:\/\/gotygu.com\/de\/produkt\/bali-trikot-kopia-kopia-kopia-kopia-kopia\/#breadcrumb\"},\"inLanguage\":\"de\",\"potentialAction\":[{\"@type\":\"ReadAction\",\"target\":[\"https:\/\/gotygu.com\/de\/produkt\/bali-trikot-kopia-kopia-kopia-kopia-kopia\/\"]}]},{\"@type\":\"ImageObject\",\"inLanguage\":\"de\",\"@id\":\"https:\/\/gotygu.com\/de\/produkt\/bali-trikot-kopia-kopia-kopia-kopia-kopia\/#primaryimage\",\"url\":\"https:\/\/gotygu.com\/wp-content\/uploads\/2025\/03\/zdjecie-4.jpg\",\"contentUrl\":\"https:\/\/gotygu.com\/wp-content\/uploads\/2025\/03\/zdjecie-4.jpg\",\"width\":1500,\"height\":2013},{\"@type\":\"BreadcrumbList\",\"@id\":\"https:\/\/gotygu.com\/de\/produkt\/bali-trikot-kopia-kopia-kopia-kopia-kopia\/#breadcrumb\",\"itemListElement\":[{\"@type\":\"ListItem\",\"position\":1,\"name\":\"Strona g\u0142\u00f3wna\",\"item\":\"https:\/\/gotygu.com\/\"},{\"@type\":\"ListItem\",\"position\":2,\"name\":\"Produkty\",\"item\":\"https:\/\/gotygu.com\/shop\/\"},{\"@type\":\"ListItem\",\"position\":3,\"name\":\"Jersey W\u00fcste kurz 2025\"}]},{\"@type\":\"WebSite\",\"@id\":\"https:\/\/gotygu.com\/#website\",\"url\":\"https:\/\/gotygu.com\/\",\"name\":\"TYGU - Polska marka odzie\u017cy\",\"description\":\"Designed To Ride - poznaj Polsk\u0105 mark\u0119\",\"publisher\":{\"@id\":\"https:\/\/gotygu.com\/#organization\"},\"alternateName\":\"Prosto z serca Beskid\u00f3w. Autorskie projekty odzie\u017cy i akcesori\u00f3w rowerowych. Odzie\u017c Merino dla rowerzyst\u00f3w\",\"potentialAction\":[{\"@type\":\"SearchAction\",\"target\":{\"@type\":\"EntryPoint\",\"urlTemplate\":\"https:\/\/gotygu.com\/?s={search_term_string}\"},\"query-input\":{\"@type\":\"PropertyValueSpecification\",\"valueRequired\":true,\"valueName\":\"search_term_string\"}}],\"inLanguage\":\"de\"},{\"@type\":\"Organization\",\"@id\":\"https:\/\/gotygu.com\/#organization\",\"name\":\"Polska marka rowerowa z serca beskid\u00f3w. Odzie\u017c i akcesoria rowerowa projektowane przez rowerzyst\u00f3w. Odzie\u017c merino, enduro i mtb.\",\"url\":\"https:\/\/gotygu.com\/\",\"logo\":{\"@type\":\"ImageObject\",\"inLanguage\":\"de\",\"@id\":\"https:\/\/gotygu.com\/#\/schema\/logo\/image\/\",\"url\":\"https:\/\/gotygu.com\/wp-content\/uploads\/2023\/12\/tygu-gory.png\",\"contentUrl\":\"https:\/\/gotygu.com\/wp-content\/uploads\/2023\/12\/tygu-gory.png\",\"width\":512,\"height\":512,\"caption\":\"Polska marka rowerowa z serca beskid\u00f3w. Odzie\u017c i akcesoria rowerowa projektowane przez rowerzyst\u00f3w. Odzie\u017c merino, enduro i mtb.\"},\"image\":{\"@id\":\"https:\/\/gotygu.com\/#\/schema\/logo\/image\/\"},\"sameAs\":[\"https:\/\/www.facebook.com\/TYGUapparel\"]}]}<\/script>\n<!-- \/ Yoast SEO plugin. -->","yoast_head_json":{"title":"Jersey W\u00fcste kurz 2025 - TYGU","robots":{"index":"index","follow":"follow","max-snippet":"max-snippet:-1","max-image-preview":"max-image-preview:large","max-video-preview":"max-video-preview:-1"},"canonical":"https:\/\/gotygu.com\/de\/produkt\/bali-trikot-kopia-kopia-kopia-kopia-kopia\/","og_locale":"de_DE","og_type":"article","og_title":"Jersey W\u00fcste kurz 2025 - TYGU","og_description":"Zur\u00fcckgewonnenes Polyester Obwohl es viele Alternativen gibt, bleibt Polyester f\u00fcr viele Sportbekleidungshersteller das Material erster Wahl. Seine Strapazierf\u00e4higkeit, seine Widerstandsf\u00e4higkeit gegen Besch\u00e4digungen, seine schnell trocknenden Eigenschaften und seine F\u00e4higkeit, in einer Vielzahl von Texturen und Verarbeitungen hergestellt zu werden, machen Polyester extrem vielseitig.  &nbsp; 130g. das leichteste auf dem Markt Mit einem Gewicht von ~130 g\/m\u00b2 liefern wir ultraleichte, schnell trocknende und dennoch strapazierf\u00e4hige T-Shirts. Erh\u00e4ltlich mit kurzen und langen \u00c4rmeln.","og_url":"https:\/\/gotygu.com\/de\/produkt\/bali-trikot-kopia-kopia-kopia-kopia-kopia\/","og_site_name":"TYGU","article_publisher":"https:\/\/www.facebook.com\/TYGUapparel","article_modified_time":"2025-11-30T23:00:24+00:00","og_image":[{"width":1500,"height":2013,"url":"https:\/\/gotygu.com\/wp-content\/uploads\/2025\/03\/zdjecie-4.jpg","type":"image\/jpeg"}],"twitter_card":"summary_large_image","twitter_misc":{"Gesch\u00e4tzte Lesezeit":"1\u00a0Minute"},"schema":{"@context":"https:\/\/schema.org","@graph":[{"@type":"WebPage","@id":"https:\/\/gotygu.com\/de\/produkt\/bali-trikot-kopia-kopia-kopia-kopia-kopia\/","url":"https:\/\/gotygu.com\/de\/produkt\/bali-trikot-kopia-kopia-kopia-kopia-kopia\/","name":"Jersey W\u00fcste kurz 2025 - TYGU","isPartOf":{"@id":"https:\/\/gotygu.com\/#website"},"primaryImageOfPage":{"@id":"https:\/\/gotygu.com\/de\/produkt\/bali-trikot-kopia-kopia-kopia-kopia-kopia\/#primaryimage"},"image":{"@id":"https:\/\/gotygu.com\/de\/produkt\/bali-trikot-kopia-kopia-kopia-kopia-kopia\/#primaryimage"},"thumbnailUrl":"https:\/\/gotygu.com\/wp-content\/uploads\/2025\/03\/zdjecie-4.jpg","datePublished":"2025-03-09T12:52:00+00:00","dateModified":"2025-11-30T23:00:24+00:00","breadcrumb":{"@id":"https:\/\/gotygu.com\/de\/produkt\/bali-trikot-kopia-kopia-kopia-kopia-kopia\/#breadcrumb"},"inLanguage":"de","potentialAction":[{"@type":"ReadAction","target":["https:\/\/gotygu.com\/de\/produkt\/bali-trikot-kopia-kopia-kopia-kopia-kopia\/"]}]},{"@type":"ImageObject","inLanguage":"de","@id":"https:\/\/gotygu.com\/de\/produkt\/bali-trikot-kopia-kopia-kopia-kopia-kopia\/#primaryimage","url":"https:\/\/gotygu.com\/wp-content\/uploads\/2025\/03\/zdjecie-4.jpg","contentUrl":"https:\/\/gotygu.com\/wp-content\/uploads\/2025\/03\/zdjecie-4.jpg","width":1500,"height":2013},{"@type":"BreadcrumbList","@id":"https:\/\/gotygu.com\/de\/produkt\/bali-trikot-kopia-kopia-kopia-kopia-kopia\/#breadcrumb","itemListElement":[{"@type":"ListItem","position":1,"name":"Strona g\u0142\u00f3wna","item":"https:\/\/gotygu.com\/"},{"@type":"ListItem","position":2,"name":"Produkty","item":"https:\/\/gotygu.com\/shop\/"},{"@type":"ListItem","position":3,"name":"Jersey W\u00fcste kurz 2025"}]},{"@type":"WebSite","@id":"https:\/\/gotygu.com\/#website","url":"https:\/\/gotygu.com\/","name":"TYGU - Polska marka odzie\u017cy","description":"Designed To Ride - poznaj Polsk\u0105 mark\u0119","publisher":{"@id":"https:\/\/gotygu.com\/#organization"},"alternateName":"Prosto z serca Beskid\u00f3w. Autorskie projekty odzie\u017cy i akcesori\u00f3w rowerowych. Odzie\u017c Merino dla rowerzyst\u00f3w","potentialAction":[{"@type":"SearchAction","target":{"@type":"EntryPoint","urlTemplate":"https:\/\/gotygu.com\/?s={search_term_string}"},"query-input":{"@type":"PropertyValueSpecification","valueRequired":true,"valueName":"search_term_string"}}],"inLanguage":"de"},{"@type":"Organization","@id":"https:\/\/gotygu.com\/#organization","name":"Polska marka rowerowa z serca beskid\u00f3w. Odzie\u017c i akcesoria rowerowa projektowane przez rowerzyst\u00f3w. Odzie\u017c merino, enduro i mtb.","url":"https:\/\/gotygu.com\/","logo":{"@type":"ImageObject","inLanguage":"de","@id":"https:\/\/gotygu.com\/#\/schema\/logo\/image\/","url":"https:\/\/gotygu.com\/wp-content\/uploads\/2023\/12\/tygu-gory.png","contentUrl":"https:\/\/gotygu.com\/wp-content\/uploads\/2023\/12\/tygu-gory.png","width":512,"height":512,"caption":"Polska marka rowerowa z serca beskid\u00f3w. Odzie\u017c i akcesoria rowerowa projektowane przez rowerzyst\u00f3w. Odzie\u017c merino, enduro i mtb."},"image":{"@id":"https:\/\/gotygu.com\/#\/schema\/logo\/image\/"},"sameAs":["https:\/\/www.facebook.com\/TYGUapparel"]}]}},"_links":{"self":[{"href":"https:\/\/gotygu.com\/de\/wp-json\/wp\/v2\/product\/387518"}],"collection":[{"href":"https:\/\/gotygu.com\/de\/wp-json\/wp\/v2\/product"}],"about":[{"href":"https:\/\/gotygu.com\/de\/wp-json\/wp\/v2\/types\/product"}],"replies":[{"embeddable":true,"href":"https:\/\/gotygu.com\/de\/wp-json\/wp\/v2\/comments?post=387518"}],"wp:featuredmedia":[{"embeddable":true,"href":"https:\/\/gotygu.com\/de\/wp-json\/wp\/v2\/media\/387308"}],"wp:attachment":[{"href":"https:\/\/gotygu.com\/de\/wp-json\/wp\/v2\/media?parent=387518"}],"wp:term":[{"taxonomy":"product_brand","embeddable":true,"href":"https:\/\/gotygu.com\/de\/wp-json\/wp\/v2\/product_brand?post=387518"},{"taxonomy":"product_cat","embeddable":true,"href":"https:\/\/gotygu.com\/de\/wp-json\/wp\/v2\/product_cat?post=387518"},{"taxonomy":"product_tag","embeddable":true,"href":"https:\/\/gotygu.com\/de\/wp-json\/wp\/v2\/product_tag?post=387518"}],"curies":[{"name":"wp","href":"https:\/\/api.w.org\/{rel}","templated":true}]}}