{"id":386928,"date":"2025-01-03T17:48:00","date_gmt":"2025-01-03T16:48:00","guid":{"rendered":"https:\/\/gotygu.com\/?post_type=product&#038;p=386928"},"modified":"2026-03-21T00:00:09","modified_gmt":"2026-03-20T23:00:09","slug":"trooper-ii-hose-kopia","status":"publish","type":"product","link":"https:\/\/gotygu.com\/de\/produkt\/trooper-ii-hose-kopia\/","title":{"rendered":"Hose Thunder Schwarz"},"content":{"rendered":"<p>MTB-Hosen<\/p>\n<p>Unser Bestseller aus dem Jahr 2021 kehrt in noch besserer Form zur\u00fcck! Aufgrund der R\u00fcckmeldungen unserer Kunden haben wir die Beine verl\u00e4ngert und die Taschen neu gestaltet.<br \/>\nProfessionelle MTB-Hose f\u00fcr Fahrten unter allen Bedingungen. Leichter Stoff, Konstruktion und Bel\u00fcftung sind die Eckpfeiler dieses Produkts.<br \/>\nEin v\u00f6llig neuer Schnitt, schmalere Beine, gro\u00dfe Taschen, Bel\u00fcftungs\u00f6ffnungen und robuste Rei\u00dfverschl\u00fcsse sind nur einige der Merkmale.<br \/>\nEine spezielle <strong>Einlegesohle mit einer Membran im Inneren<\/strong> macht das Fahren bei nassem oder kaltem Wetter noch angenehmer!<\/p>\n","protected":false},"excerpt":{"rendered":"<h3><strong>Neue MTB-Hose, neuer Schnitt<\/strong><\/h3>\n<p>Neu f\u00fcr 2025 Wir haben unsere Trooper Hose gestrafft, eine zus\u00e4tzliche Tasche hinzugef\u00fcgt und die Taschen neu gestaltet. Sehr bequeme Fahrradhose f\u00fcr alle Bedingungen<\/p>\n<ul>\n<li><strong>Softshell-Ripstop-Gewebe, <\/strong><\/li>\n<\/ul>\n<p>Komfort, Haltbarkeit und geringes Gewicht in einem Produkt<\/p>\n<ul>\n<li><strong>Radfahren stark einschr\u00e4nken<\/strong><\/li>\n<\/ul>\n<p>Locker um den Oberschenkel und unterhalb des Knies tailliert<\/p>\n<ul>\n<li><strong>Passt zu Protektoren<\/strong><\/li>\n<li><strong>Zus\u00e4tzliche Tasche auf der R\u00fcckseite. Ideal f\u00fcr den Transport von kleinen Gegenst\u00e4nden beim Radfahren <\/strong><\/li>\n<li><strong>Ein Klettverschluss fixiert den G\u00fcrtel zus\u00e4tzlich<\/strong><\/li>\n<\/ul>\n<p>&nbsp;<\/p>\n","protected":false},"featured_media":386952,"comment_status":"open","ping_status":"closed","template":"","meta":[],"product_brand":[],"product_cat":[243,258,259,261,244],"product_tag":[],"class_list":{"0":"post-386928","1":"product","2":"type-product","3":"status-publish","4":"has-post-thumbnail","6":"product_cat-er","7":"product_cat-hosen","8":"product_cat-hosen-fuer-frauen","9":"product_cat-hosen-fuer-maenner","10":"product_cat-sie","11":"pa_rozmiary-26-de","12":"pa_rozmiary-28-de","13":"pa_rozmiary-30-de","14":"pa_rozmiary-32-de","15":"pa_rozmiary-34-de","16":"pa_rozmiary-36-de","17":"pa_rozmiary-38-de","18":"pa_rozmiary-403xl-de","20":"first","21":"instock","22":"taxable","23":"shipping-taxable","24":"purchasable","25":"product-type-variable"},"yoast_head":"<!-- This site is optimized with the Yoast SEO plugin v25.4 - https:\/\/yoast.com\/wordpress\/plugins\/seo\/ -->\n<title>Hose Thunder Schwarz - TYGU<\/title>\n<meta name=\"robots\" content=\"index, follow, max-snippet:-1, max-image-preview:large, max-video-preview:-1\" \/>\n<link rel=\"canonical\" href=\"https:\/\/gotygu.com\/de\/produkt\/trooper-ii-hose-kopia\/\" \/>\n<meta property=\"og:locale\" content=\"de_DE\" \/>\n<meta property=\"og:type\" content=\"article\" \/>\n<meta property=\"og:title\" content=\"Hose Thunder Schwarz - TYGU\" \/>\n<meta property=\"og:description\" content=\"Neue MTB-Hose, neuer Schnitt Neu f\u00fcr 2025 Wir haben unsere Trooper Hose gestrafft, eine zus\u00e4tzliche Tasche hinzugef\u00fcgt und die Taschen neu gestaltet. Sehr bequeme Fahrradhose f\u00fcr alle Bedingungen   Softshell-Ripstop-Gewebe,   Komfort, Haltbarkeit und geringes Gewicht in einem Produkt   Radfahren stark einschr\u00e4nken  Locker um den Oberschenkel und unterhalb des Knies tailliert   Passt zu Protektoren  Zus\u00e4tzliche Tasche auf der R\u00fcckseite. Ideal f\u00fcr den Transport von kleinen Gegenst\u00e4nden beim Radfahren   Ein Klettverschluss fixiert den G\u00fcrtel zus\u00e4tzlich  &nbsp;\" \/>\n<meta property=\"og:url\" content=\"https:\/\/gotygu.com\/de\/produkt\/trooper-ii-hose-kopia\/\" \/>\n<meta property=\"og:site_name\" content=\"TYGU\" \/>\n<meta property=\"article:publisher\" content=\"https:\/\/www.facebook.com\/TYGUapparel\" \/>\n<meta property=\"article:modified_time\" content=\"2026-03-20T23:00:09+00:00\" \/>\n<meta property=\"og:image\" content=\"https:\/\/gotygu.com\/wp-content\/uploads\/2025\/01\/zdjecie-1.jpg\" \/>\n\t<meta property=\"og:image:width\" content=\"1500\" \/>\n\t<meta property=\"og:image:height\" content=\"2013\" \/>\n\t<meta property=\"og:image:type\" content=\"image\/jpeg\" \/>\n<meta name=\"twitter:card\" content=\"summary_large_image\" \/>\n<meta name=\"twitter:label1\" content=\"Gesch\u00e4tzte Lesezeit\" \/>\n\t<meta name=\"twitter:data1\" content=\"1\u00a0Minute\" \/>\n<script type=\"application\/ld+json\" class=\"yoast-schema-graph\">{\"@context\":\"https:\/\/schema.org\",\"@graph\":[{\"@type\":\"WebPage\",\"@id\":\"https:\/\/gotygu.com\/de\/produkt\/trooper-ii-hose-kopia\/\",\"url\":\"https:\/\/gotygu.com\/de\/produkt\/trooper-ii-hose-kopia\/\",\"name\":\"Hose Thunder Schwarz - TYGU\",\"isPartOf\":{\"@id\":\"https:\/\/gotygu.com\/#website\"},\"primaryImageOfPage\":{\"@id\":\"https:\/\/gotygu.com\/de\/produkt\/trooper-ii-hose-kopia\/#primaryimage\"},\"image\":{\"@id\":\"https:\/\/gotygu.com\/de\/produkt\/trooper-ii-hose-kopia\/#primaryimage\"},\"thumbnailUrl\":\"https:\/\/gotygu.com\/wp-content\/uploads\/2025\/01\/zdjecie-1.jpg\",\"datePublished\":\"2025-01-03T16:48:00+00:00\",\"dateModified\":\"2026-03-20T23:00:09+00:00\",\"breadcrumb\":{\"@id\":\"https:\/\/gotygu.com\/de\/produkt\/trooper-ii-hose-kopia\/#breadcrumb\"},\"inLanguage\":\"de\",\"potentialAction\":[{\"@type\":\"ReadAction\",\"target\":[\"https:\/\/gotygu.com\/de\/produkt\/trooper-ii-hose-kopia\/\"]}]},{\"@type\":\"ImageObject\",\"inLanguage\":\"de\",\"@id\":\"https:\/\/gotygu.com\/de\/produkt\/trooper-ii-hose-kopia\/#primaryimage\",\"url\":\"https:\/\/gotygu.com\/wp-content\/uploads\/2025\/01\/zdjecie-1.jpg\",\"contentUrl\":\"https:\/\/gotygu.com\/wp-content\/uploads\/2025\/01\/zdjecie-1.jpg\",\"width\":1500,\"height\":2013},{\"@type\":\"BreadcrumbList\",\"@id\":\"https:\/\/gotygu.com\/de\/produkt\/trooper-ii-hose-kopia\/#breadcrumb\",\"itemListElement\":[{\"@type\":\"ListItem\",\"position\":1,\"name\":\"Strona g\u0142\u00f3wna\",\"item\":\"https:\/\/gotygu.com\/\"},{\"@type\":\"ListItem\",\"position\":2,\"name\":\"Produkty\",\"item\":\"https:\/\/gotygu.com\/shop\/\"},{\"@type\":\"ListItem\",\"position\":3,\"name\":\"Hose Thunder Schwarz\"}]},{\"@type\":\"WebSite\",\"@id\":\"https:\/\/gotygu.com\/#website\",\"url\":\"https:\/\/gotygu.com\/\",\"name\":\"TYGU - Polska marka odzie\u017cy\",\"description\":\"Designed To Ride - poznaj Polsk\u0105 mark\u0119\",\"publisher\":{\"@id\":\"https:\/\/gotygu.com\/#organization\"},\"alternateName\":\"Prosto z serca Beskid\u00f3w. Autorskie projekty odzie\u017cy i akcesori\u00f3w rowerowych. Odzie\u017c Merino dla rowerzyst\u00f3w\",\"potentialAction\":[{\"@type\":\"SearchAction\",\"target\":{\"@type\":\"EntryPoint\",\"urlTemplate\":\"https:\/\/gotygu.com\/?s={search_term_string}\"},\"query-input\":{\"@type\":\"PropertyValueSpecification\",\"valueRequired\":true,\"valueName\":\"search_term_string\"}}],\"inLanguage\":\"de\"},{\"@type\":\"Organization\",\"@id\":\"https:\/\/gotygu.com\/#organization\",\"name\":\"Polska marka rowerowa z serca beskid\u00f3w. Odzie\u017c i akcesoria rowerowa projektowane przez rowerzyst\u00f3w. Odzie\u017c merino, enduro i mtb.\",\"url\":\"https:\/\/gotygu.com\/\",\"logo\":{\"@type\":\"ImageObject\",\"inLanguage\":\"de\",\"@id\":\"https:\/\/gotygu.com\/#\/schema\/logo\/image\/\",\"url\":\"https:\/\/gotygu.com\/wp-content\/uploads\/2023\/12\/tygu-gory.png\",\"contentUrl\":\"https:\/\/gotygu.com\/wp-content\/uploads\/2023\/12\/tygu-gory.png\",\"width\":512,\"height\":512,\"caption\":\"Polska marka rowerowa z serca beskid\u00f3w. Odzie\u017c i akcesoria rowerowa projektowane przez rowerzyst\u00f3w. Odzie\u017c merino, enduro i mtb.\"},\"image\":{\"@id\":\"https:\/\/gotygu.com\/#\/schema\/logo\/image\/\"},\"sameAs\":[\"https:\/\/www.facebook.com\/TYGUapparel\"]}]}<\/script>\n<!-- \/ Yoast SEO plugin. -->","yoast_head_json":{"title":"Hose Thunder Schwarz - TYGU","robots":{"index":"index","follow":"follow","max-snippet":"max-snippet:-1","max-image-preview":"max-image-preview:large","max-video-preview":"max-video-preview:-1"},"canonical":"https:\/\/gotygu.com\/de\/produkt\/trooper-ii-hose-kopia\/","og_locale":"de_DE","og_type":"article","og_title":"Hose Thunder Schwarz - TYGU","og_description":"Neue MTB-Hose, neuer Schnitt Neu f\u00fcr 2025 Wir haben unsere Trooper Hose gestrafft, eine zus\u00e4tzliche Tasche hinzugef\u00fcgt und die Taschen neu gestaltet. Sehr bequeme Fahrradhose f\u00fcr alle Bedingungen   Softshell-Ripstop-Gewebe,   Komfort, Haltbarkeit und geringes Gewicht in einem Produkt   Radfahren stark einschr\u00e4nken  Locker um den Oberschenkel und unterhalb des Knies tailliert   Passt zu Protektoren  Zus\u00e4tzliche Tasche auf der R\u00fcckseite. Ideal f\u00fcr den Transport von kleinen Gegenst\u00e4nden beim Radfahren   Ein Klettverschluss fixiert den G\u00fcrtel zus\u00e4tzlich  &nbsp;","og_url":"https:\/\/gotygu.com\/de\/produkt\/trooper-ii-hose-kopia\/","og_site_name":"TYGU","article_publisher":"https:\/\/www.facebook.com\/TYGUapparel","article_modified_time":"2026-03-20T23:00:09+00:00","og_image":[{"width":1500,"height":2013,"url":"https:\/\/gotygu.com\/wp-content\/uploads\/2025\/01\/zdjecie-1.jpg","type":"image\/jpeg"}],"twitter_card":"summary_large_image","twitter_misc":{"Gesch\u00e4tzte Lesezeit":"1\u00a0Minute"},"schema":{"@context":"https:\/\/schema.org","@graph":[{"@type":"WebPage","@id":"https:\/\/gotygu.com\/de\/produkt\/trooper-ii-hose-kopia\/","url":"https:\/\/gotygu.com\/de\/produkt\/trooper-ii-hose-kopia\/","name":"Hose Thunder Schwarz - TYGU","isPartOf":{"@id":"https:\/\/gotygu.com\/#website"},"primaryImageOfPage":{"@id":"https:\/\/gotygu.com\/de\/produkt\/trooper-ii-hose-kopia\/#primaryimage"},"image":{"@id":"https:\/\/gotygu.com\/de\/produkt\/trooper-ii-hose-kopia\/#primaryimage"},"thumbnailUrl":"https:\/\/gotygu.com\/wp-content\/uploads\/2025\/01\/zdjecie-1.jpg","datePublished":"2025-01-03T16:48:00+00:00","dateModified":"2026-03-20T23:00:09+00:00","breadcrumb":{"@id":"https:\/\/gotygu.com\/de\/produkt\/trooper-ii-hose-kopia\/#breadcrumb"},"inLanguage":"de","potentialAction":[{"@type":"ReadAction","target":["https:\/\/gotygu.com\/de\/produkt\/trooper-ii-hose-kopia\/"]}]},{"@type":"ImageObject","inLanguage":"de","@id":"https:\/\/gotygu.com\/de\/produkt\/trooper-ii-hose-kopia\/#primaryimage","url":"https:\/\/gotygu.com\/wp-content\/uploads\/2025\/01\/zdjecie-1.jpg","contentUrl":"https:\/\/gotygu.com\/wp-content\/uploads\/2025\/01\/zdjecie-1.jpg","width":1500,"height":2013},{"@type":"BreadcrumbList","@id":"https:\/\/gotygu.com\/de\/produkt\/trooper-ii-hose-kopia\/#breadcrumb","itemListElement":[{"@type":"ListItem","position":1,"name":"Strona g\u0142\u00f3wna","item":"https:\/\/gotygu.com\/"},{"@type":"ListItem","position":2,"name":"Produkty","item":"https:\/\/gotygu.com\/shop\/"},{"@type":"ListItem","position":3,"name":"Hose Thunder Schwarz"}]},{"@type":"WebSite","@id":"https:\/\/gotygu.com\/#website","url":"https:\/\/gotygu.com\/","name":"TYGU - Polska marka odzie\u017cy","description":"Designed To Ride - poznaj Polsk\u0105 mark\u0119","publisher":{"@id":"https:\/\/gotygu.com\/#organization"},"alternateName":"Prosto z serca Beskid\u00f3w. Autorskie projekty odzie\u017cy i akcesori\u00f3w rowerowych. Odzie\u017c Merino dla rowerzyst\u00f3w","potentialAction":[{"@type":"SearchAction","target":{"@type":"EntryPoint","urlTemplate":"https:\/\/gotygu.com\/?s={search_term_string}"},"query-input":{"@type":"PropertyValueSpecification","valueRequired":true,"valueName":"search_term_string"}}],"inLanguage":"de"},{"@type":"Organization","@id":"https:\/\/gotygu.com\/#organization","name":"Polska marka rowerowa z serca beskid\u00f3w. Odzie\u017c i akcesoria rowerowa projektowane przez rowerzyst\u00f3w. Odzie\u017c merino, enduro i mtb.","url":"https:\/\/gotygu.com\/","logo":{"@type":"ImageObject","inLanguage":"de","@id":"https:\/\/gotygu.com\/#\/schema\/logo\/image\/","url":"https:\/\/gotygu.com\/wp-content\/uploads\/2023\/12\/tygu-gory.png","contentUrl":"https:\/\/gotygu.com\/wp-content\/uploads\/2023\/12\/tygu-gory.png","width":512,"height":512,"caption":"Polska marka rowerowa z serca beskid\u00f3w. Odzie\u017c i akcesoria rowerowa projektowane przez rowerzyst\u00f3w. Odzie\u017c merino, enduro i mtb."},"image":{"@id":"https:\/\/gotygu.com\/#\/schema\/logo\/image\/"},"sameAs":["https:\/\/www.facebook.com\/TYGUapparel"]}]}},"_links":{"self":[{"href":"https:\/\/gotygu.com\/de\/wp-json\/wp\/v2\/product\/386928"}],"collection":[{"href":"https:\/\/gotygu.com\/de\/wp-json\/wp\/v2\/product"}],"about":[{"href":"https:\/\/gotygu.com\/de\/wp-json\/wp\/v2\/types\/product"}],"replies":[{"embeddable":true,"href":"https:\/\/gotygu.com\/de\/wp-json\/wp\/v2\/comments?post=386928"}],"wp:featuredmedia":[{"embeddable":true,"href":"https:\/\/gotygu.com\/de\/wp-json\/wp\/v2\/media\/386952"}],"wp:attachment":[{"href":"https:\/\/gotygu.com\/de\/wp-json\/wp\/v2\/media?parent=386928"}],"wp:term":[{"taxonomy":"product_brand","embeddable":true,"href":"https:\/\/gotygu.com\/de\/wp-json\/wp\/v2\/product_brand?post=386928"},{"taxonomy":"product_cat","embeddable":true,"href":"https:\/\/gotygu.com\/de\/wp-json\/wp\/v2\/product_cat?post=386928"},{"taxonomy":"product_tag","embeddable":true,"href":"https:\/\/gotygu.com\/de\/wp-json\/wp\/v2\/product_tag?post=386928"}],"curies":[{"name":"wp","href":"https:\/\/api.w.org\/{rel}","templated":true}]}}