{"id":386098,"date":"2024-10-11T12:14:00","date_gmt":"2024-10-11T10:14:00","guid":{"rendered":"https:\/\/gotygu.com\/produkt\/dzik-3l-25k-fahrradjacke\/"},"modified":"2025-12-01T00:00:25","modified_gmt":"2025-11-30T23:00:25","slug":"boar-3l-25k-fahrradjacke","status":"publish","type":"product","link":"https:\/\/gotygu.com\/de\/produkt\/boar-3l-25k-fahrradjacke\/","title":{"rendered":"BOAR 3L 25K Fahrradjacke"},"content":{"rendered":"","protected":false},"excerpt":{"rendered":"<p><img fetchpriority=\"high\" decoding=\"async\" class=\"alignnone size-full wp-image-385813\" src=\"https:\/\/gotygu.com\/wp-content\/uploads\/2024\/10\/icons_PL.png\" alt=\"\" width=\"800\" height=\"102\" \/><\/p>\n<ul>\n<li>Wasserdichte, atmungsaktive Jacke f\u00fcr lange Touren. Kann in einer eigenen Tasche verpackt und am Fahrrad befestigt werden. Verschiedene Befestigungsm\u00f6glichkeiten je nach Querschnitt des Rahmens\/Lenkers.<\/li>\n<li>Speziell f\u00fcr Radfahrer entworfener Schnitt, d.h.: schmale Passform und l\u00e4ngerer R\u00fccken. Diagonal angen\u00e4hte \u00c4rmel (asymmetrisch) f\u00fcr zus\u00e4tzlichen Stretch und bessere Passform.<\/li>\n<li>Die verstellbare Kapuze mit Kordelzug kann \u00fcber dem Helm getragen werden, und wenn sie nicht gebraucht wird, wird sie durch den Magnetverschluss auf der R\u00fcckseite bei Abfahrten fixiert.<\/li>\n<li>Elastischer Saum und \u00c4rmel\u00f6ffnungen.<\/li>\n<li>Geklebte N\u00e4hte.<\/li>\n<li>Diskrete Tasche an der Seite und Rei\u00dfverschlusstasche auf der Brust (Smartphone).<\/li>\n<li>Offene Bel\u00fcftungszonen unter den Armen (ohne Rei\u00dfverschluss) und am R\u00fccken.<\/li>\n<li>Dreilagiges wasserdichtes Material mit 20.000 mm Wassers\u00e4ule, in jeder Phase der Produktion PFC-frei.<\/li>\n<li>Wasserdampfdurchl\u00e4ssigkeit 25.000 gsm \/ 24h.<\/li>\n<li>Weiche Innenseite des Kragens f\u00fcr zus\u00e4tzlichen Komfort.<\/li>\n<\/ul>\n<p><img decoding=\"async\" class=\"alignnone \" src=\"https:\/\/www.aquaclean.com\/assets\/grocery_crud\/texteditor\/tinymce_4\/responsive_filemanager\/uploads\/FREE.jpg?1508399658823\" width=\"130\" height=\"124\" \/><\/p>\n<p>&nbsp;<\/p>\n<p>&nbsp;<\/p>\n<p><em>Abgebildete Modelle:<\/em><\/p>\n<p><em>M\u00e4nnlich &#8211; 180 cm, schlank, Gr\u00f6\u00dfe M (liegt locker, S passt auch),<\/em><\/p>\n<p><em>Weiblich &#8211; 169 cm, Gr\u00f6\u00dfe S (liegt locker, XS passt auch).<\/em><\/p>\n","protected":false},"featured_media":385798,"comment_status":"open","ping_status":"closed","template":"","meta":[],"product_brand":[],"product_cat":[243,242,240,241,244],"product_tag":[],"class_list":{"0":"post-386098","1":"product","2":"type-product","3":"status-publish","4":"has-post-thumbnail","6":"product_cat-er","7":"product_cat-jacken-und-westen","8":"product_cat-jacken-und-westen-fuer-frauen","9":"product_cat-jacken-und-westen-fuer-manner","10":"product_cat-sie","11":"pa_rozmiary-s-de","12":"pa_rozmiary-m-de","13":"pa_rozmiary-l-de","14":"pa_rozmiary-xl-de","15":"pa_rozmiary-2xl-de","17":"first","18":"instock","19":"taxable","20":"shipping-taxable","21":"purchasable","22":"product-type-variable"},"yoast_head":"<!-- This site is optimized with the Yoast SEO plugin v25.4 - https:\/\/yoast.com\/wordpress\/plugins\/seo\/ -->\n<title>BOAR 3L 25K Fahrradjacke - TYGU<\/title>\n<meta name=\"robots\" content=\"index, follow, max-snippet:-1, max-image-preview:large, max-video-preview:-1\" \/>\n<link rel=\"canonical\" href=\"https:\/\/gotygu.com\/de\/produkt\/boar-3l-25k-fahrradjacke\/\" \/>\n<meta property=\"og:locale\" content=\"de_DE\" \/>\n<meta property=\"og:type\" content=\"article\" \/>\n<meta property=\"og:title\" content=\"BOAR 3L 25K Fahrradjacke - TYGU\" \/>\n<meta property=\"og:description\" content=\"Wasserdichte, atmungsaktive Jacke f\u00fcr lange Touren. Kann in einer eigenen Tasche verpackt und am Fahrrad befestigt werden. Verschiedene Befestigungsm\u00f6glichkeiten je nach Querschnitt des Rahmens\/Lenkers.  Speziell f\u00fcr Radfahrer entworfener Schnitt, d.h.: schmale Passform und l\u00e4ngerer R\u00fccken. Diagonal angen\u00e4hte \u00c4rmel (asymmetrisch) f\u00fcr zus\u00e4tzlichen Stretch und bessere Passform.  Die verstellbare Kapuze mit Kordelzug kann \u00fcber dem Helm getragen werden, und wenn sie nicht gebraucht wird, wird sie durch den Magnetverschluss auf der R\u00fcckseite bei Abfahrten fixiert.  Elastischer Saum und \u00c4rmel\u00f6ffnungen.  Geklebte N\u00e4hte.  Diskrete Tasche an der Seite und Rei\u00dfverschlusstasche auf der Brust (Smartphone).  Offene Bel\u00fcftungszonen unter den Armen (ohne Rei\u00dfverschluss) und am R\u00fccken.  Dreilagiges wasserdichtes Material mit 20.000 mm Wassers\u00e4ule, in jeder Phase der Produktion PFC-frei.  Wasserdampfdurchl\u00e4ssigkeit 25.000 gsm \/ 24h.  Weiche Innenseite des Kragens f\u00fcr zus\u00e4tzlichen Komfort.    &nbsp;  &nbsp;  Abgebildete Modelle:  M\u00e4nnlich - 180 cm, schlank, Gr\u00f6\u00dfe M (liegt locker, S passt auch),  Weiblich - 169 cm, Gr\u00f6\u00dfe S (liegt locker, XS passt auch).\" \/>\n<meta property=\"og:url\" content=\"https:\/\/gotygu.com\/de\/produkt\/boar-3l-25k-fahrradjacke\/\" \/>\n<meta property=\"og:site_name\" content=\"TYGU\" \/>\n<meta property=\"article:publisher\" content=\"https:\/\/www.facebook.com\/TYGUapparel\" \/>\n<meta property=\"article:modified_time\" content=\"2025-11-30T23:00:25+00:00\" \/>\n<meta property=\"og:image\" content=\"https:\/\/gotygu.com\/wp-content\/uploads\/2024\/10\/kurtka1.jpg\" \/>\n\t<meta property=\"og:image:width\" content=\"2000\" \/>\n\t<meta property=\"og:image:height\" content=\"2000\" \/>\n\t<meta property=\"og:image:type\" content=\"image\/jpeg\" \/>\n<meta name=\"twitter:card\" content=\"summary_large_image\" \/>\n<meta name=\"twitter:label1\" content=\"Gesch\u00e4tzte Lesezeit\" \/>\n\t<meta name=\"twitter:data1\" content=\"1\u00a0Minute\" \/>\n<script type=\"application\/ld+json\" class=\"yoast-schema-graph\">{\"@context\":\"https:\/\/schema.org\",\"@graph\":[{\"@type\":\"WebPage\",\"@id\":\"https:\/\/gotygu.com\/de\/produkt\/boar-3l-25k-fahrradjacke\/\",\"url\":\"https:\/\/gotygu.com\/de\/produkt\/boar-3l-25k-fahrradjacke\/\",\"name\":\"BOAR 3L 25K Fahrradjacke - TYGU\",\"isPartOf\":{\"@id\":\"https:\/\/gotygu.com\/#website\"},\"primaryImageOfPage\":{\"@id\":\"https:\/\/gotygu.com\/de\/produkt\/boar-3l-25k-fahrradjacke\/#primaryimage\"},\"image\":{\"@id\":\"https:\/\/gotygu.com\/de\/produkt\/boar-3l-25k-fahrradjacke\/#primaryimage\"},\"thumbnailUrl\":\"https:\/\/gotygu.com\/wp-content\/uploads\/2024\/10\/kurtka1.jpg\",\"datePublished\":\"2024-10-11T10:14:00+00:00\",\"dateModified\":\"2025-11-30T23:00:25+00:00\",\"breadcrumb\":{\"@id\":\"https:\/\/gotygu.com\/de\/produkt\/boar-3l-25k-fahrradjacke\/#breadcrumb\"},\"inLanguage\":\"de\",\"potentialAction\":[{\"@type\":\"ReadAction\",\"target\":[\"https:\/\/gotygu.com\/de\/produkt\/boar-3l-25k-fahrradjacke\/\"]}]},{\"@type\":\"ImageObject\",\"inLanguage\":\"de\",\"@id\":\"https:\/\/gotygu.com\/de\/produkt\/boar-3l-25k-fahrradjacke\/#primaryimage\",\"url\":\"https:\/\/gotygu.com\/wp-content\/uploads\/2024\/10\/kurtka1.jpg\",\"contentUrl\":\"https:\/\/gotygu.com\/wp-content\/uploads\/2024\/10\/kurtka1.jpg\",\"width\":2000,\"height\":2000},{\"@type\":\"BreadcrumbList\",\"@id\":\"https:\/\/gotygu.com\/de\/produkt\/boar-3l-25k-fahrradjacke\/#breadcrumb\",\"itemListElement\":[{\"@type\":\"ListItem\",\"position\":1,\"name\":\"Strona g\u0142\u00f3wna\",\"item\":\"https:\/\/gotygu.com\/\"},{\"@type\":\"ListItem\",\"position\":2,\"name\":\"Produkty\",\"item\":\"https:\/\/gotygu.com\/shop\/\"},{\"@type\":\"ListItem\",\"position\":3,\"name\":\"BOAR 3L 25K Fahrradjacke\"}]},{\"@type\":\"WebSite\",\"@id\":\"https:\/\/gotygu.com\/#website\",\"url\":\"https:\/\/gotygu.com\/\",\"name\":\"TYGU - Polska marka odzie\u017cy\",\"description\":\"Designed To Ride - poznaj Polsk\u0105 mark\u0119\",\"publisher\":{\"@id\":\"https:\/\/gotygu.com\/#organization\"},\"alternateName\":\"Prosto z serca Beskid\u00f3w. Autorskie projekty odzie\u017cy i akcesori\u00f3w rowerowych. Odzie\u017c Merino dla rowerzyst\u00f3w\",\"potentialAction\":[{\"@type\":\"SearchAction\",\"target\":{\"@type\":\"EntryPoint\",\"urlTemplate\":\"https:\/\/gotygu.com\/?s={search_term_string}\"},\"query-input\":{\"@type\":\"PropertyValueSpecification\",\"valueRequired\":true,\"valueName\":\"search_term_string\"}}],\"inLanguage\":\"de\"},{\"@type\":\"Organization\",\"@id\":\"https:\/\/gotygu.com\/#organization\",\"name\":\"Polska marka rowerowa z serca beskid\u00f3w. Odzie\u017c i akcesoria rowerowa projektowane przez rowerzyst\u00f3w. Odzie\u017c merino, enduro i mtb.\",\"url\":\"https:\/\/gotygu.com\/\",\"logo\":{\"@type\":\"ImageObject\",\"inLanguage\":\"de\",\"@id\":\"https:\/\/gotygu.com\/#\/schema\/logo\/image\/\",\"url\":\"https:\/\/gotygu.com\/wp-content\/uploads\/2023\/12\/tygu-gory.png\",\"contentUrl\":\"https:\/\/gotygu.com\/wp-content\/uploads\/2023\/12\/tygu-gory.png\",\"width\":512,\"height\":512,\"caption\":\"Polska marka rowerowa z serca beskid\u00f3w. Odzie\u017c i akcesoria rowerowa projektowane przez rowerzyst\u00f3w. Odzie\u017c merino, enduro i mtb.\"},\"image\":{\"@id\":\"https:\/\/gotygu.com\/#\/schema\/logo\/image\/\"},\"sameAs\":[\"https:\/\/www.facebook.com\/TYGUapparel\"]}]}<\/script>\n<!-- \/ Yoast SEO plugin. -->","yoast_head_json":{"title":"BOAR 3L 25K Fahrradjacke - TYGU","robots":{"index":"index","follow":"follow","max-snippet":"max-snippet:-1","max-image-preview":"max-image-preview:large","max-video-preview":"max-video-preview:-1"},"canonical":"https:\/\/gotygu.com\/de\/produkt\/boar-3l-25k-fahrradjacke\/","og_locale":"de_DE","og_type":"article","og_title":"BOAR 3L 25K Fahrradjacke - TYGU","og_description":"Wasserdichte, atmungsaktive Jacke f\u00fcr lange Touren. Kann in einer eigenen Tasche verpackt und am Fahrrad befestigt werden. Verschiedene Befestigungsm\u00f6glichkeiten je nach Querschnitt des Rahmens\/Lenkers.  Speziell f\u00fcr Radfahrer entworfener Schnitt, d.h.: schmale Passform und l\u00e4ngerer R\u00fccken. Diagonal angen\u00e4hte \u00c4rmel (asymmetrisch) f\u00fcr zus\u00e4tzlichen Stretch und bessere Passform.  Die verstellbare Kapuze mit Kordelzug kann \u00fcber dem Helm getragen werden, und wenn sie nicht gebraucht wird, wird sie durch den Magnetverschluss auf der R\u00fcckseite bei Abfahrten fixiert.  Elastischer Saum und \u00c4rmel\u00f6ffnungen.  Geklebte N\u00e4hte.  Diskrete Tasche an der Seite und Rei\u00dfverschlusstasche auf der Brust (Smartphone).  Offene Bel\u00fcftungszonen unter den Armen (ohne Rei\u00dfverschluss) und am R\u00fccken.  Dreilagiges wasserdichtes Material mit 20.000 mm Wassers\u00e4ule, in jeder Phase der Produktion PFC-frei.  Wasserdampfdurchl\u00e4ssigkeit 25.000 gsm \/ 24h.  Weiche Innenseite des Kragens f\u00fcr zus\u00e4tzlichen Komfort.    &nbsp;  &nbsp;  Abgebildete Modelle:  M\u00e4nnlich - 180 cm, schlank, Gr\u00f6\u00dfe M (liegt locker, S passt auch),  Weiblich - 169 cm, Gr\u00f6\u00dfe S (liegt locker, XS passt auch).","og_url":"https:\/\/gotygu.com\/de\/produkt\/boar-3l-25k-fahrradjacke\/","og_site_name":"TYGU","article_publisher":"https:\/\/www.facebook.com\/TYGUapparel","article_modified_time":"2025-11-30T23:00:25+00:00","og_image":[{"width":2000,"height":2000,"url":"https:\/\/gotygu.com\/wp-content\/uploads\/2024\/10\/kurtka1.jpg","type":"image\/jpeg"}],"twitter_card":"summary_large_image","twitter_misc":{"Gesch\u00e4tzte Lesezeit":"1\u00a0Minute"},"schema":{"@context":"https:\/\/schema.org","@graph":[{"@type":"WebPage","@id":"https:\/\/gotygu.com\/de\/produkt\/boar-3l-25k-fahrradjacke\/","url":"https:\/\/gotygu.com\/de\/produkt\/boar-3l-25k-fahrradjacke\/","name":"BOAR 3L 25K Fahrradjacke - TYGU","isPartOf":{"@id":"https:\/\/gotygu.com\/#website"},"primaryImageOfPage":{"@id":"https:\/\/gotygu.com\/de\/produkt\/boar-3l-25k-fahrradjacke\/#primaryimage"},"image":{"@id":"https:\/\/gotygu.com\/de\/produkt\/boar-3l-25k-fahrradjacke\/#primaryimage"},"thumbnailUrl":"https:\/\/gotygu.com\/wp-content\/uploads\/2024\/10\/kurtka1.jpg","datePublished":"2024-10-11T10:14:00+00:00","dateModified":"2025-11-30T23:00:25+00:00","breadcrumb":{"@id":"https:\/\/gotygu.com\/de\/produkt\/boar-3l-25k-fahrradjacke\/#breadcrumb"},"inLanguage":"de","potentialAction":[{"@type":"ReadAction","target":["https:\/\/gotygu.com\/de\/produkt\/boar-3l-25k-fahrradjacke\/"]}]},{"@type":"ImageObject","inLanguage":"de","@id":"https:\/\/gotygu.com\/de\/produkt\/boar-3l-25k-fahrradjacke\/#primaryimage","url":"https:\/\/gotygu.com\/wp-content\/uploads\/2024\/10\/kurtka1.jpg","contentUrl":"https:\/\/gotygu.com\/wp-content\/uploads\/2024\/10\/kurtka1.jpg","width":2000,"height":2000},{"@type":"BreadcrumbList","@id":"https:\/\/gotygu.com\/de\/produkt\/boar-3l-25k-fahrradjacke\/#breadcrumb","itemListElement":[{"@type":"ListItem","position":1,"name":"Strona g\u0142\u00f3wna","item":"https:\/\/gotygu.com\/"},{"@type":"ListItem","position":2,"name":"Produkty","item":"https:\/\/gotygu.com\/shop\/"},{"@type":"ListItem","position":3,"name":"BOAR 3L 25K Fahrradjacke"}]},{"@type":"WebSite","@id":"https:\/\/gotygu.com\/#website","url":"https:\/\/gotygu.com\/","name":"TYGU - Polska marka odzie\u017cy","description":"Designed To Ride - poznaj Polsk\u0105 mark\u0119","publisher":{"@id":"https:\/\/gotygu.com\/#organization"},"alternateName":"Prosto z serca Beskid\u00f3w. Autorskie projekty odzie\u017cy i akcesori\u00f3w rowerowych. Odzie\u017c Merino dla rowerzyst\u00f3w","potentialAction":[{"@type":"SearchAction","target":{"@type":"EntryPoint","urlTemplate":"https:\/\/gotygu.com\/?s={search_term_string}"},"query-input":{"@type":"PropertyValueSpecification","valueRequired":true,"valueName":"search_term_string"}}],"inLanguage":"de"},{"@type":"Organization","@id":"https:\/\/gotygu.com\/#organization","name":"Polska marka rowerowa z serca beskid\u00f3w. Odzie\u017c i akcesoria rowerowa projektowane przez rowerzyst\u00f3w. Odzie\u017c merino, enduro i mtb.","url":"https:\/\/gotygu.com\/","logo":{"@type":"ImageObject","inLanguage":"de","@id":"https:\/\/gotygu.com\/#\/schema\/logo\/image\/","url":"https:\/\/gotygu.com\/wp-content\/uploads\/2023\/12\/tygu-gory.png","contentUrl":"https:\/\/gotygu.com\/wp-content\/uploads\/2023\/12\/tygu-gory.png","width":512,"height":512,"caption":"Polska marka rowerowa z serca beskid\u00f3w. Odzie\u017c i akcesoria rowerowa projektowane przez rowerzyst\u00f3w. Odzie\u017c merino, enduro i mtb."},"image":{"@id":"https:\/\/gotygu.com\/#\/schema\/logo\/image\/"},"sameAs":["https:\/\/www.facebook.com\/TYGUapparel"]}]}},"_links":{"self":[{"href":"https:\/\/gotygu.com\/de\/wp-json\/wp\/v2\/product\/386098"}],"collection":[{"href":"https:\/\/gotygu.com\/de\/wp-json\/wp\/v2\/product"}],"about":[{"href":"https:\/\/gotygu.com\/de\/wp-json\/wp\/v2\/types\/product"}],"replies":[{"embeddable":true,"href":"https:\/\/gotygu.com\/de\/wp-json\/wp\/v2\/comments?post=386098"}],"wp:featuredmedia":[{"embeddable":true,"href":"https:\/\/gotygu.com\/de\/wp-json\/wp\/v2\/media\/385798"}],"wp:attachment":[{"href":"https:\/\/gotygu.com\/de\/wp-json\/wp\/v2\/media?parent=386098"}],"wp:term":[{"taxonomy":"product_brand","embeddable":true,"href":"https:\/\/gotygu.com\/de\/wp-json\/wp\/v2\/product_brand?post=386098"},{"taxonomy":"product_cat","embeddable":true,"href":"https:\/\/gotygu.com\/de\/wp-json\/wp\/v2\/product_cat?post=386098"},{"taxonomy":"product_tag","embeddable":true,"href":"https:\/\/gotygu.com\/de\/wp-json\/wp\/v2\/product_tag?post=386098"}],"curies":[{"name":"wp","href":"https:\/\/api.w.org\/{rel}","templated":true}]}}