{"id":386080,"date":"2024-10-12T07:18:00","date_gmt":"2024-10-12T05:18:00","guid":{"rendered":"https:\/\/gotygu.com\/produkt\/dzik-3l-25k-fahrradhose\/"},"modified":"2025-12-01T00:00:25","modified_gmt":"2025-11-30T23:00:25","slug":"boar-3l-25k-fahrradhose","status":"publish","type":"product","link":"https:\/\/gotygu.com\/de\/produkt\/boar-3l-25k-fahrradhose\/","title":{"rendered":"BOAR 3L 25K Fahrradhose"},"content":{"rendered":"","protected":false},"excerpt":{"rendered":"<p><img fetchpriority=\"high\" decoding=\"async\" class=\"alignnone size-full wp-image-385813\" src=\"https:\/\/gotygu.com\/wp-content\/uploads\/2024\/10\/icons_PL.png\" alt=\"\" width=\"800\" height=\"102\" \/><\/p>\n<ul>\n<li>Wasserdichte, atmungsaktive Hose f\u00fcr lange Radtouren unter schwierigen Bedingungen.<\/li>\n<li>Speziell f\u00fcr Radfahrer entworfener Schnitt, schlanke Passform unterhalb der Knie.<\/li>\n<li>Elastisches Band statt Taillenverstellung, minimalistischer und bequemer Schnitt.<\/li>\n<li>Kordelzug an den Kn\u00f6cheln des Hauptstoffes.<\/li>\n<li>Geklebte N\u00e4hte.<\/li>\n<li>2 Taschen, abschlie\u00dfbar.<\/li>\n<li>Offene Bel\u00fcftungszonen an den Oberschenkeln, mit Verschluss.<\/li>\n<li>Dreilagiges wasserdichtes Material mit 20.000 mm Wassers\u00e4ule, in jeder Phase der Produktion PFC-frei.<\/li>\n<li>Wasserdampfdurchl\u00e4ssigkeit 25.000 gsm \/ 24 h.<\/li>\n<li>Passt auf alle Kniesch\u00fctzer.<\/li>\n<\/ul>\n<p><img decoding=\"async\" class=\"alignnone \" src=\"https:\/\/www.aquaclean.com\/assets\/grocery_crud\/texteditor\/tinymce_4\/responsive_filemanager\/uploads\/FREE.jpg?1508399658823\" width=\"130\" height=\"124\" \/><\/p>\n<p>&nbsp;<\/p>\n<p>&nbsp;<\/p>\n<p>&nbsp;<\/p>\n<p><em>Abgebildete Modelle:<\/em><\/p>\n<p><em>M\u00e4nnlich &#8211; 180 cm, schlank, Gr\u00f6\u00dfe M (passt locker, S passt auch)<\/em><\/p>\n<p><em>Weiblich &#8211; 169 cm, Gr\u00f6\u00dfe S (sitzt locker, XS passt auch)<\/em><\/p>\n","protected":false},"featured_media":385802,"comment_status":"open","ping_status":"closed","template":"","meta":[],"product_brand":[],"product_cat":[243,258,259,261,244],"product_tag":[],"class_list":{"0":"post-386080","1":"product","2":"type-product","3":"status-publish","4":"has-post-thumbnail","6":"product_cat-er","7":"product_cat-hosen","8":"product_cat-hosen-fuer-frauen","9":"product_cat-hosen-fuer-maenner","10":"product_cat-sie","11":"pa_rozmiary-s-de","12":"pa_rozmiary-m-de","13":"pa_rozmiary-l-de","14":"pa_rozmiary-xl-de","15":"pa_rozmiary-2xl-de","17":"first","18":"instock","19":"taxable","20":"shipping-taxable","21":"purchasable","22":"product-type-variable"},"yoast_head":"<!-- This site is optimized with the Yoast SEO plugin v25.4 - https:\/\/yoast.com\/wordpress\/plugins\/seo\/ -->\n<title>BOAR 3L 25K Fahrradhose - TYGU<\/title>\n<meta name=\"robots\" content=\"index, follow, max-snippet:-1, max-image-preview:large, max-video-preview:-1\" \/>\n<link rel=\"canonical\" href=\"https:\/\/gotygu.com\/de\/produkt\/boar-3l-25k-fahrradhose\/\" \/>\n<meta property=\"og:locale\" content=\"de_DE\" \/>\n<meta property=\"og:type\" content=\"article\" \/>\n<meta property=\"og:title\" content=\"BOAR 3L 25K Fahrradhose - TYGU\" \/>\n<meta property=\"og:description\" content=\"Wasserdichte, atmungsaktive Hose f\u00fcr lange Radtouren unter schwierigen Bedingungen.  Speziell f\u00fcr Radfahrer entworfener Schnitt, schlanke Passform unterhalb der Knie.  Elastisches Band statt Taillenverstellung, minimalistischer und bequemer Schnitt.  Kordelzug an den Kn\u00f6cheln des Hauptstoffes.  Geklebte N\u00e4hte.  2 Taschen, abschlie\u00dfbar.  Offene Bel\u00fcftungszonen an den Oberschenkeln, mit Verschluss.  Dreilagiges wasserdichtes Material mit 20.000 mm Wassers\u00e4ule, in jeder Phase der Produktion PFC-frei.  Wasserdampfdurchl\u00e4ssigkeit 25.000 gsm \/ 24 h.  Passt auf alle Kniesch\u00fctzer.    &nbsp;  &nbsp;  &nbsp;  Abgebildete Modelle:  M\u00e4nnlich - 180 cm, schlank, Gr\u00f6\u00dfe M (passt locker, S passt auch)  Weiblich - 169 cm, Gr\u00f6\u00dfe S (sitzt locker, XS passt auch)\" \/>\n<meta property=\"og:url\" content=\"https:\/\/gotygu.com\/de\/produkt\/boar-3l-25k-fahrradhose\/\" \/>\n<meta property=\"og:site_name\" content=\"TYGU\" \/>\n<meta property=\"article:publisher\" content=\"https:\/\/www.facebook.com\/TYGUapparel\" \/>\n<meta property=\"article:modified_time\" content=\"2025-11-30T23:00:25+00:00\" \/>\n<meta property=\"og:image\" content=\"https:\/\/gotygu.com\/wp-content\/uploads\/2024\/10\/gacie1.jpg\" \/>\n\t<meta property=\"og:image:width\" content=\"2000\" \/>\n\t<meta property=\"og:image:height\" content=\"2000\" \/>\n\t<meta property=\"og:image:type\" content=\"image\/jpeg\" \/>\n<meta name=\"twitter:card\" content=\"summary_large_image\" \/>\n<meta name=\"twitter:label1\" content=\"Gesch\u00e4tzte Lesezeit\" \/>\n\t<meta name=\"twitter:data1\" content=\"1\u00a0Minute\" \/>\n<script type=\"application\/ld+json\" class=\"yoast-schema-graph\">{\"@context\":\"https:\/\/schema.org\",\"@graph\":[{\"@type\":\"WebPage\",\"@id\":\"https:\/\/gotygu.com\/de\/produkt\/boar-3l-25k-fahrradhose\/\",\"url\":\"https:\/\/gotygu.com\/de\/produkt\/boar-3l-25k-fahrradhose\/\",\"name\":\"BOAR 3L 25K Fahrradhose - TYGU\",\"isPartOf\":{\"@id\":\"https:\/\/gotygu.com\/#website\"},\"primaryImageOfPage\":{\"@id\":\"https:\/\/gotygu.com\/de\/produkt\/boar-3l-25k-fahrradhose\/#primaryimage\"},\"image\":{\"@id\":\"https:\/\/gotygu.com\/de\/produkt\/boar-3l-25k-fahrradhose\/#primaryimage\"},\"thumbnailUrl\":\"https:\/\/gotygu.com\/wp-content\/uploads\/2024\/10\/gacie1.jpg\",\"datePublished\":\"2024-10-12T05:18:00+00:00\",\"dateModified\":\"2025-11-30T23:00:25+00:00\",\"breadcrumb\":{\"@id\":\"https:\/\/gotygu.com\/de\/produkt\/boar-3l-25k-fahrradhose\/#breadcrumb\"},\"inLanguage\":\"de\",\"potentialAction\":[{\"@type\":\"ReadAction\",\"target\":[\"https:\/\/gotygu.com\/de\/produkt\/boar-3l-25k-fahrradhose\/\"]}]},{\"@type\":\"ImageObject\",\"inLanguage\":\"de\",\"@id\":\"https:\/\/gotygu.com\/de\/produkt\/boar-3l-25k-fahrradhose\/#primaryimage\",\"url\":\"https:\/\/gotygu.com\/wp-content\/uploads\/2024\/10\/gacie1.jpg\",\"contentUrl\":\"https:\/\/gotygu.com\/wp-content\/uploads\/2024\/10\/gacie1.jpg\",\"width\":2000,\"height\":2000},{\"@type\":\"BreadcrumbList\",\"@id\":\"https:\/\/gotygu.com\/de\/produkt\/boar-3l-25k-fahrradhose\/#breadcrumb\",\"itemListElement\":[{\"@type\":\"ListItem\",\"position\":1,\"name\":\"Strona g\u0142\u00f3wna\",\"item\":\"https:\/\/gotygu.com\/\"},{\"@type\":\"ListItem\",\"position\":2,\"name\":\"Produkty\",\"item\":\"https:\/\/gotygu.com\/shop\/\"},{\"@type\":\"ListItem\",\"position\":3,\"name\":\"BOAR 3L 25K Fahrradhose\"}]},{\"@type\":\"WebSite\",\"@id\":\"https:\/\/gotygu.com\/#website\",\"url\":\"https:\/\/gotygu.com\/\",\"name\":\"TYGU - Polska marka odzie\u017cy\",\"description\":\"Designed To Ride - poznaj Polsk\u0105 mark\u0119\",\"publisher\":{\"@id\":\"https:\/\/gotygu.com\/#organization\"},\"alternateName\":\"Prosto z serca Beskid\u00f3w. Autorskie projekty odzie\u017cy i akcesori\u00f3w rowerowych. Odzie\u017c Merino dla rowerzyst\u00f3w\",\"potentialAction\":[{\"@type\":\"SearchAction\",\"target\":{\"@type\":\"EntryPoint\",\"urlTemplate\":\"https:\/\/gotygu.com\/?s={search_term_string}\"},\"query-input\":{\"@type\":\"PropertyValueSpecification\",\"valueRequired\":true,\"valueName\":\"search_term_string\"}}],\"inLanguage\":\"de\"},{\"@type\":\"Organization\",\"@id\":\"https:\/\/gotygu.com\/#organization\",\"name\":\"Polska marka rowerowa z serca beskid\u00f3w. Odzie\u017c i akcesoria rowerowa projektowane przez rowerzyst\u00f3w. Odzie\u017c merino, enduro i mtb.\",\"url\":\"https:\/\/gotygu.com\/\",\"logo\":{\"@type\":\"ImageObject\",\"inLanguage\":\"de\",\"@id\":\"https:\/\/gotygu.com\/#\/schema\/logo\/image\/\",\"url\":\"https:\/\/gotygu.com\/wp-content\/uploads\/2023\/12\/tygu-gory.png\",\"contentUrl\":\"https:\/\/gotygu.com\/wp-content\/uploads\/2023\/12\/tygu-gory.png\",\"width\":512,\"height\":512,\"caption\":\"Polska marka rowerowa z serca beskid\u00f3w. Odzie\u017c i akcesoria rowerowa projektowane przez rowerzyst\u00f3w. Odzie\u017c merino, enduro i mtb.\"},\"image\":{\"@id\":\"https:\/\/gotygu.com\/#\/schema\/logo\/image\/\"},\"sameAs\":[\"https:\/\/www.facebook.com\/TYGUapparel\"]}]}<\/script>\n<!-- \/ Yoast SEO plugin. -->","yoast_head_json":{"title":"BOAR 3L 25K Fahrradhose - TYGU","robots":{"index":"index","follow":"follow","max-snippet":"max-snippet:-1","max-image-preview":"max-image-preview:large","max-video-preview":"max-video-preview:-1"},"canonical":"https:\/\/gotygu.com\/de\/produkt\/boar-3l-25k-fahrradhose\/","og_locale":"de_DE","og_type":"article","og_title":"BOAR 3L 25K Fahrradhose - TYGU","og_description":"Wasserdichte, atmungsaktive Hose f\u00fcr lange Radtouren unter schwierigen Bedingungen.  Speziell f\u00fcr Radfahrer entworfener Schnitt, schlanke Passform unterhalb der Knie.  Elastisches Band statt Taillenverstellung, minimalistischer und bequemer Schnitt.  Kordelzug an den Kn\u00f6cheln des Hauptstoffes.  Geklebte N\u00e4hte.  2 Taschen, abschlie\u00dfbar.  Offene Bel\u00fcftungszonen an den Oberschenkeln, mit Verschluss.  Dreilagiges wasserdichtes Material mit 20.000 mm Wassers\u00e4ule, in jeder Phase der Produktion PFC-frei.  Wasserdampfdurchl\u00e4ssigkeit 25.000 gsm \/ 24 h.  Passt auf alle Kniesch\u00fctzer.    &nbsp;  &nbsp;  &nbsp;  Abgebildete Modelle:  M\u00e4nnlich - 180 cm, schlank, Gr\u00f6\u00dfe M (passt locker, S passt auch)  Weiblich - 169 cm, Gr\u00f6\u00dfe S (sitzt locker, XS passt auch)","og_url":"https:\/\/gotygu.com\/de\/produkt\/boar-3l-25k-fahrradhose\/","og_site_name":"TYGU","article_publisher":"https:\/\/www.facebook.com\/TYGUapparel","article_modified_time":"2025-11-30T23:00:25+00:00","og_image":[{"width":2000,"height":2000,"url":"https:\/\/gotygu.com\/wp-content\/uploads\/2024\/10\/gacie1.jpg","type":"image\/jpeg"}],"twitter_card":"summary_large_image","twitter_misc":{"Gesch\u00e4tzte Lesezeit":"1\u00a0Minute"},"schema":{"@context":"https:\/\/schema.org","@graph":[{"@type":"WebPage","@id":"https:\/\/gotygu.com\/de\/produkt\/boar-3l-25k-fahrradhose\/","url":"https:\/\/gotygu.com\/de\/produkt\/boar-3l-25k-fahrradhose\/","name":"BOAR 3L 25K Fahrradhose - TYGU","isPartOf":{"@id":"https:\/\/gotygu.com\/#website"},"primaryImageOfPage":{"@id":"https:\/\/gotygu.com\/de\/produkt\/boar-3l-25k-fahrradhose\/#primaryimage"},"image":{"@id":"https:\/\/gotygu.com\/de\/produkt\/boar-3l-25k-fahrradhose\/#primaryimage"},"thumbnailUrl":"https:\/\/gotygu.com\/wp-content\/uploads\/2024\/10\/gacie1.jpg","datePublished":"2024-10-12T05:18:00+00:00","dateModified":"2025-11-30T23:00:25+00:00","breadcrumb":{"@id":"https:\/\/gotygu.com\/de\/produkt\/boar-3l-25k-fahrradhose\/#breadcrumb"},"inLanguage":"de","potentialAction":[{"@type":"ReadAction","target":["https:\/\/gotygu.com\/de\/produkt\/boar-3l-25k-fahrradhose\/"]}]},{"@type":"ImageObject","inLanguage":"de","@id":"https:\/\/gotygu.com\/de\/produkt\/boar-3l-25k-fahrradhose\/#primaryimage","url":"https:\/\/gotygu.com\/wp-content\/uploads\/2024\/10\/gacie1.jpg","contentUrl":"https:\/\/gotygu.com\/wp-content\/uploads\/2024\/10\/gacie1.jpg","width":2000,"height":2000},{"@type":"BreadcrumbList","@id":"https:\/\/gotygu.com\/de\/produkt\/boar-3l-25k-fahrradhose\/#breadcrumb","itemListElement":[{"@type":"ListItem","position":1,"name":"Strona g\u0142\u00f3wna","item":"https:\/\/gotygu.com\/"},{"@type":"ListItem","position":2,"name":"Produkty","item":"https:\/\/gotygu.com\/shop\/"},{"@type":"ListItem","position":3,"name":"BOAR 3L 25K Fahrradhose"}]},{"@type":"WebSite","@id":"https:\/\/gotygu.com\/#website","url":"https:\/\/gotygu.com\/","name":"TYGU - Polska marka odzie\u017cy","description":"Designed To Ride - poznaj Polsk\u0105 mark\u0119","publisher":{"@id":"https:\/\/gotygu.com\/#organization"},"alternateName":"Prosto z serca Beskid\u00f3w. Autorskie projekty odzie\u017cy i akcesori\u00f3w rowerowych. Odzie\u017c Merino dla rowerzyst\u00f3w","potentialAction":[{"@type":"SearchAction","target":{"@type":"EntryPoint","urlTemplate":"https:\/\/gotygu.com\/?s={search_term_string}"},"query-input":{"@type":"PropertyValueSpecification","valueRequired":true,"valueName":"search_term_string"}}],"inLanguage":"de"},{"@type":"Organization","@id":"https:\/\/gotygu.com\/#organization","name":"Polska marka rowerowa z serca beskid\u00f3w. Odzie\u017c i akcesoria rowerowa projektowane przez rowerzyst\u00f3w. Odzie\u017c merino, enduro i mtb.","url":"https:\/\/gotygu.com\/","logo":{"@type":"ImageObject","inLanguage":"de","@id":"https:\/\/gotygu.com\/#\/schema\/logo\/image\/","url":"https:\/\/gotygu.com\/wp-content\/uploads\/2023\/12\/tygu-gory.png","contentUrl":"https:\/\/gotygu.com\/wp-content\/uploads\/2023\/12\/tygu-gory.png","width":512,"height":512,"caption":"Polska marka rowerowa z serca beskid\u00f3w. Odzie\u017c i akcesoria rowerowa projektowane przez rowerzyst\u00f3w. Odzie\u017c merino, enduro i mtb."},"image":{"@id":"https:\/\/gotygu.com\/#\/schema\/logo\/image\/"},"sameAs":["https:\/\/www.facebook.com\/TYGUapparel"]}]}},"_links":{"self":[{"href":"https:\/\/gotygu.com\/de\/wp-json\/wp\/v2\/product\/386080"}],"collection":[{"href":"https:\/\/gotygu.com\/de\/wp-json\/wp\/v2\/product"}],"about":[{"href":"https:\/\/gotygu.com\/de\/wp-json\/wp\/v2\/types\/product"}],"replies":[{"embeddable":true,"href":"https:\/\/gotygu.com\/de\/wp-json\/wp\/v2\/comments?post=386080"}],"wp:featuredmedia":[{"embeddable":true,"href":"https:\/\/gotygu.com\/de\/wp-json\/wp\/v2\/media\/385802"}],"wp:attachment":[{"href":"https:\/\/gotygu.com\/de\/wp-json\/wp\/v2\/media?parent=386080"}],"wp:term":[{"taxonomy":"product_brand","embeddable":true,"href":"https:\/\/gotygu.com\/de\/wp-json\/wp\/v2\/product_brand?post=386080"},{"taxonomy":"product_cat","embeddable":true,"href":"https:\/\/gotygu.com\/de\/wp-json\/wp\/v2\/product_cat?post=386080"},{"taxonomy":"product_tag","embeddable":true,"href":"https:\/\/gotygu.com\/de\/wp-json\/wp\/v2\/product_tag?post=386080"}],"curies":[{"name":"wp","href":"https:\/\/api.w.org\/{rel}","templated":true}]}}