{"id":384930,"date":"2024-07-10T11:47:00","date_gmt":"2024-07-10T09:47:00","guid":{"rendered":"https:\/\/gotygu.com\/?post_type=product&#038;p=384930"},"modified":"2025-12-01T00:00:25","modified_gmt":"2025-11-30T23:00:25","slug":"crux-ii-protektor","status":"publish","type":"product","link":"https:\/\/gotygu.com\/de\/produkt\/crux-ii-protektor\/","title":{"rendered":"CRUX II Besch\u00fctzer"},"content":{"rendered":"","protected":false},"excerpt":{"rendered":"<p><strong>Unser 100-prozentiges Original-Protektor-Design.<\/strong><\/p>\n<p>Neu 2024\/25<br \/>\nMinimalistischer, aber wichtiger Schutz f\u00fcr die wichtigsten K\u00f6rperregionen.<\/p>\n<ul>\n<li>Getragen als erste Schicht (Unterw\u00e4sche)<\/li>\n<li>FLEXIBEL &#8211; schnell an- und auszuziehen. Nicht reizender Rei\u00dfverschluss auf Haut und Hals<\/li>\n<li>Neues D30-Paneel auf der R\u00fcckseite, abnehmbar, volle Gr\u00f6\u00dfe, bel\u00fcftet<\/li>\n<li>Neuer K\u00e4fig, Rippen- und H\u00fcftstachelschutz, neu gestaltet nach. Kommentare von Nutzern<\/li>\n<li>Gro\u00dfe Taschen auf dem R\u00fccken ersetzen das Reiten mit einer &#8220;Niere&#8221;.<\/li>\n<\/ul>\n<p><img decoding=\"async\" class=\"alignnone \" src=\"https:\/\/www.d3o.com\/media\/1002\/d3o-logo-1.png\" width=\"223\" height=\"194\" \/><\/p>\n","protected":false},"featured_media":384938,"comment_status":"open","ping_status":"closed","template":"","meta":[],"product_brand":[],"product_cat":[245,224],"product_tag":[],"class_list":{"0":"post-384930","1":"product","2":"type-product","3":"status-publish","4":"has-post-thumbnail","6":"product_cat-crux-schutz","7":"product_cat-kollektion-2023","8":"pa_rozmiary-xs-de","9":"pa_rozmiary-s-de","10":"pa_rozmiary-m-de","11":"pa_rozmiary-l-de","12":"pa_rozmiary-xl-de","14":"first","15":"instock","16":"taxable","17":"shipping-taxable","18":"purchasable","19":"product-type-variable"},"yoast_head":"<!-- This site is optimized with the Yoast SEO plugin v25.4 - https:\/\/yoast.com\/wordpress\/plugins\/seo\/ -->\n<title>CRUX II Besch\u00fctzer - TYGU<\/title>\n<meta name=\"robots\" content=\"index, follow, max-snippet:-1, max-image-preview:large, max-video-preview:-1\" \/>\n<link rel=\"canonical\" href=\"https:\/\/gotygu.com\/produkt\/crux-ii-ochraniacz\/\" \/>\n<meta property=\"og:locale\" content=\"de_DE\" \/>\n<meta property=\"og:type\" content=\"article\" \/>\n<meta property=\"og:title\" content=\"CRUX II Besch\u00fctzer - TYGU\" \/>\n<meta property=\"og:description\" content=\"Unser 100-prozentiges Original-Protektor-Design.  Neu 2024\/25 Minimalistischer, aber wichtiger Schutz f\u00fcr die wichtigsten K\u00f6rperregionen.   Getragen als erste Schicht (Unterw\u00e4sche)  FLEXIBEL - schnell an- und auszuziehen. Nicht reizender Rei\u00dfverschluss auf Haut und Hals  Neues D30-Paneel auf der R\u00fcckseite, abnehmbar, volle Gr\u00f6\u00dfe, bel\u00fcftet  Neuer K\u00e4fig, Rippen- und H\u00fcftstachelschutz, neu gestaltet nach. Kommentare von Nutzern  Gro\u00dfe Taschen auf dem R\u00fccken ersetzen das Reiten mit einer &quot;Niere&quot;.\" \/>\n<meta property=\"og:url\" content=\"https:\/\/gotygu.com\/produkt\/crux-ii-ochraniacz\/\" \/>\n<meta property=\"og:site_name\" content=\"TYGU\" \/>\n<meta property=\"article:publisher\" content=\"https:\/\/www.facebook.com\/TYGUapparel\" \/>\n<meta property=\"article:modified_time\" content=\"2025-11-30T23:00:25+00:00\" \/>\n<meta property=\"og:image\" content=\"https:\/\/gotygu.com\/wp-content\/uploads\/2024\/07\/crux2-scaled.jpg\" \/>\n\t<meta property=\"og:image:width\" content=\"2002\" \/>\n\t<meta property=\"og:image:height\" content=\"2560\" \/>\n\t<meta property=\"og:image:type\" content=\"image\/jpeg\" \/>\n<meta name=\"twitter:card\" content=\"summary_large_image\" \/>\n<meta name=\"twitter:label1\" content=\"Gesch\u00e4tzte Lesezeit\" \/>\n\t<meta name=\"twitter:data1\" content=\"1\u00a0Minute\" \/>\n<script type=\"application\/ld+json\" class=\"yoast-schema-graph\">{\"@context\":\"https:\/\/schema.org\",\"@graph\":[{\"@type\":\"WebPage\",\"@id\":\"https:\/\/gotygu.com\/produkt\/crux-ii-ochraniacz\/\",\"url\":\"https:\/\/gotygu.com\/produkt\/crux-ii-ochraniacz\/\",\"name\":\"CRUX II Besch\u00fctzer - TYGU\",\"isPartOf\":{\"@id\":\"https:\/\/gotygu.com\/#website\"},\"primaryImageOfPage\":{\"@id\":\"https:\/\/gotygu.com\/produkt\/crux-ii-ochraniacz\/#primaryimage\"},\"image\":{\"@id\":\"https:\/\/gotygu.com\/produkt\/crux-ii-ochraniacz\/#primaryimage\"},\"thumbnailUrl\":\"https:\/\/gotygu.com\/wp-content\/uploads\/2024\/07\/crux2-scaled.jpg\",\"datePublished\":\"2024-07-10T09:47:00+00:00\",\"dateModified\":\"2025-11-30T23:00:25+00:00\",\"breadcrumb\":{\"@id\":\"https:\/\/gotygu.com\/produkt\/crux-ii-ochraniacz\/#breadcrumb\"},\"inLanguage\":\"de\",\"potentialAction\":[{\"@type\":\"ReadAction\",\"target\":[\"https:\/\/gotygu.com\/produkt\/crux-ii-ochraniacz\/\"]}]},{\"@type\":\"ImageObject\",\"inLanguage\":\"de\",\"@id\":\"https:\/\/gotygu.com\/produkt\/crux-ii-ochraniacz\/#primaryimage\",\"url\":\"https:\/\/gotygu.com\/wp-content\/uploads\/2024\/07\/crux2-scaled.jpg\",\"contentUrl\":\"https:\/\/gotygu.com\/wp-content\/uploads\/2024\/07\/crux2-scaled.jpg\",\"width\":2002,\"height\":2560},{\"@type\":\"BreadcrumbList\",\"@id\":\"https:\/\/gotygu.com\/produkt\/crux-ii-ochraniacz\/#breadcrumb\",\"itemListElement\":[{\"@type\":\"ListItem\",\"position\":1,\"name\":\"Strona g\u0142\u00f3wna\",\"item\":\"https:\/\/gotygu.com\/\"},{\"@type\":\"ListItem\",\"position\":2,\"name\":\"Produkty\",\"item\":\"https:\/\/gotygu.com\/shop\/\"},{\"@type\":\"ListItem\",\"position\":3,\"name\":\"CRUX II Besch\u00fctzer\"}]},{\"@type\":\"WebSite\",\"@id\":\"https:\/\/gotygu.com\/#website\",\"url\":\"https:\/\/gotygu.com\/\",\"name\":\"TYGU - Polska marka odzie\u017cy\",\"description\":\"Designed To Ride - poznaj Polsk\u0105 mark\u0119\",\"publisher\":{\"@id\":\"https:\/\/gotygu.com\/#organization\"},\"alternateName\":\"Prosto z serca Beskid\u00f3w. Autorskie projekty odzie\u017cy i akcesori\u00f3w rowerowych. Odzie\u017c Merino dla rowerzyst\u00f3w\",\"potentialAction\":[{\"@type\":\"SearchAction\",\"target\":{\"@type\":\"EntryPoint\",\"urlTemplate\":\"https:\/\/gotygu.com\/?s={search_term_string}\"},\"query-input\":{\"@type\":\"PropertyValueSpecification\",\"valueRequired\":true,\"valueName\":\"search_term_string\"}}],\"inLanguage\":\"de\"},{\"@type\":\"Organization\",\"@id\":\"https:\/\/gotygu.com\/#organization\",\"name\":\"Polska marka rowerowa z serca beskid\u00f3w. Odzie\u017c i akcesoria rowerowa projektowane przez rowerzyst\u00f3w. Odzie\u017c merino, enduro i mtb.\",\"url\":\"https:\/\/gotygu.com\/\",\"logo\":{\"@type\":\"ImageObject\",\"inLanguage\":\"de\",\"@id\":\"https:\/\/gotygu.com\/#\/schema\/logo\/image\/\",\"url\":\"https:\/\/gotygu.com\/wp-content\/uploads\/2023\/12\/tygu-gory.png\",\"contentUrl\":\"https:\/\/gotygu.com\/wp-content\/uploads\/2023\/12\/tygu-gory.png\",\"width\":512,\"height\":512,\"caption\":\"Polska marka rowerowa z serca beskid\u00f3w. Odzie\u017c i akcesoria rowerowa projektowane przez rowerzyst\u00f3w. Odzie\u017c merino, enduro i mtb.\"},\"image\":{\"@id\":\"https:\/\/gotygu.com\/#\/schema\/logo\/image\/\"},\"sameAs\":[\"https:\/\/www.facebook.com\/TYGUapparel\"]}]}<\/script>\n<!-- \/ Yoast SEO plugin. -->","yoast_head_json":{"title":"CRUX II Besch\u00fctzer - TYGU","robots":{"index":"index","follow":"follow","max-snippet":"max-snippet:-1","max-image-preview":"max-image-preview:large","max-video-preview":"max-video-preview:-1"},"canonical":"https:\/\/gotygu.com\/produkt\/crux-ii-ochraniacz\/","og_locale":"de_DE","og_type":"article","og_title":"CRUX II Besch\u00fctzer - TYGU","og_description":"Unser 100-prozentiges Original-Protektor-Design.  Neu 2024\/25 Minimalistischer, aber wichtiger Schutz f\u00fcr die wichtigsten K\u00f6rperregionen.   Getragen als erste Schicht (Unterw\u00e4sche)  FLEXIBEL - schnell an- und auszuziehen. Nicht reizender Rei\u00dfverschluss auf Haut und Hals  Neues D30-Paneel auf der R\u00fcckseite, abnehmbar, volle Gr\u00f6\u00dfe, bel\u00fcftet  Neuer K\u00e4fig, Rippen- und H\u00fcftstachelschutz, neu gestaltet nach. Kommentare von Nutzern  Gro\u00dfe Taschen auf dem R\u00fccken ersetzen das Reiten mit einer \"Niere\".","og_url":"https:\/\/gotygu.com\/produkt\/crux-ii-ochraniacz\/","og_site_name":"TYGU","article_publisher":"https:\/\/www.facebook.com\/TYGUapparel","article_modified_time":"2025-11-30T23:00:25+00:00","og_image":[{"width":2002,"height":2560,"url":"https:\/\/gotygu.com\/wp-content\/uploads\/2024\/07\/crux2-scaled.jpg","type":"image\/jpeg"}],"twitter_card":"summary_large_image","twitter_misc":{"Gesch\u00e4tzte Lesezeit":"1\u00a0Minute"},"schema":{"@context":"https:\/\/schema.org","@graph":[{"@type":"WebPage","@id":"https:\/\/gotygu.com\/produkt\/crux-ii-ochraniacz\/","url":"https:\/\/gotygu.com\/produkt\/crux-ii-ochraniacz\/","name":"CRUX II Besch\u00fctzer - TYGU","isPartOf":{"@id":"https:\/\/gotygu.com\/#website"},"primaryImageOfPage":{"@id":"https:\/\/gotygu.com\/produkt\/crux-ii-ochraniacz\/#primaryimage"},"image":{"@id":"https:\/\/gotygu.com\/produkt\/crux-ii-ochraniacz\/#primaryimage"},"thumbnailUrl":"https:\/\/gotygu.com\/wp-content\/uploads\/2024\/07\/crux2-scaled.jpg","datePublished":"2024-07-10T09:47:00+00:00","dateModified":"2025-11-30T23:00:25+00:00","breadcrumb":{"@id":"https:\/\/gotygu.com\/produkt\/crux-ii-ochraniacz\/#breadcrumb"},"inLanguage":"de","potentialAction":[{"@type":"ReadAction","target":["https:\/\/gotygu.com\/produkt\/crux-ii-ochraniacz\/"]}]},{"@type":"ImageObject","inLanguage":"de","@id":"https:\/\/gotygu.com\/produkt\/crux-ii-ochraniacz\/#primaryimage","url":"https:\/\/gotygu.com\/wp-content\/uploads\/2024\/07\/crux2-scaled.jpg","contentUrl":"https:\/\/gotygu.com\/wp-content\/uploads\/2024\/07\/crux2-scaled.jpg","width":2002,"height":2560},{"@type":"BreadcrumbList","@id":"https:\/\/gotygu.com\/produkt\/crux-ii-ochraniacz\/#breadcrumb","itemListElement":[{"@type":"ListItem","position":1,"name":"Strona g\u0142\u00f3wna","item":"https:\/\/gotygu.com\/"},{"@type":"ListItem","position":2,"name":"Produkty","item":"https:\/\/gotygu.com\/shop\/"},{"@type":"ListItem","position":3,"name":"CRUX II Besch\u00fctzer"}]},{"@type":"WebSite","@id":"https:\/\/gotygu.com\/#website","url":"https:\/\/gotygu.com\/","name":"TYGU - Polska marka odzie\u017cy","description":"Designed To Ride - poznaj Polsk\u0105 mark\u0119","publisher":{"@id":"https:\/\/gotygu.com\/#organization"},"alternateName":"Prosto z serca Beskid\u00f3w. Autorskie projekty odzie\u017cy i akcesori\u00f3w rowerowych. Odzie\u017c Merino dla rowerzyst\u00f3w","potentialAction":[{"@type":"SearchAction","target":{"@type":"EntryPoint","urlTemplate":"https:\/\/gotygu.com\/?s={search_term_string}"},"query-input":{"@type":"PropertyValueSpecification","valueRequired":true,"valueName":"search_term_string"}}],"inLanguage":"de"},{"@type":"Organization","@id":"https:\/\/gotygu.com\/#organization","name":"Polska marka rowerowa z serca beskid\u00f3w. Odzie\u017c i akcesoria rowerowa projektowane przez rowerzyst\u00f3w. Odzie\u017c merino, enduro i mtb.","url":"https:\/\/gotygu.com\/","logo":{"@type":"ImageObject","inLanguage":"de","@id":"https:\/\/gotygu.com\/#\/schema\/logo\/image\/","url":"https:\/\/gotygu.com\/wp-content\/uploads\/2023\/12\/tygu-gory.png","contentUrl":"https:\/\/gotygu.com\/wp-content\/uploads\/2023\/12\/tygu-gory.png","width":512,"height":512,"caption":"Polska marka rowerowa z serca beskid\u00f3w. Odzie\u017c i akcesoria rowerowa projektowane przez rowerzyst\u00f3w. Odzie\u017c merino, enduro i mtb."},"image":{"@id":"https:\/\/gotygu.com\/#\/schema\/logo\/image\/"},"sameAs":["https:\/\/www.facebook.com\/TYGUapparel"]}]}},"_links":{"self":[{"href":"https:\/\/gotygu.com\/de\/wp-json\/wp\/v2\/product\/384930"}],"collection":[{"href":"https:\/\/gotygu.com\/de\/wp-json\/wp\/v2\/product"}],"about":[{"href":"https:\/\/gotygu.com\/de\/wp-json\/wp\/v2\/types\/product"}],"replies":[{"embeddable":true,"href":"https:\/\/gotygu.com\/de\/wp-json\/wp\/v2\/comments?post=384930"}],"wp:featuredmedia":[{"embeddable":true,"href":"https:\/\/gotygu.com\/de\/wp-json\/wp\/v2\/media\/384938"}],"wp:attachment":[{"href":"https:\/\/gotygu.com\/de\/wp-json\/wp\/v2\/media?parent=384930"}],"wp:term":[{"taxonomy":"product_brand","embeddable":true,"href":"https:\/\/gotygu.com\/de\/wp-json\/wp\/v2\/product_brand?post=384930"},{"taxonomy":"product_cat","embeddable":true,"href":"https:\/\/gotygu.com\/de\/wp-json\/wp\/v2\/product_cat?post=384930"},{"taxonomy":"product_tag","embeddable":true,"href":"https:\/\/gotygu.com\/de\/wp-json\/wp\/v2\/product_tag?post=384930"}],"curies":[{"name":"wp","href":"https:\/\/api.w.org\/{rel}","templated":true}]}}