{"id":384724,"date":"2024-05-07T10:56:00","date_gmt":"2024-05-07T08:56:00","guid":{"rendered":"https:\/\/gotygu.com\/produkt\/drifter-mtb-hose\/"},"modified":"2025-08-01T01:00:54","modified_gmt":"2025-07-31T23:00:54","slug":"drifter-mtb-hose","status":"publish","type":"product","link":"https:\/\/gotygu.com\/de\/produkt\/drifter-mtb-hose\/","title":{"rendered":"DRIFTER MTB-Hose"},"content":{"rendered":"","protected":false},"excerpt":{"rendered":"<p>Neues Produkt 2024!<\/p>\n<p>Die erste derartig fortschrittliche Hose f\u00fcr breite MTB-Anwendungen. Sie halten stundenlang schweres Enduro bis hin zu leichten Bergexpeditionen aus.<\/p>\n<ul>\n<li>Der Stoff ist eine Mischung aus Nylon und Elasthan, die mit DWR beschichtet ist: BIONIC-FINISH\u00ae ECO.<\/li>\n<li>Abnehmbare Rei\u00dfverschl\u00fcsse an den Beinen helfen dabei, die Protektoren schnell zu entsorgen.<\/li>\n<li>Der Schnitt basiert auf einem bequemen, elastischen Bund und einer Regulierung durch den Rei\u00dfverschluss.<\/li>\n<li>Zus\u00e4tzliche Knieverst\u00e4rkung und Bel\u00fcftung an den Oberschenkeln.<\/li>\n<\/ul>\n<p><img decoding=\"async\" class=\"alignnone size-full wp-image-384483\" src=\"https:\/\/gotygu.com\/wp-content\/uploads\/2024\/05\/bionic_finish_eco_logo.svg\" alt=\"\" width=\"347\" height=\"81\"><\/p>\n","protected":false},"featured_media":384479,"comment_status":"open","ping_status":"closed","template":"","meta":[],"product_brand":[],"product_cat":[243,258,259,261,244],"product_tag":[],"class_list":{"0":"post-384724","1":"product","2":"type-product","3":"status-publish","4":"has-post-thumbnail","6":"product_cat-er","7":"product_cat-hosen","8":"product_cat-hosen-fuer-frauen","9":"product_cat-hosen-fuer-maenner","10":"product_cat-sie","11":"pa_rozmiary-28-de","12":"pa_rozmiary-30-de","13":"pa_rozmiary-32-de","14":"pa_rozmiary-34-de","15":"pa_rozmiary-36-de","16":"pa_rozmiary-38-de","17":"pa_rozmiary-403xl-de","19":"first","20":"instock","21":"taxable","22":"shipping-taxable","23":"purchasable","24":"product-type-variable"},"yoast_head":"<!-- This site is optimized with the Yoast SEO plugin v25.4 - https:\/\/yoast.com\/wordpress\/plugins\/seo\/ -->\n<title>DRIFTER MTB-Hose - TYGU<\/title>\n<meta name=\"description\" content=\"Mehrzweck-MTB-Hose aus Nylon und Spandex, verst\u00e4rkte Knie und das Ganze mit DWR behandelt - Bionic-Finish\u00ae Der ungekn\u00f6pfte Saum hilft bei Knieschonern (!).\" \/>\n<meta name=\"robots\" content=\"index, follow, max-snippet:-1, max-image-preview:large, max-video-preview:-1\" \/>\n<link rel=\"canonical\" href=\"https:\/\/gotygu.com\/de\/produkt\/drifter-mtb-hose\/\" \/>\n<meta property=\"og:locale\" content=\"de_DE\" \/>\n<meta property=\"og:type\" content=\"article\" \/>\n<meta property=\"og:title\" content=\"DRIFTER MTB-Hose - TYGU\" \/>\n<meta property=\"og:description\" content=\"Mehrzweck-MTB-Hose aus Nylon und Spandex, verst\u00e4rkte Knie und das Ganze mit DWR behandelt - Bionic-Finish\u00ae Der ungekn\u00f6pfte Saum hilft bei Knieschonern (!).\" \/>\n<meta property=\"og:url\" content=\"https:\/\/gotygu.com\/de\/produkt\/drifter-mtb-hose\/\" \/>\n<meta property=\"og:site_name\" content=\"TYGU\" \/>\n<meta property=\"article:publisher\" content=\"https:\/\/www.facebook.com\/TYGUapparel\" \/>\n<meta property=\"article:modified_time\" content=\"2025-07-31T23:00:54+00:00\" \/>\n<meta property=\"og:image\" content=\"https:\/\/gotygu.com\/wp-content\/uploads\/2024\/05\/TYGU-dlugie-spodnie-przod.jpg\" \/>\n\t<meta property=\"og:image:width\" content=\"2000\" \/>\n\t<meta property=\"og:image:height\" content=\"2000\" \/>\n\t<meta property=\"og:image:type\" content=\"image\/jpeg\" \/>\n<meta name=\"twitter:card\" content=\"summary_large_image\" \/>\n<script type=\"application\/ld+json\" class=\"yoast-schema-graph\">{\"@context\":\"https:\/\/schema.org\",\"@graph\":[{\"@type\":\"WebPage\",\"@id\":\"https:\/\/gotygu.com\/de\/produkt\/drifter-mtb-hose\/\",\"url\":\"https:\/\/gotygu.com\/de\/produkt\/drifter-mtb-hose\/\",\"name\":\"DRIFTER MTB-Hose - TYGU\",\"isPartOf\":{\"@id\":\"https:\/\/gotygu.com\/#website\"},\"primaryImageOfPage\":{\"@id\":\"https:\/\/gotygu.com\/de\/produkt\/drifter-mtb-hose\/#primaryimage\"},\"image\":{\"@id\":\"https:\/\/gotygu.com\/de\/produkt\/drifter-mtb-hose\/#primaryimage\"},\"thumbnailUrl\":\"https:\/\/gotygu.com\/wp-content\/uploads\/2024\/05\/TYGU-dlugie-spodnie-przod.jpg\",\"datePublished\":\"2024-05-07T08:56:00+00:00\",\"dateModified\":\"2025-07-31T23:00:54+00:00\",\"description\":\"Mehrzweck-MTB-Hose aus Nylon und Spandex, verst\u00e4rkte Knie und das Ganze mit DWR behandelt - Bionic-Finish\u00ae Der ungekn\u00f6pfte Saum hilft bei Knieschonern (!).\",\"breadcrumb\":{\"@id\":\"https:\/\/gotygu.com\/de\/produkt\/drifter-mtb-hose\/#breadcrumb\"},\"inLanguage\":\"de\",\"potentialAction\":[{\"@type\":\"ReadAction\",\"target\":[\"https:\/\/gotygu.com\/de\/produkt\/drifter-mtb-hose\/\"]}]},{\"@type\":\"ImageObject\",\"inLanguage\":\"de\",\"@id\":\"https:\/\/gotygu.com\/de\/produkt\/drifter-mtb-hose\/#primaryimage\",\"url\":\"https:\/\/gotygu.com\/wp-content\/uploads\/2024\/05\/TYGU-dlugie-spodnie-przod.jpg\",\"contentUrl\":\"https:\/\/gotygu.com\/wp-content\/uploads\/2024\/05\/TYGU-dlugie-spodnie-przod.jpg\",\"width\":2000,\"height\":2000},{\"@type\":\"BreadcrumbList\",\"@id\":\"https:\/\/gotygu.com\/de\/produkt\/drifter-mtb-hose\/#breadcrumb\",\"itemListElement\":[{\"@type\":\"ListItem\",\"position\":1,\"name\":\"Strona g\u0142\u00f3wna\",\"item\":\"https:\/\/gotygu.com\/\"},{\"@type\":\"ListItem\",\"position\":2,\"name\":\"Produkty\",\"item\":\"https:\/\/gotygu.com\/shop\/\"},{\"@type\":\"ListItem\",\"position\":3,\"name\":\"DRIFTER MTB-Hose\"}]},{\"@type\":\"WebSite\",\"@id\":\"https:\/\/gotygu.com\/#website\",\"url\":\"https:\/\/gotygu.com\/\",\"name\":\"TYGU - Polska marka odzie\u017cy\",\"description\":\"Designed To Ride - poznaj Polsk\u0105 mark\u0119\",\"publisher\":{\"@id\":\"https:\/\/gotygu.com\/#organization\"},\"alternateName\":\"Prosto z serca Beskid\u00f3w. Autorskie projekty odzie\u017cy i akcesori\u00f3w rowerowych. Odzie\u017c Merino dla rowerzyst\u00f3w\",\"potentialAction\":[{\"@type\":\"SearchAction\",\"target\":{\"@type\":\"EntryPoint\",\"urlTemplate\":\"https:\/\/gotygu.com\/?s={search_term_string}\"},\"query-input\":{\"@type\":\"PropertyValueSpecification\",\"valueRequired\":true,\"valueName\":\"search_term_string\"}}],\"inLanguage\":\"de\"},{\"@type\":\"Organization\",\"@id\":\"https:\/\/gotygu.com\/#organization\",\"name\":\"Polska marka rowerowa z serca beskid\u00f3w. Odzie\u017c i akcesoria rowerowa projektowane przez rowerzyst\u00f3w. Odzie\u017c merino, enduro i mtb.\",\"url\":\"https:\/\/gotygu.com\/\",\"logo\":{\"@type\":\"ImageObject\",\"inLanguage\":\"de\",\"@id\":\"https:\/\/gotygu.com\/#\/schema\/logo\/image\/\",\"url\":\"https:\/\/gotygu.com\/wp-content\/uploads\/2023\/12\/tygu-gory.png\",\"contentUrl\":\"https:\/\/gotygu.com\/wp-content\/uploads\/2023\/12\/tygu-gory.png\",\"width\":512,\"height\":512,\"caption\":\"Polska marka rowerowa z serca beskid\u00f3w. Odzie\u017c i akcesoria rowerowa projektowane przez rowerzyst\u00f3w. Odzie\u017c merino, enduro i mtb.\"},\"image\":{\"@id\":\"https:\/\/gotygu.com\/#\/schema\/logo\/image\/\"},\"sameAs\":[\"https:\/\/www.facebook.com\/TYGUapparel\"]}]}<\/script>\n<!-- \/ Yoast SEO plugin. -->","yoast_head_json":{"title":"DRIFTER MTB-Hose - TYGU","description":"Mehrzweck-MTB-Hose aus Nylon und Spandex, verst\u00e4rkte Knie und das Ganze mit DWR behandelt - Bionic-Finish\u00ae Der ungekn\u00f6pfte Saum hilft bei Knieschonern (!).","robots":{"index":"index","follow":"follow","max-snippet":"max-snippet:-1","max-image-preview":"max-image-preview:large","max-video-preview":"max-video-preview:-1"},"canonical":"https:\/\/gotygu.com\/de\/produkt\/drifter-mtb-hose\/","og_locale":"de_DE","og_type":"article","og_title":"DRIFTER MTB-Hose - TYGU","og_description":"Mehrzweck-MTB-Hose aus Nylon und Spandex, verst\u00e4rkte Knie und das Ganze mit DWR behandelt - Bionic-Finish\u00ae Der ungekn\u00f6pfte Saum hilft bei Knieschonern (!).","og_url":"https:\/\/gotygu.com\/de\/produkt\/drifter-mtb-hose\/","og_site_name":"TYGU","article_publisher":"https:\/\/www.facebook.com\/TYGUapparel","article_modified_time":"2025-07-31T23:00:54+00:00","og_image":[{"width":2000,"height":2000,"url":"https:\/\/gotygu.com\/wp-content\/uploads\/2024\/05\/TYGU-dlugie-spodnie-przod.jpg","type":"image\/jpeg"}],"twitter_card":"summary_large_image","schema":{"@context":"https:\/\/schema.org","@graph":[{"@type":"WebPage","@id":"https:\/\/gotygu.com\/de\/produkt\/drifter-mtb-hose\/","url":"https:\/\/gotygu.com\/de\/produkt\/drifter-mtb-hose\/","name":"DRIFTER MTB-Hose - TYGU","isPartOf":{"@id":"https:\/\/gotygu.com\/#website"},"primaryImageOfPage":{"@id":"https:\/\/gotygu.com\/de\/produkt\/drifter-mtb-hose\/#primaryimage"},"image":{"@id":"https:\/\/gotygu.com\/de\/produkt\/drifter-mtb-hose\/#primaryimage"},"thumbnailUrl":"https:\/\/gotygu.com\/wp-content\/uploads\/2024\/05\/TYGU-dlugie-spodnie-przod.jpg","datePublished":"2024-05-07T08:56:00+00:00","dateModified":"2025-07-31T23:00:54+00:00","description":"Mehrzweck-MTB-Hose aus Nylon und Spandex, verst\u00e4rkte Knie und das Ganze mit DWR behandelt - Bionic-Finish\u00ae Der ungekn\u00f6pfte Saum hilft bei Knieschonern (!).","breadcrumb":{"@id":"https:\/\/gotygu.com\/de\/produkt\/drifter-mtb-hose\/#breadcrumb"},"inLanguage":"de","potentialAction":[{"@type":"ReadAction","target":["https:\/\/gotygu.com\/de\/produkt\/drifter-mtb-hose\/"]}]},{"@type":"ImageObject","inLanguage":"de","@id":"https:\/\/gotygu.com\/de\/produkt\/drifter-mtb-hose\/#primaryimage","url":"https:\/\/gotygu.com\/wp-content\/uploads\/2024\/05\/TYGU-dlugie-spodnie-przod.jpg","contentUrl":"https:\/\/gotygu.com\/wp-content\/uploads\/2024\/05\/TYGU-dlugie-spodnie-przod.jpg","width":2000,"height":2000},{"@type":"BreadcrumbList","@id":"https:\/\/gotygu.com\/de\/produkt\/drifter-mtb-hose\/#breadcrumb","itemListElement":[{"@type":"ListItem","position":1,"name":"Strona g\u0142\u00f3wna","item":"https:\/\/gotygu.com\/"},{"@type":"ListItem","position":2,"name":"Produkty","item":"https:\/\/gotygu.com\/shop\/"},{"@type":"ListItem","position":3,"name":"DRIFTER MTB-Hose"}]},{"@type":"WebSite","@id":"https:\/\/gotygu.com\/#website","url":"https:\/\/gotygu.com\/","name":"TYGU - Polska marka odzie\u017cy","description":"Designed To Ride - poznaj Polsk\u0105 mark\u0119","publisher":{"@id":"https:\/\/gotygu.com\/#organization"},"alternateName":"Prosto z serca Beskid\u00f3w. Autorskie projekty odzie\u017cy i akcesori\u00f3w rowerowych. Odzie\u017c Merino dla rowerzyst\u00f3w","potentialAction":[{"@type":"SearchAction","target":{"@type":"EntryPoint","urlTemplate":"https:\/\/gotygu.com\/?s={search_term_string}"},"query-input":{"@type":"PropertyValueSpecification","valueRequired":true,"valueName":"search_term_string"}}],"inLanguage":"de"},{"@type":"Organization","@id":"https:\/\/gotygu.com\/#organization","name":"Polska marka rowerowa z serca beskid\u00f3w. Odzie\u017c i akcesoria rowerowa projektowane przez rowerzyst\u00f3w. Odzie\u017c merino, enduro i mtb.","url":"https:\/\/gotygu.com\/","logo":{"@type":"ImageObject","inLanguage":"de","@id":"https:\/\/gotygu.com\/#\/schema\/logo\/image\/","url":"https:\/\/gotygu.com\/wp-content\/uploads\/2023\/12\/tygu-gory.png","contentUrl":"https:\/\/gotygu.com\/wp-content\/uploads\/2023\/12\/tygu-gory.png","width":512,"height":512,"caption":"Polska marka rowerowa z serca beskid\u00f3w. Odzie\u017c i akcesoria rowerowa projektowane przez rowerzyst\u00f3w. Odzie\u017c merino, enduro i mtb."},"image":{"@id":"https:\/\/gotygu.com\/#\/schema\/logo\/image\/"},"sameAs":["https:\/\/www.facebook.com\/TYGUapparel"]}]}},"_links":{"self":[{"href":"https:\/\/gotygu.com\/de\/wp-json\/wp\/v2\/product\/384724"}],"collection":[{"href":"https:\/\/gotygu.com\/de\/wp-json\/wp\/v2\/product"}],"about":[{"href":"https:\/\/gotygu.com\/de\/wp-json\/wp\/v2\/types\/product"}],"replies":[{"embeddable":true,"href":"https:\/\/gotygu.com\/de\/wp-json\/wp\/v2\/comments?post=384724"}],"wp:featuredmedia":[{"embeddable":true,"href":"https:\/\/gotygu.com\/de\/wp-json\/wp\/v2\/media\/384479"}],"wp:attachment":[{"href":"https:\/\/gotygu.com\/de\/wp-json\/wp\/v2\/media?parent=384724"}],"wp:term":[{"taxonomy":"product_brand","embeddable":true,"href":"https:\/\/gotygu.com\/de\/wp-json\/wp\/v2\/product_brand?post=384724"},{"taxonomy":"product_cat","embeddable":true,"href":"https:\/\/gotygu.com\/de\/wp-json\/wp\/v2\/product_cat?post=384724"},{"taxonomy":"product_tag","embeddable":true,"href":"https:\/\/gotygu.com\/de\/wp-json\/wp\/v2\/product_tag?post=384724"}],"curies":[{"name":"wp","href":"https:\/\/api.w.org\/{rel}","templated":true}]}}