{"id":383829,"date":"2023-11-22T09:44:00","date_gmt":"2023-11-22T08:44:00","guid":{"rendered":"https:\/\/gotygu.com\/produkt\/rover-handschuhe-grau\/"},"modified":"2025-12-01T00:00:25","modified_gmt":"2025-11-30T23:00:25","slug":"rover-handschuhe-grau","status":"publish","type":"product","link":"https:\/\/gotygu.com\/de\/produkt\/rover-handschuhe-grau\/","title":{"rendered":"ROVER Handschuhe Grau"},"content":{"rendered":"","protected":false},"excerpt":{"rendered":"<p><strong>RIPSTOP<\/strong><\/p>\n<p>Leichter und dehnbarer Stoff w\u00e4re f\u00fcr Handschuhe nicht die beste Idee &#8211; es sei denn, er ist geometrisch mit Fasern verst\u00e4rkt. Die neuen Handschuhe sind aus RIPSTOP-Gewebe gefertigt.<\/p>\n<p><strong>Licht<\/strong><\/p>\n<p>Wir wissen, welche Handschuhe am besten sind &#8211; haltbar und leicht! Wir entwerfen nur bequeme und leichte Handschuhe, die Lenkradkontrolle steht an erster Stelle!<\/p>\n<p><strong>Min. Der midestens in 50% zur\u00fcckgewonnene Polyeste<\/strong><\/p>\n<p>Da wir teilweise recyceltes Polyester verwenden, sind unsere Produkte auch f\u00fcr die Seele leichter! Wir k\u00fcmmern uns um unseren Planeten, indem wir den Verbrauch seiner Ressourcen reduzieren. <\/p>\n","protected":false},"featured_media":380070,"comment_status":"open","ping_status":"closed","template":"","meta":[],"product_brand":[],"product_cat":[243,250,253],"product_tag":[],"class_list":{"0":"post-383829","1":"product","2":"type-product","3":"status-publish","4":"has-post-thumbnail","6":"product_cat-er","7":"product_cat-handschuhe","8":"product_cat-handschuhe-fuer-maenner","9":"pa_rozmiary-xs-de","10":"pa_rozmiary-s-de","11":"pa_rozmiary-m-de","12":"pa_rozmiary-l-de","13":"pa_rozmiary-xl-de","14":"pa_rozmiary-2xl-de","16":"first","17":"instock","18":"taxable","19":"shipping-taxable","20":"purchasable","21":"product-type-variable"},"yoast_head":"<!-- This site is optimized with the Yoast SEO plugin v25.4 - https:\/\/yoast.com\/wordpress\/plugins\/seo\/ -->\n<title>MTB-Radhandschuhe Grau<\/title>\n<meta name=\"robots\" content=\"index, follow, max-snippet:-1, max-image-preview:large, max-video-preview:-1\" \/>\n<link rel=\"canonical\" href=\"https:\/\/gotygu.com\/produkt\/rover-rekawiczki-grey\/\" \/>\n<meta property=\"og:locale\" content=\"de_DE\" \/>\n<meta property=\"og:type\" content=\"article\" \/>\n<meta property=\"og:title\" content=\"MTB-Radhandschuhe Grau\" \/>\n<meta property=\"og:description\" content=\"RIPSTOP Leichter und dehnbarer Stoff w\u00e4re f\u00fcr Handschuhe nicht die beste Idee - es sei denn, er ist geometrisch mit Fasern verst\u00e4rkt. Die neuen Handschuhe sind aus RIPSTOP-Gewebe gefertigt. Licht Wir wissen, welche Handschuhe am besten sind - haltbar und leicht! Wir entwerfen nur bequeme und leichte Handschuhe, die Lenkradkontrolle steht an erster Stelle! Min. Der midestens in 50% zur\u00fcckgewonnene Polyeste Da wir teilweise recyceltes Polyester verwenden, sind unsere Produkte auch f\u00fcr die Seele leichter! Wir k\u00fcmmern uns um unseren Planeten, indem wir den Verbrauch seiner Ressourcen reduzieren.\" \/>\n<meta property=\"og:url\" content=\"https:\/\/gotygu.com\/produkt\/rover-rekawiczki-grey\/\" \/>\n<meta property=\"og:site_name\" content=\"TYGU\" \/>\n<meta property=\"article:publisher\" content=\"https:\/\/www.facebook.com\/TYGUapparel\" \/>\n<meta property=\"article:modified_time\" content=\"2025-11-30T23:00:25+00:00\" \/>\n<meta property=\"og:image\" content=\"https:\/\/gotygu.com\/wp-content\/uploads\/2023\/11\/rekawiczki-szare.jpg\" \/>\n\t<meta property=\"og:image:width\" content=\"2000\" \/>\n\t<meta property=\"og:image:height\" content=\"2000\" \/>\n\t<meta property=\"og:image:type\" content=\"image\/jpeg\" \/>\n<meta name=\"twitter:card\" content=\"summary_large_image\" \/>\n<script type=\"application\/ld+json\" class=\"yoast-schema-graph\">{\"@context\":\"https:\/\/schema.org\",\"@graph\":[{\"@type\":\"WebPage\",\"@id\":\"https:\/\/gotygu.com\/produkt\/rover-rekawiczki-grey\/\",\"url\":\"https:\/\/gotygu.com\/produkt\/rover-rekawiczki-grey\/\",\"name\":\"MTB-Radhandschuhe Grau\",\"isPartOf\":{\"@id\":\"https:\/\/gotygu.com\/#website\"},\"primaryImageOfPage\":{\"@id\":\"https:\/\/gotygu.com\/produkt\/rover-rekawiczki-grey\/#primaryimage\"},\"image\":{\"@id\":\"https:\/\/gotygu.com\/produkt\/rover-rekawiczki-grey\/#primaryimage\"},\"thumbnailUrl\":\"https:\/\/gotygu.com\/wp-content\/uploads\/2023\/11\/rekawiczki-szare.jpg\",\"datePublished\":\"2023-11-22T08:44:00+00:00\",\"dateModified\":\"2025-11-30T23:00:25+00:00\",\"breadcrumb\":{\"@id\":\"https:\/\/gotygu.com\/produkt\/rover-rekawiczki-grey\/#breadcrumb\"},\"inLanguage\":\"de\",\"potentialAction\":[{\"@type\":\"ReadAction\",\"target\":[\"https:\/\/gotygu.com\/produkt\/rover-rekawiczki-grey\/\"]}]},{\"@type\":\"ImageObject\",\"inLanguage\":\"de\",\"@id\":\"https:\/\/gotygu.com\/produkt\/rover-rekawiczki-grey\/#primaryimage\",\"url\":\"https:\/\/gotygu.com\/wp-content\/uploads\/2023\/11\/rekawiczki-szare.jpg\",\"contentUrl\":\"https:\/\/gotygu.com\/wp-content\/uploads\/2023\/11\/rekawiczki-szare.jpg\",\"width\":2000,\"height\":2000},{\"@type\":\"BreadcrumbList\",\"@id\":\"https:\/\/gotygu.com\/produkt\/rover-rekawiczki-grey\/#breadcrumb\",\"itemListElement\":[{\"@type\":\"ListItem\",\"position\":1,\"name\":\"Strona g\u0142\u00f3wna\",\"item\":\"https:\/\/gotygu.com\/\"},{\"@type\":\"ListItem\",\"position\":2,\"name\":\"Produkty\",\"item\":\"https:\/\/gotygu.com\/shop\/\"},{\"@type\":\"ListItem\",\"position\":3,\"name\":\"ROVER Handschuhe Grau\"}]},{\"@type\":\"WebSite\",\"@id\":\"https:\/\/gotygu.com\/#website\",\"url\":\"https:\/\/gotygu.com\/\",\"name\":\"TYGU - Polska marka odzie\u017cy\",\"description\":\"Designed To Ride - poznaj Polsk\u0105 mark\u0119\",\"publisher\":{\"@id\":\"https:\/\/gotygu.com\/#organization\"},\"alternateName\":\"Prosto z serca Beskid\u00f3w. Autorskie projekty odzie\u017cy i akcesori\u00f3w rowerowych. Odzie\u017c Merino dla rowerzyst\u00f3w\",\"potentialAction\":[{\"@type\":\"SearchAction\",\"target\":{\"@type\":\"EntryPoint\",\"urlTemplate\":\"https:\/\/gotygu.com\/?s={search_term_string}\"},\"query-input\":{\"@type\":\"PropertyValueSpecification\",\"valueRequired\":true,\"valueName\":\"search_term_string\"}}],\"inLanguage\":\"de\"},{\"@type\":\"Organization\",\"@id\":\"https:\/\/gotygu.com\/#organization\",\"name\":\"Polska marka rowerowa z serca beskid\u00f3w. Odzie\u017c i akcesoria rowerowa projektowane przez rowerzyst\u00f3w. Odzie\u017c merino, enduro i mtb.\",\"url\":\"https:\/\/gotygu.com\/\",\"logo\":{\"@type\":\"ImageObject\",\"inLanguage\":\"de\",\"@id\":\"https:\/\/gotygu.com\/#\/schema\/logo\/image\/\",\"url\":\"https:\/\/gotygu.com\/wp-content\/uploads\/2023\/12\/tygu-gory.png\",\"contentUrl\":\"https:\/\/gotygu.com\/wp-content\/uploads\/2023\/12\/tygu-gory.png\",\"width\":512,\"height\":512,\"caption\":\"Polska marka rowerowa z serca beskid\u00f3w. Odzie\u017c i akcesoria rowerowa projektowane przez rowerzyst\u00f3w. Odzie\u017c merino, enduro i mtb.\"},\"image\":{\"@id\":\"https:\/\/gotygu.com\/#\/schema\/logo\/image\/\"},\"sameAs\":[\"https:\/\/www.facebook.com\/TYGUapparel\"]}]}<\/script>\n<!-- \/ Yoast SEO plugin. -->","yoast_head_json":{"title":"MTB-Radhandschuhe Grau","robots":{"index":"index","follow":"follow","max-snippet":"max-snippet:-1","max-image-preview":"max-image-preview:large","max-video-preview":"max-video-preview:-1"},"canonical":"https:\/\/gotygu.com\/produkt\/rover-rekawiczki-grey\/","og_locale":"de_DE","og_type":"article","og_title":"MTB-Radhandschuhe Grau","og_description":"RIPSTOP Leichter und dehnbarer Stoff w\u00e4re f\u00fcr Handschuhe nicht die beste Idee - es sei denn, er ist geometrisch mit Fasern verst\u00e4rkt. Die neuen Handschuhe sind aus RIPSTOP-Gewebe gefertigt. Licht Wir wissen, welche Handschuhe am besten sind - haltbar und leicht! Wir entwerfen nur bequeme und leichte Handschuhe, die Lenkradkontrolle steht an erster Stelle! Min. Der midestens in 50% zur\u00fcckgewonnene Polyeste Da wir teilweise recyceltes Polyester verwenden, sind unsere Produkte auch f\u00fcr die Seele leichter! Wir k\u00fcmmern uns um unseren Planeten, indem wir den Verbrauch seiner Ressourcen reduzieren.","og_url":"https:\/\/gotygu.com\/produkt\/rover-rekawiczki-grey\/","og_site_name":"TYGU","article_publisher":"https:\/\/www.facebook.com\/TYGUapparel","article_modified_time":"2025-11-30T23:00:25+00:00","og_image":[{"width":2000,"height":2000,"url":"https:\/\/gotygu.com\/wp-content\/uploads\/2023\/11\/rekawiczki-szare.jpg","type":"image\/jpeg"}],"twitter_card":"summary_large_image","schema":{"@context":"https:\/\/schema.org","@graph":[{"@type":"WebPage","@id":"https:\/\/gotygu.com\/produkt\/rover-rekawiczki-grey\/","url":"https:\/\/gotygu.com\/produkt\/rover-rekawiczki-grey\/","name":"MTB-Radhandschuhe Grau","isPartOf":{"@id":"https:\/\/gotygu.com\/#website"},"primaryImageOfPage":{"@id":"https:\/\/gotygu.com\/produkt\/rover-rekawiczki-grey\/#primaryimage"},"image":{"@id":"https:\/\/gotygu.com\/produkt\/rover-rekawiczki-grey\/#primaryimage"},"thumbnailUrl":"https:\/\/gotygu.com\/wp-content\/uploads\/2023\/11\/rekawiczki-szare.jpg","datePublished":"2023-11-22T08:44:00+00:00","dateModified":"2025-11-30T23:00:25+00:00","breadcrumb":{"@id":"https:\/\/gotygu.com\/produkt\/rover-rekawiczki-grey\/#breadcrumb"},"inLanguage":"de","potentialAction":[{"@type":"ReadAction","target":["https:\/\/gotygu.com\/produkt\/rover-rekawiczki-grey\/"]}]},{"@type":"ImageObject","inLanguage":"de","@id":"https:\/\/gotygu.com\/produkt\/rover-rekawiczki-grey\/#primaryimage","url":"https:\/\/gotygu.com\/wp-content\/uploads\/2023\/11\/rekawiczki-szare.jpg","contentUrl":"https:\/\/gotygu.com\/wp-content\/uploads\/2023\/11\/rekawiczki-szare.jpg","width":2000,"height":2000},{"@type":"BreadcrumbList","@id":"https:\/\/gotygu.com\/produkt\/rover-rekawiczki-grey\/#breadcrumb","itemListElement":[{"@type":"ListItem","position":1,"name":"Strona g\u0142\u00f3wna","item":"https:\/\/gotygu.com\/"},{"@type":"ListItem","position":2,"name":"Produkty","item":"https:\/\/gotygu.com\/shop\/"},{"@type":"ListItem","position":3,"name":"ROVER Handschuhe Grau"}]},{"@type":"WebSite","@id":"https:\/\/gotygu.com\/#website","url":"https:\/\/gotygu.com\/","name":"TYGU - Polska marka odzie\u017cy","description":"Designed To Ride - poznaj Polsk\u0105 mark\u0119","publisher":{"@id":"https:\/\/gotygu.com\/#organization"},"alternateName":"Prosto z serca Beskid\u00f3w. Autorskie projekty odzie\u017cy i akcesori\u00f3w rowerowych. Odzie\u017c Merino dla rowerzyst\u00f3w","potentialAction":[{"@type":"SearchAction","target":{"@type":"EntryPoint","urlTemplate":"https:\/\/gotygu.com\/?s={search_term_string}"},"query-input":{"@type":"PropertyValueSpecification","valueRequired":true,"valueName":"search_term_string"}}],"inLanguage":"de"},{"@type":"Organization","@id":"https:\/\/gotygu.com\/#organization","name":"Polska marka rowerowa z serca beskid\u00f3w. Odzie\u017c i akcesoria rowerowa projektowane przez rowerzyst\u00f3w. Odzie\u017c merino, enduro i mtb.","url":"https:\/\/gotygu.com\/","logo":{"@type":"ImageObject","inLanguage":"de","@id":"https:\/\/gotygu.com\/#\/schema\/logo\/image\/","url":"https:\/\/gotygu.com\/wp-content\/uploads\/2023\/12\/tygu-gory.png","contentUrl":"https:\/\/gotygu.com\/wp-content\/uploads\/2023\/12\/tygu-gory.png","width":512,"height":512,"caption":"Polska marka rowerowa z serca beskid\u00f3w. Odzie\u017c i akcesoria rowerowa projektowane przez rowerzyst\u00f3w. Odzie\u017c merino, enduro i mtb."},"image":{"@id":"https:\/\/gotygu.com\/#\/schema\/logo\/image\/"},"sameAs":["https:\/\/www.facebook.com\/TYGUapparel"]}]}},"_links":{"self":[{"href":"https:\/\/gotygu.com\/de\/wp-json\/wp\/v2\/product\/383829"}],"collection":[{"href":"https:\/\/gotygu.com\/de\/wp-json\/wp\/v2\/product"}],"about":[{"href":"https:\/\/gotygu.com\/de\/wp-json\/wp\/v2\/types\/product"}],"replies":[{"embeddable":true,"href":"https:\/\/gotygu.com\/de\/wp-json\/wp\/v2\/comments?post=383829"}],"wp:featuredmedia":[{"embeddable":true,"href":"https:\/\/gotygu.com\/de\/wp-json\/wp\/v2\/media\/380070"}],"wp:attachment":[{"href":"https:\/\/gotygu.com\/de\/wp-json\/wp\/v2\/media?parent=383829"}],"wp:term":[{"taxonomy":"product_brand","embeddable":true,"href":"https:\/\/gotygu.com\/de\/wp-json\/wp\/v2\/product_brand?post=383829"},{"taxonomy":"product_cat","embeddable":true,"href":"https:\/\/gotygu.com\/de\/wp-json\/wp\/v2\/product_cat?post=383829"},{"taxonomy":"product_tag","embeddable":true,"href":"https:\/\/gotygu.com\/de\/wp-json\/wp\/v2\/product_tag?post=383829"}],"curies":[{"name":"wp","href":"https:\/\/api.w.org\/{rel}","templated":true}]}}