{"id":383814,"date":"2024-02-14T13:48:00","date_gmt":"2024-02-14T12:48:00","guid":{"rendered":"https:\/\/gotygu.com\/produkt\/merino-trikot-gelb\/"},"modified":"2025-12-01T00:00:25","modified_gmt":"2025-11-30T23:00:25","slug":"merino-trikot-gelb","status":"publish","type":"product","link":"https:\/\/gotygu.com\/de\/produkt\/merino-trikot-gelb\/","title":{"rendered":"MERINO Trikot Gelb"},"content":{"rendered":"","protected":false},"excerpt":{"rendered":"<p>&nbsp;<\/p>\n<p><img fetchpriority=\"high\" decoding=\"async\" class=\"alignnone wp-image-383356\" src=\"https:\/\/gotygu.com\/wp-content\/uploads\/2024\/02\/merino-TAG.png\" alt=\"\" width=\"480\" height=\"236\"><\/p>\n<p>Willkommen in der Welt der radelnden MERINO Wolle. Die Natur wei\u00df, wie man es am besten macht. <\/p>\n<p>Ultraleichtes (145 g\/m\u00b2) Merinowolltrikot mit geeigneter Zugverst\u00e4rkung. Der spezielle Schnitt und die Eigenschaften des Stoffes garantieren Komfort f\u00fcr mehrt\u00e4gige Expeditionen.<\/p>\n<p>Vorteile:<\/p>\n<ul>\n<li>ca. 96% Geruchsabsorption;<\/li>\n<li>sofortige Thermoregulierung;<\/li>\n<li>h\u00e4lt den thermischen Komfort in allen Jahreszeiten aufrecht;<\/li>\n<li>antibakteriell;<\/li>\n<li>&#8220;Kein Biss&#8221;, extrem sanft;<\/li>\n<li>nicht allergen;<\/li>\n<li>den Komfort, nat\u00fcrliche Kleidung zu tragen.<\/li>\n<\/ul>\n","protected":false},"featured_media":383331,"comment_status":"open","ping_status":"closed","template":"","meta":[],"product_brand":[],"product_cat":[243,478,244,234,236,237],"product_tag":[],"class_list":{"0":"post-383814","1":"product","2":"type-product","3":"status-publish","4":"has-post-thumbnail","6":"product_cat-er","7":"product_cat-merino-de","8":"product_cat-sie","9":"product_cat-t-shirts-de","10":"product_cat-t-shirts-fuer-damen","11":"product_cat-t-shirts-fuer-maenner","12":"pa_rozmiary-xs-de","13":"pa_rozmiary-s-de","14":"pa_rozmiary-m-de","15":"pa_rozmiary-l-de","16":"pa_rozmiary-xl-de","17":"pa_rozmiary-2xl-de","19":"first","20":"instock","21":"taxable","22":"shipping-taxable","23":"purchasable","24":"product-type-variable"},"yoast_head":"<!-- This site is optimized with the Yoast SEO plugin v25.4 - https:\/\/yoast.com\/wordpress\/plugins\/seo\/ -->\n<title>Merino-Radtrikot gelb<\/title>\n<meta name=\"robots\" content=\"index, follow, max-snippet:-1, max-image-preview:large, max-video-preview:-1\" \/>\n<link rel=\"canonical\" href=\"https:\/\/gotygu.com\/de\/produkt\/merino-trikot-gelb\/\" \/>\n<meta property=\"og:locale\" content=\"de_DE\" \/>\n<meta property=\"og:type\" content=\"article\" \/>\n<meta property=\"og:title\" content=\"Merino-Radtrikot gelb\" \/>\n<meta property=\"og:description\" content=\"&nbsp;  Willkommen in der Welt der radelnden MERINO Wolle. Die Natur wei\u00df, wie man es am besten macht.  Ultraleichtes (145 g\/m\u00b2) Merinowolltrikot mit geeigneter Zugverst\u00e4rkung. Der spezielle Schnitt und die Eigenschaften des Stoffes garantieren Komfort f\u00fcr mehrt\u00e4gige Expeditionen. Vorteile:  ca. 96% Geruchsabsorption;  sofortige Thermoregulierung;  h\u00e4lt den thermischen Komfort in allen Jahreszeiten aufrecht;  antibakteriell;  &quot;Kein Biss&quot;, extrem sanft;  nicht allergen;  den Komfort, nat\u00fcrliche Kleidung zu tragen.\" \/>\n<meta property=\"og:url\" content=\"https:\/\/gotygu.com\/de\/produkt\/merino-trikot-gelb\/\" \/>\n<meta property=\"og:site_name\" content=\"TYGU\" \/>\n<meta property=\"article:publisher\" content=\"https:\/\/www.facebook.com\/TYGUapparel\" \/>\n<meta property=\"article:modified_time\" content=\"2025-11-30T23:00:25+00:00\" \/>\n<meta property=\"og:image\" content=\"https:\/\/gotygu.com\/wp-content\/uploads\/2024\/02\/tshirt-yellow-przod.jpg\" \/>\n\t<meta property=\"og:image:width\" content=\"2000\" \/>\n\t<meta property=\"og:image:height\" content=\"2000\" \/>\n\t<meta property=\"og:image:type\" content=\"image\/jpeg\" \/>\n<meta name=\"twitter:card\" content=\"summary_large_image\" \/>\n<script type=\"application\/ld+json\" class=\"yoast-schema-graph\">{\"@context\":\"https:\/\/schema.org\",\"@graph\":[{\"@type\":\"WebPage\",\"@id\":\"https:\/\/gotygu.com\/de\/produkt\/merino-trikot-gelb\/\",\"url\":\"https:\/\/gotygu.com\/de\/produkt\/merino-trikot-gelb\/\",\"name\":\"Merino-Radtrikot gelb\",\"isPartOf\":{\"@id\":\"https:\/\/gotygu.com\/#website\"},\"primaryImageOfPage\":{\"@id\":\"https:\/\/gotygu.com\/de\/produkt\/merino-trikot-gelb\/#primaryimage\"},\"image\":{\"@id\":\"https:\/\/gotygu.com\/de\/produkt\/merino-trikot-gelb\/#primaryimage\"},\"thumbnailUrl\":\"https:\/\/gotygu.com\/wp-content\/uploads\/2024\/02\/tshirt-yellow-przod.jpg\",\"datePublished\":\"2024-02-14T12:48:00+00:00\",\"dateModified\":\"2025-11-30T23:00:25+00:00\",\"breadcrumb\":{\"@id\":\"https:\/\/gotygu.com\/de\/produkt\/merino-trikot-gelb\/#breadcrumb\"},\"inLanguage\":\"de\",\"potentialAction\":[{\"@type\":\"ReadAction\",\"target\":[\"https:\/\/gotygu.com\/de\/produkt\/merino-trikot-gelb\/\"]}]},{\"@type\":\"ImageObject\",\"inLanguage\":\"de\",\"@id\":\"https:\/\/gotygu.com\/de\/produkt\/merino-trikot-gelb\/#primaryimage\",\"url\":\"https:\/\/gotygu.com\/wp-content\/uploads\/2024\/02\/tshirt-yellow-przod.jpg\",\"contentUrl\":\"https:\/\/gotygu.com\/wp-content\/uploads\/2024\/02\/tshirt-yellow-przod.jpg\",\"width\":2000,\"height\":2000},{\"@type\":\"BreadcrumbList\",\"@id\":\"https:\/\/gotygu.com\/de\/produkt\/merino-trikot-gelb\/#breadcrumb\",\"itemListElement\":[{\"@type\":\"ListItem\",\"position\":1,\"name\":\"Strona g\u0142\u00f3wna\",\"item\":\"https:\/\/gotygu.com\/\"},{\"@type\":\"ListItem\",\"position\":2,\"name\":\"Produkty\",\"item\":\"https:\/\/gotygu.com\/shop\/\"},{\"@type\":\"ListItem\",\"position\":3,\"name\":\"MERINO Trikot Gelb\"}]},{\"@type\":\"WebSite\",\"@id\":\"https:\/\/gotygu.com\/#website\",\"url\":\"https:\/\/gotygu.com\/\",\"name\":\"TYGU - Polska marka odzie\u017cy\",\"description\":\"Designed To Ride - poznaj Polsk\u0105 mark\u0119\",\"publisher\":{\"@id\":\"https:\/\/gotygu.com\/#organization\"},\"alternateName\":\"Prosto z serca Beskid\u00f3w. Autorskie projekty odzie\u017cy i akcesori\u00f3w rowerowych. Odzie\u017c Merino dla rowerzyst\u00f3w\",\"potentialAction\":[{\"@type\":\"SearchAction\",\"target\":{\"@type\":\"EntryPoint\",\"urlTemplate\":\"https:\/\/gotygu.com\/?s={search_term_string}\"},\"query-input\":{\"@type\":\"PropertyValueSpecification\",\"valueRequired\":true,\"valueName\":\"search_term_string\"}}],\"inLanguage\":\"de\"},{\"@type\":\"Organization\",\"@id\":\"https:\/\/gotygu.com\/#organization\",\"name\":\"Polska marka rowerowa z serca beskid\u00f3w. Odzie\u017c i akcesoria rowerowa projektowane przez rowerzyst\u00f3w. Odzie\u017c merino, enduro i mtb.\",\"url\":\"https:\/\/gotygu.com\/\",\"logo\":{\"@type\":\"ImageObject\",\"inLanguage\":\"de\",\"@id\":\"https:\/\/gotygu.com\/#\/schema\/logo\/image\/\",\"url\":\"https:\/\/gotygu.com\/wp-content\/uploads\/2023\/12\/tygu-gory.png\",\"contentUrl\":\"https:\/\/gotygu.com\/wp-content\/uploads\/2023\/12\/tygu-gory.png\",\"width\":512,\"height\":512,\"caption\":\"Polska marka rowerowa z serca beskid\u00f3w. Odzie\u017c i akcesoria rowerowa projektowane przez rowerzyst\u00f3w. Odzie\u017c merino, enduro i mtb.\"},\"image\":{\"@id\":\"https:\/\/gotygu.com\/#\/schema\/logo\/image\/\"},\"sameAs\":[\"https:\/\/www.facebook.com\/TYGUapparel\"]}]}<\/script>\n<!-- \/ Yoast SEO plugin. -->","yoast_head_json":{"title":"Merino-Radtrikot gelb","robots":{"index":"index","follow":"follow","max-snippet":"max-snippet:-1","max-image-preview":"max-image-preview:large","max-video-preview":"max-video-preview:-1"},"canonical":"https:\/\/gotygu.com\/de\/produkt\/merino-trikot-gelb\/","og_locale":"de_DE","og_type":"article","og_title":"Merino-Radtrikot gelb","og_description":"&nbsp;  Willkommen in der Welt der radelnden MERINO Wolle. Die Natur wei\u00df, wie man es am besten macht.  Ultraleichtes (145 g\/m\u00b2) Merinowolltrikot mit geeigneter Zugverst\u00e4rkung. Der spezielle Schnitt und die Eigenschaften des Stoffes garantieren Komfort f\u00fcr mehrt\u00e4gige Expeditionen. Vorteile:  ca. 96% Geruchsabsorption;  sofortige Thermoregulierung;  h\u00e4lt den thermischen Komfort in allen Jahreszeiten aufrecht;  antibakteriell;  \"Kein Biss\", extrem sanft;  nicht allergen;  den Komfort, nat\u00fcrliche Kleidung zu tragen.","og_url":"https:\/\/gotygu.com\/de\/produkt\/merino-trikot-gelb\/","og_site_name":"TYGU","article_publisher":"https:\/\/www.facebook.com\/TYGUapparel","article_modified_time":"2025-11-30T23:00:25+00:00","og_image":[{"width":2000,"height":2000,"url":"https:\/\/gotygu.com\/wp-content\/uploads\/2024\/02\/tshirt-yellow-przod.jpg","type":"image\/jpeg"}],"twitter_card":"summary_large_image","schema":{"@context":"https:\/\/schema.org","@graph":[{"@type":"WebPage","@id":"https:\/\/gotygu.com\/de\/produkt\/merino-trikot-gelb\/","url":"https:\/\/gotygu.com\/de\/produkt\/merino-trikot-gelb\/","name":"Merino-Radtrikot gelb","isPartOf":{"@id":"https:\/\/gotygu.com\/#website"},"primaryImageOfPage":{"@id":"https:\/\/gotygu.com\/de\/produkt\/merino-trikot-gelb\/#primaryimage"},"image":{"@id":"https:\/\/gotygu.com\/de\/produkt\/merino-trikot-gelb\/#primaryimage"},"thumbnailUrl":"https:\/\/gotygu.com\/wp-content\/uploads\/2024\/02\/tshirt-yellow-przod.jpg","datePublished":"2024-02-14T12:48:00+00:00","dateModified":"2025-11-30T23:00:25+00:00","breadcrumb":{"@id":"https:\/\/gotygu.com\/de\/produkt\/merino-trikot-gelb\/#breadcrumb"},"inLanguage":"de","potentialAction":[{"@type":"ReadAction","target":["https:\/\/gotygu.com\/de\/produkt\/merino-trikot-gelb\/"]}]},{"@type":"ImageObject","inLanguage":"de","@id":"https:\/\/gotygu.com\/de\/produkt\/merino-trikot-gelb\/#primaryimage","url":"https:\/\/gotygu.com\/wp-content\/uploads\/2024\/02\/tshirt-yellow-przod.jpg","contentUrl":"https:\/\/gotygu.com\/wp-content\/uploads\/2024\/02\/tshirt-yellow-przod.jpg","width":2000,"height":2000},{"@type":"BreadcrumbList","@id":"https:\/\/gotygu.com\/de\/produkt\/merino-trikot-gelb\/#breadcrumb","itemListElement":[{"@type":"ListItem","position":1,"name":"Strona g\u0142\u00f3wna","item":"https:\/\/gotygu.com\/"},{"@type":"ListItem","position":2,"name":"Produkty","item":"https:\/\/gotygu.com\/shop\/"},{"@type":"ListItem","position":3,"name":"MERINO Trikot Gelb"}]},{"@type":"WebSite","@id":"https:\/\/gotygu.com\/#website","url":"https:\/\/gotygu.com\/","name":"TYGU - Polska marka odzie\u017cy","description":"Designed To Ride - poznaj Polsk\u0105 mark\u0119","publisher":{"@id":"https:\/\/gotygu.com\/#organization"},"alternateName":"Prosto z serca Beskid\u00f3w. Autorskie projekty odzie\u017cy i akcesori\u00f3w rowerowych. Odzie\u017c Merino dla rowerzyst\u00f3w","potentialAction":[{"@type":"SearchAction","target":{"@type":"EntryPoint","urlTemplate":"https:\/\/gotygu.com\/?s={search_term_string}"},"query-input":{"@type":"PropertyValueSpecification","valueRequired":true,"valueName":"search_term_string"}}],"inLanguage":"de"},{"@type":"Organization","@id":"https:\/\/gotygu.com\/#organization","name":"Polska marka rowerowa z serca beskid\u00f3w. Odzie\u017c i akcesoria rowerowa projektowane przez rowerzyst\u00f3w. Odzie\u017c merino, enduro i mtb.","url":"https:\/\/gotygu.com\/","logo":{"@type":"ImageObject","inLanguage":"de","@id":"https:\/\/gotygu.com\/#\/schema\/logo\/image\/","url":"https:\/\/gotygu.com\/wp-content\/uploads\/2023\/12\/tygu-gory.png","contentUrl":"https:\/\/gotygu.com\/wp-content\/uploads\/2023\/12\/tygu-gory.png","width":512,"height":512,"caption":"Polska marka rowerowa z serca beskid\u00f3w. Odzie\u017c i akcesoria rowerowa projektowane przez rowerzyst\u00f3w. Odzie\u017c merino, enduro i mtb."},"image":{"@id":"https:\/\/gotygu.com\/#\/schema\/logo\/image\/"},"sameAs":["https:\/\/www.facebook.com\/TYGUapparel"]}]}},"_links":{"self":[{"href":"https:\/\/gotygu.com\/de\/wp-json\/wp\/v2\/product\/383814"}],"collection":[{"href":"https:\/\/gotygu.com\/de\/wp-json\/wp\/v2\/product"}],"about":[{"href":"https:\/\/gotygu.com\/de\/wp-json\/wp\/v2\/types\/product"}],"replies":[{"embeddable":true,"href":"https:\/\/gotygu.com\/de\/wp-json\/wp\/v2\/comments?post=383814"}],"wp:featuredmedia":[{"embeddable":true,"href":"https:\/\/gotygu.com\/de\/wp-json\/wp\/v2\/media\/383331"}],"wp:attachment":[{"href":"https:\/\/gotygu.com\/de\/wp-json\/wp\/v2\/media?parent=383814"}],"wp:term":[{"taxonomy":"product_brand","embeddable":true,"href":"https:\/\/gotygu.com\/de\/wp-json\/wp\/v2\/product_brand?post=383814"},{"taxonomy":"product_cat","embeddable":true,"href":"https:\/\/gotygu.com\/de\/wp-json\/wp\/v2\/product_cat?post=383814"},{"taxonomy":"product_tag","embeddable":true,"href":"https:\/\/gotygu.com\/de\/wp-json\/wp\/v2\/product_tag?post=383814"}],"curies":[{"name":"wp","href":"https:\/\/api.w.org\/{rel}","templated":true}]}}