{"id":383131,"date":"2024-01-26T09:11:00","date_gmt":"2024-01-26T08:11:00","guid":{"rendered":"https:\/\/gotygu.com\/?post_type=product&#038;p=383131"},"modified":"2025-08-01T01:00:55","modified_gmt":"2025-07-31T23:00:55","slug":"2023-enduro-shorts-kopia","status":"publish","type":"product","link":"https:\/\/gotygu.com\/de\/produkt\/2023-enduro-shorts-kopia\/","title":{"rendered":"Enduro Grau Shorts"},"content":{"rendered":"<p><img fetchpriority=\"high\" decoding=\"async\" class=\"wp-image-374854 alignleft\" src=\"http:\/\/gotygu.com\/wp-content\/uploads\/2023\/03\/Hfa06957dd8744eac832ab9087c1ec2f7e-414x414.jpg\" alt=\"\" width=\"314\" height=\"314\" srcset=\"https:\/\/gotygu.com\/wp-content\/uploads\/2023\/03\/Hfa06957dd8744eac832ab9087c1ec2f7e-414x414.jpg 414w, https:\/\/gotygu.com\/wp-content\/uploads\/2023\/03\/Hfa06957dd8744eac832ab9087c1ec2f7e-150x150.jpg 150w, https:\/\/gotygu.com\/wp-content\/uploads\/2023\/03\/Hfa06957dd8744eac832ab9087c1ec2f7e-100x100.jpg 100w\" sizes=\"(max-width: 314px) 100vw, 314px\" \/>FUNCTEC\u00ae-Gewebe. Eine einzigartige Kombination ultraleichter Polymere, die die besten Outdoor-Gewebe hervorbringt<\/p>\n<p>&nbsp;<\/p>\n<ul>\n<li>4 Taschen, abschlie\u00dfbar<\/li>\n<li>in der Taille verstellbar<\/li>\n<li>perfekt geeignet f\u00fcr Knieschoner<\/li>\n<li>YKK-Rei\u00dfverschl\u00fcsse<\/li>\n<\/ul>\n","protected":false},"excerpt":{"rendered":"<p><img decoding=\"async\" class=\"wp-image-374854 alignnone\" src=\"https:\/\/gotygu.com\/wp-content\/uploads\/2023\/03\/Hfa06957dd8744eac832ab9087c1ec2f7e-414x414.jpg\" alt=\"\" width=\"314\" height=\"314\" srcset=\"https:\/\/gotygu.com\/wp-content\/uploads\/2023\/03\/Hfa06957dd8744eac832ab9087c1ec2f7e-414x414.jpg 414w, https:\/\/gotygu.com\/wp-content\/uploads\/2023\/03\/Hfa06957dd8744eac832ab9087c1ec2f7e-150x150.jpg 150w, https:\/\/gotygu.com\/wp-content\/uploads\/2023\/03\/Hfa06957dd8744eac832ab9087c1ec2f7e-100x100.jpg 100w\" sizes=\"(max-width: 314px) 100vw, 314px\" \/><\/p>\n<table>\n<tbody>\n<tr>\n<td><\/td>\n<td>\n<h4>Schnitt &amp; Stoff<\/h4>\n<p>Hosenschnitt eignet sich ideal f\u00fcr die Fahrt mit den Sch\u00fctzern. Die 4 Taschen und starken Rei\u00dfverschl\u00fcsse garantieren Qualit\u00e4t f\u00fcr kurze und mehrt\u00e4gige Touren. Dank der Lasercut-Technik sind die Shorts zudem leicht und luftig.<\/td>\n<\/tr>\n<tr>\n<td><\/td>\n<td>\n<h4>R\u00fccktaschen<\/h4>\n<p>Eine der von den Kunden am meisten gesch\u00e4tzten Erg\u00e4nzungen &#8211; gro\u00dfe Taschen, die die R\u00fcckseite des Oberschenkels \u00fcberlappen. Radfahren mit vollen Taschen war nie so komfortabel!<\/td>\n<\/tr>\n<tr>\n<td><\/td>\n<td>\n<h4>FUNCTECH \u00ae<\/h4>\n<p>FUNCTECH\u00ae-Gewebe. Eine einzigartige Kombination aus ultraleichten Polymeren, die die besten Outdoor-Stoffe hervorbringt.<\/td>\n<\/tr>\n<\/tbody>\n<\/table>\n","protected":false},"featured_media":383172,"comment_status":"open","ping_status":"closed","template":"","meta":[],"product_brand":[],"product_cat":[243,254,255,257,244],"product_tag":[],"class_list":{"0":"post-383131","1":"product","2":"type-product","3":"status-publish","4":"has-post-thumbnail","6":"product_cat-er","7":"product_cat-kurzhosen","8":"product_cat-kurzhosen-fuer-frauen","9":"product_cat-kurzhosen-fuer-maenner","10":"product_cat-sie","11":"pa_rozmiary-26-de","12":"pa_rozmiary-28-de","13":"pa_rozmiary-30-de","14":"pa_rozmiary-32-de","15":"pa_rozmiary-34-de","16":"pa_rozmiary-36-de","17":"pa_rozmiary-38-de","18":"pa_rozmiary-403xl-de","20":"first","21":"instock","22":"taxable","23":"shipping-taxable","24":"purchasable","25":"product-type-variable","26":"has-default-attributes"},"yoast_head":"<!-- This site is optimized with the Yoast SEO plugin v25.4 - https:\/\/yoast.com\/wordpress\/plugins\/seo\/ -->\n<title>Enduro Shorts Grau<\/title>\n<meta name=\"robots\" content=\"index, follow, max-snippet:-1, max-image-preview:large, max-video-preview:-1\" \/>\n<link rel=\"canonical\" href=\"https:\/\/gotygu.com\/de\/produkt\/2023-enduro-shorts-kopia\/\" \/>\n<meta property=\"og:locale\" content=\"de_DE\" \/>\n<meta property=\"og:type\" content=\"article\" \/>\n<meta property=\"og:title\" content=\"Enduro Shorts Grau\" \/>\n<meta property=\"og:description\" content=\"Schnitt &amp; Stoff Hosenschnitt eignet sich ideal f\u00fcr die Fahrt mit den Sch\u00fctzern. Die 4 Taschen und starken Rei\u00dfverschl\u00fcsse garantieren Qualit\u00e4t f\u00fcr kurze und mehrt\u00e4gige Touren. Dank der Lasercut-Technik sind die Shorts zudem leicht und luftig.     R\u00fccktaschen Eine der von den Kunden am meisten gesch\u00e4tzten Erg\u00e4nzungen - gro\u00dfe Taschen, die die R\u00fcckseite des Oberschenkels \u00fcberlappen. Radfahren mit vollen Taschen war nie so komfortabel!     FUNCTECH \u00ae FUNCTECH\u00ae-Gewebe. Eine einzigartige Kombination aus ultraleichten Polymeren, die die besten Outdoor-Stoffe hervorbringt.\" \/>\n<meta property=\"og:url\" content=\"https:\/\/gotygu.com\/de\/produkt\/2023-enduro-shorts-kopia\/\" \/>\n<meta property=\"og:site_name\" content=\"TYGU\" \/>\n<meta property=\"article:publisher\" content=\"https:\/\/www.facebook.com\/TYGUapparel\" \/>\n<meta property=\"article:modified_time\" content=\"2025-07-31T23:00:55+00:00\" \/>\n<meta property=\"og:image\" content=\"https:\/\/gotygu.com\/wp-content\/uploads\/2024\/01\/szare-spodenki-p.jpg\" \/>\n\t<meta property=\"og:image:width\" content=\"2000\" \/>\n\t<meta property=\"og:image:height\" content=\"2000\" \/>\n\t<meta property=\"og:image:type\" content=\"image\/jpeg\" \/>\n<meta name=\"twitter:card\" content=\"summary_large_image\" \/>\n<meta name=\"twitter:label1\" content=\"Gesch\u00e4tzte Lesezeit\" \/>\n\t<meta name=\"twitter:data1\" content=\"1\u00a0Minute\" \/>\n<script type=\"application\/ld+json\" class=\"yoast-schema-graph\">{\"@context\":\"https:\/\/schema.org\",\"@graph\":[{\"@type\":\"WebPage\",\"@id\":\"https:\/\/gotygu.com\/de\/produkt\/2023-enduro-shorts-kopia\/\",\"url\":\"https:\/\/gotygu.com\/de\/produkt\/2023-enduro-shorts-kopia\/\",\"name\":\"Enduro Shorts Grau\",\"isPartOf\":{\"@id\":\"https:\/\/gotygu.com\/#website\"},\"primaryImageOfPage\":{\"@id\":\"https:\/\/gotygu.com\/de\/produkt\/2023-enduro-shorts-kopia\/#primaryimage\"},\"image\":{\"@id\":\"https:\/\/gotygu.com\/de\/produkt\/2023-enduro-shorts-kopia\/#primaryimage\"},\"thumbnailUrl\":\"https:\/\/gotygu.com\/wp-content\/uploads\/2024\/01\/szare-spodenki-p.jpg\",\"datePublished\":\"2024-01-26T08:11:00+00:00\",\"dateModified\":\"2025-07-31T23:00:55+00:00\",\"breadcrumb\":{\"@id\":\"https:\/\/gotygu.com\/de\/produkt\/2023-enduro-shorts-kopia\/#breadcrumb\"},\"inLanguage\":\"de\",\"potentialAction\":[{\"@type\":\"ReadAction\",\"target\":[\"https:\/\/gotygu.com\/de\/produkt\/2023-enduro-shorts-kopia\/\"]}]},{\"@type\":\"ImageObject\",\"inLanguage\":\"de\",\"@id\":\"https:\/\/gotygu.com\/de\/produkt\/2023-enduro-shorts-kopia\/#primaryimage\",\"url\":\"https:\/\/gotygu.com\/wp-content\/uploads\/2024\/01\/szare-spodenki-p.jpg\",\"contentUrl\":\"https:\/\/gotygu.com\/wp-content\/uploads\/2024\/01\/szare-spodenki-p.jpg\",\"width\":2000,\"height\":2000},{\"@type\":\"BreadcrumbList\",\"@id\":\"https:\/\/gotygu.com\/de\/produkt\/2023-enduro-shorts-kopia\/#breadcrumb\",\"itemListElement\":[{\"@type\":\"ListItem\",\"position\":1,\"name\":\"Strona g\u0142\u00f3wna\",\"item\":\"https:\/\/gotygu.com\/\"},{\"@type\":\"ListItem\",\"position\":2,\"name\":\"Produkty\",\"item\":\"https:\/\/gotygu.com\/shop\/\"},{\"@type\":\"ListItem\",\"position\":3,\"name\":\"Enduro Grau Shorts\"}]},{\"@type\":\"WebSite\",\"@id\":\"https:\/\/gotygu.com\/#website\",\"url\":\"https:\/\/gotygu.com\/\",\"name\":\"TYGU - Polska marka odzie\u017cy\",\"description\":\"Designed To Ride - poznaj Polsk\u0105 mark\u0119\",\"publisher\":{\"@id\":\"https:\/\/gotygu.com\/#organization\"},\"alternateName\":\"Prosto z serca Beskid\u00f3w. Autorskie projekty odzie\u017cy i akcesori\u00f3w rowerowych. Odzie\u017c Merino dla rowerzyst\u00f3w\",\"potentialAction\":[{\"@type\":\"SearchAction\",\"target\":{\"@type\":\"EntryPoint\",\"urlTemplate\":\"https:\/\/gotygu.com\/?s={search_term_string}\"},\"query-input\":{\"@type\":\"PropertyValueSpecification\",\"valueRequired\":true,\"valueName\":\"search_term_string\"}}],\"inLanguage\":\"de\"},{\"@type\":\"Organization\",\"@id\":\"https:\/\/gotygu.com\/#organization\",\"name\":\"Polska marka rowerowa z serca beskid\u00f3w. Odzie\u017c i akcesoria rowerowa projektowane przez rowerzyst\u00f3w. Odzie\u017c merino, enduro i mtb.\",\"url\":\"https:\/\/gotygu.com\/\",\"logo\":{\"@type\":\"ImageObject\",\"inLanguage\":\"de\",\"@id\":\"https:\/\/gotygu.com\/#\/schema\/logo\/image\/\",\"url\":\"https:\/\/gotygu.com\/wp-content\/uploads\/2023\/12\/tygu-gory.png\",\"contentUrl\":\"https:\/\/gotygu.com\/wp-content\/uploads\/2023\/12\/tygu-gory.png\",\"width\":512,\"height\":512,\"caption\":\"Polska marka rowerowa z serca beskid\u00f3w. Odzie\u017c i akcesoria rowerowa projektowane przez rowerzyst\u00f3w. Odzie\u017c merino, enduro i mtb.\"},\"image\":{\"@id\":\"https:\/\/gotygu.com\/#\/schema\/logo\/image\/\"},\"sameAs\":[\"https:\/\/www.facebook.com\/TYGUapparel\"]}]}<\/script>\n<!-- \/ Yoast SEO plugin. -->","yoast_head_json":{"title":"Enduro Shorts Grau","robots":{"index":"index","follow":"follow","max-snippet":"max-snippet:-1","max-image-preview":"max-image-preview:large","max-video-preview":"max-video-preview:-1"},"canonical":"https:\/\/gotygu.com\/de\/produkt\/2023-enduro-shorts-kopia\/","og_locale":"de_DE","og_type":"article","og_title":"Enduro Shorts Grau","og_description":"Schnitt &amp; Stoff Hosenschnitt eignet sich ideal f\u00fcr die Fahrt mit den Sch\u00fctzern. Die 4 Taschen und starken Rei\u00dfverschl\u00fcsse garantieren Qualit\u00e4t f\u00fcr kurze und mehrt\u00e4gige Touren. Dank der Lasercut-Technik sind die Shorts zudem leicht und luftig.     R\u00fccktaschen Eine der von den Kunden am meisten gesch\u00e4tzten Erg\u00e4nzungen - gro\u00dfe Taschen, die die R\u00fcckseite des Oberschenkels \u00fcberlappen. Radfahren mit vollen Taschen war nie so komfortabel!     FUNCTECH \u00ae FUNCTECH\u00ae-Gewebe. Eine einzigartige Kombination aus ultraleichten Polymeren, die die besten Outdoor-Stoffe hervorbringt.","og_url":"https:\/\/gotygu.com\/de\/produkt\/2023-enduro-shorts-kopia\/","og_site_name":"TYGU","article_publisher":"https:\/\/www.facebook.com\/TYGUapparel","article_modified_time":"2025-07-31T23:00:55+00:00","og_image":[{"width":2000,"height":2000,"url":"https:\/\/gotygu.com\/wp-content\/uploads\/2024\/01\/szare-spodenki-p.jpg","type":"image\/jpeg"}],"twitter_card":"summary_large_image","twitter_misc":{"Gesch\u00e4tzte Lesezeit":"1\u00a0Minute"},"schema":{"@context":"https:\/\/schema.org","@graph":[{"@type":"WebPage","@id":"https:\/\/gotygu.com\/de\/produkt\/2023-enduro-shorts-kopia\/","url":"https:\/\/gotygu.com\/de\/produkt\/2023-enduro-shorts-kopia\/","name":"Enduro Shorts Grau","isPartOf":{"@id":"https:\/\/gotygu.com\/#website"},"primaryImageOfPage":{"@id":"https:\/\/gotygu.com\/de\/produkt\/2023-enduro-shorts-kopia\/#primaryimage"},"image":{"@id":"https:\/\/gotygu.com\/de\/produkt\/2023-enduro-shorts-kopia\/#primaryimage"},"thumbnailUrl":"https:\/\/gotygu.com\/wp-content\/uploads\/2024\/01\/szare-spodenki-p.jpg","datePublished":"2024-01-26T08:11:00+00:00","dateModified":"2025-07-31T23:00:55+00:00","breadcrumb":{"@id":"https:\/\/gotygu.com\/de\/produkt\/2023-enduro-shorts-kopia\/#breadcrumb"},"inLanguage":"de","potentialAction":[{"@type":"ReadAction","target":["https:\/\/gotygu.com\/de\/produkt\/2023-enduro-shorts-kopia\/"]}]},{"@type":"ImageObject","inLanguage":"de","@id":"https:\/\/gotygu.com\/de\/produkt\/2023-enduro-shorts-kopia\/#primaryimage","url":"https:\/\/gotygu.com\/wp-content\/uploads\/2024\/01\/szare-spodenki-p.jpg","contentUrl":"https:\/\/gotygu.com\/wp-content\/uploads\/2024\/01\/szare-spodenki-p.jpg","width":2000,"height":2000},{"@type":"BreadcrumbList","@id":"https:\/\/gotygu.com\/de\/produkt\/2023-enduro-shorts-kopia\/#breadcrumb","itemListElement":[{"@type":"ListItem","position":1,"name":"Strona g\u0142\u00f3wna","item":"https:\/\/gotygu.com\/"},{"@type":"ListItem","position":2,"name":"Produkty","item":"https:\/\/gotygu.com\/shop\/"},{"@type":"ListItem","position":3,"name":"Enduro Grau Shorts"}]},{"@type":"WebSite","@id":"https:\/\/gotygu.com\/#website","url":"https:\/\/gotygu.com\/","name":"TYGU - Polska marka odzie\u017cy","description":"Designed To Ride - poznaj Polsk\u0105 mark\u0119","publisher":{"@id":"https:\/\/gotygu.com\/#organization"},"alternateName":"Prosto z serca Beskid\u00f3w. Autorskie projekty odzie\u017cy i akcesori\u00f3w rowerowych. Odzie\u017c Merino dla rowerzyst\u00f3w","potentialAction":[{"@type":"SearchAction","target":{"@type":"EntryPoint","urlTemplate":"https:\/\/gotygu.com\/?s={search_term_string}"},"query-input":{"@type":"PropertyValueSpecification","valueRequired":true,"valueName":"search_term_string"}}],"inLanguage":"de"},{"@type":"Organization","@id":"https:\/\/gotygu.com\/#organization","name":"Polska marka rowerowa z serca beskid\u00f3w. Odzie\u017c i akcesoria rowerowa projektowane przez rowerzyst\u00f3w. Odzie\u017c merino, enduro i mtb.","url":"https:\/\/gotygu.com\/","logo":{"@type":"ImageObject","inLanguage":"de","@id":"https:\/\/gotygu.com\/#\/schema\/logo\/image\/","url":"https:\/\/gotygu.com\/wp-content\/uploads\/2023\/12\/tygu-gory.png","contentUrl":"https:\/\/gotygu.com\/wp-content\/uploads\/2023\/12\/tygu-gory.png","width":512,"height":512,"caption":"Polska marka rowerowa z serca beskid\u00f3w. Odzie\u017c i akcesoria rowerowa projektowane przez rowerzyst\u00f3w. Odzie\u017c merino, enduro i mtb."},"image":{"@id":"https:\/\/gotygu.com\/#\/schema\/logo\/image\/"},"sameAs":["https:\/\/www.facebook.com\/TYGUapparel"]}]}},"_links":{"self":[{"href":"https:\/\/gotygu.com\/de\/wp-json\/wp\/v2\/product\/383131"}],"collection":[{"href":"https:\/\/gotygu.com\/de\/wp-json\/wp\/v2\/product"}],"about":[{"href":"https:\/\/gotygu.com\/de\/wp-json\/wp\/v2\/types\/product"}],"replies":[{"embeddable":true,"href":"https:\/\/gotygu.com\/de\/wp-json\/wp\/v2\/comments?post=383131"}],"wp:featuredmedia":[{"embeddable":true,"href":"https:\/\/gotygu.com\/de\/wp-json\/wp\/v2\/media\/383172"}],"wp:attachment":[{"href":"https:\/\/gotygu.com\/de\/wp-json\/wp\/v2\/media?parent=383131"}],"wp:term":[{"taxonomy":"product_brand","embeddable":true,"href":"https:\/\/gotygu.com\/de\/wp-json\/wp\/v2\/product_brand?post=383131"},{"taxonomy":"product_cat","embeddable":true,"href":"https:\/\/gotygu.com\/de\/wp-json\/wp\/v2\/product_cat?post=383131"},{"taxonomy":"product_tag","embeddable":true,"href":"https:\/\/gotygu.com\/de\/wp-json\/wp\/v2\/product_tag?post=383131"}],"curies":[{"name":"wp","href":"https:\/\/api.w.org\/{rel}","templated":true}]}}