{"id":381537,"date":"2023-08-07T17:27:00","date_gmt":"2023-08-07T15:27:00","guid":{"rendered":"https:\/\/gotygu.com\/produkt\/wasserdichte-mtb-socken\/"},"modified":"2025-12-01T00:00:26","modified_gmt":"2025-11-30T23:00:26","slug":"wasserdichte-mtb-socken","status":"publish","type":"product","link":"https:\/\/gotygu.com\/de\/produkt\/wasserdichte-mtb-socken\/","title":{"rendered":"Wasserdichte MTB-Socken"},"content":{"rendered":"","protected":false},"excerpt":{"rendered":"<h3>TYGU wasserdichte Socken<\/h3>\n<p>Sie brauchen keine teuren Stiefel mehr f\u00fcr den Winter oder Herbst zu kaufen. Hervorragender Schutz vor Regen und Schlamm. Die leichtesten Membran-Radsocken auf dem Markt, die den Fu\u00df nicht \u00fcberhitzen lassen und stundenlangen Komfort bieten.<\/p>\n<ul>\n<li>Effektive Membran weist Wasser ab und l\u00e4sst die F\u00fc\u00dfe atmen<\/li>\n<li>Silikonstopper verhindern ein Hochrutschen der Socke<\/li>\n<li>PROLEN antibakteriell f\u00fcr ein hohes Ma\u00df an Hygiene<\/li>\n<\/ul>\n<p><img decoding=\"async\" class=\"alignnone size-medium wp-image-378997\" src=\"https:\/\/gotygu.com\/wp-content\/uploads\/2023\/08\/4-414x414.jpg\" alt=\"\" width=\"180\" height=\"180\" srcset=\"https:\/\/gotygu.com\/wp-content\/uploads\/2023\/08\/4-414x414.jpg 414w, https:\/\/gotygu.com\/wp-content\/uploads\/2023\/08\/4-150x150.jpg 150w, https:\/\/gotygu.com\/wp-content\/uploads\/2023\/08\/4-100x100.jpg 100w\" sizes=\"(max-width: 180px) 100vw, 180px\" \/><\/p>\n<p>&nbsp;<\/p>\n<h4>Gr\u00f6\u00dfen:<\/h4>\n<p>KLEIN: 36-38EU<\/p>\n<p>MITTEL: 39-42EU<\/p>\n<p>LARGE: 43-46EU<\/p>\n<p>X.GR\u00d6SSE: 47-49EU<\/p>\n<p>&nbsp;<\/p>\n","protected":false},"featured_media":378990,"comment_status":"open","ping_status":"closed","template":"","meta":[],"product_brand":[],"product_cat":[229,428,228],"product_tag":[],"class_list":{"0":"post-381537","1":"product","2":"type-product","3":"status-publish","4":"has-post-thumbnail","6":"product_cat-socken","7":"product_cat-test-de","8":"product_cat-zubehoer","10":"first","11":"instock","12":"taxable","13":"shipping-taxable","14":"purchasable","15":"product-type-variable"},"yoast_head":"<!-- This site is optimized with the Yoast SEO plugin v25.4 - https:\/\/yoast.com\/wordpress\/plugins\/seo\/ -->\n<title>Wasserdichte MTB-Socken - TYGU<\/title>\n<meta name=\"robots\" content=\"index, follow, max-snippet:-1, max-image-preview:large, max-video-preview:-1\" \/>\n<link rel=\"canonical\" href=\"https:\/\/gotygu.com\/produkt\/skarpety-wodoodporne-mtb\/\" \/>\n<meta property=\"og:locale\" content=\"de_DE\" \/>\n<meta property=\"og:type\" content=\"article\" \/>\n<meta property=\"og:title\" content=\"Wasserdichte MTB-Socken - TYGU\" \/>\n<meta property=\"og:description\" content=\"TYGU wasserdichte Socken Sie brauchen keine teuren Stiefel mehr f\u00fcr den Winter oder Herbst zu kaufen. Hervorragender Schutz vor Regen und Schlamm. Die leichtesten Membran-Radsocken auf dem Markt, die den Fu\u00df nicht \u00fcberhitzen lassen und stundenlangen Komfort bieten.  Effektive Membran weist Wasser ab und l\u00e4sst die F\u00fc\u00dfe atmen  Silikonstopper verhindern ein Hochrutschen der Socke  PROLEN antibakteriell f\u00fcr ein hohes Ma\u00df an Hygiene  &nbsp; Gr\u00f6\u00dfen: KLEIN: 36-38EU MITTEL: 39-42EU LARGE: 43-46EU X.GR\u00d6SSE: 47-49EU &nbsp;\" \/>\n<meta property=\"og:url\" content=\"https:\/\/gotygu.com\/produkt\/skarpety-wodoodporne-mtb\/\" \/>\n<meta property=\"og:site_name\" content=\"TYGU\" \/>\n<meta property=\"article:publisher\" content=\"https:\/\/www.facebook.com\/TYGUapparel\" \/>\n<meta property=\"article:modified_time\" content=\"2025-11-30T23:00:26+00:00\" \/>\n<meta property=\"og:image\" content=\"https:\/\/gotygu.com\/wp-content\/uploads\/2023\/08\/2.jpg\" \/>\n\t<meta property=\"og:image:width\" content=\"1280\" \/>\n\t<meta property=\"og:image:height\" content=\"1280\" \/>\n\t<meta property=\"og:image:type\" content=\"image\/jpeg\" \/>\n<meta name=\"twitter:card\" content=\"summary_large_image\" \/>\n<script type=\"application\/ld+json\" class=\"yoast-schema-graph\">{\"@context\":\"https:\/\/schema.org\",\"@graph\":[{\"@type\":\"WebPage\",\"@id\":\"https:\/\/gotygu.com\/produkt\/skarpety-wodoodporne-mtb\/\",\"url\":\"https:\/\/gotygu.com\/produkt\/skarpety-wodoodporne-mtb\/\",\"name\":\"Wasserdichte MTB-Socken - TYGU\",\"isPartOf\":{\"@id\":\"https:\/\/gotygu.com\/#website\"},\"primaryImageOfPage\":{\"@id\":\"https:\/\/gotygu.com\/produkt\/skarpety-wodoodporne-mtb\/#primaryimage\"},\"image\":{\"@id\":\"https:\/\/gotygu.com\/produkt\/skarpety-wodoodporne-mtb\/#primaryimage\"},\"thumbnailUrl\":\"https:\/\/gotygu.com\/wp-content\/uploads\/2023\/08\/2.jpg\",\"datePublished\":\"2023-08-07T15:27:00+00:00\",\"dateModified\":\"2025-11-30T23:00:26+00:00\",\"breadcrumb\":{\"@id\":\"https:\/\/gotygu.com\/produkt\/skarpety-wodoodporne-mtb\/#breadcrumb\"},\"inLanguage\":\"de\",\"potentialAction\":[{\"@type\":\"ReadAction\",\"target\":[\"https:\/\/gotygu.com\/produkt\/skarpety-wodoodporne-mtb\/\"]}]},{\"@type\":\"ImageObject\",\"inLanguage\":\"de\",\"@id\":\"https:\/\/gotygu.com\/produkt\/skarpety-wodoodporne-mtb\/#primaryimage\",\"url\":\"https:\/\/gotygu.com\/wp-content\/uploads\/2023\/08\/2.jpg\",\"contentUrl\":\"https:\/\/gotygu.com\/wp-content\/uploads\/2023\/08\/2.jpg\",\"width\":1280,\"height\":1280},{\"@type\":\"BreadcrumbList\",\"@id\":\"https:\/\/gotygu.com\/produkt\/skarpety-wodoodporne-mtb\/#breadcrumb\",\"itemListElement\":[{\"@type\":\"ListItem\",\"position\":1,\"name\":\"Strona g\u0142\u00f3wna\",\"item\":\"https:\/\/gotygu.com\/\"},{\"@type\":\"ListItem\",\"position\":2,\"name\":\"Produkty\",\"item\":\"https:\/\/gotygu.com\/shop\/\"},{\"@type\":\"ListItem\",\"position\":3,\"name\":\"Wasserdichte MTB-Socken\"}]},{\"@type\":\"WebSite\",\"@id\":\"https:\/\/gotygu.com\/#website\",\"url\":\"https:\/\/gotygu.com\/\",\"name\":\"TYGU - Polska marka odzie\u017cy\",\"description\":\"Designed To Ride - poznaj Polsk\u0105 mark\u0119\",\"publisher\":{\"@id\":\"https:\/\/gotygu.com\/#organization\"},\"alternateName\":\"Prosto z serca Beskid\u00f3w. Autorskie projekty odzie\u017cy i akcesori\u00f3w rowerowych. Odzie\u017c Merino dla rowerzyst\u00f3w\",\"potentialAction\":[{\"@type\":\"SearchAction\",\"target\":{\"@type\":\"EntryPoint\",\"urlTemplate\":\"https:\/\/gotygu.com\/?s={search_term_string}\"},\"query-input\":{\"@type\":\"PropertyValueSpecification\",\"valueRequired\":true,\"valueName\":\"search_term_string\"}}],\"inLanguage\":\"de\"},{\"@type\":\"Organization\",\"@id\":\"https:\/\/gotygu.com\/#organization\",\"name\":\"Polska marka rowerowa z serca beskid\u00f3w. Odzie\u017c i akcesoria rowerowa projektowane przez rowerzyst\u00f3w. Odzie\u017c merino, enduro i mtb.\",\"url\":\"https:\/\/gotygu.com\/\",\"logo\":{\"@type\":\"ImageObject\",\"inLanguage\":\"de\",\"@id\":\"https:\/\/gotygu.com\/#\/schema\/logo\/image\/\",\"url\":\"https:\/\/gotygu.com\/wp-content\/uploads\/2023\/12\/tygu-gory.png\",\"contentUrl\":\"https:\/\/gotygu.com\/wp-content\/uploads\/2023\/12\/tygu-gory.png\",\"width\":512,\"height\":512,\"caption\":\"Polska marka rowerowa z serca beskid\u00f3w. Odzie\u017c i akcesoria rowerowa projektowane przez rowerzyst\u00f3w. Odzie\u017c merino, enduro i mtb.\"},\"image\":{\"@id\":\"https:\/\/gotygu.com\/#\/schema\/logo\/image\/\"},\"sameAs\":[\"https:\/\/www.facebook.com\/TYGUapparel\"]}]}<\/script>\n<!-- \/ Yoast SEO plugin. -->","yoast_head_json":{"title":"Wasserdichte MTB-Socken - TYGU","robots":{"index":"index","follow":"follow","max-snippet":"max-snippet:-1","max-image-preview":"max-image-preview:large","max-video-preview":"max-video-preview:-1"},"canonical":"https:\/\/gotygu.com\/produkt\/skarpety-wodoodporne-mtb\/","og_locale":"de_DE","og_type":"article","og_title":"Wasserdichte MTB-Socken - TYGU","og_description":"TYGU wasserdichte Socken Sie brauchen keine teuren Stiefel mehr f\u00fcr den Winter oder Herbst zu kaufen. Hervorragender Schutz vor Regen und Schlamm. Die leichtesten Membran-Radsocken auf dem Markt, die den Fu\u00df nicht \u00fcberhitzen lassen und stundenlangen Komfort bieten.  Effektive Membran weist Wasser ab und l\u00e4sst die F\u00fc\u00dfe atmen  Silikonstopper verhindern ein Hochrutschen der Socke  PROLEN antibakteriell f\u00fcr ein hohes Ma\u00df an Hygiene  &nbsp; Gr\u00f6\u00dfen: KLEIN: 36-38EU MITTEL: 39-42EU LARGE: 43-46EU X.GR\u00d6SSE: 47-49EU &nbsp;","og_url":"https:\/\/gotygu.com\/produkt\/skarpety-wodoodporne-mtb\/","og_site_name":"TYGU","article_publisher":"https:\/\/www.facebook.com\/TYGUapparel","article_modified_time":"2025-11-30T23:00:26+00:00","og_image":[{"width":1280,"height":1280,"url":"https:\/\/gotygu.com\/wp-content\/uploads\/2023\/08\/2.jpg","type":"image\/jpeg"}],"twitter_card":"summary_large_image","schema":{"@context":"https:\/\/schema.org","@graph":[{"@type":"WebPage","@id":"https:\/\/gotygu.com\/produkt\/skarpety-wodoodporne-mtb\/","url":"https:\/\/gotygu.com\/produkt\/skarpety-wodoodporne-mtb\/","name":"Wasserdichte MTB-Socken - TYGU","isPartOf":{"@id":"https:\/\/gotygu.com\/#website"},"primaryImageOfPage":{"@id":"https:\/\/gotygu.com\/produkt\/skarpety-wodoodporne-mtb\/#primaryimage"},"image":{"@id":"https:\/\/gotygu.com\/produkt\/skarpety-wodoodporne-mtb\/#primaryimage"},"thumbnailUrl":"https:\/\/gotygu.com\/wp-content\/uploads\/2023\/08\/2.jpg","datePublished":"2023-08-07T15:27:00+00:00","dateModified":"2025-11-30T23:00:26+00:00","breadcrumb":{"@id":"https:\/\/gotygu.com\/produkt\/skarpety-wodoodporne-mtb\/#breadcrumb"},"inLanguage":"de","potentialAction":[{"@type":"ReadAction","target":["https:\/\/gotygu.com\/produkt\/skarpety-wodoodporne-mtb\/"]}]},{"@type":"ImageObject","inLanguage":"de","@id":"https:\/\/gotygu.com\/produkt\/skarpety-wodoodporne-mtb\/#primaryimage","url":"https:\/\/gotygu.com\/wp-content\/uploads\/2023\/08\/2.jpg","contentUrl":"https:\/\/gotygu.com\/wp-content\/uploads\/2023\/08\/2.jpg","width":1280,"height":1280},{"@type":"BreadcrumbList","@id":"https:\/\/gotygu.com\/produkt\/skarpety-wodoodporne-mtb\/#breadcrumb","itemListElement":[{"@type":"ListItem","position":1,"name":"Strona g\u0142\u00f3wna","item":"https:\/\/gotygu.com\/"},{"@type":"ListItem","position":2,"name":"Produkty","item":"https:\/\/gotygu.com\/shop\/"},{"@type":"ListItem","position":3,"name":"Wasserdichte MTB-Socken"}]},{"@type":"WebSite","@id":"https:\/\/gotygu.com\/#website","url":"https:\/\/gotygu.com\/","name":"TYGU - Polska marka odzie\u017cy","description":"Designed To Ride - poznaj Polsk\u0105 mark\u0119","publisher":{"@id":"https:\/\/gotygu.com\/#organization"},"alternateName":"Prosto z serca Beskid\u00f3w. Autorskie projekty odzie\u017cy i akcesori\u00f3w rowerowych. Odzie\u017c Merino dla rowerzyst\u00f3w","potentialAction":[{"@type":"SearchAction","target":{"@type":"EntryPoint","urlTemplate":"https:\/\/gotygu.com\/?s={search_term_string}"},"query-input":{"@type":"PropertyValueSpecification","valueRequired":true,"valueName":"search_term_string"}}],"inLanguage":"de"},{"@type":"Organization","@id":"https:\/\/gotygu.com\/#organization","name":"Polska marka rowerowa z serca beskid\u00f3w. Odzie\u017c i akcesoria rowerowa projektowane przez rowerzyst\u00f3w. Odzie\u017c merino, enduro i mtb.","url":"https:\/\/gotygu.com\/","logo":{"@type":"ImageObject","inLanguage":"de","@id":"https:\/\/gotygu.com\/#\/schema\/logo\/image\/","url":"https:\/\/gotygu.com\/wp-content\/uploads\/2023\/12\/tygu-gory.png","contentUrl":"https:\/\/gotygu.com\/wp-content\/uploads\/2023\/12\/tygu-gory.png","width":512,"height":512,"caption":"Polska marka rowerowa z serca beskid\u00f3w. Odzie\u017c i akcesoria rowerowa projektowane przez rowerzyst\u00f3w. Odzie\u017c merino, enduro i mtb."},"image":{"@id":"https:\/\/gotygu.com\/#\/schema\/logo\/image\/"},"sameAs":["https:\/\/www.facebook.com\/TYGUapparel"]}]}},"_links":{"self":[{"href":"https:\/\/gotygu.com\/de\/wp-json\/wp\/v2\/product\/381537"}],"collection":[{"href":"https:\/\/gotygu.com\/de\/wp-json\/wp\/v2\/product"}],"about":[{"href":"https:\/\/gotygu.com\/de\/wp-json\/wp\/v2\/types\/product"}],"replies":[{"embeddable":true,"href":"https:\/\/gotygu.com\/de\/wp-json\/wp\/v2\/comments?post=381537"}],"wp:featuredmedia":[{"embeddable":true,"href":"https:\/\/gotygu.com\/de\/wp-json\/wp\/v2\/media\/378990"}],"wp:attachment":[{"href":"https:\/\/gotygu.com\/de\/wp-json\/wp\/v2\/media?parent=381537"}],"wp:term":[{"taxonomy":"product_brand","embeddable":true,"href":"https:\/\/gotygu.com\/de\/wp-json\/wp\/v2\/product_brand?post=381537"},{"taxonomy":"product_cat","embeddable":true,"href":"https:\/\/gotygu.com\/de\/wp-json\/wp\/v2\/product_cat?post=381537"},{"taxonomy":"product_tag","embeddable":true,"href":"https:\/\/gotygu.com\/de\/wp-json\/wp\/v2\/product_tag?post=381537"}],"curies":[{"name":"wp","href":"https:\/\/api.w.org\/{rel}","templated":true}]}}