{"id":379551,"date":"2023-10-16T09:59:00","date_gmt":"2023-10-16T07:59:00","guid":{"rendered":"https:\/\/gotygu.com\/?post_type=product&#038;p=379551"},"modified":"2025-12-01T00:00:26","modified_gmt":"2025-11-30T23:00:26","slug":"2020-ride-socken-antibakteriell-kopia","status":"publish","type":"product","link":"https:\/\/gotygu.com\/de\/produkt\/2020-ride-socken-antibakteriell-kopia\/","title":{"rendered":"2024 Socken SCHWARZ"},"content":{"rendered":"<p>Antibakterielle Fahrradsocken. Der ideale Schnitt, leicht \u00fcber dem Kn\u00f6chel mit einer Kompressionspassform. Die Innenseite ist mit PROLEN\u00ae beschichtet, einer Lizenz von SILTEX.<\/p>\n<p><strong>Leicht wie eine Feder<\/strong><br \/>\nPROLEN\u00ae ist das leichteste Garn, das jemals hergestellt wurde. Dank des sehr geringen spezifischen Gewichts, das mehr als 50 % geringer ist als das von Baumwolle, sind die daraus hergestellten Produkte sehr leicht, was einen hohen Tragekomfort gew\u00e4hrleistet, der von sportlich Aktiven gesch\u00e4tzt wird. Die Herstellung von Produkten aus PROLEN\u00ae ist wirtschaftlich, weil aus einem Kilogramm PROLEN\u00ae im Vergleich zu anderen Garnen mehr Gewebe und Strickwaren hergestellt werden k\u00f6nnen, z.B. 1,5 mal mehr als aus Polyester.<br \/>\n<strong>Gesund und \u00f6kologisch<\/strong><br \/>\nDank der Inhaltsstoffe, die bei der Herstellung von PROELN\u00ae verwendet werden, verf\u00fcgt dieses Material \u00fcber folgende Eigenschaften: Es verhindert die Vermehrung von Bakterien, Schimmel und Pilzen, l\u00f6st keine Allergien aus und ist zu 100% recycelbar.<\/p>\n<p><img fetchpriority=\"high\" decoding=\"async\" class=\"alignnone size-full wp-image-548\" src=\"https:\/\/gotygu.com\/wp-content\/uploads\/2020\/01\/indeks.png\" alt=\"\" width=\"225\" height=\"225\" \/><\/p>\n<p><a href=\"http:\/\/www.prolenyarn.com\/prolen-health\/prolen-siltex\/\">Mehr \u00fcber PROLEN<\/a><\/p>\n","protected":false},"excerpt":{"rendered":"<p>Antibakterielle Fahrradsocken. Der ideale Schnitt, leicht \u00fcber dem Kn\u00f6chel mit einer Kompressionspassform. Die Innenseite ist mit PROLEN\u00ae beschichtet, einer Lizenz von SILTEX.<\/p>\n<p><strong>Leicht wie eine Feder<\/strong><br \/>\nPROLEN\u00ae ist das leichteste Garn, das jemals hergestellt wurde. Dank des sehr geringen spezifischen Gewichts, das mehr als 50 % geringer ist als das von Baumwolle, sind die daraus hergestellten Produkte sehr leicht, was einen hohen Tragekomfort gew\u00e4hrleistet, der von sportlich Aktiven gesch\u00e4tzt wird. Die Herstellung von Produkten aus PROLEN\u00ae ist wirtschaftlich, weil aus einem Kilogramm PROLEN\u00ae im Vergleich zu anderen Garnen mehr Gewebe und Strickwaren hergestellt werden k\u00f6nnen, z.B. 1,5 mal mehr als aus Polyester.<br \/>\n<strong>Gesund und \u00f6kologisch<\/strong><br \/>\nDank der Inhaltsstoffe, die bei der Herstellung von PROELN\u00ae verwendet werden, verf\u00fcgt dieses Material \u00fcber folgende Eigenschaften: Es verhindert die Vermehrung von Bakterien, Schimmel und Pilzen, l\u00f6st keine Allergien aus und ist zu 100% recycelbar.<\/p>\n<p><img fetchpriority=\"high\" decoding=\"async\" class=\"alignnone size-full wp-image-548\" src=\"https:\/\/gotygu.com\/wp-content\/uploads\/2020\/01\/indeks.png\" alt=\"\" width=\"225\" height=\"225\" \/><\/p>\n<p><a href=\"http:\/\/www.prolenyarn.com\/prolen-health\/prolen-siltex\/\">Mehr \u00fcber PROLEN<\/a><\/p>\n","protected":false},"featured_media":379556,"comment_status":"open","ping_status":"closed","template":"","meta":[],"product_brand":[],"product_cat":[229,228],"product_tag":[],"class_list":{"0":"post-379551","1":"product","2":"type-product","3":"status-publish","4":"has-post-thumbnail","6":"product_cat-socken","7":"product_cat-zubehoer","9":"first","10":"instock","11":"taxable","12":"shipping-taxable","13":"purchasable","14":"product-type-variable","15":"has-default-attributes"},"yoast_head":"<!-- This site is optimized with the Yoast SEO plugin v25.4 - https:\/\/yoast.com\/wordpress\/plugins\/seo\/ -->\n<title>2024 Socken SCHWARZ - TYGU<\/title>\n<meta name=\"robots\" content=\"index, follow, max-snippet:-1, max-image-preview:large, max-video-preview:-1\" \/>\n<link rel=\"canonical\" href=\"https:\/\/gotygu.com\/de\/produkt\/2020-ride-socken-antibakteriell-kopia\/\" \/>\n<meta property=\"og:locale\" content=\"de_DE\" \/>\n<meta property=\"og:type\" content=\"article\" \/>\n<meta property=\"og:title\" content=\"2024 Socken SCHWARZ - TYGU\" \/>\n<meta property=\"og:description\" content=\"Antibakterielle Fahrradsocken. Der ideale Schnitt, leicht \u00fcber dem Kn\u00f6chel mit einer Kompressionspassform. Die Innenseite ist mit PROLEN\u00ae beschichtet, einer Lizenz von SILTEX.  Leicht wie eine Feder PROLEN\u00ae ist das leichteste Garn, das jemals hergestellt wurde. Dank des sehr geringen spezifischen Gewichts, das mehr als 50 % geringer ist als das von Baumwolle, sind die daraus hergestellten Produkte sehr leicht, was einen hohen Tragekomfort gew\u00e4hrleistet, der von sportlich Aktiven gesch\u00e4tzt wird. Die Herstellung von Produkten aus PROLEN\u00ae ist wirtschaftlich, weil aus einem Kilogramm PROLEN\u00ae im Vergleich zu anderen Garnen mehr Gewebe und Strickwaren hergestellt werden k\u00f6nnen, z.B. 1,5 mal mehr als aus Polyester. Gesund und \u00f6kologisch Dank der Inhaltsstoffe, die bei der Herstellung von PROELN\u00ae verwendet werden, verf\u00fcgt dieses Material \u00fcber folgende Eigenschaften: Es verhindert die Vermehrung von Bakterien, Schimmel und Pilzen, l\u00f6st keine Allergien aus und ist zu 100% recycelbar.    Mehr \u00fcber PROLEN\" \/>\n<meta property=\"og:url\" content=\"https:\/\/gotygu.com\/de\/produkt\/2020-ride-socken-antibakteriell-kopia\/\" \/>\n<meta property=\"og:site_name\" content=\"TYGU\" \/>\n<meta property=\"article:publisher\" content=\"https:\/\/www.facebook.com\/TYGUapparel\" \/>\n<meta property=\"article:modified_time\" content=\"2025-11-30T23:00:26+00:00\" \/>\n<meta property=\"og:image\" content=\"https:\/\/gotygu.com\/wp-content\/uploads\/2023\/10\/skarperki-czarne.jpg\" \/>\n\t<meta property=\"og:image:width\" content=\"1200\" \/>\n\t<meta property=\"og:image:height\" content=\"1200\" \/>\n\t<meta property=\"og:image:type\" content=\"image\/jpeg\" \/>\n<meta name=\"twitter:card\" content=\"summary_large_image\" \/>\n<meta name=\"twitter:label1\" content=\"Gesch\u00e4tzte Lesezeit\" \/>\n\t<meta name=\"twitter:data1\" content=\"2\u00a0Minuten\" \/>\n<script type=\"application\/ld+json\" class=\"yoast-schema-graph\">{\"@context\":\"https:\/\/schema.org\",\"@graph\":[{\"@type\":\"WebPage\",\"@id\":\"https:\/\/gotygu.com\/de\/produkt\/2020-ride-socken-antibakteriell-kopia\/\",\"url\":\"https:\/\/gotygu.com\/de\/produkt\/2020-ride-socken-antibakteriell-kopia\/\",\"name\":\"2024 Socken SCHWARZ - TYGU\",\"isPartOf\":{\"@id\":\"https:\/\/gotygu.com\/#website\"},\"primaryImageOfPage\":{\"@id\":\"https:\/\/gotygu.com\/de\/produkt\/2020-ride-socken-antibakteriell-kopia\/#primaryimage\"},\"image\":{\"@id\":\"https:\/\/gotygu.com\/de\/produkt\/2020-ride-socken-antibakteriell-kopia\/#primaryimage\"},\"thumbnailUrl\":\"https:\/\/gotygu.com\/wp-content\/uploads\/2023\/10\/skarperki-czarne.jpg\",\"datePublished\":\"2023-10-16T07:59:00+00:00\",\"dateModified\":\"2025-11-30T23:00:26+00:00\",\"breadcrumb\":{\"@id\":\"https:\/\/gotygu.com\/de\/produkt\/2020-ride-socken-antibakteriell-kopia\/#breadcrumb\"},\"inLanguage\":\"de\",\"potentialAction\":[{\"@type\":\"ReadAction\",\"target\":[\"https:\/\/gotygu.com\/de\/produkt\/2020-ride-socken-antibakteriell-kopia\/\"]}]},{\"@type\":\"ImageObject\",\"inLanguage\":\"de\",\"@id\":\"https:\/\/gotygu.com\/de\/produkt\/2020-ride-socken-antibakteriell-kopia\/#primaryimage\",\"url\":\"https:\/\/gotygu.com\/wp-content\/uploads\/2023\/10\/skarperki-czarne.jpg\",\"contentUrl\":\"https:\/\/gotygu.com\/wp-content\/uploads\/2023\/10\/skarperki-czarne.jpg\",\"width\":1200,\"height\":1200},{\"@type\":\"BreadcrumbList\",\"@id\":\"https:\/\/gotygu.com\/de\/produkt\/2020-ride-socken-antibakteriell-kopia\/#breadcrumb\",\"itemListElement\":[{\"@type\":\"ListItem\",\"position\":1,\"name\":\"Strona g\u0142\u00f3wna\",\"item\":\"https:\/\/gotygu.com\/\"},{\"@type\":\"ListItem\",\"position\":2,\"name\":\"Produkty\",\"item\":\"https:\/\/gotygu.com\/shop\/\"},{\"@type\":\"ListItem\",\"position\":3,\"name\":\"2024 Socken SCHWARZ\"}]},{\"@type\":\"WebSite\",\"@id\":\"https:\/\/gotygu.com\/#website\",\"url\":\"https:\/\/gotygu.com\/\",\"name\":\"TYGU - Polska marka odzie\u017cy\",\"description\":\"Designed To Ride - poznaj Polsk\u0105 mark\u0119\",\"publisher\":{\"@id\":\"https:\/\/gotygu.com\/#organization\"},\"alternateName\":\"Prosto z serca Beskid\u00f3w. Autorskie projekty odzie\u017cy i akcesori\u00f3w rowerowych. Odzie\u017c Merino dla rowerzyst\u00f3w\",\"potentialAction\":[{\"@type\":\"SearchAction\",\"target\":{\"@type\":\"EntryPoint\",\"urlTemplate\":\"https:\/\/gotygu.com\/?s={search_term_string}\"},\"query-input\":{\"@type\":\"PropertyValueSpecification\",\"valueRequired\":true,\"valueName\":\"search_term_string\"}}],\"inLanguage\":\"de\"},{\"@type\":\"Organization\",\"@id\":\"https:\/\/gotygu.com\/#organization\",\"name\":\"Polska marka rowerowa z serca beskid\u00f3w. Odzie\u017c i akcesoria rowerowa projektowane przez rowerzyst\u00f3w. Odzie\u017c merino, enduro i mtb.\",\"url\":\"https:\/\/gotygu.com\/\",\"logo\":{\"@type\":\"ImageObject\",\"inLanguage\":\"de\",\"@id\":\"https:\/\/gotygu.com\/#\/schema\/logo\/image\/\",\"url\":\"https:\/\/gotygu.com\/wp-content\/uploads\/2023\/12\/tygu-gory.png\",\"contentUrl\":\"https:\/\/gotygu.com\/wp-content\/uploads\/2023\/12\/tygu-gory.png\",\"width\":512,\"height\":512,\"caption\":\"Polska marka rowerowa z serca beskid\u00f3w. Odzie\u017c i akcesoria rowerowa projektowane przez rowerzyst\u00f3w. Odzie\u017c merino, enduro i mtb.\"},\"image\":{\"@id\":\"https:\/\/gotygu.com\/#\/schema\/logo\/image\/\"},\"sameAs\":[\"https:\/\/www.facebook.com\/TYGUapparel\"]}]}<\/script>\n<!-- \/ Yoast SEO plugin. -->","yoast_head_json":{"title":"2024 Socken SCHWARZ - TYGU","robots":{"index":"index","follow":"follow","max-snippet":"max-snippet:-1","max-image-preview":"max-image-preview:large","max-video-preview":"max-video-preview:-1"},"canonical":"https:\/\/gotygu.com\/de\/produkt\/2020-ride-socken-antibakteriell-kopia\/","og_locale":"de_DE","og_type":"article","og_title":"2024 Socken SCHWARZ - TYGU","og_description":"Antibakterielle Fahrradsocken. Der ideale Schnitt, leicht \u00fcber dem Kn\u00f6chel mit einer Kompressionspassform. Die Innenseite ist mit PROLEN\u00ae beschichtet, einer Lizenz von SILTEX.  Leicht wie eine Feder PROLEN\u00ae ist das leichteste Garn, das jemals hergestellt wurde. Dank des sehr geringen spezifischen Gewichts, das mehr als 50 % geringer ist als das von Baumwolle, sind die daraus hergestellten Produkte sehr leicht, was einen hohen Tragekomfort gew\u00e4hrleistet, der von sportlich Aktiven gesch\u00e4tzt wird. Die Herstellung von Produkten aus PROLEN\u00ae ist wirtschaftlich, weil aus einem Kilogramm PROLEN\u00ae im Vergleich zu anderen Garnen mehr Gewebe und Strickwaren hergestellt werden k\u00f6nnen, z.B. 1,5 mal mehr als aus Polyester. Gesund und \u00f6kologisch Dank der Inhaltsstoffe, die bei der Herstellung von PROELN\u00ae verwendet werden, verf\u00fcgt dieses Material \u00fcber folgende Eigenschaften: Es verhindert die Vermehrung von Bakterien, Schimmel und Pilzen, l\u00f6st keine Allergien aus und ist zu 100% recycelbar.    Mehr \u00fcber PROLEN","og_url":"https:\/\/gotygu.com\/de\/produkt\/2020-ride-socken-antibakteriell-kopia\/","og_site_name":"TYGU","article_publisher":"https:\/\/www.facebook.com\/TYGUapparel","article_modified_time":"2025-11-30T23:00:26+00:00","og_image":[{"width":1200,"height":1200,"url":"https:\/\/gotygu.com\/wp-content\/uploads\/2023\/10\/skarperki-czarne.jpg","type":"image\/jpeg"}],"twitter_card":"summary_large_image","twitter_misc":{"Gesch\u00e4tzte Lesezeit":"2\u00a0Minuten"},"schema":{"@context":"https:\/\/schema.org","@graph":[{"@type":"WebPage","@id":"https:\/\/gotygu.com\/de\/produkt\/2020-ride-socken-antibakteriell-kopia\/","url":"https:\/\/gotygu.com\/de\/produkt\/2020-ride-socken-antibakteriell-kopia\/","name":"2024 Socken SCHWARZ - TYGU","isPartOf":{"@id":"https:\/\/gotygu.com\/#website"},"primaryImageOfPage":{"@id":"https:\/\/gotygu.com\/de\/produkt\/2020-ride-socken-antibakteriell-kopia\/#primaryimage"},"image":{"@id":"https:\/\/gotygu.com\/de\/produkt\/2020-ride-socken-antibakteriell-kopia\/#primaryimage"},"thumbnailUrl":"https:\/\/gotygu.com\/wp-content\/uploads\/2023\/10\/skarperki-czarne.jpg","datePublished":"2023-10-16T07:59:00+00:00","dateModified":"2025-11-30T23:00:26+00:00","breadcrumb":{"@id":"https:\/\/gotygu.com\/de\/produkt\/2020-ride-socken-antibakteriell-kopia\/#breadcrumb"},"inLanguage":"de","potentialAction":[{"@type":"ReadAction","target":["https:\/\/gotygu.com\/de\/produkt\/2020-ride-socken-antibakteriell-kopia\/"]}]},{"@type":"ImageObject","inLanguage":"de","@id":"https:\/\/gotygu.com\/de\/produkt\/2020-ride-socken-antibakteriell-kopia\/#primaryimage","url":"https:\/\/gotygu.com\/wp-content\/uploads\/2023\/10\/skarperki-czarne.jpg","contentUrl":"https:\/\/gotygu.com\/wp-content\/uploads\/2023\/10\/skarperki-czarne.jpg","width":1200,"height":1200},{"@type":"BreadcrumbList","@id":"https:\/\/gotygu.com\/de\/produkt\/2020-ride-socken-antibakteriell-kopia\/#breadcrumb","itemListElement":[{"@type":"ListItem","position":1,"name":"Strona g\u0142\u00f3wna","item":"https:\/\/gotygu.com\/"},{"@type":"ListItem","position":2,"name":"Produkty","item":"https:\/\/gotygu.com\/shop\/"},{"@type":"ListItem","position":3,"name":"2024 Socken SCHWARZ"}]},{"@type":"WebSite","@id":"https:\/\/gotygu.com\/#website","url":"https:\/\/gotygu.com\/","name":"TYGU - Polska marka odzie\u017cy","description":"Designed To Ride - poznaj Polsk\u0105 mark\u0119","publisher":{"@id":"https:\/\/gotygu.com\/#organization"},"alternateName":"Prosto z serca Beskid\u00f3w. Autorskie projekty odzie\u017cy i akcesori\u00f3w rowerowych. Odzie\u017c Merino dla rowerzyst\u00f3w","potentialAction":[{"@type":"SearchAction","target":{"@type":"EntryPoint","urlTemplate":"https:\/\/gotygu.com\/?s={search_term_string}"},"query-input":{"@type":"PropertyValueSpecification","valueRequired":true,"valueName":"search_term_string"}}],"inLanguage":"de"},{"@type":"Organization","@id":"https:\/\/gotygu.com\/#organization","name":"Polska marka rowerowa z serca beskid\u00f3w. Odzie\u017c i akcesoria rowerowa projektowane przez rowerzyst\u00f3w. Odzie\u017c merino, enduro i mtb.","url":"https:\/\/gotygu.com\/","logo":{"@type":"ImageObject","inLanguage":"de","@id":"https:\/\/gotygu.com\/#\/schema\/logo\/image\/","url":"https:\/\/gotygu.com\/wp-content\/uploads\/2023\/12\/tygu-gory.png","contentUrl":"https:\/\/gotygu.com\/wp-content\/uploads\/2023\/12\/tygu-gory.png","width":512,"height":512,"caption":"Polska marka rowerowa z serca beskid\u00f3w. Odzie\u017c i akcesoria rowerowa projektowane przez rowerzyst\u00f3w. Odzie\u017c merino, enduro i mtb."},"image":{"@id":"https:\/\/gotygu.com\/#\/schema\/logo\/image\/"},"sameAs":["https:\/\/www.facebook.com\/TYGUapparel"]}]}},"_links":{"self":[{"href":"https:\/\/gotygu.com\/de\/wp-json\/wp\/v2\/product\/379551"}],"collection":[{"href":"https:\/\/gotygu.com\/de\/wp-json\/wp\/v2\/product"}],"about":[{"href":"https:\/\/gotygu.com\/de\/wp-json\/wp\/v2\/types\/product"}],"replies":[{"embeddable":true,"href":"https:\/\/gotygu.com\/de\/wp-json\/wp\/v2\/comments?post=379551"}],"wp:featuredmedia":[{"embeddable":true,"href":"https:\/\/gotygu.com\/de\/wp-json\/wp\/v2\/media\/379556"}],"wp:attachment":[{"href":"https:\/\/gotygu.com\/de\/wp-json\/wp\/v2\/media?parent=379551"}],"wp:term":[{"taxonomy":"product_brand","embeddable":true,"href":"https:\/\/gotygu.com\/de\/wp-json\/wp\/v2\/product_brand?post=379551"},{"taxonomy":"product_cat","embeddable":true,"href":"https:\/\/gotygu.com\/de\/wp-json\/wp\/v2\/product_cat?post=379551"},{"taxonomy":"product_tag","embeddable":true,"href":"https:\/\/gotygu.com\/de\/wp-json\/wp\/v2\/product_tag?post=379551"}],"curies":[{"name":"wp","href":"https:\/\/api.w.org\/{rel}","templated":true}]}}