{"id":378674,"date":"2023-06-26T19:44:00","date_gmt":"2023-06-26T17:44:00","guid":{"rendered":"https:\/\/gotygu.com\/produkt\/punk-junior-brille-schwarz\/"},"modified":"2025-12-01T00:00:16","modified_gmt":"2025-11-30T23:00:16","slug":"brille-punk-junior-schwarz","status":"publish","type":"product","link":"https:\/\/gotygu.com\/de\/produkt\/brille-punk-junior-schwarz\/","title":{"rendered":"PUNK Junior Brille Schwarz"},"content":{"rendered":"","protected":false},"excerpt":{"rendered":"<h1>Fahrradbrille f\u00fcr Kinder<\/h1>\n<p>100% originelles Design der <strong>Kinderbrille f\u00fcr den Radsport<\/strong>. Ein passender 130-mm-Rahmen und eine breite Palette von Anpassungsm\u00f6glichkeiten (Nasen- und Ohrenpads) erm\u00f6glichen es Ihnen, die Form eines kleinen Kopfes perfekt anzupassen.<\/p>\n<p>Die PUNK Kinder-MTB-Brille von TYGU bietet ein gro\u00dfes und komfortables Sichtfeld f\u00fcr kleine Fahrer.<\/p>\n<p>Zus\u00e4tzliches photochromatisches (selbstabt\u00f6nendes) Glas f\u00fcr schwierigere Bedingungen enthalten<\/p>\n<table>\n<tbody>\n<tr>\n<td><img fetchpriority=\"high\" decoding=\"async\" class=\"alignnone \" src=\"https:\/\/gotygu.com\/wp-content\/uploads\/2023\/03\/5-3-1154x650.jpg\" width=\"755\" height=\"425\"><\/td>\n<td>\n<h3 class=\"elementor-image-box-title\">PHOTOCHROME<br \/>\nInklusive 2 Glasscheiben<\/h3>\n<p class=\"elementor-image-box-description\">Alle Modellen liefern wir mit zus\u04d3tzlichem PHOTOCHROMGLAS. Alle Modellen liefern wir mit zus\u04d3tzlichem PHOTOCHROMGLAS.<\/p>\n<\/td>\n<\/tr>\n<tr>\n<td><img decoding=\"async\" class=\"alignnone size-medium\" src=\"https:\/\/gotygu.com\/wp-content\/uploads\/2023\/03\/kids-size.jpg\" width=\"604\" height=\"369\"><\/td>\n<td>\n<h3 class=\"elementor-image-box-title\">&lt;- 130mm -&gt;<\/h3>\n<p class=\"elementor-image-box-description\">Der Abstand zwischen den Scharnieren ist f\u00fcr kleinere K\u00f6pfe geeignet.<\/p>\n<\/td>\n<\/tr>\n<tr>\n<td><img decoding=\"async\" class=\"alignnone size-medium\" src=\"https:\/\/gotygu.com\/wp-content\/uploads\/2023\/03\/6-3-1153x650.jpg\" width=\"1153\" height=\"650\"><\/td>\n<td>\n<h3 class=\"elementor-image-box-title\">REVO \u00ae Linsen-Technologie<\/h3>\n<\/td>\n<\/tr>\n<tr>\n<td><img loading=\"lazy\" decoding=\"async\" class=\"alignnone size-medium\" src=\"https:\/\/gotygu.com\/wp-content\/uploads\/2023\/03\/7-2-1153x650.jpg\" width=\"1153\" height=\"650\"><\/td>\n<td>\n<h3 class=\"elementor-image-box-title\">ADAPT<\/h3>\n<p class=\"elementor-image-box-description\"><b>H\u00f6rmuscheln und Nasenpads<\/b><\/p>\n<\/td>\n<\/tr>\n<\/tbody>\n<\/table>\n<p><!-- DivTable.com --><\/p>\n","protected":false},"featured_media":378478,"comment_status":"open","ping_status":"closed","template":"","meta":[],"product_brand":[],"product_cat":[294,247,230,428],"product_tag":[],"class_list":{"0":"post-378674","1":"product","2":"type-product","3":"status-publish","4":"has-post-thumbnail","6":"product_cat-punk-brille","7":"product_cat-brille","8":"product_cat-kind","9":"product_cat-test-de","11":"first","12":"outofstock","13":"sale","14":"taxable","15":"shipping-taxable","16":"purchasable","17":"product-type-simple"},"yoast_head":"<!-- This site is optimized with the Yoast SEO plugin v25.4 - https:\/\/yoast.com\/wordpress\/plugins\/seo\/ -->\n<title>PUNK Junior Brille Schwarz - TYGU<\/title>\n<meta name=\"robots\" content=\"index, follow, max-snippet:-1, max-image-preview:large, max-video-preview:-1\" \/>\n<link rel=\"canonical\" href=\"https:\/\/gotygu.com\/produkt\/okulary-punk-junior-black\/\" \/>\n<meta property=\"og:locale\" content=\"de_DE\" \/>\n<meta property=\"og:type\" content=\"article\" \/>\n<meta property=\"og:title\" content=\"PUNK Junior Brille Schwarz - TYGU\" \/>\n<meta property=\"og:description\" content=\"Fahrradbrille f\u00fcr Kinder 100% originelles Design der Kinderbrille f\u00fcr den Radsport. Ein passender 130-mm-Rahmen und eine breite Palette von Anpassungsm\u00f6glichkeiten (Nasen- und Ohrenpads) erm\u00f6glichen es Ihnen, die Form eines kleinen Kopfes perfekt anzupassen. Die PUNK Kinder-MTB-Brille von TYGU bietet ein gro\u00dfes und komfortables Sichtfeld f\u00fcr kleine Fahrer. Zus\u00e4tzliches photochromatisches (selbstabt\u00f6nendes) Glas f\u00fcr schwierigere Bedingungen enthalten   PHOTOCHROME Inklusive 2 Glasscheiben Alle Modellen liefern wir mit zus\u04d3tzlichem PHOTOCHROMGLAS. Alle Modellen liefern wir mit zus\u04d3tzlichem PHOTOCHROMGLAS.   &lt;- 130mm -&gt; Der Abstand zwischen den Scharnieren ist f\u00fcr kleinere K\u00f6pfe geeignet.   REVO \u00ae Linsen-Technologie   ADAPT H\u00f6rmuscheln und Nasenpads\" \/>\n<meta property=\"og:url\" content=\"https:\/\/gotygu.com\/produkt\/okulary-punk-junior-black\/\" \/>\n<meta property=\"og:site_name\" content=\"TYGU\" \/>\n<meta property=\"article:publisher\" content=\"https:\/\/www.facebook.com\/TYGUapparel\" \/>\n<meta property=\"article:modified_time\" content=\"2025-11-30T23:00:16+00:00\" \/>\n<meta property=\"og:image\" content=\"https:\/\/gotygu.com\/wp-content\/uploads\/2023\/06\/dzieciece-czarne-b.jpg\" \/>\n\t<meta property=\"og:image:width\" content=\"2500\" \/>\n\t<meta property=\"og:image:height\" content=\"2500\" \/>\n\t<meta property=\"og:image:type\" content=\"image\/jpeg\" \/>\n<meta name=\"twitter:card\" content=\"summary_large_image\" \/>\n<script type=\"application\/ld+json\" class=\"yoast-schema-graph\">{\"@context\":\"https:\/\/schema.org\",\"@graph\":[{\"@type\":\"WebPage\",\"@id\":\"https:\/\/gotygu.com\/produkt\/okulary-punk-junior-black\/\",\"url\":\"https:\/\/gotygu.com\/produkt\/okulary-punk-junior-black\/\",\"name\":\"PUNK Junior Brille Schwarz - TYGU\",\"isPartOf\":{\"@id\":\"https:\/\/gotygu.com\/#website\"},\"primaryImageOfPage\":{\"@id\":\"https:\/\/gotygu.com\/produkt\/okulary-punk-junior-black\/#primaryimage\"},\"image\":{\"@id\":\"https:\/\/gotygu.com\/produkt\/okulary-punk-junior-black\/#primaryimage\"},\"thumbnailUrl\":\"https:\/\/gotygu.com\/wp-content\/uploads\/2023\/06\/dzieciece-czarne-b.jpg\",\"datePublished\":\"2023-06-26T17:44:00+00:00\",\"dateModified\":\"2025-11-30T23:00:16+00:00\",\"breadcrumb\":{\"@id\":\"https:\/\/gotygu.com\/produkt\/okulary-punk-junior-black\/#breadcrumb\"},\"inLanguage\":\"de\",\"potentialAction\":[{\"@type\":\"ReadAction\",\"target\":[\"https:\/\/gotygu.com\/produkt\/okulary-punk-junior-black\/\"]}]},{\"@type\":\"ImageObject\",\"inLanguage\":\"de\",\"@id\":\"https:\/\/gotygu.com\/produkt\/okulary-punk-junior-black\/#primaryimage\",\"url\":\"https:\/\/gotygu.com\/wp-content\/uploads\/2023\/06\/dzieciece-czarne-b.jpg\",\"contentUrl\":\"https:\/\/gotygu.com\/wp-content\/uploads\/2023\/06\/dzieciece-czarne-b.jpg\",\"width\":2500,\"height\":2500},{\"@type\":\"BreadcrumbList\",\"@id\":\"https:\/\/gotygu.com\/produkt\/okulary-punk-junior-black\/#breadcrumb\",\"itemListElement\":[{\"@type\":\"ListItem\",\"position\":1,\"name\":\"Strona g\u0142\u00f3wna\",\"item\":\"https:\/\/gotygu.com\/\"},{\"@type\":\"ListItem\",\"position\":2,\"name\":\"Produkty\",\"item\":\"https:\/\/gotygu.com\/shop\/\"},{\"@type\":\"ListItem\",\"position\":3,\"name\":\"PUNK Junior Brille Schwarz\"}]},{\"@type\":\"WebSite\",\"@id\":\"https:\/\/gotygu.com\/#website\",\"url\":\"https:\/\/gotygu.com\/\",\"name\":\"TYGU - Polska marka odzie\u017cy\",\"description\":\"Designed To Ride - poznaj Polsk\u0105 mark\u0119\",\"publisher\":{\"@id\":\"https:\/\/gotygu.com\/#organization\"},\"alternateName\":\"Prosto z serca Beskid\u00f3w. Autorskie projekty odzie\u017cy i akcesori\u00f3w rowerowych. Odzie\u017c Merino dla rowerzyst\u00f3w\",\"potentialAction\":[{\"@type\":\"SearchAction\",\"target\":{\"@type\":\"EntryPoint\",\"urlTemplate\":\"https:\/\/gotygu.com\/?s={search_term_string}\"},\"query-input\":{\"@type\":\"PropertyValueSpecification\",\"valueRequired\":true,\"valueName\":\"search_term_string\"}}],\"inLanguage\":\"de\"},{\"@type\":\"Organization\",\"@id\":\"https:\/\/gotygu.com\/#organization\",\"name\":\"Polska marka rowerowa z serca beskid\u00f3w. Odzie\u017c i akcesoria rowerowa projektowane przez rowerzyst\u00f3w. Odzie\u017c merino, enduro i mtb.\",\"url\":\"https:\/\/gotygu.com\/\",\"logo\":{\"@type\":\"ImageObject\",\"inLanguage\":\"de\",\"@id\":\"https:\/\/gotygu.com\/#\/schema\/logo\/image\/\",\"url\":\"https:\/\/gotygu.com\/wp-content\/uploads\/2023\/12\/tygu-gory.png\",\"contentUrl\":\"https:\/\/gotygu.com\/wp-content\/uploads\/2023\/12\/tygu-gory.png\",\"width\":512,\"height\":512,\"caption\":\"Polska marka rowerowa z serca beskid\u00f3w. Odzie\u017c i akcesoria rowerowa projektowane przez rowerzyst\u00f3w. Odzie\u017c merino, enduro i mtb.\"},\"image\":{\"@id\":\"https:\/\/gotygu.com\/#\/schema\/logo\/image\/\"},\"sameAs\":[\"https:\/\/www.facebook.com\/TYGUapparel\"]}]}<\/script>\n<!-- \/ Yoast SEO plugin. -->","yoast_head_json":{"title":"PUNK Junior Brille Schwarz - TYGU","robots":{"index":"index","follow":"follow","max-snippet":"max-snippet:-1","max-image-preview":"max-image-preview:large","max-video-preview":"max-video-preview:-1"},"canonical":"https:\/\/gotygu.com\/produkt\/okulary-punk-junior-black\/","og_locale":"de_DE","og_type":"article","og_title":"PUNK Junior Brille Schwarz - TYGU","og_description":"Fahrradbrille f\u00fcr Kinder 100% originelles Design der Kinderbrille f\u00fcr den Radsport. Ein passender 130-mm-Rahmen und eine breite Palette von Anpassungsm\u00f6glichkeiten (Nasen- und Ohrenpads) erm\u00f6glichen es Ihnen, die Form eines kleinen Kopfes perfekt anzupassen. Die PUNK Kinder-MTB-Brille von TYGU bietet ein gro\u00dfes und komfortables Sichtfeld f\u00fcr kleine Fahrer. Zus\u00e4tzliches photochromatisches (selbstabt\u00f6nendes) Glas f\u00fcr schwierigere Bedingungen enthalten   PHOTOCHROME Inklusive 2 Glasscheiben Alle Modellen liefern wir mit zus\u04d3tzlichem PHOTOCHROMGLAS. Alle Modellen liefern wir mit zus\u04d3tzlichem PHOTOCHROMGLAS.   &lt;- 130mm -&gt; Der Abstand zwischen den Scharnieren ist f\u00fcr kleinere K\u00f6pfe geeignet.   REVO \u00ae Linsen-Technologie   ADAPT H\u00f6rmuscheln und Nasenpads","og_url":"https:\/\/gotygu.com\/produkt\/okulary-punk-junior-black\/","og_site_name":"TYGU","article_publisher":"https:\/\/www.facebook.com\/TYGUapparel","article_modified_time":"2025-11-30T23:00:16+00:00","og_image":[{"width":2500,"height":2500,"url":"https:\/\/gotygu.com\/wp-content\/uploads\/2023\/06\/dzieciece-czarne-b.jpg","type":"image\/jpeg"}],"twitter_card":"summary_large_image","schema":{"@context":"https:\/\/schema.org","@graph":[{"@type":"WebPage","@id":"https:\/\/gotygu.com\/produkt\/okulary-punk-junior-black\/","url":"https:\/\/gotygu.com\/produkt\/okulary-punk-junior-black\/","name":"PUNK Junior Brille Schwarz - TYGU","isPartOf":{"@id":"https:\/\/gotygu.com\/#website"},"primaryImageOfPage":{"@id":"https:\/\/gotygu.com\/produkt\/okulary-punk-junior-black\/#primaryimage"},"image":{"@id":"https:\/\/gotygu.com\/produkt\/okulary-punk-junior-black\/#primaryimage"},"thumbnailUrl":"https:\/\/gotygu.com\/wp-content\/uploads\/2023\/06\/dzieciece-czarne-b.jpg","datePublished":"2023-06-26T17:44:00+00:00","dateModified":"2025-11-30T23:00:16+00:00","breadcrumb":{"@id":"https:\/\/gotygu.com\/produkt\/okulary-punk-junior-black\/#breadcrumb"},"inLanguage":"de","potentialAction":[{"@type":"ReadAction","target":["https:\/\/gotygu.com\/produkt\/okulary-punk-junior-black\/"]}]},{"@type":"ImageObject","inLanguage":"de","@id":"https:\/\/gotygu.com\/produkt\/okulary-punk-junior-black\/#primaryimage","url":"https:\/\/gotygu.com\/wp-content\/uploads\/2023\/06\/dzieciece-czarne-b.jpg","contentUrl":"https:\/\/gotygu.com\/wp-content\/uploads\/2023\/06\/dzieciece-czarne-b.jpg","width":2500,"height":2500},{"@type":"BreadcrumbList","@id":"https:\/\/gotygu.com\/produkt\/okulary-punk-junior-black\/#breadcrumb","itemListElement":[{"@type":"ListItem","position":1,"name":"Strona g\u0142\u00f3wna","item":"https:\/\/gotygu.com\/"},{"@type":"ListItem","position":2,"name":"Produkty","item":"https:\/\/gotygu.com\/shop\/"},{"@type":"ListItem","position":3,"name":"PUNK Junior Brille Schwarz"}]},{"@type":"WebSite","@id":"https:\/\/gotygu.com\/#website","url":"https:\/\/gotygu.com\/","name":"TYGU - Polska marka odzie\u017cy","description":"Designed To Ride - poznaj Polsk\u0105 mark\u0119","publisher":{"@id":"https:\/\/gotygu.com\/#organization"},"alternateName":"Prosto z serca Beskid\u00f3w. Autorskie projekty odzie\u017cy i akcesori\u00f3w rowerowych. Odzie\u017c Merino dla rowerzyst\u00f3w","potentialAction":[{"@type":"SearchAction","target":{"@type":"EntryPoint","urlTemplate":"https:\/\/gotygu.com\/?s={search_term_string}"},"query-input":{"@type":"PropertyValueSpecification","valueRequired":true,"valueName":"search_term_string"}}],"inLanguage":"de"},{"@type":"Organization","@id":"https:\/\/gotygu.com\/#organization","name":"Polska marka rowerowa z serca beskid\u00f3w. Odzie\u017c i akcesoria rowerowa projektowane przez rowerzyst\u00f3w. Odzie\u017c merino, enduro i mtb.","url":"https:\/\/gotygu.com\/","logo":{"@type":"ImageObject","inLanguage":"de","@id":"https:\/\/gotygu.com\/#\/schema\/logo\/image\/","url":"https:\/\/gotygu.com\/wp-content\/uploads\/2023\/12\/tygu-gory.png","contentUrl":"https:\/\/gotygu.com\/wp-content\/uploads\/2023\/12\/tygu-gory.png","width":512,"height":512,"caption":"Polska marka rowerowa z serca beskid\u00f3w. Odzie\u017c i akcesoria rowerowa projektowane przez rowerzyst\u00f3w. Odzie\u017c merino, enduro i mtb."},"image":{"@id":"https:\/\/gotygu.com\/#\/schema\/logo\/image\/"},"sameAs":["https:\/\/www.facebook.com\/TYGUapparel"]}]}},"_links":{"self":[{"href":"https:\/\/gotygu.com\/de\/wp-json\/wp\/v2\/product\/378674"}],"collection":[{"href":"https:\/\/gotygu.com\/de\/wp-json\/wp\/v2\/product"}],"about":[{"href":"https:\/\/gotygu.com\/de\/wp-json\/wp\/v2\/types\/product"}],"replies":[{"embeddable":true,"href":"https:\/\/gotygu.com\/de\/wp-json\/wp\/v2\/comments?post=378674"}],"wp:featuredmedia":[{"embeddable":true,"href":"https:\/\/gotygu.com\/de\/wp-json\/wp\/v2\/media\/378478"}],"wp:attachment":[{"href":"https:\/\/gotygu.com\/de\/wp-json\/wp\/v2\/media?parent=378674"}],"wp:term":[{"taxonomy":"product_brand","embeddable":true,"href":"https:\/\/gotygu.com\/de\/wp-json\/wp\/v2\/product_brand?post=378674"},{"taxonomy":"product_cat","embeddable":true,"href":"https:\/\/gotygu.com\/de\/wp-json\/wp\/v2\/product_cat?post=378674"},{"taxonomy":"product_tag","embeddable":true,"href":"https:\/\/gotygu.com\/de\/wp-json\/wp\/v2\/product_tag?post=378674"}],"curies":[{"name":"wp","href":"https:\/\/api.w.org\/{rel}","templated":true}]}}