{"id":377927,"date":"2020-01-09T12:22:00","date_gmt":"2020-01-09T11:22:00","guid":{"rendered":"https:\/\/gotygu.com\/produkt\/2021-rover-shorts-blau\/"},"modified":"2025-12-01T00:00:28","modified_gmt":"2025-11-30T23:00:28","slug":"2020-rover-spodenki-blue","status":"publish","type":"product","link":"https:\/\/gotygu.com\/de\/produkt\/2020-rover-spodenki-blue\/","title":{"rendered":"ROVER SHORTS BLAU"},"content":{"rendered":"<h3><strong>F\u00fcr ihn und f\u00fcr sie, universeller Schnitt<br \/>\n<\/strong><\/h3>\n<p>Kurze Hosen 2020:<\/p>\n<p>&#8211; 4-Wege-Stretch-Mikro-Polyester<\/p>\n<p>&#8211; 4 Taschen<\/p>\n<p>&#8211; in der Taille verstellbar<\/p>\n<p>&#8211; perfekt geeignet f\u00fcr Knieschoner<\/p>\n","protected":false},"excerpt":{"rendered":"<p>Klassische MTB-Shorts. Leicht, schnelltrocknend und atmungsaktiv dank Mesh-Seiteneins\u00e4tzen und zus\u00e4tzlichen L\u00f6chern, die mit der Laserschnitt-Technik hergestellt wurden.<\/p>\n<div class=\"elementor-element elementor-element-601b43b elementor-widget elementor-widget-text-editor\" data-id=\"601b43b\" data-element_type=\"widget\" data-widget_type=\"text-editor.default\">\n<div class=\"elementor-widget-container\">\n<ul>\n<li><strong>UNIVERSAL Schnitt (er\/sie)<\/strong><\/li>\n<li><strong>4-Wege-Stretch-Mikro-Polyester<\/strong><\/li>\n<li>4 Taschen, von denen 2 verschlie\u00dfbar sind<\/li>\n<li>in der Taille verstellbar<\/li>\n<li>perfekt geeignet f\u00fcr Knieschoner<\/li>\n<li>Bel\u00fcftung<\/li>\n<\/ul>\n<\/div>\n<\/div>\n<div class=\"elementor-element elementor-element-69dd7a9 openedByDefault elementor-widget elementor-widget-toggle\" data-id=\"69dd7a9\" data-element_type=\"widget\" data-widget_type=\"toggle.default\">\n<div class=\"elementor-widget-container\">\n<div class=\"elementor-toggle\">\n<div class=\"elementor-toggle-item\">\n<div id=\"elementor-tab-title-1111\" class=\"elementor-tab-title elementor-active\" tabindex=\"0\" role=\"button\" data-tab=\"1\" aria-controls=\"elementor-tab-content-1111\" aria-expanded=\"true\" aria-selected=\"true\"><\/div>\n<\/div>\n<\/div>\n<\/div>\n<\/div>\n","protected":false},"featured_media":376925,"comment_status":"open","ping_status":"closed","template":"","meta":[],"product_brand":[],"product_cat":[243,254,255,257,244],"product_tag":[],"class_list":{"0":"post-377927","1":"product","2":"type-product","3":"status-publish","4":"has-post-thumbnail","6":"product_cat-er","7":"product_cat-kurzhosen","8":"product_cat-kurzhosen-fuer-frauen","9":"product_cat-kurzhosen-fuer-maenner","10":"product_cat-sie","11":"pa_rozmiary-26-de","12":"pa_rozmiary-28-de","13":"pa_rozmiary-30-de","14":"pa_rozmiary-32-de","15":"pa_rozmiary-34-de","16":"pa_rozmiary-36-de","17":"pa_rozmiary-38-de","19":"first","20":"instock","21":"taxable","22":"shipping-taxable","23":"purchasable","24":"product-type-variable"},"yoast_head":"<!-- This site is optimized with the Yoast SEO plugin v25.4 - https:\/\/yoast.com\/wordpress\/plugins\/seo\/ -->\n<title>ROVER SHORTS BLAU - TYGU<\/title>\n<meta name=\"robots\" content=\"index, follow, max-snippet:-1, max-image-preview:large, max-video-preview:-1\" \/>\n<link rel=\"canonical\" href=\"https:\/\/gotygu.com\/produkt\/2020-rover-spodenki-blue\/\" \/>\n<meta property=\"og:locale\" content=\"de_DE\" \/>\n<meta property=\"og:type\" content=\"article\" \/>\n<meta property=\"og:title\" content=\"ROVER SHORTS BLAU - TYGU\" \/>\n<meta property=\"og:description\" content=\"Klassische MTB-Shorts. Leicht, schnelltrocknend und atmungsaktiv dank Mesh-Seiteneins\u00e4tzen und zus\u00e4tzlichen L\u00f6chern, die mit der Laserschnitt-Technik hergestellt wurden.    UNIVERSAL Schnitt (er\/sie)  4-Wege-Stretch-Mikro-Polyester  4 Taschen, von denen 2 verschlie\u00dfbar sind  in der Taille verstellbar  perfekt geeignet f\u00fcr Knieschoner  Bel\u00fcftung\" \/>\n<meta property=\"og:url\" content=\"https:\/\/gotygu.com\/produkt\/2020-rover-spodenki-blue\/\" \/>\n<meta property=\"og:site_name\" content=\"TYGU\" \/>\n<meta property=\"article:publisher\" content=\"https:\/\/www.facebook.com\/TYGUapparel\" \/>\n<meta property=\"article:modified_time\" content=\"2025-11-30T23:00:28+00:00\" \/>\n<meta property=\"og:image\" content=\"https:\/\/gotygu.com\/wp-content\/uploads\/2020\/01\/6-5.jpg\" \/>\n\t<meta property=\"og:image:width\" content=\"935\" \/>\n\t<meta property=\"og:image:height\" content=\"1255\" \/>\n\t<meta property=\"og:image:type\" content=\"image\/jpeg\" \/>\n<meta name=\"twitter:card\" content=\"summary_large_image\" \/>\n<script type=\"application\/ld+json\" class=\"yoast-schema-graph\">{\"@context\":\"https:\/\/schema.org\",\"@graph\":[{\"@type\":\"WebPage\",\"@id\":\"https:\/\/gotygu.com\/produkt\/2020-rover-spodenki-blue\/\",\"url\":\"https:\/\/gotygu.com\/produkt\/2020-rover-spodenki-blue\/\",\"name\":\"ROVER SHORTS BLAU - TYGU\",\"isPartOf\":{\"@id\":\"https:\/\/gotygu.com\/#website\"},\"primaryImageOfPage\":{\"@id\":\"https:\/\/gotygu.com\/produkt\/2020-rover-spodenki-blue\/#primaryimage\"},\"image\":{\"@id\":\"https:\/\/gotygu.com\/produkt\/2020-rover-spodenki-blue\/#primaryimage\"},\"thumbnailUrl\":\"https:\/\/gotygu.com\/wp-content\/uploads\/2020\/01\/6-5.jpg\",\"datePublished\":\"2020-01-09T11:22:00+00:00\",\"dateModified\":\"2025-11-30T23:00:28+00:00\",\"breadcrumb\":{\"@id\":\"https:\/\/gotygu.com\/produkt\/2020-rover-spodenki-blue\/#breadcrumb\"},\"inLanguage\":\"de\",\"potentialAction\":[{\"@type\":\"ReadAction\",\"target\":[\"https:\/\/gotygu.com\/produkt\/2020-rover-spodenki-blue\/\"]}]},{\"@type\":\"ImageObject\",\"inLanguage\":\"de\",\"@id\":\"https:\/\/gotygu.com\/produkt\/2020-rover-spodenki-blue\/#primaryimage\",\"url\":\"https:\/\/gotygu.com\/wp-content\/uploads\/2020\/01\/6-5.jpg\",\"contentUrl\":\"https:\/\/gotygu.com\/wp-content\/uploads\/2020\/01\/6-5.jpg\",\"width\":935,\"height\":1255},{\"@type\":\"BreadcrumbList\",\"@id\":\"https:\/\/gotygu.com\/produkt\/2020-rover-spodenki-blue\/#breadcrumb\",\"itemListElement\":[{\"@type\":\"ListItem\",\"position\":1,\"name\":\"Strona g\u0142\u00f3wna\",\"item\":\"https:\/\/gotygu.com\/\"},{\"@type\":\"ListItem\",\"position\":2,\"name\":\"Produkty\",\"item\":\"https:\/\/gotygu.com\/shop\/\"},{\"@type\":\"ListItem\",\"position\":3,\"name\":\"ROVER SHORTS BLAU\"}]},{\"@type\":\"WebSite\",\"@id\":\"https:\/\/gotygu.com\/#website\",\"url\":\"https:\/\/gotygu.com\/\",\"name\":\"TYGU - Polska marka odzie\u017cy\",\"description\":\"Designed To Ride - poznaj Polsk\u0105 mark\u0119\",\"publisher\":{\"@id\":\"https:\/\/gotygu.com\/#organization\"},\"alternateName\":\"Prosto z serca Beskid\u00f3w. Autorskie projekty odzie\u017cy i akcesori\u00f3w rowerowych. Odzie\u017c Merino dla rowerzyst\u00f3w\",\"potentialAction\":[{\"@type\":\"SearchAction\",\"target\":{\"@type\":\"EntryPoint\",\"urlTemplate\":\"https:\/\/gotygu.com\/?s={search_term_string}\"},\"query-input\":{\"@type\":\"PropertyValueSpecification\",\"valueRequired\":true,\"valueName\":\"search_term_string\"}}],\"inLanguage\":\"de\"},{\"@type\":\"Organization\",\"@id\":\"https:\/\/gotygu.com\/#organization\",\"name\":\"Polska marka rowerowa z serca beskid\u00f3w. Odzie\u017c i akcesoria rowerowa projektowane przez rowerzyst\u00f3w. Odzie\u017c merino, enduro i mtb.\",\"url\":\"https:\/\/gotygu.com\/\",\"logo\":{\"@type\":\"ImageObject\",\"inLanguage\":\"de\",\"@id\":\"https:\/\/gotygu.com\/#\/schema\/logo\/image\/\",\"url\":\"https:\/\/gotygu.com\/wp-content\/uploads\/2023\/12\/tygu-gory.png\",\"contentUrl\":\"https:\/\/gotygu.com\/wp-content\/uploads\/2023\/12\/tygu-gory.png\",\"width\":512,\"height\":512,\"caption\":\"Polska marka rowerowa z serca beskid\u00f3w. Odzie\u017c i akcesoria rowerowa projektowane przez rowerzyst\u00f3w. Odzie\u017c merino, enduro i mtb.\"},\"image\":{\"@id\":\"https:\/\/gotygu.com\/#\/schema\/logo\/image\/\"},\"sameAs\":[\"https:\/\/www.facebook.com\/TYGUapparel\"]}]}<\/script>\n<!-- \/ Yoast SEO plugin. -->","yoast_head_json":{"title":"ROVER SHORTS BLAU - TYGU","robots":{"index":"index","follow":"follow","max-snippet":"max-snippet:-1","max-image-preview":"max-image-preview:large","max-video-preview":"max-video-preview:-1"},"canonical":"https:\/\/gotygu.com\/produkt\/2020-rover-spodenki-blue\/","og_locale":"de_DE","og_type":"article","og_title":"ROVER SHORTS BLAU - TYGU","og_description":"Klassische MTB-Shorts. Leicht, schnelltrocknend und atmungsaktiv dank Mesh-Seiteneins\u00e4tzen und zus\u00e4tzlichen L\u00f6chern, die mit der Laserschnitt-Technik hergestellt wurden.    UNIVERSAL Schnitt (er\/sie)  4-Wege-Stretch-Mikro-Polyester  4 Taschen, von denen 2 verschlie\u00dfbar sind  in der Taille verstellbar  perfekt geeignet f\u00fcr Knieschoner  Bel\u00fcftung","og_url":"https:\/\/gotygu.com\/produkt\/2020-rover-spodenki-blue\/","og_site_name":"TYGU","article_publisher":"https:\/\/www.facebook.com\/TYGUapparel","article_modified_time":"2025-11-30T23:00:28+00:00","og_image":[{"width":935,"height":1255,"url":"https:\/\/gotygu.com\/wp-content\/uploads\/2020\/01\/6-5.jpg","type":"image\/jpeg"}],"twitter_card":"summary_large_image","schema":{"@context":"https:\/\/schema.org","@graph":[{"@type":"WebPage","@id":"https:\/\/gotygu.com\/produkt\/2020-rover-spodenki-blue\/","url":"https:\/\/gotygu.com\/produkt\/2020-rover-spodenki-blue\/","name":"ROVER SHORTS BLAU - TYGU","isPartOf":{"@id":"https:\/\/gotygu.com\/#website"},"primaryImageOfPage":{"@id":"https:\/\/gotygu.com\/produkt\/2020-rover-spodenki-blue\/#primaryimage"},"image":{"@id":"https:\/\/gotygu.com\/produkt\/2020-rover-spodenki-blue\/#primaryimage"},"thumbnailUrl":"https:\/\/gotygu.com\/wp-content\/uploads\/2020\/01\/6-5.jpg","datePublished":"2020-01-09T11:22:00+00:00","dateModified":"2025-11-30T23:00:28+00:00","breadcrumb":{"@id":"https:\/\/gotygu.com\/produkt\/2020-rover-spodenki-blue\/#breadcrumb"},"inLanguage":"de","potentialAction":[{"@type":"ReadAction","target":["https:\/\/gotygu.com\/produkt\/2020-rover-spodenki-blue\/"]}]},{"@type":"ImageObject","inLanguage":"de","@id":"https:\/\/gotygu.com\/produkt\/2020-rover-spodenki-blue\/#primaryimage","url":"https:\/\/gotygu.com\/wp-content\/uploads\/2020\/01\/6-5.jpg","contentUrl":"https:\/\/gotygu.com\/wp-content\/uploads\/2020\/01\/6-5.jpg","width":935,"height":1255},{"@type":"BreadcrumbList","@id":"https:\/\/gotygu.com\/produkt\/2020-rover-spodenki-blue\/#breadcrumb","itemListElement":[{"@type":"ListItem","position":1,"name":"Strona g\u0142\u00f3wna","item":"https:\/\/gotygu.com\/"},{"@type":"ListItem","position":2,"name":"Produkty","item":"https:\/\/gotygu.com\/shop\/"},{"@type":"ListItem","position":3,"name":"ROVER SHORTS BLAU"}]},{"@type":"WebSite","@id":"https:\/\/gotygu.com\/#website","url":"https:\/\/gotygu.com\/","name":"TYGU - Polska marka odzie\u017cy","description":"Designed To Ride - poznaj Polsk\u0105 mark\u0119","publisher":{"@id":"https:\/\/gotygu.com\/#organization"},"alternateName":"Prosto z serca Beskid\u00f3w. Autorskie projekty odzie\u017cy i akcesori\u00f3w rowerowych. Odzie\u017c Merino dla rowerzyst\u00f3w","potentialAction":[{"@type":"SearchAction","target":{"@type":"EntryPoint","urlTemplate":"https:\/\/gotygu.com\/?s={search_term_string}"},"query-input":{"@type":"PropertyValueSpecification","valueRequired":true,"valueName":"search_term_string"}}],"inLanguage":"de"},{"@type":"Organization","@id":"https:\/\/gotygu.com\/#organization","name":"Polska marka rowerowa z serca beskid\u00f3w. Odzie\u017c i akcesoria rowerowa projektowane przez rowerzyst\u00f3w. Odzie\u017c merino, enduro i mtb.","url":"https:\/\/gotygu.com\/","logo":{"@type":"ImageObject","inLanguage":"de","@id":"https:\/\/gotygu.com\/#\/schema\/logo\/image\/","url":"https:\/\/gotygu.com\/wp-content\/uploads\/2023\/12\/tygu-gory.png","contentUrl":"https:\/\/gotygu.com\/wp-content\/uploads\/2023\/12\/tygu-gory.png","width":512,"height":512,"caption":"Polska marka rowerowa z serca beskid\u00f3w. Odzie\u017c i akcesoria rowerowa projektowane przez rowerzyst\u00f3w. Odzie\u017c merino, enduro i mtb."},"image":{"@id":"https:\/\/gotygu.com\/#\/schema\/logo\/image\/"},"sameAs":["https:\/\/www.facebook.com\/TYGUapparel"]}]}},"_links":{"self":[{"href":"https:\/\/gotygu.com\/de\/wp-json\/wp\/v2\/product\/377927"}],"collection":[{"href":"https:\/\/gotygu.com\/de\/wp-json\/wp\/v2\/product"}],"about":[{"href":"https:\/\/gotygu.com\/de\/wp-json\/wp\/v2\/types\/product"}],"replies":[{"embeddable":true,"href":"https:\/\/gotygu.com\/de\/wp-json\/wp\/v2\/comments?post=377927"}],"wp:featuredmedia":[{"embeddable":true,"href":"https:\/\/gotygu.com\/de\/wp-json\/wp\/v2\/media\/376925"}],"wp:attachment":[{"href":"https:\/\/gotygu.com\/de\/wp-json\/wp\/v2\/media?parent=377927"}],"wp:term":[{"taxonomy":"product_brand","embeddable":true,"href":"https:\/\/gotygu.com\/de\/wp-json\/wp\/v2\/product_brand?post=377927"},{"taxonomy":"product_cat","embeddable":true,"href":"https:\/\/gotygu.com\/de\/wp-json\/wp\/v2\/product_cat?post=377927"},{"taxonomy":"product_tag","embeddable":true,"href":"https:\/\/gotygu.com\/de\/wp-json\/wp\/v2\/product_tag?post=377927"}],"curies":[{"name":"wp","href":"https:\/\/api.w.org\/{rel}","templated":true}]}}