{"id":377920,"date":"2020-01-08T14:19:00","date_gmt":"2020-01-08T13:19:00","guid":{"rendered":"https:\/\/gotygu.com\/produkt\/schutzbrille-2018-podium-regenbogen-2-glaeser\/"},"modified":"2024-12-01T23:01:59","modified_gmt":"2024-12-01T22:01:59","slug":"gogle-2018-podium-rainbow-2-szyby","status":"publish","type":"product","link":"https:\/\/gotygu.com\/de\/produkt\/gogle-2018-podium-rainbow-2-szyby\/","title":{"rendered":"SCHUTZBRILLE 2018 PODIUM \/ REGENBOGEN \/ 2 GL\u00c4SER"},"content":{"rendered":"<p>PODIUM Brillen, deren Gl\u00e4ser aus Polykarbonat bestehen und die derzeit beste Technologie f\u00fcr Brillen und Schutzbrillen darstellen. Der steife, gro\u00dfe Rahmen bietet ein weites Sichtfeld, das Ihnen eine komfortable Fahrt mit voller Zufriedenheit erm\u00f6glicht. Der Rahmen der Schutzbrille ist so konzipiert, dass er maximale Bel\u00fcftung und Schutz vor herabfallendem Schlamm bietet. Sie haben die Wahl zwischen verspiegeltem oder volltransparentem Glas. Passen Sie Ihre Brille an die Bedingungen an, unter denen Sie fahren.<\/p>\n<p><strong>Die Brille wird mit zwei Gl\u00e4sern verkauft, CLEAR und MIRROR<\/strong><\/p>\n<p><a href=\"https:\/\/gotygu.com\/podium-nowe\/\">Mehr \u00fcber PODIUM Schutzbrillen<\/a><\/p>\n<p>&nbsp;<\/p>\n<p style=\"text-align: center;\">[popup title=&#8221;Szczeg\u00f3\u0142y rozmiar\u00f3w&#8221; padding=&#8221;0&#8243; button=&#8221;1&#8243;]<\/p>\n<p style=\"text-align: center;\"><img fetchpriority=\"high\" decoding=\"async\" class=\"alignnone size-full wp-image-398\" src=\"https:\/\/gotygu.com\/wp-content\/uploads\/2019\/09\/goggles-size.jpg\" alt=\"Gr\u00f6\u00dfe der Schutzbrille\" width=\"850\" height=\"431\"><\/p>\n<p style=\"text-align: center;\">[\/popup]<\/p>\n","protected":false},"excerpt":{"rendered":"<p>PODIUM Brillen, deren Gl\u00e4ser aus Polykarbonat bestehen und die derzeit beste Technologie f\u00fcr Brillen und Schutzbrillen darstellen. Der steife, gro\u00dfe Rahmen bietet ein weites Sichtfeld, das Ihnen eine komfortable Fahrt mit voller Zufriedenheit erm\u00f6glicht. Der Rahmen der Schutzbrille ist so konzipiert, dass er maximale Bel\u00fcftung und Schutz vor herabfallendem Schlamm bietet. Sie haben die Wahl [&hellip;]<\/p>\n","protected":false},"featured_media":0,"comment_status":"open","ping_status":"closed","template":"","meta":[],"product_brand":[],"product_cat":[231,263],"product_tag":[],"class_list":{"0":"post-377920","1":"product","2":"type-product","3":"status-publish","5":"product_cat-schutzbrillen","6":"product_cat-verkauf","8":"first","9":"instock","10":"taxable","11":"shipping-taxable","12":"purchasable","13":"product-type-simple"},"yoast_head":"<!-- This site is optimized with the Yoast SEO plugin v25.4 - https:\/\/yoast.com\/wordpress\/plugins\/seo\/ -->\n<title>SCHUTZBRILLE 2018 PODIUM \/ REGENBOGEN \/ 2 GL\u00c4SER - TYGU<\/title>\n<meta name=\"robots\" content=\"index, follow, max-snippet:-1, max-image-preview:large, max-video-preview:-1\" \/>\n<link rel=\"canonical\" href=\"https:\/\/gotygu.com\/produkt\/gogle-2018-podium-rainbow-2-szyby\/\" \/>\n<meta property=\"og:locale\" content=\"de_DE\" \/>\n<meta property=\"og:type\" content=\"article\" \/>\n<meta property=\"og:title\" content=\"SCHUTZBRILLE 2018 PODIUM \/ REGENBOGEN \/ 2 GL\u00c4SER - TYGU\" \/>\n<meta property=\"og:description\" content=\"PODIUM Brillen, deren Gl\u00e4ser aus Polykarbonat bestehen und die derzeit beste Technologie f\u00fcr Brillen und Schutzbrillen darstellen. Der steife, gro\u00dfe Rahmen bietet ein weites Sichtfeld, das Ihnen eine komfortable Fahrt mit voller Zufriedenheit erm\u00f6glicht. Der Rahmen der Schutzbrille ist so konzipiert, dass er maximale Bel\u00fcftung und Schutz vor herabfallendem Schlamm bietet. Sie haben die Wahl [&hellip;]\" \/>\n<meta property=\"og:url\" content=\"https:\/\/gotygu.com\/produkt\/gogle-2018-podium-rainbow-2-szyby\/\" \/>\n<meta property=\"og:site_name\" content=\"TYGU\" \/>\n<meta property=\"article:publisher\" content=\"https:\/\/www.facebook.com\/TYGUapparel\" \/>\n<meta property=\"article:modified_time\" content=\"2024-12-01T22:01:59+00:00\" \/>\n<meta property=\"og:image\" content=\"https:\/\/gotygu.com\/wp-content\/uploads\/2020\/01\/rainbow2-1.jpg\" \/>\n\t<meta property=\"og:image:width\" content=\"1000\" \/>\n\t<meta property=\"og:image:height\" content=\"420\" \/>\n\t<meta property=\"og:image:type\" content=\"image\/jpeg\" \/>\n<meta name=\"twitter:card\" content=\"summary_large_image\" \/>\n<meta name=\"twitter:label1\" content=\"Gesch\u00e4tzte Lesezeit\" \/>\n\t<meta name=\"twitter:data1\" content=\"1\u00a0Minute\" \/>\n<script type=\"application\/ld+json\" class=\"yoast-schema-graph\">{\"@context\":\"https:\/\/schema.org\",\"@graph\":[{\"@type\":\"WebPage\",\"@id\":\"https:\/\/gotygu.com\/produkt\/gogle-2018-podium-rainbow-2-szyby\/\",\"url\":\"https:\/\/gotygu.com\/produkt\/gogle-2018-podium-rainbow-2-szyby\/\",\"name\":\"SCHUTZBRILLE 2018 PODIUM \/ REGENBOGEN \/ 2 GL\u00c4SER - TYGU\",\"isPartOf\":{\"@id\":\"https:\/\/gotygu.com\/#website\"},\"primaryImageOfPage\":{\"@id\":\"https:\/\/gotygu.com\/produkt\/gogle-2018-podium-rainbow-2-szyby\/#primaryimage\"},\"image\":{\"@id\":\"https:\/\/gotygu.com\/produkt\/gogle-2018-podium-rainbow-2-szyby\/#primaryimage\"},\"thumbnailUrl\":\"https:\/\/gotygu.com\/wp-content\/uploads\/2019\/09\/goggles-size.jpg\",\"datePublished\":\"2020-01-08T13:19:00+00:00\",\"dateModified\":\"2024-12-01T22:01:59+00:00\",\"breadcrumb\":{\"@id\":\"https:\/\/gotygu.com\/produkt\/gogle-2018-podium-rainbow-2-szyby\/#breadcrumb\"},\"inLanguage\":\"de\",\"potentialAction\":[{\"@type\":\"ReadAction\",\"target\":[\"https:\/\/gotygu.com\/produkt\/gogle-2018-podium-rainbow-2-szyby\/\"]}]},{\"@type\":\"ImageObject\",\"inLanguage\":\"de\",\"@id\":\"https:\/\/gotygu.com\/produkt\/gogle-2018-podium-rainbow-2-szyby\/#primaryimage\",\"url\":\"https:\/\/gotygu.com\/wp-content\/uploads\/2019\/09\/goggles-size.jpg\",\"contentUrl\":\"https:\/\/gotygu.com\/wp-content\/uploads\/2019\/09\/goggles-size.jpg\"},{\"@type\":\"BreadcrumbList\",\"@id\":\"https:\/\/gotygu.com\/produkt\/gogle-2018-podium-rainbow-2-szyby\/#breadcrumb\",\"itemListElement\":[{\"@type\":\"ListItem\",\"position\":1,\"name\":\"Strona g\u0142\u00f3wna\",\"item\":\"https:\/\/gotygu.com\/\"},{\"@type\":\"ListItem\",\"position\":2,\"name\":\"Produkty\",\"item\":\"https:\/\/gotygu.com\/shop\/\"},{\"@type\":\"ListItem\",\"position\":3,\"name\":\"SCHUTZBRILLE 2018 PODIUM \/ REGENBOGEN \/ 2 GL\u00c4SER\"}]},{\"@type\":\"WebSite\",\"@id\":\"https:\/\/gotygu.com\/#website\",\"url\":\"https:\/\/gotygu.com\/\",\"name\":\"TYGU - Polska marka odzie\u017cy\",\"description\":\"Designed To Ride - poznaj Polsk\u0105 mark\u0119\",\"publisher\":{\"@id\":\"https:\/\/gotygu.com\/#organization\"},\"alternateName\":\"Prosto z serca Beskid\u00f3w. Autorskie projekty odzie\u017cy i akcesori\u00f3w rowerowych. Odzie\u017c Merino dla rowerzyst\u00f3w\",\"potentialAction\":[{\"@type\":\"SearchAction\",\"target\":{\"@type\":\"EntryPoint\",\"urlTemplate\":\"https:\/\/gotygu.com\/?s={search_term_string}\"},\"query-input\":{\"@type\":\"PropertyValueSpecification\",\"valueRequired\":true,\"valueName\":\"search_term_string\"}}],\"inLanguage\":\"de\"},{\"@type\":\"Organization\",\"@id\":\"https:\/\/gotygu.com\/#organization\",\"name\":\"Polska marka rowerowa z serca beskid\u00f3w. Odzie\u017c i akcesoria rowerowa projektowane przez rowerzyst\u00f3w. Odzie\u017c merino, enduro i mtb.\",\"url\":\"https:\/\/gotygu.com\/\",\"logo\":{\"@type\":\"ImageObject\",\"inLanguage\":\"de\",\"@id\":\"https:\/\/gotygu.com\/#\/schema\/logo\/image\/\",\"url\":\"https:\/\/gotygu.com\/wp-content\/uploads\/2023\/12\/tygu-gory.png\",\"contentUrl\":\"https:\/\/gotygu.com\/wp-content\/uploads\/2023\/12\/tygu-gory.png\",\"width\":512,\"height\":512,\"caption\":\"Polska marka rowerowa z serca beskid\u00f3w. Odzie\u017c i akcesoria rowerowa projektowane przez rowerzyst\u00f3w. Odzie\u017c merino, enduro i mtb.\"},\"image\":{\"@id\":\"https:\/\/gotygu.com\/#\/schema\/logo\/image\/\"},\"sameAs\":[\"https:\/\/www.facebook.com\/TYGUapparel\"]}]}<\/script>\n<!-- \/ Yoast SEO plugin. -->","yoast_head_json":{"title":"SCHUTZBRILLE 2018 PODIUM \/ REGENBOGEN \/ 2 GL\u00c4SER - TYGU","robots":{"index":"index","follow":"follow","max-snippet":"max-snippet:-1","max-image-preview":"max-image-preview:large","max-video-preview":"max-video-preview:-1"},"canonical":"https:\/\/gotygu.com\/produkt\/gogle-2018-podium-rainbow-2-szyby\/","og_locale":"de_DE","og_type":"article","og_title":"SCHUTZBRILLE 2018 PODIUM \/ REGENBOGEN \/ 2 GL\u00c4SER - TYGU","og_description":"PODIUM Brillen, deren Gl\u00e4ser aus Polykarbonat bestehen und die derzeit beste Technologie f\u00fcr Brillen und Schutzbrillen darstellen. Der steife, gro\u00dfe Rahmen bietet ein weites Sichtfeld, das Ihnen eine komfortable Fahrt mit voller Zufriedenheit erm\u00f6glicht. Der Rahmen der Schutzbrille ist so konzipiert, dass er maximale Bel\u00fcftung und Schutz vor herabfallendem Schlamm bietet. Sie haben die Wahl [&hellip;]","og_url":"https:\/\/gotygu.com\/produkt\/gogle-2018-podium-rainbow-2-szyby\/","og_site_name":"TYGU","article_publisher":"https:\/\/www.facebook.com\/TYGUapparel","article_modified_time":"2024-12-01T22:01:59+00:00","og_image":[{"width":1000,"height":420,"url":"https:\/\/gotygu.com\/wp-content\/uploads\/2020\/01\/rainbow2-1.jpg","type":"image\/jpeg"}],"twitter_card":"summary_large_image","twitter_misc":{"Gesch\u00e4tzte Lesezeit":"1\u00a0Minute"},"schema":{"@context":"https:\/\/schema.org","@graph":[{"@type":"WebPage","@id":"https:\/\/gotygu.com\/produkt\/gogle-2018-podium-rainbow-2-szyby\/","url":"https:\/\/gotygu.com\/produkt\/gogle-2018-podium-rainbow-2-szyby\/","name":"SCHUTZBRILLE 2018 PODIUM \/ REGENBOGEN \/ 2 GL\u00c4SER - TYGU","isPartOf":{"@id":"https:\/\/gotygu.com\/#website"},"primaryImageOfPage":{"@id":"https:\/\/gotygu.com\/produkt\/gogle-2018-podium-rainbow-2-szyby\/#primaryimage"},"image":{"@id":"https:\/\/gotygu.com\/produkt\/gogle-2018-podium-rainbow-2-szyby\/#primaryimage"},"thumbnailUrl":"https:\/\/gotygu.com\/wp-content\/uploads\/2019\/09\/goggles-size.jpg","datePublished":"2020-01-08T13:19:00+00:00","dateModified":"2024-12-01T22:01:59+00:00","breadcrumb":{"@id":"https:\/\/gotygu.com\/produkt\/gogle-2018-podium-rainbow-2-szyby\/#breadcrumb"},"inLanguage":"de","potentialAction":[{"@type":"ReadAction","target":["https:\/\/gotygu.com\/produkt\/gogle-2018-podium-rainbow-2-szyby\/"]}]},{"@type":"ImageObject","inLanguage":"de","@id":"https:\/\/gotygu.com\/produkt\/gogle-2018-podium-rainbow-2-szyby\/#primaryimage","url":"https:\/\/gotygu.com\/wp-content\/uploads\/2019\/09\/goggles-size.jpg","contentUrl":"https:\/\/gotygu.com\/wp-content\/uploads\/2019\/09\/goggles-size.jpg"},{"@type":"BreadcrumbList","@id":"https:\/\/gotygu.com\/produkt\/gogle-2018-podium-rainbow-2-szyby\/#breadcrumb","itemListElement":[{"@type":"ListItem","position":1,"name":"Strona g\u0142\u00f3wna","item":"https:\/\/gotygu.com\/"},{"@type":"ListItem","position":2,"name":"Produkty","item":"https:\/\/gotygu.com\/shop\/"},{"@type":"ListItem","position":3,"name":"SCHUTZBRILLE 2018 PODIUM \/ REGENBOGEN \/ 2 GL\u00c4SER"}]},{"@type":"WebSite","@id":"https:\/\/gotygu.com\/#website","url":"https:\/\/gotygu.com\/","name":"TYGU - Polska marka odzie\u017cy","description":"Designed To Ride - poznaj Polsk\u0105 mark\u0119","publisher":{"@id":"https:\/\/gotygu.com\/#organization"},"alternateName":"Prosto z serca Beskid\u00f3w. Autorskie projekty odzie\u017cy i akcesori\u00f3w rowerowych. Odzie\u017c Merino dla rowerzyst\u00f3w","potentialAction":[{"@type":"SearchAction","target":{"@type":"EntryPoint","urlTemplate":"https:\/\/gotygu.com\/?s={search_term_string}"},"query-input":{"@type":"PropertyValueSpecification","valueRequired":true,"valueName":"search_term_string"}}],"inLanguage":"de"},{"@type":"Organization","@id":"https:\/\/gotygu.com\/#organization","name":"Polska marka rowerowa z serca beskid\u00f3w. Odzie\u017c i akcesoria rowerowa projektowane przez rowerzyst\u00f3w. Odzie\u017c merino, enduro i mtb.","url":"https:\/\/gotygu.com\/","logo":{"@type":"ImageObject","inLanguage":"de","@id":"https:\/\/gotygu.com\/#\/schema\/logo\/image\/","url":"https:\/\/gotygu.com\/wp-content\/uploads\/2023\/12\/tygu-gory.png","contentUrl":"https:\/\/gotygu.com\/wp-content\/uploads\/2023\/12\/tygu-gory.png","width":512,"height":512,"caption":"Polska marka rowerowa z serca beskid\u00f3w. Odzie\u017c i akcesoria rowerowa projektowane przez rowerzyst\u00f3w. Odzie\u017c merino, enduro i mtb."},"image":{"@id":"https:\/\/gotygu.com\/#\/schema\/logo\/image\/"},"sameAs":["https:\/\/www.facebook.com\/TYGUapparel"]}]}},"_links":{"self":[{"href":"https:\/\/gotygu.com\/de\/wp-json\/wp\/v2\/product\/377920"}],"collection":[{"href":"https:\/\/gotygu.com\/de\/wp-json\/wp\/v2\/product"}],"about":[{"href":"https:\/\/gotygu.com\/de\/wp-json\/wp\/v2\/types\/product"}],"replies":[{"embeddable":true,"href":"https:\/\/gotygu.com\/de\/wp-json\/wp\/v2\/comments?post=377920"}],"wp:attachment":[{"href":"https:\/\/gotygu.com\/de\/wp-json\/wp\/v2\/media?parent=377920"}],"wp:term":[{"taxonomy":"product_brand","embeddable":true,"href":"https:\/\/gotygu.com\/de\/wp-json\/wp\/v2\/product_brand?post=377920"},{"taxonomy":"product_cat","embeddable":true,"href":"https:\/\/gotygu.com\/de\/wp-json\/wp\/v2\/product_cat?post=377920"},{"taxonomy":"product_tag","embeddable":true,"href":"https:\/\/gotygu.com\/de\/wp-json\/wp\/v2\/product_tag?post=377920"}],"curies":[{"name":"wp","href":"https:\/\/api.w.org\/{rel}","templated":true}]}}