{"id":377801,"date":"2020-03-21T13:50:00","date_gmt":"2020-03-21T12:50:00","guid":{"rendered":"https:\/\/gotygu.com\/produkt\/2020-rover-trail-turq-shorts\/"},"modified":"2025-12-01T00:00:28","modified_gmt":"2025-11-30T23:00:28","slug":"2020-rover-trail-kurz-turq","status":"publish","type":"product","link":"https:\/\/gotygu.com\/de\/produkt\/2020-rover-trail-kurz-turq\/","title":{"rendered":"ROVER Trail TURQ Shorts"},"content":{"rendered":"<p>Die 2020er Shorts, Modell Trail, leicht und bequem f\u00fcr Tageswanderungen, aber auch f\u00fcr den Spa\u00df im Bikepark geeignet:<\/p>\n<p>&#8211; 4-Wege-Stretch-Mikro-Polyester<\/p>\n<p>&#8211; 4 Taschen<\/p>\n<p>&#8211; in der Taille verstellbar<\/p>\n<p>&#8211; perfekt geeignet f\u00fcr Knieschoner<\/p>\n","protected":false},"excerpt":{"rendered":"<p>Die ROVER Trail Shorts sind leicht und bequem. Sie sind ideal f\u00fcr ganzt\u00e4gige Ausfl\u00fcge, halten aber auch dem Spa\u00df im Bikepark stand. <\/p>\n<ul>\n<li style=\"list-style-type: none;\">\n<ul>\n<li>UNIVERSALSCHNITT (ER \/ SIE)<\/li>\n<li>4-Wege-Stretch-Mikro-Polyester<\/li>\n<li>2 Taschen<\/li>\n<li>verstellbar in der Taille (innen)<\/li>\n<li>perfekt geeignet f\u00fcr Knieschoner<\/li>\n<li>Luftig dank der Mesh-Paneele im Lasercut-Verfahren<\/li>\n<\/ul>\n<\/li>\n<\/ul>\n","protected":false},"featured_media":376923,"comment_status":"open","ping_status":"closed","template":"","meta":[],"product_brand":[],"product_cat":[254,255,257],"product_tag":[],"class_list":{"0":"post-377801","1":"product","2":"type-product","3":"status-publish","4":"has-post-thumbnail","6":"product_cat-kurzhosen","7":"product_cat-kurzhosen-fuer-frauen","8":"product_cat-kurzhosen-fuer-maenner","9":"pa_rozmiary-26-de","10":"pa_rozmiary-28-de","11":"pa_rozmiary-30-de","12":"pa_rozmiary-32-de","13":"pa_rozmiary-34-de","14":"pa_rozmiary-36-de","15":"pa_rozmiary-38-de","17":"first","18":"instock","19":"taxable","20":"shipping-taxable","21":"purchasable","22":"product-type-variable"},"yoast_head":"<!-- This site is optimized with the Yoast SEO plugin v25.4 - https:\/\/yoast.com\/wordpress\/plugins\/seo\/ -->\n<title>ROVER Trail TURQ Shorts - TYGU<\/title>\n<meta name=\"robots\" content=\"index, follow, max-snippet:-1, max-image-preview:large, max-video-preview:-1\" \/>\n<link rel=\"canonical\" href=\"https:\/\/gotygu.com\/produkt\/2020-rover-trail-spodenki-turq\/\" \/>\n<meta property=\"og:locale\" content=\"de_DE\" \/>\n<meta property=\"og:type\" content=\"article\" \/>\n<meta property=\"og:title\" content=\"ROVER Trail TURQ Shorts - TYGU\" \/>\n<meta property=\"og:description\" content=\"Die ROVER Trail Shorts sind leicht und bequem. Sie sind ideal f\u00fcr ganzt\u00e4gige Ausfl\u00fcge, halten aber auch dem Spa\u00df im Bikepark stand.     UNIVERSALSCHNITT (ER \/ SIE)  4-Wege-Stretch-Mikro-Polyester  2 Taschen  verstellbar in der Taille (innen)  perfekt geeignet f\u00fcr Knieschoner  Luftig dank der Mesh-Paneele im Lasercut-Verfahren\" \/>\n<meta property=\"og:url\" content=\"https:\/\/gotygu.com\/produkt\/2020-rover-trail-spodenki-turq\/\" \/>\n<meta property=\"og:site_name\" content=\"TYGU\" \/>\n<meta property=\"article:publisher\" content=\"https:\/\/www.facebook.com\/TYGUapparel\" \/>\n<meta property=\"article:modified_time\" content=\"2025-11-30T23:00:28+00:00\" \/>\n<meta property=\"og:image\" content=\"https:\/\/gotygu.com\/wp-content\/uploads\/2020\/03\/1-1.jpg\" \/>\n\t<meta property=\"og:image:width\" content=\"935\" \/>\n\t<meta property=\"og:image:height\" content=\"1255\" \/>\n\t<meta property=\"og:image:type\" content=\"image\/jpeg\" \/>\n<meta name=\"twitter:card\" content=\"summary_large_image\" \/>\n<script type=\"application\/ld+json\" class=\"yoast-schema-graph\">{\"@context\":\"https:\/\/schema.org\",\"@graph\":[{\"@type\":\"WebPage\",\"@id\":\"https:\/\/gotygu.com\/produkt\/2020-rover-trail-spodenki-turq\/\",\"url\":\"https:\/\/gotygu.com\/produkt\/2020-rover-trail-spodenki-turq\/\",\"name\":\"ROVER Trail TURQ Shorts - TYGU\",\"isPartOf\":{\"@id\":\"https:\/\/gotygu.com\/#website\"},\"primaryImageOfPage\":{\"@id\":\"https:\/\/gotygu.com\/produkt\/2020-rover-trail-spodenki-turq\/#primaryimage\"},\"image\":{\"@id\":\"https:\/\/gotygu.com\/produkt\/2020-rover-trail-spodenki-turq\/#primaryimage\"},\"thumbnailUrl\":\"https:\/\/gotygu.com\/wp-content\/uploads\/2020\/03\/1-1.jpg\",\"datePublished\":\"2020-03-21T12:50:00+00:00\",\"dateModified\":\"2025-11-30T23:00:28+00:00\",\"breadcrumb\":{\"@id\":\"https:\/\/gotygu.com\/produkt\/2020-rover-trail-spodenki-turq\/#breadcrumb\"},\"inLanguage\":\"de\",\"potentialAction\":[{\"@type\":\"ReadAction\",\"target\":[\"https:\/\/gotygu.com\/produkt\/2020-rover-trail-spodenki-turq\/\"]}]},{\"@type\":\"ImageObject\",\"inLanguage\":\"de\",\"@id\":\"https:\/\/gotygu.com\/produkt\/2020-rover-trail-spodenki-turq\/#primaryimage\",\"url\":\"https:\/\/gotygu.com\/wp-content\/uploads\/2020\/03\/1-1.jpg\",\"contentUrl\":\"https:\/\/gotygu.com\/wp-content\/uploads\/2020\/03\/1-1.jpg\",\"width\":935,\"height\":1255},{\"@type\":\"BreadcrumbList\",\"@id\":\"https:\/\/gotygu.com\/produkt\/2020-rover-trail-spodenki-turq\/#breadcrumb\",\"itemListElement\":[{\"@type\":\"ListItem\",\"position\":1,\"name\":\"Strona g\u0142\u00f3wna\",\"item\":\"https:\/\/gotygu.com\/\"},{\"@type\":\"ListItem\",\"position\":2,\"name\":\"Produkty\",\"item\":\"https:\/\/gotygu.com\/shop\/\"},{\"@type\":\"ListItem\",\"position\":3,\"name\":\"ROVER Trail TURQ Shorts\"}]},{\"@type\":\"WebSite\",\"@id\":\"https:\/\/gotygu.com\/#website\",\"url\":\"https:\/\/gotygu.com\/\",\"name\":\"TYGU - Polska marka odzie\u017cy\",\"description\":\"Designed To Ride - poznaj Polsk\u0105 mark\u0119\",\"publisher\":{\"@id\":\"https:\/\/gotygu.com\/#organization\"},\"alternateName\":\"Prosto z serca Beskid\u00f3w. Autorskie projekty odzie\u017cy i akcesori\u00f3w rowerowych. Odzie\u017c Merino dla rowerzyst\u00f3w\",\"potentialAction\":[{\"@type\":\"SearchAction\",\"target\":{\"@type\":\"EntryPoint\",\"urlTemplate\":\"https:\/\/gotygu.com\/?s={search_term_string}\"},\"query-input\":{\"@type\":\"PropertyValueSpecification\",\"valueRequired\":true,\"valueName\":\"search_term_string\"}}],\"inLanguage\":\"de\"},{\"@type\":\"Organization\",\"@id\":\"https:\/\/gotygu.com\/#organization\",\"name\":\"Polska marka rowerowa z serca beskid\u00f3w. Odzie\u017c i akcesoria rowerowa projektowane przez rowerzyst\u00f3w. Odzie\u017c merino, enduro i mtb.\",\"url\":\"https:\/\/gotygu.com\/\",\"logo\":{\"@type\":\"ImageObject\",\"inLanguage\":\"de\",\"@id\":\"https:\/\/gotygu.com\/#\/schema\/logo\/image\/\",\"url\":\"https:\/\/gotygu.com\/wp-content\/uploads\/2023\/12\/tygu-gory.png\",\"contentUrl\":\"https:\/\/gotygu.com\/wp-content\/uploads\/2023\/12\/tygu-gory.png\",\"width\":512,\"height\":512,\"caption\":\"Polska marka rowerowa z serca beskid\u00f3w. Odzie\u017c i akcesoria rowerowa projektowane przez rowerzyst\u00f3w. Odzie\u017c merino, enduro i mtb.\"},\"image\":{\"@id\":\"https:\/\/gotygu.com\/#\/schema\/logo\/image\/\"},\"sameAs\":[\"https:\/\/www.facebook.com\/TYGUapparel\"]}]}<\/script>\n<!-- \/ Yoast SEO plugin. -->","yoast_head_json":{"title":"ROVER Trail TURQ Shorts - TYGU","robots":{"index":"index","follow":"follow","max-snippet":"max-snippet:-1","max-image-preview":"max-image-preview:large","max-video-preview":"max-video-preview:-1"},"canonical":"https:\/\/gotygu.com\/produkt\/2020-rover-trail-spodenki-turq\/","og_locale":"de_DE","og_type":"article","og_title":"ROVER Trail TURQ Shorts - TYGU","og_description":"Die ROVER Trail Shorts sind leicht und bequem. Sie sind ideal f\u00fcr ganzt\u00e4gige Ausfl\u00fcge, halten aber auch dem Spa\u00df im Bikepark stand.     UNIVERSALSCHNITT (ER \/ SIE)  4-Wege-Stretch-Mikro-Polyester  2 Taschen  verstellbar in der Taille (innen)  perfekt geeignet f\u00fcr Knieschoner  Luftig dank der Mesh-Paneele im Lasercut-Verfahren","og_url":"https:\/\/gotygu.com\/produkt\/2020-rover-trail-spodenki-turq\/","og_site_name":"TYGU","article_publisher":"https:\/\/www.facebook.com\/TYGUapparel","article_modified_time":"2025-11-30T23:00:28+00:00","og_image":[{"width":935,"height":1255,"url":"https:\/\/gotygu.com\/wp-content\/uploads\/2020\/03\/1-1.jpg","type":"image\/jpeg"}],"twitter_card":"summary_large_image","schema":{"@context":"https:\/\/schema.org","@graph":[{"@type":"WebPage","@id":"https:\/\/gotygu.com\/produkt\/2020-rover-trail-spodenki-turq\/","url":"https:\/\/gotygu.com\/produkt\/2020-rover-trail-spodenki-turq\/","name":"ROVER Trail TURQ Shorts - TYGU","isPartOf":{"@id":"https:\/\/gotygu.com\/#website"},"primaryImageOfPage":{"@id":"https:\/\/gotygu.com\/produkt\/2020-rover-trail-spodenki-turq\/#primaryimage"},"image":{"@id":"https:\/\/gotygu.com\/produkt\/2020-rover-trail-spodenki-turq\/#primaryimage"},"thumbnailUrl":"https:\/\/gotygu.com\/wp-content\/uploads\/2020\/03\/1-1.jpg","datePublished":"2020-03-21T12:50:00+00:00","dateModified":"2025-11-30T23:00:28+00:00","breadcrumb":{"@id":"https:\/\/gotygu.com\/produkt\/2020-rover-trail-spodenki-turq\/#breadcrumb"},"inLanguage":"de","potentialAction":[{"@type":"ReadAction","target":["https:\/\/gotygu.com\/produkt\/2020-rover-trail-spodenki-turq\/"]}]},{"@type":"ImageObject","inLanguage":"de","@id":"https:\/\/gotygu.com\/produkt\/2020-rover-trail-spodenki-turq\/#primaryimage","url":"https:\/\/gotygu.com\/wp-content\/uploads\/2020\/03\/1-1.jpg","contentUrl":"https:\/\/gotygu.com\/wp-content\/uploads\/2020\/03\/1-1.jpg","width":935,"height":1255},{"@type":"BreadcrumbList","@id":"https:\/\/gotygu.com\/produkt\/2020-rover-trail-spodenki-turq\/#breadcrumb","itemListElement":[{"@type":"ListItem","position":1,"name":"Strona g\u0142\u00f3wna","item":"https:\/\/gotygu.com\/"},{"@type":"ListItem","position":2,"name":"Produkty","item":"https:\/\/gotygu.com\/shop\/"},{"@type":"ListItem","position":3,"name":"ROVER Trail TURQ Shorts"}]},{"@type":"WebSite","@id":"https:\/\/gotygu.com\/#website","url":"https:\/\/gotygu.com\/","name":"TYGU - Polska marka odzie\u017cy","description":"Designed To Ride - poznaj Polsk\u0105 mark\u0119","publisher":{"@id":"https:\/\/gotygu.com\/#organization"},"alternateName":"Prosto z serca Beskid\u00f3w. Autorskie projekty odzie\u017cy i akcesori\u00f3w rowerowych. Odzie\u017c Merino dla rowerzyst\u00f3w","potentialAction":[{"@type":"SearchAction","target":{"@type":"EntryPoint","urlTemplate":"https:\/\/gotygu.com\/?s={search_term_string}"},"query-input":{"@type":"PropertyValueSpecification","valueRequired":true,"valueName":"search_term_string"}}],"inLanguage":"de"},{"@type":"Organization","@id":"https:\/\/gotygu.com\/#organization","name":"Polska marka rowerowa z serca beskid\u00f3w. Odzie\u017c i akcesoria rowerowa projektowane przez rowerzyst\u00f3w. Odzie\u017c merino, enduro i mtb.","url":"https:\/\/gotygu.com\/","logo":{"@type":"ImageObject","inLanguage":"de","@id":"https:\/\/gotygu.com\/#\/schema\/logo\/image\/","url":"https:\/\/gotygu.com\/wp-content\/uploads\/2023\/12\/tygu-gory.png","contentUrl":"https:\/\/gotygu.com\/wp-content\/uploads\/2023\/12\/tygu-gory.png","width":512,"height":512,"caption":"Polska marka rowerowa z serca beskid\u00f3w. Odzie\u017c i akcesoria rowerowa projektowane przez rowerzyst\u00f3w. Odzie\u017c merino, enduro i mtb."},"image":{"@id":"https:\/\/gotygu.com\/#\/schema\/logo\/image\/"},"sameAs":["https:\/\/www.facebook.com\/TYGUapparel"]}]}},"_links":{"self":[{"href":"https:\/\/gotygu.com\/de\/wp-json\/wp\/v2\/product\/377801"}],"collection":[{"href":"https:\/\/gotygu.com\/de\/wp-json\/wp\/v2\/product"}],"about":[{"href":"https:\/\/gotygu.com\/de\/wp-json\/wp\/v2\/types\/product"}],"replies":[{"embeddable":true,"href":"https:\/\/gotygu.com\/de\/wp-json\/wp\/v2\/comments?post=377801"}],"wp:featuredmedia":[{"embeddable":true,"href":"https:\/\/gotygu.com\/de\/wp-json\/wp\/v2\/media\/376923"}],"wp:attachment":[{"href":"https:\/\/gotygu.com\/de\/wp-json\/wp\/v2\/media?parent=377801"}],"wp:term":[{"taxonomy":"product_brand","embeddable":true,"href":"https:\/\/gotygu.com\/de\/wp-json\/wp\/v2\/product_brand?post=377801"},{"taxonomy":"product_cat","embeddable":true,"href":"https:\/\/gotygu.com\/de\/wp-json\/wp\/v2\/product_cat?post=377801"},{"taxonomy":"product_tag","embeddable":true,"href":"https:\/\/gotygu.com\/de\/wp-json\/wp\/v2\/product_tag?post=377801"}],"curies":[{"name":"wp","href":"https:\/\/api.w.org\/{rel}","templated":true}]}}