{"id":377753,"date":"2020-05-17T17:52:00","date_gmt":"2020-05-17T15:52:00","guid":{"rendered":"https:\/\/gotygu.com\/produkt\/hybrid-schwarz-t-shirt\/"},"modified":"2025-11-17T00:00:52","modified_gmt":"2025-11-16T23:00:52","slug":"tygu-hybrid-schwarz-t-shirt","status":"publish","type":"product","link":"https:\/\/gotygu.com\/de\/produkt\/tygu-hybrid-schwarz-t-shirt\/","title":{"rendered":"Hybrid Schwarz T-SHIRT"},"content":{"rendered":"<p><strong>Willkommen in der TYGU-Familie<\/strong><\/p>\n<p>Das HYBRID Freizeit-T-Shirt geh\u00f6rt zu unserer Kollektion. Es ist eine Art Hybrid aus einem Alltags-T-Shirt und einem Reit-T-Shirt dank der Verwendung von 35% nat\u00fcrlicher Baumwolle und dem Rest Polyester. Es ist bequem, aber auch leicht und luftig.<\/p>\n<p>  Ideal f\u00fcr Spazierg\u00e4nge und Ausritte ohne Verkleidung.<\/p>\n<p>&nbsp;<\/p>\n<p><img fetchpriority=\"high\" decoding=\"async\" class=\"alignnone size-full wp-image-1486\" src=\"https:\/\/gotygu.com\/wp-content\/uploads\/2020\/05\/rozmiar_hybrid.jpg\" alt=\"\" width=\"973\" height=\"301\" srcset=\"https:\/\/gotygu.com\/wp-content\/uploads\/2020\/05\/rozmiar_hybrid.jpg 973w, https:\/\/gotygu.com\/wp-content\/uploads\/2020\/05\/rozmiar_hybrid-920x285.jpg 920w, https:\/\/gotygu.com\/wp-content\/uploads\/2020\/05\/rozmiar_hybrid-64x20.jpg 64w, https:\/\/gotygu.com\/wp-content\/uploads\/2020\/05\/rozmiar_hybrid-260x80.jpg 260w, https:\/\/gotygu.com\/wp-content\/uploads\/2020\/05\/rozmiar_hybrid-50x15.jpg 50w, https:\/\/gotygu.com\/wp-content\/uploads\/2020\/05\/rozmiar_hybrid-150x46.jpg 150w\" sizes=\"(max-width: 973px) 100vw, 973px\" \/><\/p>\n<p style=\"text-align: center;\">\n","protected":false},"excerpt":{"rendered":"<p>L\u00e4ssiges HYBRID-T-Shirt.<\/p>\n<p>Dank der Verwendung von 35% nat\u00fcrlicher Baumwolle und dem Rest Polyester ist es eine Art Hybrid eines T-Shirts f\u00fcr den Alltag und zum Reiten. Es ist bequem, aber auch leicht und atmungsaktiv.  Ideal f\u00fcr Spazierg\u00e4nge und Ausritte ohne Verkleidung.<\/p>\n<p>&nbsp;<\/p>\n<p style=\"text-align: center;\">\n","protected":false},"featured_media":379782,"comment_status":"open","ping_status":"closed","template":"","meta":[],"product_brand":[],"product_cat":[227,243,237],"product_tag":[],"class_list":{"0":"post-377753","1":"product","2":"type-product","3":"status-publish","4":"has-post-thumbnail","6":"product_cat-casual-de","7":"product_cat-er","8":"product_cat-t-shirts-fuer-maenner","10":"first","11":"instock","12":"taxable","13":"shipping-taxable","14":"purchasable","15":"product-type-variable"},"yoast_head":"<!-- This site is optimized with the Yoast SEO plugin v25.4 - https:\/\/yoast.com\/wordpress\/plugins\/seo\/ -->\n<title>Hybrid Schwarz T-SHIRT - TYGU<\/title>\n<meta name=\"robots\" content=\"index, follow, max-snippet:-1, max-image-preview:large, max-video-preview:-1\" \/>\n<link rel=\"canonical\" href=\"https:\/\/gotygu.com\/de\/produkt\/tygu-hybrid-schwarz-t-shirt\/\" \/>\n<meta property=\"og:locale\" content=\"de_DE\" \/>\n<meta property=\"og:type\" content=\"article\" \/>\n<meta property=\"og:title\" content=\"Hybrid Schwarz T-SHIRT - TYGU\" \/>\n<meta property=\"og:description\" content=\"L\u00e4ssiges HYBRID-T-Shirt. Dank der Verwendung von 35% nat\u00fcrlicher Baumwolle und dem Rest Polyester ist es eine Art Hybrid eines T-Shirts f\u00fcr den Alltag und zum Reiten. Es ist bequem, aber auch leicht und atmungsaktiv. Ideal f\u00fcr Spazierg\u00e4nge und Ausritte ohne Verkleidung. &nbsp;\" \/>\n<meta property=\"og:url\" content=\"https:\/\/gotygu.com\/de\/produkt\/tygu-hybrid-schwarz-t-shirt\/\" \/>\n<meta property=\"og:site_name\" content=\"TYGU\" \/>\n<meta property=\"article:publisher\" content=\"https:\/\/www.facebook.com\/TYGUapparel\" \/>\n<meta property=\"article:modified_time\" content=\"2025-11-16T23:00:52+00:00\" \/>\n<meta property=\"og:image\" content=\"https:\/\/gotygu.com\/wp-content\/uploads\/2020\/05\/t-cropped.png\" \/>\n\t<meta property=\"og:image:width\" content=\"939\" \/>\n\t<meta property=\"og:image:height\" content=\"1246\" \/>\n\t<meta property=\"og:image:type\" content=\"image\/png\" \/>\n<meta name=\"twitter:card\" content=\"summary_large_image\" \/>\n<script type=\"application\/ld+json\" class=\"yoast-schema-graph\">{\"@context\":\"https:\/\/schema.org\",\"@graph\":[{\"@type\":\"WebPage\",\"@id\":\"https:\/\/gotygu.com\/de\/produkt\/tygu-hybrid-schwarz-t-shirt\/\",\"url\":\"https:\/\/gotygu.com\/de\/produkt\/tygu-hybrid-schwarz-t-shirt\/\",\"name\":\"Hybrid Schwarz T-SHIRT - TYGU\",\"isPartOf\":{\"@id\":\"https:\/\/gotygu.com\/#website\"},\"primaryImageOfPage\":{\"@id\":\"https:\/\/gotygu.com\/de\/produkt\/tygu-hybrid-schwarz-t-shirt\/#primaryimage\"},\"image\":{\"@id\":\"https:\/\/gotygu.com\/de\/produkt\/tygu-hybrid-schwarz-t-shirt\/#primaryimage\"},\"thumbnailUrl\":\"https:\/\/gotygu.com\/wp-content\/uploads\/2020\/05\/t-cropped.png\",\"datePublished\":\"2020-05-17T15:52:00+00:00\",\"dateModified\":\"2025-11-16T23:00:52+00:00\",\"breadcrumb\":{\"@id\":\"https:\/\/gotygu.com\/de\/produkt\/tygu-hybrid-schwarz-t-shirt\/#breadcrumb\"},\"inLanguage\":\"de\",\"potentialAction\":[{\"@type\":\"ReadAction\",\"target\":[\"https:\/\/gotygu.com\/de\/produkt\/tygu-hybrid-schwarz-t-shirt\/\"]}]},{\"@type\":\"ImageObject\",\"inLanguage\":\"de\",\"@id\":\"https:\/\/gotygu.com\/de\/produkt\/tygu-hybrid-schwarz-t-shirt\/#primaryimage\",\"url\":\"https:\/\/gotygu.com\/wp-content\/uploads\/2020\/05\/t-cropped.png\",\"contentUrl\":\"https:\/\/gotygu.com\/wp-content\/uploads\/2020\/05\/t-cropped.png\",\"width\":939,\"height\":1246},{\"@type\":\"BreadcrumbList\",\"@id\":\"https:\/\/gotygu.com\/de\/produkt\/tygu-hybrid-schwarz-t-shirt\/#breadcrumb\",\"itemListElement\":[{\"@type\":\"ListItem\",\"position\":1,\"name\":\"Strona g\u0142\u00f3wna\",\"item\":\"https:\/\/gotygu.com\/\"},{\"@type\":\"ListItem\",\"position\":2,\"name\":\"Produkty\",\"item\":\"https:\/\/gotygu.com\/shop\/\"},{\"@type\":\"ListItem\",\"position\":3,\"name\":\"Hybrid Schwarz T-SHIRT\"}]},{\"@type\":\"WebSite\",\"@id\":\"https:\/\/gotygu.com\/#website\",\"url\":\"https:\/\/gotygu.com\/\",\"name\":\"TYGU - Polska marka odzie\u017cy\",\"description\":\"Designed To Ride - poznaj Polsk\u0105 mark\u0119\",\"publisher\":{\"@id\":\"https:\/\/gotygu.com\/#organization\"},\"alternateName\":\"Prosto z serca Beskid\u00f3w. Autorskie projekty odzie\u017cy i akcesori\u00f3w rowerowych. Odzie\u017c Merino dla rowerzyst\u00f3w\",\"potentialAction\":[{\"@type\":\"SearchAction\",\"target\":{\"@type\":\"EntryPoint\",\"urlTemplate\":\"https:\/\/gotygu.com\/?s={search_term_string}\"},\"query-input\":{\"@type\":\"PropertyValueSpecification\",\"valueRequired\":true,\"valueName\":\"search_term_string\"}}],\"inLanguage\":\"de\"},{\"@type\":\"Organization\",\"@id\":\"https:\/\/gotygu.com\/#organization\",\"name\":\"Polska marka rowerowa z serca beskid\u00f3w. Odzie\u017c i akcesoria rowerowa projektowane przez rowerzyst\u00f3w. Odzie\u017c merino, enduro i mtb.\",\"url\":\"https:\/\/gotygu.com\/\",\"logo\":{\"@type\":\"ImageObject\",\"inLanguage\":\"de\",\"@id\":\"https:\/\/gotygu.com\/#\/schema\/logo\/image\/\",\"url\":\"https:\/\/gotygu.com\/wp-content\/uploads\/2023\/12\/tygu-gory.png\",\"contentUrl\":\"https:\/\/gotygu.com\/wp-content\/uploads\/2023\/12\/tygu-gory.png\",\"width\":512,\"height\":512,\"caption\":\"Polska marka rowerowa z serca beskid\u00f3w. Odzie\u017c i akcesoria rowerowa projektowane przez rowerzyst\u00f3w. Odzie\u017c merino, enduro i mtb.\"},\"image\":{\"@id\":\"https:\/\/gotygu.com\/#\/schema\/logo\/image\/\"},\"sameAs\":[\"https:\/\/www.facebook.com\/TYGUapparel\"]}]}<\/script>\n<!-- \/ Yoast SEO plugin. -->","yoast_head_json":{"title":"Hybrid Schwarz T-SHIRT - TYGU","robots":{"index":"index","follow":"follow","max-snippet":"max-snippet:-1","max-image-preview":"max-image-preview:large","max-video-preview":"max-video-preview:-1"},"canonical":"https:\/\/gotygu.com\/de\/produkt\/tygu-hybrid-schwarz-t-shirt\/","og_locale":"de_DE","og_type":"article","og_title":"Hybrid Schwarz T-SHIRT - TYGU","og_description":"L\u00e4ssiges HYBRID-T-Shirt. Dank der Verwendung von 35% nat\u00fcrlicher Baumwolle und dem Rest Polyester ist es eine Art Hybrid eines T-Shirts f\u00fcr den Alltag und zum Reiten. Es ist bequem, aber auch leicht und atmungsaktiv. Ideal f\u00fcr Spazierg\u00e4nge und Ausritte ohne Verkleidung. &nbsp;","og_url":"https:\/\/gotygu.com\/de\/produkt\/tygu-hybrid-schwarz-t-shirt\/","og_site_name":"TYGU","article_publisher":"https:\/\/www.facebook.com\/TYGUapparel","article_modified_time":"2025-11-16T23:00:52+00:00","og_image":[{"width":939,"height":1246,"url":"https:\/\/gotygu.com\/wp-content\/uploads\/2020\/05\/t-cropped.png","type":"image\/png"}],"twitter_card":"summary_large_image","schema":{"@context":"https:\/\/schema.org","@graph":[{"@type":"WebPage","@id":"https:\/\/gotygu.com\/de\/produkt\/tygu-hybrid-schwarz-t-shirt\/","url":"https:\/\/gotygu.com\/de\/produkt\/tygu-hybrid-schwarz-t-shirt\/","name":"Hybrid Schwarz T-SHIRT - TYGU","isPartOf":{"@id":"https:\/\/gotygu.com\/#website"},"primaryImageOfPage":{"@id":"https:\/\/gotygu.com\/de\/produkt\/tygu-hybrid-schwarz-t-shirt\/#primaryimage"},"image":{"@id":"https:\/\/gotygu.com\/de\/produkt\/tygu-hybrid-schwarz-t-shirt\/#primaryimage"},"thumbnailUrl":"https:\/\/gotygu.com\/wp-content\/uploads\/2020\/05\/t-cropped.png","datePublished":"2020-05-17T15:52:00+00:00","dateModified":"2025-11-16T23:00:52+00:00","breadcrumb":{"@id":"https:\/\/gotygu.com\/de\/produkt\/tygu-hybrid-schwarz-t-shirt\/#breadcrumb"},"inLanguage":"de","potentialAction":[{"@type":"ReadAction","target":["https:\/\/gotygu.com\/de\/produkt\/tygu-hybrid-schwarz-t-shirt\/"]}]},{"@type":"ImageObject","inLanguage":"de","@id":"https:\/\/gotygu.com\/de\/produkt\/tygu-hybrid-schwarz-t-shirt\/#primaryimage","url":"https:\/\/gotygu.com\/wp-content\/uploads\/2020\/05\/t-cropped.png","contentUrl":"https:\/\/gotygu.com\/wp-content\/uploads\/2020\/05\/t-cropped.png","width":939,"height":1246},{"@type":"BreadcrumbList","@id":"https:\/\/gotygu.com\/de\/produkt\/tygu-hybrid-schwarz-t-shirt\/#breadcrumb","itemListElement":[{"@type":"ListItem","position":1,"name":"Strona g\u0142\u00f3wna","item":"https:\/\/gotygu.com\/"},{"@type":"ListItem","position":2,"name":"Produkty","item":"https:\/\/gotygu.com\/shop\/"},{"@type":"ListItem","position":3,"name":"Hybrid Schwarz T-SHIRT"}]},{"@type":"WebSite","@id":"https:\/\/gotygu.com\/#website","url":"https:\/\/gotygu.com\/","name":"TYGU - Polska marka odzie\u017cy","description":"Designed To Ride - poznaj Polsk\u0105 mark\u0119","publisher":{"@id":"https:\/\/gotygu.com\/#organization"},"alternateName":"Prosto z serca Beskid\u00f3w. Autorskie projekty odzie\u017cy i akcesori\u00f3w rowerowych. Odzie\u017c Merino dla rowerzyst\u00f3w","potentialAction":[{"@type":"SearchAction","target":{"@type":"EntryPoint","urlTemplate":"https:\/\/gotygu.com\/?s={search_term_string}"},"query-input":{"@type":"PropertyValueSpecification","valueRequired":true,"valueName":"search_term_string"}}],"inLanguage":"de"},{"@type":"Organization","@id":"https:\/\/gotygu.com\/#organization","name":"Polska marka rowerowa z serca beskid\u00f3w. Odzie\u017c i akcesoria rowerowa projektowane przez rowerzyst\u00f3w. Odzie\u017c merino, enduro i mtb.","url":"https:\/\/gotygu.com\/","logo":{"@type":"ImageObject","inLanguage":"de","@id":"https:\/\/gotygu.com\/#\/schema\/logo\/image\/","url":"https:\/\/gotygu.com\/wp-content\/uploads\/2023\/12\/tygu-gory.png","contentUrl":"https:\/\/gotygu.com\/wp-content\/uploads\/2023\/12\/tygu-gory.png","width":512,"height":512,"caption":"Polska marka rowerowa z serca beskid\u00f3w. Odzie\u017c i akcesoria rowerowa projektowane przez rowerzyst\u00f3w. Odzie\u017c merino, enduro i mtb."},"image":{"@id":"https:\/\/gotygu.com\/#\/schema\/logo\/image\/"},"sameAs":["https:\/\/www.facebook.com\/TYGUapparel"]}]}},"_links":{"self":[{"href":"https:\/\/gotygu.com\/de\/wp-json\/wp\/v2\/product\/377753"}],"collection":[{"href":"https:\/\/gotygu.com\/de\/wp-json\/wp\/v2\/product"}],"about":[{"href":"https:\/\/gotygu.com\/de\/wp-json\/wp\/v2\/types\/product"}],"replies":[{"embeddable":true,"href":"https:\/\/gotygu.com\/de\/wp-json\/wp\/v2\/comments?post=377753"}],"wp:featuredmedia":[{"embeddable":true,"href":"https:\/\/gotygu.com\/de\/wp-json\/wp\/v2\/media\/379782"}],"wp:attachment":[{"href":"https:\/\/gotygu.com\/de\/wp-json\/wp\/v2\/media?parent=377753"}],"wp:term":[{"taxonomy":"product_brand","embeddable":true,"href":"https:\/\/gotygu.com\/de\/wp-json\/wp\/v2\/product_brand?post=377753"},{"taxonomy":"product_cat","embeddable":true,"href":"https:\/\/gotygu.com\/de\/wp-json\/wp\/v2\/product_cat?post=377753"},{"taxonomy":"product_tag","embeddable":true,"href":"https:\/\/gotygu.com\/de\/wp-json\/wp\/v2\/product_tag?post=377753"}],"curies":[{"name":"wp","href":"https:\/\/api.w.org\/{rel}","templated":true}]}}