{"id":377649,"date":"2022-08-09T21:42:00","date_gmt":"2022-08-09T19:42:00","guid":{"rendered":"https:\/\/gotygu.com\/produkt\/rain-shield-kinder-jacke\/"},"modified":"2025-12-01T00:00:27","modified_gmt":"2025-11-30T23:00:27","slug":"jacke-regen-schild-kinder","status":"publish","type":"product","link":"https:\/\/gotygu.com\/de\/produkt\/jacke-regen-schild-kinder\/","title":{"rendered":"RAIN SHIELD Kinder Jacke"},"content":{"rendered":"","protected":false},"excerpt":{"rendered":"<p>Gut, wenn Sie sie immer bei sich haben. Die ultraleichte \u00dcberlebensjacke im Taschenformat sch\u00fctzt Sie perfekt vor kurzem Regen, Wind, K\u00e4lte oder Schlamm. <\/p>\n<ul>\n<li>Ultraleichte Schwimmweste (Gewicht ca. 50 g).<\/li>\n<li>Verpackt &#8211; nicht gr\u00f6\u00dfer als Ihre Handfl\u00e4che.<\/li>\n<li>Volle Kapuze (passt auf einen Helm).<\/li>\n<li>Radfahrender Schnitt (lange \u00c4rmel, l\u00e4ngerer R\u00fccken).<\/li>\n<li>Rei\u00dfverschlusstasche auf der R\u00fcckseite.<\/li>\n<li>Atmungsaktiver, elastischer Einsatz unter den Armen.<\/li>\n<\/ul>\n","protected":false},"featured_media":376962,"comment_status":"open","ping_status":"closed","template":"","meta":[],"product_brand":[],"product_cat":[238,239,242,230],"product_tag":[],"class_list":{"0":"post-377649","1":"product","2":"type-product","3":"status-publish","4":"has-post-thumbnail","6":"product_cat-jacken-fuer-kinder","7":"product_cat-jacken-fuer-kinder-de","8":"product_cat-jacken-und-westen","9":"product_cat-kind","10":"pa_rozmiary-xs-de","11":"pa_rozmiary-s-de","12":"pa_rozmiary-m-de","13":"pa_rozmiary-l-de","14":"pa_rozmiary-116-de","15":"pa_rozmiary-122-de","16":"pa_rozmiary-128-de","17":"pa_rozmiary-134-de","19":"first","20":"instock","21":"sale","22":"taxable","23":"shipping-taxable","24":"purchasable","25":"product-type-variable"},"yoast_head":"<!-- This site is optimized with the Yoast SEO plugin v25.4 - https:\/\/yoast.com\/wordpress\/plugins\/seo\/ -->\n<title>RAIN SHIELD Kinder Jacke - TYGU<\/title>\n<meta name=\"robots\" content=\"index, follow, max-snippet:-1, max-image-preview:large, max-video-preview:-1\" \/>\n<link rel=\"canonical\" href=\"https:\/\/gotygu.com\/produkt\/kurtka-rain-shield-kids\/\" \/>\n<meta property=\"og:locale\" content=\"de_DE\" \/>\n<meta property=\"og:type\" content=\"article\" \/>\n<meta property=\"og:title\" content=\"RAIN SHIELD Kinder Jacke - TYGU\" \/>\n<meta property=\"og:description\" content=\"Gut, wenn Sie sie immer bei sich haben. Die ultraleichte \u00dcberlebensjacke im Taschenformat sch\u00fctzt Sie perfekt vor kurzem Regen, Wind, K\u00e4lte oder Schlamm.   Ultraleichte Schwimmweste (Gewicht ca. 50 g).  Verpackt - nicht gr\u00f6\u00dfer als Ihre Handfl\u00e4che.  Volle Kapuze (passt auf einen Helm).  Radfahrender Schnitt (lange \u00c4rmel, l\u00e4ngerer R\u00fccken).  Rei\u00dfverschlusstasche auf der R\u00fcckseite.  Atmungsaktiver, elastischer Einsatz unter den Armen.\" \/>\n<meta property=\"og:url\" content=\"https:\/\/gotygu.com\/produkt\/kurtka-rain-shield-kids\/\" \/>\n<meta property=\"og:site_name\" content=\"TYGU\" \/>\n<meta property=\"article:publisher\" content=\"https:\/\/www.facebook.com\/TYGUapparel\" \/>\n<meta property=\"article:modified_time\" content=\"2025-11-30T23:00:27+00:00\" \/>\n<meta property=\"og:image\" content=\"https:\/\/gotygu.com\/wp-content\/uploads\/2022\/08\/tygu-dziecieca-pewe.jpg\" \/>\n\t<meta property=\"og:image:width\" content=\"1280\" \/>\n\t<meta property=\"og:image:height\" content=\"1280\" \/>\n\t<meta property=\"og:image:type\" content=\"image\/jpeg\" \/>\n<meta name=\"twitter:card\" content=\"summary_large_image\" \/>\n<script type=\"application\/ld+json\" class=\"yoast-schema-graph\">{\"@context\":\"https:\/\/schema.org\",\"@graph\":[{\"@type\":\"WebPage\",\"@id\":\"https:\/\/gotygu.com\/produkt\/kurtka-rain-shield-kids\/\",\"url\":\"https:\/\/gotygu.com\/produkt\/kurtka-rain-shield-kids\/\",\"name\":\"RAIN SHIELD Kinder Jacke - TYGU\",\"isPartOf\":{\"@id\":\"https:\/\/gotygu.com\/#website\"},\"primaryImageOfPage\":{\"@id\":\"https:\/\/gotygu.com\/produkt\/kurtka-rain-shield-kids\/#primaryimage\"},\"image\":{\"@id\":\"https:\/\/gotygu.com\/produkt\/kurtka-rain-shield-kids\/#primaryimage\"},\"thumbnailUrl\":\"https:\/\/gotygu.com\/wp-content\/uploads\/2022\/08\/tygu-dziecieca-pewe.jpg\",\"datePublished\":\"2022-08-09T19:42:00+00:00\",\"dateModified\":\"2025-11-30T23:00:27+00:00\",\"breadcrumb\":{\"@id\":\"https:\/\/gotygu.com\/produkt\/kurtka-rain-shield-kids\/#breadcrumb\"},\"inLanguage\":\"de\",\"potentialAction\":[{\"@type\":\"ReadAction\",\"target\":[\"https:\/\/gotygu.com\/produkt\/kurtka-rain-shield-kids\/\"]}]},{\"@type\":\"ImageObject\",\"inLanguage\":\"de\",\"@id\":\"https:\/\/gotygu.com\/produkt\/kurtka-rain-shield-kids\/#primaryimage\",\"url\":\"https:\/\/gotygu.com\/wp-content\/uploads\/2022\/08\/tygu-dziecieca-pewe.jpg\",\"contentUrl\":\"https:\/\/gotygu.com\/wp-content\/uploads\/2022\/08\/tygu-dziecieca-pewe.jpg\",\"width\":1280,\"height\":1280},{\"@type\":\"BreadcrumbList\",\"@id\":\"https:\/\/gotygu.com\/produkt\/kurtka-rain-shield-kids\/#breadcrumb\",\"itemListElement\":[{\"@type\":\"ListItem\",\"position\":1,\"name\":\"Strona g\u0142\u00f3wna\",\"item\":\"https:\/\/gotygu.com\/\"},{\"@type\":\"ListItem\",\"position\":2,\"name\":\"Produkty\",\"item\":\"https:\/\/gotygu.com\/shop\/\"},{\"@type\":\"ListItem\",\"position\":3,\"name\":\"RAIN SHIELD Kinder Jacke\"}]},{\"@type\":\"WebSite\",\"@id\":\"https:\/\/gotygu.com\/#website\",\"url\":\"https:\/\/gotygu.com\/\",\"name\":\"TYGU - Polska marka odzie\u017cy\",\"description\":\"Designed To Ride - poznaj Polsk\u0105 mark\u0119\",\"publisher\":{\"@id\":\"https:\/\/gotygu.com\/#organization\"},\"alternateName\":\"Prosto z serca Beskid\u00f3w. Autorskie projekty odzie\u017cy i akcesori\u00f3w rowerowych. Odzie\u017c Merino dla rowerzyst\u00f3w\",\"potentialAction\":[{\"@type\":\"SearchAction\",\"target\":{\"@type\":\"EntryPoint\",\"urlTemplate\":\"https:\/\/gotygu.com\/?s={search_term_string}\"},\"query-input\":{\"@type\":\"PropertyValueSpecification\",\"valueRequired\":true,\"valueName\":\"search_term_string\"}}],\"inLanguage\":\"de\"},{\"@type\":\"Organization\",\"@id\":\"https:\/\/gotygu.com\/#organization\",\"name\":\"Polska marka rowerowa z serca beskid\u00f3w. Odzie\u017c i akcesoria rowerowa projektowane przez rowerzyst\u00f3w. Odzie\u017c merino, enduro i mtb.\",\"url\":\"https:\/\/gotygu.com\/\",\"logo\":{\"@type\":\"ImageObject\",\"inLanguage\":\"de\",\"@id\":\"https:\/\/gotygu.com\/#\/schema\/logo\/image\/\",\"url\":\"https:\/\/gotygu.com\/wp-content\/uploads\/2023\/12\/tygu-gory.png\",\"contentUrl\":\"https:\/\/gotygu.com\/wp-content\/uploads\/2023\/12\/tygu-gory.png\",\"width\":512,\"height\":512,\"caption\":\"Polska marka rowerowa z serca beskid\u00f3w. Odzie\u017c i akcesoria rowerowa projektowane przez rowerzyst\u00f3w. Odzie\u017c merino, enduro i mtb.\"},\"image\":{\"@id\":\"https:\/\/gotygu.com\/#\/schema\/logo\/image\/\"},\"sameAs\":[\"https:\/\/www.facebook.com\/TYGUapparel\"]}]}<\/script>\n<!-- \/ Yoast SEO plugin. -->","yoast_head_json":{"title":"RAIN SHIELD Kinder Jacke - TYGU","robots":{"index":"index","follow":"follow","max-snippet":"max-snippet:-1","max-image-preview":"max-image-preview:large","max-video-preview":"max-video-preview:-1"},"canonical":"https:\/\/gotygu.com\/produkt\/kurtka-rain-shield-kids\/","og_locale":"de_DE","og_type":"article","og_title":"RAIN SHIELD Kinder Jacke - TYGU","og_description":"Gut, wenn Sie sie immer bei sich haben. Die ultraleichte \u00dcberlebensjacke im Taschenformat sch\u00fctzt Sie perfekt vor kurzem Regen, Wind, K\u00e4lte oder Schlamm.   Ultraleichte Schwimmweste (Gewicht ca. 50 g).  Verpackt - nicht gr\u00f6\u00dfer als Ihre Handfl\u00e4che.  Volle Kapuze (passt auf einen Helm).  Radfahrender Schnitt (lange \u00c4rmel, l\u00e4ngerer R\u00fccken).  Rei\u00dfverschlusstasche auf der R\u00fcckseite.  Atmungsaktiver, elastischer Einsatz unter den Armen.","og_url":"https:\/\/gotygu.com\/produkt\/kurtka-rain-shield-kids\/","og_site_name":"TYGU","article_publisher":"https:\/\/www.facebook.com\/TYGUapparel","article_modified_time":"2025-11-30T23:00:27+00:00","og_image":[{"width":1280,"height":1280,"url":"https:\/\/gotygu.com\/wp-content\/uploads\/2022\/08\/tygu-dziecieca-pewe.jpg","type":"image\/jpeg"}],"twitter_card":"summary_large_image","schema":{"@context":"https:\/\/schema.org","@graph":[{"@type":"WebPage","@id":"https:\/\/gotygu.com\/produkt\/kurtka-rain-shield-kids\/","url":"https:\/\/gotygu.com\/produkt\/kurtka-rain-shield-kids\/","name":"RAIN SHIELD Kinder Jacke - TYGU","isPartOf":{"@id":"https:\/\/gotygu.com\/#website"},"primaryImageOfPage":{"@id":"https:\/\/gotygu.com\/produkt\/kurtka-rain-shield-kids\/#primaryimage"},"image":{"@id":"https:\/\/gotygu.com\/produkt\/kurtka-rain-shield-kids\/#primaryimage"},"thumbnailUrl":"https:\/\/gotygu.com\/wp-content\/uploads\/2022\/08\/tygu-dziecieca-pewe.jpg","datePublished":"2022-08-09T19:42:00+00:00","dateModified":"2025-11-30T23:00:27+00:00","breadcrumb":{"@id":"https:\/\/gotygu.com\/produkt\/kurtka-rain-shield-kids\/#breadcrumb"},"inLanguage":"de","potentialAction":[{"@type":"ReadAction","target":["https:\/\/gotygu.com\/produkt\/kurtka-rain-shield-kids\/"]}]},{"@type":"ImageObject","inLanguage":"de","@id":"https:\/\/gotygu.com\/produkt\/kurtka-rain-shield-kids\/#primaryimage","url":"https:\/\/gotygu.com\/wp-content\/uploads\/2022\/08\/tygu-dziecieca-pewe.jpg","contentUrl":"https:\/\/gotygu.com\/wp-content\/uploads\/2022\/08\/tygu-dziecieca-pewe.jpg","width":1280,"height":1280},{"@type":"BreadcrumbList","@id":"https:\/\/gotygu.com\/produkt\/kurtka-rain-shield-kids\/#breadcrumb","itemListElement":[{"@type":"ListItem","position":1,"name":"Strona g\u0142\u00f3wna","item":"https:\/\/gotygu.com\/"},{"@type":"ListItem","position":2,"name":"Produkty","item":"https:\/\/gotygu.com\/shop\/"},{"@type":"ListItem","position":3,"name":"RAIN SHIELD Kinder Jacke"}]},{"@type":"WebSite","@id":"https:\/\/gotygu.com\/#website","url":"https:\/\/gotygu.com\/","name":"TYGU - Polska marka odzie\u017cy","description":"Designed To Ride - poznaj Polsk\u0105 mark\u0119","publisher":{"@id":"https:\/\/gotygu.com\/#organization"},"alternateName":"Prosto z serca Beskid\u00f3w. Autorskie projekty odzie\u017cy i akcesori\u00f3w rowerowych. Odzie\u017c Merino dla rowerzyst\u00f3w","potentialAction":[{"@type":"SearchAction","target":{"@type":"EntryPoint","urlTemplate":"https:\/\/gotygu.com\/?s={search_term_string}"},"query-input":{"@type":"PropertyValueSpecification","valueRequired":true,"valueName":"search_term_string"}}],"inLanguage":"de"},{"@type":"Organization","@id":"https:\/\/gotygu.com\/#organization","name":"Polska marka rowerowa z serca beskid\u00f3w. Odzie\u017c i akcesoria rowerowa projektowane przez rowerzyst\u00f3w. Odzie\u017c merino, enduro i mtb.","url":"https:\/\/gotygu.com\/","logo":{"@type":"ImageObject","inLanguage":"de","@id":"https:\/\/gotygu.com\/#\/schema\/logo\/image\/","url":"https:\/\/gotygu.com\/wp-content\/uploads\/2023\/12\/tygu-gory.png","contentUrl":"https:\/\/gotygu.com\/wp-content\/uploads\/2023\/12\/tygu-gory.png","width":512,"height":512,"caption":"Polska marka rowerowa z serca beskid\u00f3w. Odzie\u017c i akcesoria rowerowa projektowane przez rowerzyst\u00f3w. Odzie\u017c merino, enduro i mtb."},"image":{"@id":"https:\/\/gotygu.com\/#\/schema\/logo\/image\/"},"sameAs":["https:\/\/www.facebook.com\/TYGUapparel"]}]}},"_links":{"self":[{"href":"https:\/\/gotygu.com\/de\/wp-json\/wp\/v2\/product\/377649"}],"collection":[{"href":"https:\/\/gotygu.com\/de\/wp-json\/wp\/v2\/product"}],"about":[{"href":"https:\/\/gotygu.com\/de\/wp-json\/wp\/v2\/types\/product"}],"replies":[{"embeddable":true,"href":"https:\/\/gotygu.com\/de\/wp-json\/wp\/v2\/comments?post=377649"}],"wp:featuredmedia":[{"embeddable":true,"href":"https:\/\/gotygu.com\/de\/wp-json\/wp\/v2\/media\/376962"}],"wp:attachment":[{"href":"https:\/\/gotygu.com\/de\/wp-json\/wp\/v2\/media?parent=377649"}],"wp:term":[{"taxonomy":"product_brand","embeddable":true,"href":"https:\/\/gotygu.com\/de\/wp-json\/wp\/v2\/product_brand?post=377649"},{"taxonomy":"product_cat","embeddable":true,"href":"https:\/\/gotygu.com\/de\/wp-json\/wp\/v2\/product_cat?post=377649"},{"taxonomy":"product_tag","embeddable":true,"href":"https:\/\/gotygu.com\/de\/wp-json\/wp\/v2\/product_tag?post=377649"}],"curies":[{"name":"wp","href":"https:\/\/api.w.org\/{rel}","templated":true}]}}