{"id":377631,"date":"2022-05-16T13:27:00","date_gmt":"2022-05-16T11:27:00","guid":{"rendered":"https:\/\/gotygu.com\/produkt\/trooper-kinder\/"},"modified":"2025-12-01T00:00:27","modified_gmt":"2025-11-30T23:00:27","slug":"trooper-kids","status":"publish","type":"product","link":"https:\/\/gotygu.com\/de\/produkt\/trooper-kids\/","title":{"rendered":"Trooper Kinder Hose"},"content":{"rendered":"","protected":false},"excerpt":{"rendered":"<h3><strong>MTB-Hosen f\u00fcr Kinder<\/strong><\/h3>\n<p>Leichter Stoff, Konstruktion und Bel\u00fcftung sind die Eckpfeiler dieses Produkts. Alles in Gr\u00f6\u00dfen f\u00fcr die kleinsten Fahrer!<\/p>\n<ul>\n<li><strong>Softshell-Ripstop-Gewebe,  <\/strong><\/li>\n<\/ul>\n<p>Komfort, Haltbarkeit und geringes Gewicht in einem Produkt.<\/p>\n<ul>\n<li><strong>Radfahren stark einschr\u00e4nken<\/strong><\/li>\n<\/ul>\n<p>Locker um den Oberschenkel und unterhalb des Knies tailliert.<\/p>\n<ul>\n<li><strong>Passt zu Protektoren<\/strong><\/li>\n<\/ul>\n","protected":false},"featured_media":376897,"comment_status":"open","ping_status":"closed","template":"","meta":[],"product_brand":[],"product_cat":[258,260,230],"product_tag":[],"class_list":{"0":"post-377631","1":"product","2":"type-product","3":"status-publish","4":"has-post-thumbnail","6":"product_cat-hosen","7":"product_cat-hosen-fuer-kinder","8":"product_cat-kind","9":"pa_rozmiary-122-de","10":"pa_rozmiary-128-de","11":"pa_rozmiary-134-de","12":"pa_rozmiary-140-de","14":"first","15":"instock","16":"sale","17":"taxable","18":"shipping-taxable","19":"purchasable","20":"product-type-variable"},"yoast_head":"<!-- This site is optimized with the Yoast SEO plugin v25.4 - https:\/\/yoast.com\/wordpress\/plugins\/seo\/ -->\n<title>Trooper Kinder Hose - TYGU<\/title>\n<meta name=\"robots\" content=\"index, follow, max-snippet:-1, max-image-preview:large, max-video-preview:-1\" \/>\n<link rel=\"canonical\" href=\"https:\/\/gotygu.com\/produkt\/spodnie-trooper-kids\/\" \/>\n<meta property=\"og:locale\" content=\"de_DE\" \/>\n<meta property=\"og:type\" content=\"article\" \/>\n<meta property=\"og:title\" content=\"Trooper Kinder Hose - TYGU\" \/>\n<meta property=\"og:description\" content=\"MTB-Hosen f\u00fcr Kinder Leichter Stoff, Konstruktion und Bel\u00fcftung sind die Eckpfeiler dieses Produkts. Alles in Gr\u00f6\u00dfen f\u00fcr die kleinsten Fahrer!  Softshell-Ripstop-Gewebe,  Komfort, Haltbarkeit und geringes Gewicht in einem Produkt.  Radfahren stark einschr\u00e4nken Locker um den Oberschenkel und unterhalb des Knies tailliert.  Passt zu Protektoren\" \/>\n<meta property=\"og:url\" content=\"https:\/\/gotygu.com\/produkt\/spodnie-trooper-kids\/\" \/>\n<meta property=\"og:site_name\" content=\"TYGU\" \/>\n<meta property=\"article:publisher\" content=\"https:\/\/www.facebook.com\/TYGUapparel\" \/>\n<meta property=\"article:modified_time\" content=\"2025-11-30T23:00:27+00:00\" \/>\n<meta property=\"og:image\" content=\"https:\/\/gotygu.com\/wp-content\/uploads\/2022\/05\/spodnie-dzieciece-przod-poprawka-1.jpg\" \/>\n\t<meta property=\"og:image:width\" content=\"2500\" \/>\n\t<meta property=\"og:image:height\" content=\"2500\" \/>\n\t<meta property=\"og:image:type\" content=\"image\/jpeg\" \/>\n<meta name=\"twitter:card\" content=\"summary_large_image\" \/>\n<script type=\"application\/ld+json\" class=\"yoast-schema-graph\">{\"@context\":\"https:\/\/schema.org\",\"@graph\":[{\"@type\":\"WebPage\",\"@id\":\"https:\/\/gotygu.com\/produkt\/spodnie-trooper-kids\/\",\"url\":\"https:\/\/gotygu.com\/produkt\/spodnie-trooper-kids\/\",\"name\":\"Trooper Kinder Hose - TYGU\",\"isPartOf\":{\"@id\":\"https:\/\/gotygu.com\/#website\"},\"primaryImageOfPage\":{\"@id\":\"https:\/\/gotygu.com\/produkt\/spodnie-trooper-kids\/#primaryimage\"},\"image\":{\"@id\":\"https:\/\/gotygu.com\/produkt\/spodnie-trooper-kids\/#primaryimage\"},\"thumbnailUrl\":\"https:\/\/gotygu.com\/wp-content\/uploads\/2022\/05\/spodnie-dzieciece-przod-poprawka-1.jpg\",\"datePublished\":\"2022-05-16T11:27:00+00:00\",\"dateModified\":\"2025-11-30T23:00:27+00:00\",\"breadcrumb\":{\"@id\":\"https:\/\/gotygu.com\/produkt\/spodnie-trooper-kids\/#breadcrumb\"},\"inLanguage\":\"de\",\"potentialAction\":[{\"@type\":\"ReadAction\",\"target\":[\"https:\/\/gotygu.com\/produkt\/spodnie-trooper-kids\/\"]}]},{\"@type\":\"ImageObject\",\"inLanguage\":\"de\",\"@id\":\"https:\/\/gotygu.com\/produkt\/spodnie-trooper-kids\/#primaryimage\",\"url\":\"https:\/\/gotygu.com\/wp-content\/uploads\/2022\/05\/spodnie-dzieciece-przod-poprawka-1.jpg\",\"contentUrl\":\"https:\/\/gotygu.com\/wp-content\/uploads\/2022\/05\/spodnie-dzieciece-przod-poprawka-1.jpg\",\"width\":2500,\"height\":2500},{\"@type\":\"BreadcrumbList\",\"@id\":\"https:\/\/gotygu.com\/produkt\/spodnie-trooper-kids\/#breadcrumb\",\"itemListElement\":[{\"@type\":\"ListItem\",\"position\":1,\"name\":\"Strona g\u0142\u00f3wna\",\"item\":\"https:\/\/gotygu.com\/\"},{\"@type\":\"ListItem\",\"position\":2,\"name\":\"Produkty\",\"item\":\"https:\/\/gotygu.com\/shop\/\"},{\"@type\":\"ListItem\",\"position\":3,\"name\":\"Trooper Kinder Hose\"}]},{\"@type\":\"WebSite\",\"@id\":\"https:\/\/gotygu.com\/#website\",\"url\":\"https:\/\/gotygu.com\/\",\"name\":\"TYGU - Polska marka odzie\u017cy\",\"description\":\"Designed To Ride - poznaj Polsk\u0105 mark\u0119\",\"publisher\":{\"@id\":\"https:\/\/gotygu.com\/#organization\"},\"alternateName\":\"Prosto z serca Beskid\u00f3w. Autorskie projekty odzie\u017cy i akcesori\u00f3w rowerowych. Odzie\u017c Merino dla rowerzyst\u00f3w\",\"potentialAction\":[{\"@type\":\"SearchAction\",\"target\":{\"@type\":\"EntryPoint\",\"urlTemplate\":\"https:\/\/gotygu.com\/?s={search_term_string}\"},\"query-input\":{\"@type\":\"PropertyValueSpecification\",\"valueRequired\":true,\"valueName\":\"search_term_string\"}}],\"inLanguage\":\"de\"},{\"@type\":\"Organization\",\"@id\":\"https:\/\/gotygu.com\/#organization\",\"name\":\"Polska marka rowerowa z serca beskid\u00f3w. Odzie\u017c i akcesoria rowerowa projektowane przez rowerzyst\u00f3w. Odzie\u017c merino, enduro i mtb.\",\"url\":\"https:\/\/gotygu.com\/\",\"logo\":{\"@type\":\"ImageObject\",\"inLanguage\":\"de\",\"@id\":\"https:\/\/gotygu.com\/#\/schema\/logo\/image\/\",\"url\":\"https:\/\/gotygu.com\/wp-content\/uploads\/2023\/12\/tygu-gory.png\",\"contentUrl\":\"https:\/\/gotygu.com\/wp-content\/uploads\/2023\/12\/tygu-gory.png\",\"width\":512,\"height\":512,\"caption\":\"Polska marka rowerowa z serca beskid\u00f3w. Odzie\u017c i akcesoria rowerowa projektowane przez rowerzyst\u00f3w. Odzie\u017c merino, enduro i mtb.\"},\"image\":{\"@id\":\"https:\/\/gotygu.com\/#\/schema\/logo\/image\/\"},\"sameAs\":[\"https:\/\/www.facebook.com\/TYGUapparel\"]}]}<\/script>\n<!-- \/ Yoast SEO plugin. -->","yoast_head_json":{"title":"Trooper Kinder Hose - TYGU","robots":{"index":"index","follow":"follow","max-snippet":"max-snippet:-1","max-image-preview":"max-image-preview:large","max-video-preview":"max-video-preview:-1"},"canonical":"https:\/\/gotygu.com\/produkt\/spodnie-trooper-kids\/","og_locale":"de_DE","og_type":"article","og_title":"Trooper Kinder Hose - TYGU","og_description":"MTB-Hosen f\u00fcr Kinder Leichter Stoff, Konstruktion und Bel\u00fcftung sind die Eckpfeiler dieses Produkts. Alles in Gr\u00f6\u00dfen f\u00fcr die kleinsten Fahrer!  Softshell-Ripstop-Gewebe,  Komfort, Haltbarkeit und geringes Gewicht in einem Produkt.  Radfahren stark einschr\u00e4nken Locker um den Oberschenkel und unterhalb des Knies tailliert.  Passt zu Protektoren","og_url":"https:\/\/gotygu.com\/produkt\/spodnie-trooper-kids\/","og_site_name":"TYGU","article_publisher":"https:\/\/www.facebook.com\/TYGUapparel","article_modified_time":"2025-11-30T23:00:27+00:00","og_image":[{"width":2500,"height":2500,"url":"https:\/\/gotygu.com\/wp-content\/uploads\/2022\/05\/spodnie-dzieciece-przod-poprawka-1.jpg","type":"image\/jpeg"}],"twitter_card":"summary_large_image","schema":{"@context":"https:\/\/schema.org","@graph":[{"@type":"WebPage","@id":"https:\/\/gotygu.com\/produkt\/spodnie-trooper-kids\/","url":"https:\/\/gotygu.com\/produkt\/spodnie-trooper-kids\/","name":"Trooper Kinder Hose - TYGU","isPartOf":{"@id":"https:\/\/gotygu.com\/#website"},"primaryImageOfPage":{"@id":"https:\/\/gotygu.com\/produkt\/spodnie-trooper-kids\/#primaryimage"},"image":{"@id":"https:\/\/gotygu.com\/produkt\/spodnie-trooper-kids\/#primaryimage"},"thumbnailUrl":"https:\/\/gotygu.com\/wp-content\/uploads\/2022\/05\/spodnie-dzieciece-przod-poprawka-1.jpg","datePublished":"2022-05-16T11:27:00+00:00","dateModified":"2025-11-30T23:00:27+00:00","breadcrumb":{"@id":"https:\/\/gotygu.com\/produkt\/spodnie-trooper-kids\/#breadcrumb"},"inLanguage":"de","potentialAction":[{"@type":"ReadAction","target":["https:\/\/gotygu.com\/produkt\/spodnie-trooper-kids\/"]}]},{"@type":"ImageObject","inLanguage":"de","@id":"https:\/\/gotygu.com\/produkt\/spodnie-trooper-kids\/#primaryimage","url":"https:\/\/gotygu.com\/wp-content\/uploads\/2022\/05\/spodnie-dzieciece-przod-poprawka-1.jpg","contentUrl":"https:\/\/gotygu.com\/wp-content\/uploads\/2022\/05\/spodnie-dzieciece-przod-poprawka-1.jpg","width":2500,"height":2500},{"@type":"BreadcrumbList","@id":"https:\/\/gotygu.com\/produkt\/spodnie-trooper-kids\/#breadcrumb","itemListElement":[{"@type":"ListItem","position":1,"name":"Strona g\u0142\u00f3wna","item":"https:\/\/gotygu.com\/"},{"@type":"ListItem","position":2,"name":"Produkty","item":"https:\/\/gotygu.com\/shop\/"},{"@type":"ListItem","position":3,"name":"Trooper Kinder Hose"}]},{"@type":"WebSite","@id":"https:\/\/gotygu.com\/#website","url":"https:\/\/gotygu.com\/","name":"TYGU - Polska marka odzie\u017cy","description":"Designed To Ride - poznaj Polsk\u0105 mark\u0119","publisher":{"@id":"https:\/\/gotygu.com\/#organization"},"alternateName":"Prosto z serca Beskid\u00f3w. Autorskie projekty odzie\u017cy i akcesori\u00f3w rowerowych. Odzie\u017c Merino dla rowerzyst\u00f3w","potentialAction":[{"@type":"SearchAction","target":{"@type":"EntryPoint","urlTemplate":"https:\/\/gotygu.com\/?s={search_term_string}"},"query-input":{"@type":"PropertyValueSpecification","valueRequired":true,"valueName":"search_term_string"}}],"inLanguage":"de"},{"@type":"Organization","@id":"https:\/\/gotygu.com\/#organization","name":"Polska marka rowerowa z serca beskid\u00f3w. Odzie\u017c i akcesoria rowerowa projektowane przez rowerzyst\u00f3w. Odzie\u017c merino, enduro i mtb.","url":"https:\/\/gotygu.com\/","logo":{"@type":"ImageObject","inLanguage":"de","@id":"https:\/\/gotygu.com\/#\/schema\/logo\/image\/","url":"https:\/\/gotygu.com\/wp-content\/uploads\/2023\/12\/tygu-gory.png","contentUrl":"https:\/\/gotygu.com\/wp-content\/uploads\/2023\/12\/tygu-gory.png","width":512,"height":512,"caption":"Polska marka rowerowa z serca beskid\u00f3w. Odzie\u017c i akcesoria rowerowa projektowane przez rowerzyst\u00f3w. Odzie\u017c merino, enduro i mtb."},"image":{"@id":"https:\/\/gotygu.com\/#\/schema\/logo\/image\/"},"sameAs":["https:\/\/www.facebook.com\/TYGUapparel"]}]}},"_links":{"self":[{"href":"https:\/\/gotygu.com\/de\/wp-json\/wp\/v2\/product\/377631"}],"collection":[{"href":"https:\/\/gotygu.com\/de\/wp-json\/wp\/v2\/product"}],"about":[{"href":"https:\/\/gotygu.com\/de\/wp-json\/wp\/v2\/types\/product"}],"replies":[{"embeddable":true,"href":"https:\/\/gotygu.com\/de\/wp-json\/wp\/v2\/comments?post=377631"}],"wp:featuredmedia":[{"embeddable":true,"href":"https:\/\/gotygu.com\/de\/wp-json\/wp\/v2\/media\/376897"}],"wp:attachment":[{"href":"https:\/\/gotygu.com\/de\/wp-json\/wp\/v2\/media?parent=377631"}],"wp:term":[{"taxonomy":"product_brand","embeddable":true,"href":"https:\/\/gotygu.com\/de\/wp-json\/wp\/v2\/product_brand?post=377631"},{"taxonomy":"product_cat","embeddable":true,"href":"https:\/\/gotygu.com\/de\/wp-json\/wp\/v2\/product_cat?post=377631"},{"taxonomy":"product_tag","embeddable":true,"href":"https:\/\/gotygu.com\/de\/wp-json\/wp\/v2\/product_tag?post=377631"}],"curies":[{"name":"wp","href":"https:\/\/api.w.org\/{rel}","templated":true}]}}