{"id":377599,"date":"2022-05-17T21:53:00","date_gmt":"2022-05-17T19:53:00","guid":{"rendered":"https:\/\/gotygu.com\/produkt\/rain-shield-jacke\/"},"modified":"2025-12-01T00:00:27","modified_gmt":"2025-11-30T23:00:27","slug":"jacke-regen-schild","status":"publish","type":"product","link":"https:\/\/gotygu.com\/de\/produkt\/jacke-regen-schild\/","title":{"rendered":"RAIN SHIELD Jacke"},"content":{"rendered":"","protected":false},"excerpt":{"rendered":"<p>Es ist gut, sie immer dabei zu haben. Die ultraleichte Notfalljacke im Taschenformat ist ideal, um Sie vor kurzem vor Regen, Wind, K\u00e4lte oder Schlamm zu sch\u00fctzen.<\/p>\n<ul>\n<li>Ultraleichte Schwimmweste (Gewicht ca. 50 g).<\/li>\n<li>Verpackt &#8211; nicht gr\u00f6\u00dfer als Ihre Handfl\u00e4che.<\/li>\n<li>Volle Kapuze (f\u00fcr Helm).<\/li>\n<li>Radfahrender Schnitt (lange \u00c4rmel, l\u00e4ngerer R\u00fccken).<\/li>\n<li>Rei\u00dfverschlusstasche auf der R\u00fcckseite.<\/li>\n<\/ul>\n<p>&nbsp;<\/p>\n<p>https:\/\/youtube.com\/shorts\/hhQBp05gDcc?si=aJNV2FnFOLWHrR-T<\/p>\n<p>&nbsp;<\/p>\n","protected":false},"featured_media":376902,"comment_status":"open","ping_status":"closed","template":"","meta":[],"product_brand":[],"product_cat":[270,243,430,242,240,241,244],"product_tag":[],"class_list":{"0":"post-377599","1":"product","2":"type-product","3":"status-publish","4":"has-post-thumbnail","6":"product_cat-sie-de","7":"product_cat-er","8":"product_cat-er-de","9":"product_cat-jacken-und-westen","10":"product_cat-jacken-und-westen-fuer-frauen","11":"product_cat-jacken-und-westen-fuer-manner","12":"product_cat-sie","13":"pa_rozmiary-xs-de","14":"pa_rozmiary-s-de","15":"pa_rozmiary-m-de","16":"pa_rozmiary-l-de","17":"pa_rozmiary-xl-de","18":"pa_rozmiary-2xl-de","19":"pa_rozmiary-3xl-de","21":"first","22":"instock","23":"taxable","24":"shipping-taxable","25":"purchasable","26":"product-type-variable"},"yoast_head":"<!-- This site is optimized with the Yoast SEO plugin v25.4 - https:\/\/yoast.com\/wordpress\/plugins\/seo\/ -->\n<title>RAIN SHIELD Jacke - TYGU<\/title>\n<meta name=\"robots\" content=\"index, follow, max-snippet:-1, max-image-preview:large, max-video-preview:-1\" \/>\n<link rel=\"canonical\" href=\"https:\/\/gotygu.com\/de\/produkt\/jacke-regen-schild\/\" \/>\n<meta property=\"og:locale\" content=\"de_DE\" \/>\n<meta property=\"og:type\" content=\"article\" \/>\n<meta property=\"og:title\" content=\"RAIN SHIELD Jacke - TYGU\" \/>\n<meta property=\"og:description\" content=\"Es ist gut, sie immer dabei zu haben. Die ultraleichte Notfalljacke im Taschenformat ist ideal, um Sie vor kurzem vor Regen, Wind, K\u00e4lte oder Schlamm zu sch\u00fctzen.  Ultraleichte Schwimmweste (Gewicht ca. 50 g).  Verpackt - nicht gr\u00f6\u00dfer als Ihre Handfl\u00e4che.  Volle Kapuze (f\u00fcr Helm).  Radfahrender Schnitt (lange \u00c4rmel, l\u00e4ngerer R\u00fccken).  Rei\u00dfverschlusstasche auf der R\u00fcckseite. &nbsp; https:\/\/youtube.com\/shorts\/hhQBp05gDcc?si=aJNV2FnFOLWHrR-T &nbsp;\" \/>\n<meta property=\"og:url\" content=\"https:\/\/gotygu.com\/de\/produkt\/jacke-regen-schild\/\" \/>\n<meta property=\"og:site_name\" content=\"TYGU\" \/>\n<meta property=\"article:publisher\" content=\"https:\/\/www.facebook.com\/TYGUapparel\" \/>\n<meta property=\"article:modified_time\" content=\"2025-11-30T23:00:27+00:00\" \/>\n<meta property=\"og:image\" content=\"https:\/\/gotygu.com\/wp-content\/uploads\/2022\/05\/kurtka-p.jpg\" \/>\n\t<meta property=\"og:image:width\" content=\"2500\" \/>\n\t<meta property=\"og:image:height\" content=\"2500\" \/>\n\t<meta property=\"og:image:type\" content=\"image\/jpeg\" \/>\n<meta name=\"twitter:card\" content=\"summary_large_image\" \/>\n<script type=\"application\/ld+json\" class=\"yoast-schema-graph\">{\"@context\":\"https:\/\/schema.org\",\"@graph\":[{\"@type\":\"WebPage\",\"@id\":\"https:\/\/gotygu.com\/de\/produkt\/jacke-regen-schild\/\",\"url\":\"https:\/\/gotygu.com\/de\/produkt\/jacke-regen-schild\/\",\"name\":\"RAIN SHIELD Jacke - TYGU\",\"isPartOf\":{\"@id\":\"https:\/\/gotygu.com\/#website\"},\"primaryImageOfPage\":{\"@id\":\"https:\/\/gotygu.com\/de\/produkt\/jacke-regen-schild\/#primaryimage\"},\"image\":{\"@id\":\"https:\/\/gotygu.com\/de\/produkt\/jacke-regen-schild\/#primaryimage\"},\"thumbnailUrl\":\"https:\/\/gotygu.com\/wp-content\/uploads\/2022\/05\/kurtka-p.jpg\",\"datePublished\":\"2022-05-17T19:53:00+00:00\",\"dateModified\":\"2025-11-30T23:00:27+00:00\",\"breadcrumb\":{\"@id\":\"https:\/\/gotygu.com\/de\/produkt\/jacke-regen-schild\/#breadcrumb\"},\"inLanguage\":\"de\",\"potentialAction\":[{\"@type\":\"ReadAction\",\"target\":[\"https:\/\/gotygu.com\/de\/produkt\/jacke-regen-schild\/\"]}]},{\"@type\":\"ImageObject\",\"inLanguage\":\"de\",\"@id\":\"https:\/\/gotygu.com\/de\/produkt\/jacke-regen-schild\/#primaryimage\",\"url\":\"https:\/\/gotygu.com\/wp-content\/uploads\/2022\/05\/kurtka-p.jpg\",\"contentUrl\":\"https:\/\/gotygu.com\/wp-content\/uploads\/2022\/05\/kurtka-p.jpg\",\"width\":2500,\"height\":2500},{\"@type\":\"BreadcrumbList\",\"@id\":\"https:\/\/gotygu.com\/de\/produkt\/jacke-regen-schild\/#breadcrumb\",\"itemListElement\":[{\"@type\":\"ListItem\",\"position\":1,\"name\":\"Strona g\u0142\u00f3wna\",\"item\":\"https:\/\/gotygu.com\/\"},{\"@type\":\"ListItem\",\"position\":2,\"name\":\"Produkty\",\"item\":\"https:\/\/gotygu.com\/shop\/\"},{\"@type\":\"ListItem\",\"position\":3,\"name\":\"RAIN SHIELD Jacke\"}]},{\"@type\":\"WebSite\",\"@id\":\"https:\/\/gotygu.com\/#website\",\"url\":\"https:\/\/gotygu.com\/\",\"name\":\"TYGU - Polska marka odzie\u017cy\",\"description\":\"Designed To Ride - poznaj Polsk\u0105 mark\u0119\",\"publisher\":{\"@id\":\"https:\/\/gotygu.com\/#organization\"},\"alternateName\":\"Prosto z serca Beskid\u00f3w. Autorskie projekty odzie\u017cy i akcesori\u00f3w rowerowych. Odzie\u017c Merino dla rowerzyst\u00f3w\",\"potentialAction\":[{\"@type\":\"SearchAction\",\"target\":{\"@type\":\"EntryPoint\",\"urlTemplate\":\"https:\/\/gotygu.com\/?s={search_term_string}\"},\"query-input\":{\"@type\":\"PropertyValueSpecification\",\"valueRequired\":true,\"valueName\":\"search_term_string\"}}],\"inLanguage\":\"de\"},{\"@type\":\"Organization\",\"@id\":\"https:\/\/gotygu.com\/#organization\",\"name\":\"Polska marka rowerowa z serca beskid\u00f3w. Odzie\u017c i akcesoria rowerowa projektowane przez rowerzyst\u00f3w. Odzie\u017c merino, enduro i mtb.\",\"url\":\"https:\/\/gotygu.com\/\",\"logo\":{\"@type\":\"ImageObject\",\"inLanguage\":\"de\",\"@id\":\"https:\/\/gotygu.com\/#\/schema\/logo\/image\/\",\"url\":\"https:\/\/gotygu.com\/wp-content\/uploads\/2023\/12\/tygu-gory.png\",\"contentUrl\":\"https:\/\/gotygu.com\/wp-content\/uploads\/2023\/12\/tygu-gory.png\",\"width\":512,\"height\":512,\"caption\":\"Polska marka rowerowa z serca beskid\u00f3w. Odzie\u017c i akcesoria rowerowa projektowane przez rowerzyst\u00f3w. Odzie\u017c merino, enduro i mtb.\"},\"image\":{\"@id\":\"https:\/\/gotygu.com\/#\/schema\/logo\/image\/\"},\"sameAs\":[\"https:\/\/www.facebook.com\/TYGUapparel\"]}]}<\/script>\n<!-- \/ Yoast SEO plugin. -->","yoast_head_json":{"title":"RAIN SHIELD Jacke - TYGU","robots":{"index":"index","follow":"follow","max-snippet":"max-snippet:-1","max-image-preview":"max-image-preview:large","max-video-preview":"max-video-preview:-1"},"canonical":"https:\/\/gotygu.com\/de\/produkt\/jacke-regen-schild\/","og_locale":"de_DE","og_type":"article","og_title":"RAIN SHIELD Jacke - TYGU","og_description":"Es ist gut, sie immer dabei zu haben. Die ultraleichte Notfalljacke im Taschenformat ist ideal, um Sie vor kurzem vor Regen, Wind, K\u00e4lte oder Schlamm zu sch\u00fctzen.  Ultraleichte Schwimmweste (Gewicht ca. 50 g).  Verpackt - nicht gr\u00f6\u00dfer als Ihre Handfl\u00e4che.  Volle Kapuze (f\u00fcr Helm).  Radfahrender Schnitt (lange \u00c4rmel, l\u00e4ngerer R\u00fccken).  Rei\u00dfverschlusstasche auf der R\u00fcckseite. &nbsp; https:\/\/youtube.com\/shorts\/hhQBp05gDcc?si=aJNV2FnFOLWHrR-T &nbsp;","og_url":"https:\/\/gotygu.com\/de\/produkt\/jacke-regen-schild\/","og_site_name":"TYGU","article_publisher":"https:\/\/www.facebook.com\/TYGUapparel","article_modified_time":"2025-11-30T23:00:27+00:00","og_image":[{"width":2500,"height":2500,"url":"https:\/\/gotygu.com\/wp-content\/uploads\/2022\/05\/kurtka-p.jpg","type":"image\/jpeg"}],"twitter_card":"summary_large_image","schema":{"@context":"https:\/\/schema.org","@graph":[{"@type":"WebPage","@id":"https:\/\/gotygu.com\/de\/produkt\/jacke-regen-schild\/","url":"https:\/\/gotygu.com\/de\/produkt\/jacke-regen-schild\/","name":"RAIN SHIELD Jacke - TYGU","isPartOf":{"@id":"https:\/\/gotygu.com\/#website"},"primaryImageOfPage":{"@id":"https:\/\/gotygu.com\/de\/produkt\/jacke-regen-schild\/#primaryimage"},"image":{"@id":"https:\/\/gotygu.com\/de\/produkt\/jacke-regen-schild\/#primaryimage"},"thumbnailUrl":"https:\/\/gotygu.com\/wp-content\/uploads\/2022\/05\/kurtka-p.jpg","datePublished":"2022-05-17T19:53:00+00:00","dateModified":"2025-11-30T23:00:27+00:00","breadcrumb":{"@id":"https:\/\/gotygu.com\/de\/produkt\/jacke-regen-schild\/#breadcrumb"},"inLanguage":"de","potentialAction":[{"@type":"ReadAction","target":["https:\/\/gotygu.com\/de\/produkt\/jacke-regen-schild\/"]}]},{"@type":"ImageObject","inLanguage":"de","@id":"https:\/\/gotygu.com\/de\/produkt\/jacke-regen-schild\/#primaryimage","url":"https:\/\/gotygu.com\/wp-content\/uploads\/2022\/05\/kurtka-p.jpg","contentUrl":"https:\/\/gotygu.com\/wp-content\/uploads\/2022\/05\/kurtka-p.jpg","width":2500,"height":2500},{"@type":"BreadcrumbList","@id":"https:\/\/gotygu.com\/de\/produkt\/jacke-regen-schild\/#breadcrumb","itemListElement":[{"@type":"ListItem","position":1,"name":"Strona g\u0142\u00f3wna","item":"https:\/\/gotygu.com\/"},{"@type":"ListItem","position":2,"name":"Produkty","item":"https:\/\/gotygu.com\/shop\/"},{"@type":"ListItem","position":3,"name":"RAIN SHIELD Jacke"}]},{"@type":"WebSite","@id":"https:\/\/gotygu.com\/#website","url":"https:\/\/gotygu.com\/","name":"TYGU - Polska marka odzie\u017cy","description":"Designed To Ride - poznaj Polsk\u0105 mark\u0119","publisher":{"@id":"https:\/\/gotygu.com\/#organization"},"alternateName":"Prosto z serca Beskid\u00f3w. Autorskie projekty odzie\u017cy i akcesori\u00f3w rowerowych. Odzie\u017c Merino dla rowerzyst\u00f3w","potentialAction":[{"@type":"SearchAction","target":{"@type":"EntryPoint","urlTemplate":"https:\/\/gotygu.com\/?s={search_term_string}"},"query-input":{"@type":"PropertyValueSpecification","valueRequired":true,"valueName":"search_term_string"}}],"inLanguage":"de"},{"@type":"Organization","@id":"https:\/\/gotygu.com\/#organization","name":"Polska marka rowerowa z serca beskid\u00f3w. Odzie\u017c i akcesoria rowerowa projektowane przez rowerzyst\u00f3w. Odzie\u017c merino, enduro i mtb.","url":"https:\/\/gotygu.com\/","logo":{"@type":"ImageObject","inLanguage":"de","@id":"https:\/\/gotygu.com\/#\/schema\/logo\/image\/","url":"https:\/\/gotygu.com\/wp-content\/uploads\/2023\/12\/tygu-gory.png","contentUrl":"https:\/\/gotygu.com\/wp-content\/uploads\/2023\/12\/tygu-gory.png","width":512,"height":512,"caption":"Polska marka rowerowa z serca beskid\u00f3w. Odzie\u017c i akcesoria rowerowa projektowane przez rowerzyst\u00f3w. Odzie\u017c merino, enduro i mtb."},"image":{"@id":"https:\/\/gotygu.com\/#\/schema\/logo\/image\/"},"sameAs":["https:\/\/www.facebook.com\/TYGUapparel"]}]}},"_links":{"self":[{"href":"https:\/\/gotygu.com\/de\/wp-json\/wp\/v2\/product\/377599"}],"collection":[{"href":"https:\/\/gotygu.com\/de\/wp-json\/wp\/v2\/product"}],"about":[{"href":"https:\/\/gotygu.com\/de\/wp-json\/wp\/v2\/types\/product"}],"replies":[{"embeddable":true,"href":"https:\/\/gotygu.com\/de\/wp-json\/wp\/v2\/comments?post=377599"}],"wp:featuredmedia":[{"embeddable":true,"href":"https:\/\/gotygu.com\/de\/wp-json\/wp\/v2\/media\/376902"}],"wp:attachment":[{"href":"https:\/\/gotygu.com\/de\/wp-json\/wp\/v2\/media?parent=377599"}],"wp:term":[{"taxonomy":"product_brand","embeddable":true,"href":"https:\/\/gotygu.com\/de\/wp-json\/wp\/v2\/product_brand?post=377599"},{"taxonomy":"product_cat","embeddable":true,"href":"https:\/\/gotygu.com\/de\/wp-json\/wp\/v2\/product_cat?post=377599"},{"taxonomy":"product_tag","embeddable":true,"href":"https:\/\/gotygu.com\/de\/wp-json\/wp\/v2\/product_tag?post=377599"}],"curies":[{"name":"wp","href":"https:\/\/api.w.org\/{rel}","templated":true}]}}