{"id":377500,"date":"2023-03-08T06:58:00","date_gmt":"2023-03-08T05:58:00","guid":{"rendered":"https:\/\/gotygu.com\/produkt\/2023-kurze-hosen-marine\/"},"modified":"2025-12-01T00:00:26","modified_gmt":"2025-11-30T23:00:26","slug":"2023-kurze-marine","status":"publish","type":"product","link":"https:\/\/gotygu.com\/de\/produkt\/2023-kurze-marine\/","title":{"rendered":"Marineblaue Shorts"},"content":{"rendered":"<p>&#8211; <strong>4-Wege-Stretch-Mikro-Polyester<\/strong><\/p>\n<p>&#8211; 4 Taschen, abschlie\u00dfbar<\/p>\n<p>&#8211; in der Taille verstellbar<\/p>\n<p>&#8211; perfekt geeignet f\u00fcr Knieschoner<\/p>\n","protected":false},"excerpt":{"rendered":"<p><strong>UNIVERSAL Schnitt (an\/aus)!<\/strong><\/p>\n<p>Klassische MTB-Shorts, die dank eines Mesh-Einsatzes im Lasercut-Verfahren leicht und luftig sind.<\/p>\n<ul>\n<li><strong>4-Wege-Stretch-Mikro-Polyester<\/strong><\/li>\n<li>3 Taschen &#8211; davon eine mit Rei\u00dfverschluss auf der R\u00fcckseite<\/li>\n<li>haben Eins\u00e4tze mit elastischem Bund<\/li>\n<li>perfekt geeignet f\u00fcr Knieschoner<\/li>\n<li>Bel\u00fcftung<\/li>\n<\/ul>\n","protected":false},"featured_media":377081,"comment_status":"open","ping_status":"closed","template":"","meta":[],"product_brand":[],"product_cat":[243,254,255,257,244,428],"product_tag":[],"class_list":{"0":"post-377500","1":"product","2":"type-product","3":"status-publish","4":"has-post-thumbnail","6":"product_cat-er","7":"product_cat-kurzhosen","8":"product_cat-kurzhosen-fuer-frauen","9":"product_cat-kurzhosen-fuer-maenner","10":"product_cat-sie","11":"product_cat-test-de","12":"pa_rozmiary-26-de","13":"pa_rozmiary-28-de","14":"pa_rozmiary-30-de","15":"pa_rozmiary-32-de","16":"pa_rozmiary-34-de","17":"pa_rozmiary-36-de","18":"pa_rozmiary-38-de","20":"first","21":"instock","22":"taxable","23":"shipping-taxable","24":"purchasable","25":"product-type-variable"},"yoast_head":"<!-- This site is optimized with the Yoast SEO plugin v25.4 - https:\/\/yoast.com\/wordpress\/plugins\/seo\/ -->\n<title>Marineblaue Shorts - TYGU<\/title>\n<meta name=\"robots\" content=\"index, follow, max-snippet:-1, max-image-preview:large, max-video-preview:-1\" \/>\n<link rel=\"canonical\" href=\"https:\/\/gotygu.com\/produkt\/2023-spodenki-navy\/\" \/>\n<meta property=\"og:locale\" content=\"de_DE\" \/>\n<meta property=\"og:type\" content=\"article\" \/>\n<meta property=\"og:title\" content=\"Marineblaue Shorts - TYGU\" \/>\n<meta property=\"og:description\" content=\"UNIVERSAL Schnitt (an\/aus)! Klassische MTB-Shorts, die dank eines Mesh-Einsatzes im Lasercut-Verfahren leicht und luftig sind.  4-Wege-Stretch-Mikro-Polyester  3 Taschen - davon eine mit Rei\u00dfverschluss auf der R\u00fcckseite  haben Eins\u00e4tze mit elastischem Bund  perfekt geeignet f\u00fcr Knieschoner  Bel\u00fcftung\" \/>\n<meta property=\"og:url\" content=\"https:\/\/gotygu.com\/produkt\/2023-spodenki-navy\/\" \/>\n<meta property=\"og:site_name\" content=\"TYGU\" \/>\n<meta property=\"article:publisher\" content=\"https:\/\/www.facebook.com\/TYGUapparel\" \/>\n<meta property=\"article:modified_time\" content=\"2025-11-30T23:00:26+00:00\" \/>\n<meta property=\"og:image\" content=\"https:\/\/gotygu.com\/wp-content\/uploads\/2023\/03\/2.jpg\" \/>\n\t<meta property=\"og:image:width\" content=\"1300\" \/>\n\t<meta property=\"og:image:height\" content=\"1300\" \/>\n\t<meta property=\"og:image:type\" content=\"image\/jpeg\" \/>\n<meta name=\"twitter:card\" content=\"summary_large_image\" \/>\n<script type=\"application\/ld+json\" class=\"yoast-schema-graph\">{\"@context\":\"https:\/\/schema.org\",\"@graph\":[{\"@type\":\"WebPage\",\"@id\":\"https:\/\/gotygu.com\/produkt\/2023-spodenki-navy\/\",\"url\":\"https:\/\/gotygu.com\/produkt\/2023-spodenki-navy\/\",\"name\":\"Marineblaue Shorts - TYGU\",\"isPartOf\":{\"@id\":\"https:\/\/gotygu.com\/#website\"},\"primaryImageOfPage\":{\"@id\":\"https:\/\/gotygu.com\/produkt\/2023-spodenki-navy\/#primaryimage\"},\"image\":{\"@id\":\"https:\/\/gotygu.com\/produkt\/2023-spodenki-navy\/#primaryimage\"},\"thumbnailUrl\":\"https:\/\/gotygu.com\/wp-content\/uploads\/2023\/03\/2.jpg\",\"datePublished\":\"2023-03-08T05:58:00+00:00\",\"dateModified\":\"2025-11-30T23:00:26+00:00\",\"breadcrumb\":{\"@id\":\"https:\/\/gotygu.com\/produkt\/2023-spodenki-navy\/#breadcrumb\"},\"inLanguage\":\"de\",\"potentialAction\":[{\"@type\":\"ReadAction\",\"target\":[\"https:\/\/gotygu.com\/produkt\/2023-spodenki-navy\/\"]}]},{\"@type\":\"ImageObject\",\"inLanguage\":\"de\",\"@id\":\"https:\/\/gotygu.com\/produkt\/2023-spodenki-navy\/#primaryimage\",\"url\":\"https:\/\/gotygu.com\/wp-content\/uploads\/2023\/03\/2.jpg\",\"contentUrl\":\"https:\/\/gotygu.com\/wp-content\/uploads\/2023\/03\/2.jpg\",\"width\":1300,\"height\":1300},{\"@type\":\"BreadcrumbList\",\"@id\":\"https:\/\/gotygu.com\/produkt\/2023-spodenki-navy\/#breadcrumb\",\"itemListElement\":[{\"@type\":\"ListItem\",\"position\":1,\"name\":\"Strona g\u0142\u00f3wna\",\"item\":\"https:\/\/gotygu.com\/\"},{\"@type\":\"ListItem\",\"position\":2,\"name\":\"Produkty\",\"item\":\"https:\/\/gotygu.com\/shop\/\"},{\"@type\":\"ListItem\",\"position\":3,\"name\":\"Marineblaue Shorts\"}]},{\"@type\":\"WebSite\",\"@id\":\"https:\/\/gotygu.com\/#website\",\"url\":\"https:\/\/gotygu.com\/\",\"name\":\"TYGU - Polska marka odzie\u017cy\",\"description\":\"Designed To Ride - poznaj Polsk\u0105 mark\u0119\",\"publisher\":{\"@id\":\"https:\/\/gotygu.com\/#organization\"},\"alternateName\":\"Prosto z serca Beskid\u00f3w. Autorskie projekty odzie\u017cy i akcesori\u00f3w rowerowych. Odzie\u017c Merino dla rowerzyst\u00f3w\",\"potentialAction\":[{\"@type\":\"SearchAction\",\"target\":{\"@type\":\"EntryPoint\",\"urlTemplate\":\"https:\/\/gotygu.com\/?s={search_term_string}\"},\"query-input\":{\"@type\":\"PropertyValueSpecification\",\"valueRequired\":true,\"valueName\":\"search_term_string\"}}],\"inLanguage\":\"de\"},{\"@type\":\"Organization\",\"@id\":\"https:\/\/gotygu.com\/#organization\",\"name\":\"Polska marka rowerowa z serca beskid\u00f3w. Odzie\u017c i akcesoria rowerowa projektowane przez rowerzyst\u00f3w. Odzie\u017c merino, enduro i mtb.\",\"url\":\"https:\/\/gotygu.com\/\",\"logo\":{\"@type\":\"ImageObject\",\"inLanguage\":\"de\",\"@id\":\"https:\/\/gotygu.com\/#\/schema\/logo\/image\/\",\"url\":\"https:\/\/gotygu.com\/wp-content\/uploads\/2023\/12\/tygu-gory.png\",\"contentUrl\":\"https:\/\/gotygu.com\/wp-content\/uploads\/2023\/12\/tygu-gory.png\",\"width\":512,\"height\":512,\"caption\":\"Polska marka rowerowa z serca beskid\u00f3w. Odzie\u017c i akcesoria rowerowa projektowane przez rowerzyst\u00f3w. Odzie\u017c merino, enduro i mtb.\"},\"image\":{\"@id\":\"https:\/\/gotygu.com\/#\/schema\/logo\/image\/\"},\"sameAs\":[\"https:\/\/www.facebook.com\/TYGUapparel\"]}]}<\/script>\n<!-- \/ Yoast SEO plugin. -->","yoast_head_json":{"title":"Marineblaue Shorts - TYGU","robots":{"index":"index","follow":"follow","max-snippet":"max-snippet:-1","max-image-preview":"max-image-preview:large","max-video-preview":"max-video-preview:-1"},"canonical":"https:\/\/gotygu.com\/produkt\/2023-spodenki-navy\/","og_locale":"de_DE","og_type":"article","og_title":"Marineblaue Shorts - TYGU","og_description":"UNIVERSAL Schnitt (an\/aus)! Klassische MTB-Shorts, die dank eines Mesh-Einsatzes im Lasercut-Verfahren leicht und luftig sind.  4-Wege-Stretch-Mikro-Polyester  3 Taschen - davon eine mit Rei\u00dfverschluss auf der R\u00fcckseite  haben Eins\u00e4tze mit elastischem Bund  perfekt geeignet f\u00fcr Knieschoner  Bel\u00fcftung","og_url":"https:\/\/gotygu.com\/produkt\/2023-spodenki-navy\/","og_site_name":"TYGU","article_publisher":"https:\/\/www.facebook.com\/TYGUapparel","article_modified_time":"2025-11-30T23:00:26+00:00","og_image":[{"width":1300,"height":1300,"url":"https:\/\/gotygu.com\/wp-content\/uploads\/2023\/03\/2.jpg","type":"image\/jpeg"}],"twitter_card":"summary_large_image","schema":{"@context":"https:\/\/schema.org","@graph":[{"@type":"WebPage","@id":"https:\/\/gotygu.com\/produkt\/2023-spodenki-navy\/","url":"https:\/\/gotygu.com\/produkt\/2023-spodenki-navy\/","name":"Marineblaue Shorts - TYGU","isPartOf":{"@id":"https:\/\/gotygu.com\/#website"},"primaryImageOfPage":{"@id":"https:\/\/gotygu.com\/produkt\/2023-spodenki-navy\/#primaryimage"},"image":{"@id":"https:\/\/gotygu.com\/produkt\/2023-spodenki-navy\/#primaryimage"},"thumbnailUrl":"https:\/\/gotygu.com\/wp-content\/uploads\/2023\/03\/2.jpg","datePublished":"2023-03-08T05:58:00+00:00","dateModified":"2025-11-30T23:00:26+00:00","breadcrumb":{"@id":"https:\/\/gotygu.com\/produkt\/2023-spodenki-navy\/#breadcrumb"},"inLanguage":"de","potentialAction":[{"@type":"ReadAction","target":["https:\/\/gotygu.com\/produkt\/2023-spodenki-navy\/"]}]},{"@type":"ImageObject","inLanguage":"de","@id":"https:\/\/gotygu.com\/produkt\/2023-spodenki-navy\/#primaryimage","url":"https:\/\/gotygu.com\/wp-content\/uploads\/2023\/03\/2.jpg","contentUrl":"https:\/\/gotygu.com\/wp-content\/uploads\/2023\/03\/2.jpg","width":1300,"height":1300},{"@type":"BreadcrumbList","@id":"https:\/\/gotygu.com\/produkt\/2023-spodenki-navy\/#breadcrumb","itemListElement":[{"@type":"ListItem","position":1,"name":"Strona g\u0142\u00f3wna","item":"https:\/\/gotygu.com\/"},{"@type":"ListItem","position":2,"name":"Produkty","item":"https:\/\/gotygu.com\/shop\/"},{"@type":"ListItem","position":3,"name":"Marineblaue Shorts"}]},{"@type":"WebSite","@id":"https:\/\/gotygu.com\/#website","url":"https:\/\/gotygu.com\/","name":"TYGU - Polska marka odzie\u017cy","description":"Designed To Ride - poznaj Polsk\u0105 mark\u0119","publisher":{"@id":"https:\/\/gotygu.com\/#organization"},"alternateName":"Prosto z serca Beskid\u00f3w. Autorskie projekty odzie\u017cy i akcesori\u00f3w rowerowych. Odzie\u017c Merino dla rowerzyst\u00f3w","potentialAction":[{"@type":"SearchAction","target":{"@type":"EntryPoint","urlTemplate":"https:\/\/gotygu.com\/?s={search_term_string}"},"query-input":{"@type":"PropertyValueSpecification","valueRequired":true,"valueName":"search_term_string"}}],"inLanguage":"de"},{"@type":"Organization","@id":"https:\/\/gotygu.com\/#organization","name":"Polska marka rowerowa z serca beskid\u00f3w. Odzie\u017c i akcesoria rowerowa projektowane przez rowerzyst\u00f3w. Odzie\u017c merino, enduro i mtb.","url":"https:\/\/gotygu.com\/","logo":{"@type":"ImageObject","inLanguage":"de","@id":"https:\/\/gotygu.com\/#\/schema\/logo\/image\/","url":"https:\/\/gotygu.com\/wp-content\/uploads\/2023\/12\/tygu-gory.png","contentUrl":"https:\/\/gotygu.com\/wp-content\/uploads\/2023\/12\/tygu-gory.png","width":512,"height":512,"caption":"Polska marka rowerowa z serca beskid\u00f3w. Odzie\u017c i akcesoria rowerowa projektowane przez rowerzyst\u00f3w. Odzie\u017c merino, enduro i mtb."},"image":{"@id":"https:\/\/gotygu.com\/#\/schema\/logo\/image\/"},"sameAs":["https:\/\/www.facebook.com\/TYGUapparel"]}]}},"_links":{"self":[{"href":"https:\/\/gotygu.com\/de\/wp-json\/wp\/v2\/product\/377500"}],"collection":[{"href":"https:\/\/gotygu.com\/de\/wp-json\/wp\/v2\/product"}],"about":[{"href":"https:\/\/gotygu.com\/de\/wp-json\/wp\/v2\/types\/product"}],"replies":[{"embeddable":true,"href":"https:\/\/gotygu.com\/de\/wp-json\/wp\/v2\/comments?post=377500"}],"wp:featuredmedia":[{"embeddable":true,"href":"https:\/\/gotygu.com\/de\/wp-json\/wp\/v2\/media\/377081"}],"wp:attachment":[{"href":"https:\/\/gotygu.com\/de\/wp-json\/wp\/v2\/media?parent=377500"}],"wp:term":[{"taxonomy":"product_brand","embeddable":true,"href":"https:\/\/gotygu.com\/de\/wp-json\/wp\/v2\/product_brand?post=377500"},{"taxonomy":"product_cat","embeddable":true,"href":"https:\/\/gotygu.com\/de\/wp-json\/wp\/v2\/product_cat?post=377500"},{"taxonomy":"product_tag","embeddable":true,"href":"https:\/\/gotygu.com\/de\/wp-json\/wp\/v2\/product_tag?post=377500"}],"curies":[{"name":"wp","href":"https:\/\/api.w.org\/{rel}","templated":true}]}}