{"id":377485,"date":"2023-03-15T20:19:00","date_gmt":"2023-03-15T19:19:00","guid":{"rendered":"https:\/\/gotygu.com\/produkt\/flame-schwarz\/"},"modified":"2025-12-01T00:00:17","modified_gmt":"2025-11-30T23:00:17","slug":"flammenschwarz","status":"publish","type":"product","link":"https:\/\/gotygu.com\/de\/produkt\/flammenschwarz\/","title":{"rendered":"FLAME Schwarz"},"content":{"rendered":"","protected":false},"excerpt":{"rendered":"<table>\n<tbody>\n<tr>\n<td><\/td>\n<td>\n<h3 class=\"elementor-image-box-title\">PHOTOCHROME<br \/>\nInklusive 2 Glasscheiben<\/h3>\n<p class=\"elementor-image-box-description\">Alle Modellen liefern wir mit zus\u04d3tzlichem PHOTOCHROMGLAS. Alle Modellen liefern wir mit zus\u04d3tzlichem PHOTOCHROMGLAS.<\/p>\n<\/td>\n<\/tr>\n<tr>\n<td><\/td>\n<td>\n<h3 class=\"elementor-image-box-title\">REVO \u00ae Linsen-Technologie<\/h3>\n<p>Aktuelle Glasnorm, UV400, 5. Generation Antiscratch. und REVO-Technologie f\u00fcr hohen Kontrast<\/td>\n<\/tr>\n<tr>\n<td><\/td>\n<td>\n<h3 class=\"elementor-image-box-title\">ADAPT<\/h3>\n<p class=\"elementor-image-box-description\">Rahmen und Nasenpads dank flexiblem Rahmen- und Nasenst\u00fcckmaterial<\/p>\n<\/td>\n<\/tr>\n<tr>\n<td><\/td>\n<td>\n<p class=\"elementor-image-box-description\">\n<\/td>\n<\/tr>\n<\/tbody>\n<\/table>\n<p><!-- DivTable.com --><\/p>\n","protected":false},"featured_media":377089,"comment_status":"open","ping_status":"closed","template":"","meta":[],"product_brand":[],"product_cat":[247,248,224],"product_tag":[],"class_list":{"0":"post-377485","1":"product","2":"type-product","3":"status-publish","4":"has-post-thumbnail","6":"product_cat-brille","7":"product_cat-brille-flame","8":"product_cat-kollektion-2023","10":"first","11":"instock","12":"taxable","13":"shipping-taxable","14":"purchasable","15":"product-type-simple"},"yoast_head":"<!-- This site is optimized with the Yoast SEO plugin v25.4 - https:\/\/yoast.com\/wordpress\/plugins\/seo\/ -->\n<title>FLAME Schwarz - TYGU<\/title>\n<meta name=\"robots\" content=\"index, follow, max-snippet:-1, max-image-preview:large, max-video-preview:-1\" \/>\n<link rel=\"canonical\" href=\"https:\/\/gotygu.com\/produkt\/okulary-flame-black\/\" \/>\n<meta property=\"og:locale\" content=\"de_DE\" \/>\n<meta property=\"og:type\" content=\"article\" \/>\n<meta property=\"og:title\" content=\"FLAME Schwarz - TYGU\" \/>\n<meta property=\"og:description\" content=\"PHOTOCHROME Inklusive 2 Glasscheiben Alle Modellen liefern wir mit zus\u04d3tzlichem PHOTOCHROMGLAS. Alle Modellen liefern wir mit zus\u04d3tzlichem PHOTOCHROMGLAS.   REVO \u00ae Linsen-Technologie Aktuelle Glasnorm, UV400, 5. Generation Antiscratch. und REVO-Technologie f\u00fcr hohen Kontrast   ADAPT Rahmen und Nasenpads dank flexiblem Rahmen- und Nasenst\u00fcckmaterial\" \/>\n<meta property=\"og:url\" content=\"https:\/\/gotygu.com\/produkt\/okulary-flame-black\/\" \/>\n<meta property=\"og:site_name\" content=\"TYGU\" \/>\n<meta property=\"article:publisher\" content=\"https:\/\/www.facebook.com\/TYGUapparel\" \/>\n<meta property=\"article:modified_time\" content=\"2025-11-30T23:00:17+00:00\" \/>\n<meta property=\"og:image\" content=\"https:\/\/gotygu.com\/wp-content\/uploads\/2023\/03\/1.n.jpg\" \/>\n\t<meta property=\"og:image:width\" content=\"2500\" \/>\n\t<meta property=\"og:image:height\" content=\"2500\" \/>\n\t<meta property=\"og:image:type\" content=\"image\/jpeg\" \/>\n<meta name=\"twitter:card\" content=\"summary_large_image\" \/>\n<script type=\"application\/ld+json\" class=\"yoast-schema-graph\">{\"@context\":\"https:\/\/schema.org\",\"@graph\":[{\"@type\":\"WebPage\",\"@id\":\"https:\/\/gotygu.com\/produkt\/okulary-flame-black\/\",\"url\":\"https:\/\/gotygu.com\/produkt\/okulary-flame-black\/\",\"name\":\"FLAME Schwarz - TYGU\",\"isPartOf\":{\"@id\":\"https:\/\/gotygu.com\/#website\"},\"primaryImageOfPage\":{\"@id\":\"https:\/\/gotygu.com\/produkt\/okulary-flame-black\/#primaryimage\"},\"image\":{\"@id\":\"https:\/\/gotygu.com\/produkt\/okulary-flame-black\/#primaryimage\"},\"thumbnailUrl\":\"https:\/\/gotygu.com\/wp-content\/uploads\/2023\/03\/1.n.jpg\",\"datePublished\":\"2023-03-15T19:19:00+00:00\",\"dateModified\":\"2025-11-30T23:00:17+00:00\",\"breadcrumb\":{\"@id\":\"https:\/\/gotygu.com\/produkt\/okulary-flame-black\/#breadcrumb\"},\"inLanguage\":\"de\",\"potentialAction\":[{\"@type\":\"ReadAction\",\"target\":[\"https:\/\/gotygu.com\/produkt\/okulary-flame-black\/\"]}]},{\"@type\":\"ImageObject\",\"inLanguage\":\"de\",\"@id\":\"https:\/\/gotygu.com\/produkt\/okulary-flame-black\/#primaryimage\",\"url\":\"https:\/\/gotygu.com\/wp-content\/uploads\/2023\/03\/1.n.jpg\",\"contentUrl\":\"https:\/\/gotygu.com\/wp-content\/uploads\/2023\/03\/1.n.jpg\",\"width\":2500,\"height\":2500},{\"@type\":\"BreadcrumbList\",\"@id\":\"https:\/\/gotygu.com\/produkt\/okulary-flame-black\/#breadcrumb\",\"itemListElement\":[{\"@type\":\"ListItem\",\"position\":1,\"name\":\"Strona g\u0142\u00f3wna\",\"item\":\"https:\/\/gotygu.com\/\"},{\"@type\":\"ListItem\",\"position\":2,\"name\":\"Produkty\",\"item\":\"https:\/\/gotygu.com\/shop\/\"},{\"@type\":\"ListItem\",\"position\":3,\"name\":\"FLAME Schwarz\"}]},{\"@type\":\"WebSite\",\"@id\":\"https:\/\/gotygu.com\/#website\",\"url\":\"https:\/\/gotygu.com\/\",\"name\":\"TYGU - Polska marka odzie\u017cy\",\"description\":\"Designed To Ride - poznaj Polsk\u0105 mark\u0119\",\"publisher\":{\"@id\":\"https:\/\/gotygu.com\/#organization\"},\"alternateName\":\"Prosto z serca Beskid\u00f3w. Autorskie projekty odzie\u017cy i akcesori\u00f3w rowerowych. Odzie\u017c Merino dla rowerzyst\u00f3w\",\"potentialAction\":[{\"@type\":\"SearchAction\",\"target\":{\"@type\":\"EntryPoint\",\"urlTemplate\":\"https:\/\/gotygu.com\/?s={search_term_string}\"},\"query-input\":{\"@type\":\"PropertyValueSpecification\",\"valueRequired\":true,\"valueName\":\"search_term_string\"}}],\"inLanguage\":\"de\"},{\"@type\":\"Organization\",\"@id\":\"https:\/\/gotygu.com\/#organization\",\"name\":\"Polska marka rowerowa z serca beskid\u00f3w. Odzie\u017c i akcesoria rowerowa projektowane przez rowerzyst\u00f3w. Odzie\u017c merino, enduro i mtb.\",\"url\":\"https:\/\/gotygu.com\/\",\"logo\":{\"@type\":\"ImageObject\",\"inLanguage\":\"de\",\"@id\":\"https:\/\/gotygu.com\/#\/schema\/logo\/image\/\",\"url\":\"https:\/\/gotygu.com\/wp-content\/uploads\/2023\/12\/tygu-gory.png\",\"contentUrl\":\"https:\/\/gotygu.com\/wp-content\/uploads\/2023\/12\/tygu-gory.png\",\"width\":512,\"height\":512,\"caption\":\"Polska marka rowerowa z serca beskid\u00f3w. Odzie\u017c i akcesoria rowerowa projektowane przez rowerzyst\u00f3w. Odzie\u017c merino, enduro i mtb.\"},\"image\":{\"@id\":\"https:\/\/gotygu.com\/#\/schema\/logo\/image\/\"},\"sameAs\":[\"https:\/\/www.facebook.com\/TYGUapparel\"]}]}<\/script>\n<!-- \/ Yoast SEO plugin. -->","yoast_head_json":{"title":"FLAME Schwarz - TYGU","robots":{"index":"index","follow":"follow","max-snippet":"max-snippet:-1","max-image-preview":"max-image-preview:large","max-video-preview":"max-video-preview:-1"},"canonical":"https:\/\/gotygu.com\/produkt\/okulary-flame-black\/","og_locale":"de_DE","og_type":"article","og_title":"FLAME Schwarz - TYGU","og_description":"PHOTOCHROME Inklusive 2 Glasscheiben Alle Modellen liefern wir mit zus\u04d3tzlichem PHOTOCHROMGLAS. Alle Modellen liefern wir mit zus\u04d3tzlichem PHOTOCHROMGLAS.   REVO \u00ae Linsen-Technologie Aktuelle Glasnorm, UV400, 5. Generation Antiscratch. und REVO-Technologie f\u00fcr hohen Kontrast   ADAPT Rahmen und Nasenpads dank flexiblem Rahmen- und Nasenst\u00fcckmaterial","og_url":"https:\/\/gotygu.com\/produkt\/okulary-flame-black\/","og_site_name":"TYGU","article_publisher":"https:\/\/www.facebook.com\/TYGUapparel","article_modified_time":"2025-11-30T23:00:17+00:00","og_image":[{"width":2500,"height":2500,"url":"https:\/\/gotygu.com\/wp-content\/uploads\/2023\/03\/1.n.jpg","type":"image\/jpeg"}],"twitter_card":"summary_large_image","schema":{"@context":"https:\/\/schema.org","@graph":[{"@type":"WebPage","@id":"https:\/\/gotygu.com\/produkt\/okulary-flame-black\/","url":"https:\/\/gotygu.com\/produkt\/okulary-flame-black\/","name":"FLAME Schwarz - TYGU","isPartOf":{"@id":"https:\/\/gotygu.com\/#website"},"primaryImageOfPage":{"@id":"https:\/\/gotygu.com\/produkt\/okulary-flame-black\/#primaryimage"},"image":{"@id":"https:\/\/gotygu.com\/produkt\/okulary-flame-black\/#primaryimage"},"thumbnailUrl":"https:\/\/gotygu.com\/wp-content\/uploads\/2023\/03\/1.n.jpg","datePublished":"2023-03-15T19:19:00+00:00","dateModified":"2025-11-30T23:00:17+00:00","breadcrumb":{"@id":"https:\/\/gotygu.com\/produkt\/okulary-flame-black\/#breadcrumb"},"inLanguage":"de","potentialAction":[{"@type":"ReadAction","target":["https:\/\/gotygu.com\/produkt\/okulary-flame-black\/"]}]},{"@type":"ImageObject","inLanguage":"de","@id":"https:\/\/gotygu.com\/produkt\/okulary-flame-black\/#primaryimage","url":"https:\/\/gotygu.com\/wp-content\/uploads\/2023\/03\/1.n.jpg","contentUrl":"https:\/\/gotygu.com\/wp-content\/uploads\/2023\/03\/1.n.jpg","width":2500,"height":2500},{"@type":"BreadcrumbList","@id":"https:\/\/gotygu.com\/produkt\/okulary-flame-black\/#breadcrumb","itemListElement":[{"@type":"ListItem","position":1,"name":"Strona g\u0142\u00f3wna","item":"https:\/\/gotygu.com\/"},{"@type":"ListItem","position":2,"name":"Produkty","item":"https:\/\/gotygu.com\/shop\/"},{"@type":"ListItem","position":3,"name":"FLAME Schwarz"}]},{"@type":"WebSite","@id":"https:\/\/gotygu.com\/#website","url":"https:\/\/gotygu.com\/","name":"TYGU - Polska marka odzie\u017cy","description":"Designed To Ride - poznaj Polsk\u0105 mark\u0119","publisher":{"@id":"https:\/\/gotygu.com\/#organization"},"alternateName":"Prosto z serca Beskid\u00f3w. Autorskie projekty odzie\u017cy i akcesori\u00f3w rowerowych. Odzie\u017c Merino dla rowerzyst\u00f3w","potentialAction":[{"@type":"SearchAction","target":{"@type":"EntryPoint","urlTemplate":"https:\/\/gotygu.com\/?s={search_term_string}"},"query-input":{"@type":"PropertyValueSpecification","valueRequired":true,"valueName":"search_term_string"}}],"inLanguage":"de"},{"@type":"Organization","@id":"https:\/\/gotygu.com\/#organization","name":"Polska marka rowerowa z serca beskid\u00f3w. Odzie\u017c i akcesoria rowerowa projektowane przez rowerzyst\u00f3w. Odzie\u017c merino, enduro i mtb.","url":"https:\/\/gotygu.com\/","logo":{"@type":"ImageObject","inLanguage":"de","@id":"https:\/\/gotygu.com\/#\/schema\/logo\/image\/","url":"https:\/\/gotygu.com\/wp-content\/uploads\/2023\/12\/tygu-gory.png","contentUrl":"https:\/\/gotygu.com\/wp-content\/uploads\/2023\/12\/tygu-gory.png","width":512,"height":512,"caption":"Polska marka rowerowa z serca beskid\u00f3w. Odzie\u017c i akcesoria rowerowa projektowane przez rowerzyst\u00f3w. Odzie\u017c merino, enduro i mtb."},"image":{"@id":"https:\/\/gotygu.com\/#\/schema\/logo\/image\/"},"sameAs":["https:\/\/www.facebook.com\/TYGUapparel"]}]}},"_links":{"self":[{"href":"https:\/\/gotygu.com\/de\/wp-json\/wp\/v2\/product\/377485"}],"collection":[{"href":"https:\/\/gotygu.com\/de\/wp-json\/wp\/v2\/product"}],"about":[{"href":"https:\/\/gotygu.com\/de\/wp-json\/wp\/v2\/types\/product"}],"replies":[{"embeddable":true,"href":"https:\/\/gotygu.com\/de\/wp-json\/wp\/v2\/comments?post=377485"}],"wp:featuredmedia":[{"embeddable":true,"href":"https:\/\/gotygu.com\/de\/wp-json\/wp\/v2\/media\/377089"}],"wp:attachment":[{"href":"https:\/\/gotygu.com\/de\/wp-json\/wp\/v2\/media?parent=377485"}],"wp:term":[{"taxonomy":"product_brand","embeddable":true,"href":"https:\/\/gotygu.com\/de\/wp-json\/wp\/v2\/product_brand?post=377485"},{"taxonomy":"product_cat","embeddable":true,"href":"https:\/\/gotygu.com\/de\/wp-json\/wp\/v2\/product_cat?post=377485"},{"taxonomy":"product_tag","embeddable":true,"href":"https:\/\/gotygu.com\/de\/wp-json\/wp\/v2\/product_tag?post=377485"}],"curies":[{"name":"wp","href":"https:\/\/api.w.org\/{rel}","templated":true}]}}