{"id":383798,"date":"2023-10-31T15:54:45","date_gmt":"2023-10-31T14:54:45","guid":{"rendered":"https:\/\/gotygu.com\/rueckgabe\/"},"modified":"2025-10-14T13:18:05","modified_gmt":"2025-10-14T11:18:05","slug":"rueckgabe","status":"publish","type":"page","link":"https:\/\/gotygu.com\/de\/rueckgabe\/","title":{"rendered":"R\u00fcckgabe"},"content":{"rendered":"\t\t<div data-elementor-type=\"wp-page\" data-elementor-id=\"383798\" class=\"elementor elementor-383798 elementor-379645\" data-elementor-post-type=\"page\">\n\t\t\t\t<div class=\"elementor-element elementor-element-d69ffa8 e-flex e-con-boxed e-con e-parent\" data-id=\"d69ffa8\" data-element_type=\"container\" data-e-type=\"container\" data-settings=\"{&quot;background_background&quot;:&quot;classic&quot;}\">\n\t\t\t\t\t<div class=\"e-con-inner\">\n\t\t\t\t<div class=\"elementor-element elementor-element-d69062d elementor-widget elementor-widget-heading\" data-id=\"d69062d\" data-element_type=\"widget\" data-e-type=\"widget\" data-widget_type=\"heading.default\">\n\t\t\t\t<div class=\"elementor-widget-container\">\n\t\t\t\t\t<h2 class=\"elementor-heading-title elementor-size-default\">R\u00fcckgabe<\/h2>\t\t\t\t<\/div>\n\t\t\t\t<\/div>\n\t\t\t\t\t<\/div>\n\t\t\t\t<\/div>\n\t\t<div class=\"elementor-element elementor-element-d385a69 e-flex e-con-boxed e-con e-parent\" data-id=\"d385a69\" data-element_type=\"container\" data-e-type=\"container\">\n\t\t\t\t\t<div class=\"e-con-inner\">\n\t\t\t\t<div class=\"elementor-element elementor-element-b23f08b elementor-widget elementor-widget-heading\" data-id=\"b23f08b\" data-element_type=\"widget\" data-e-type=\"widget\" data-widget_type=\"heading.default\">\n\t\t\t\t<div class=\"elementor-widget-container\">\n\t\t\t\t\t<h2 class=\"elementor-heading-title elementor-size-default\">Um ein Paket zur\u00fcckzusenden, f\u00fcllen Sie bitte das R\u00fccksendeformular aus und legen es zusammen mit den zur\u00fcckgesendeten Produkten in das Paket.<\/h2>\t\t\t\t<\/div>\n\t\t\t\t<\/div>\n\t\t\t\t<div class=\"elementor-element elementor-element-1db36af elementor-widget elementor-widget-heading\" data-id=\"1db36af\" data-element_type=\"widget\" data-e-type=\"widget\" data-widget_type=\"heading.default\">\n\t\t\t\t<div class=\"elementor-widget-container\">\n\t\t\t\t\t<h2 class=\"elementor-heading-title elementor-size-default\">Lieferadressen:<\/h2>\t\t\t\t<\/div>\n\t\t\t\t<\/div>\n\t\t<div class=\"elementor-element elementor-element-a679e8f e-con-full e-flex e-con e-child\" data-id=\"a679e8f\" data-element_type=\"container\" data-e-type=\"container\">\n\t\t<div class=\"elementor-element elementor-element-7568916 e-con-full e-flex e-con e-child\" data-id=\"7568916\" data-element_type=\"container\" data-e-type=\"container\">\n\t\t\t\t<div class=\"elementor-element elementor-element-eb9329e elementor-widget elementor-widget-heading\" data-id=\"eb9329e\" data-element_type=\"widget\" data-e-type=\"widget\" data-widget_type=\"heading.default\">\n\t\t\t\t<div class=\"elementor-widget-container\">\n\t\t\t\t\t<h2 class=\"elementor-heading-title elementor-size-default\">Inpost-Paketautomaten:<\/h2>\t\t\t\t<\/div>\n\t\t\t\t<\/div>\n\t\t\t\t<div class=\"elementor-element elementor-element-3ec4a39 elementor-widget elementor-widget-text-editor\" data-id=\"3ec4a39\" data-element_type=\"widget\" data-e-type=\"widget\" data-widget_type=\"text-editor.default\">\n\t\t\t\t<div class=\"elementor-widget-container\">\n\t\t\t\t\t\t\t\t\t<p><span style=\"font-weight: 400;\">Parzelle Nr: ZWC03A <\/span><\/p>\n<p><span style=\"font-weight: 400;\">Telefon-Nr.: +48 533 150 105 <\/span><\/p>\n<p><span style=\"font-weight: 400;\">E-Mail Adresse: kontakt@gotygu.com<\/span><\/p>\n\t\t\t\t\t\t\t\t<\/div>\n\t\t\t\t<\/div>\n\t\t\t\t<\/div>\n\t\t<div class=\"elementor-element elementor-element-7871d1c e-con-full e-flex e-con e-child\" data-id=\"7871d1c\" data-element_type=\"container\" data-e-type=\"container\">\n\t\t\t\t<div class=\"elementor-element elementor-element-b4284aa elementor-widget elementor-widget-heading\" data-id=\"b4284aa\" data-element_type=\"widget\" data-e-type=\"widget\" data-widget_type=\"heading.default\">\n\t\t\t\t<div class=\"elementor-widget-container\">\n\t\t\t\t\t<h2 class=\"elementor-heading-title elementor-size-default\">Kurier:<\/h2>\t\t\t\t<\/div>\n\t\t\t\t<\/div>\n\t\t\t\t<div class=\"elementor-element elementor-element-b144313 elementor-widget elementor-widget-text-editor\" data-id=\"b144313\" data-element_type=\"widget\" data-e-type=\"widget\" data-widget_type=\"text-editor.default\">\n\t\t\t\t<div class=\"elementor-widget-container\">\n\t\t\t\t\t\t\t\t\t<p><span style=\"font-weight: 400;\">Adresse: <\/span>Kopernika Stra\u00dfe 92a, 34-300 \u017bywiec <\/p>\n<p><span style=\"font-weight: 400;\">Telefon-Nr.: +48 533 150 105 <\/span><\/p>\n<p><span style=\"font-weight: 400;\">E-Mail Adresse: kontakt@gotygu.com<\/span><\/p>\n\t\t\t\t\t\t\t\t<\/div>\n\t\t\t\t<\/div>\n\t\t\t\t<\/div>\n\t\t\t\t<\/div>\n\t\t\t\t<div class=\"elementor-element elementor-element-b7a5a10 elementor-align-center elementor-widget elementor-widget-button\" data-id=\"b7a5a10\" data-element_type=\"widget\" data-e-type=\"widget\" data-widget_type=\"button.default\">\n\t\t\t\t<div class=\"elementor-widget-container\">\n\t\t\t\t\t\t\t\t\t<div class=\"elementor-button-wrapper\">\n\t\t\t\t\t<a class=\"elementor-button elementor-button-link elementor-size-sm\" href=\"https:\/\/gotygu.com\/wp-content\/uploads\/2025\/10\/Tygu-formularz-\u2013-DE-1.pdf\" target=\"_blank\" rel=\"nofollow\" download=\"Tygu-formularz-\u2013-DE-1.pdf\">\n\t\t\t\t\t\t<span class=\"elementor-button-content-wrapper\">\n\t\t\t\t\t\t<span class=\"elementor-button-icon\">\n\t\t\t\t<i aria-hidden=\"true\" class=\"fas fa-file-download\"><\/i>\t\t\t<\/span>\n\t\t\t\t\t\t\t\t\t<span class=\"elementor-button-text\">Laden Sie das R\u00fccksendeformular herunter<\/span>\n\t\t\t\t\t<\/span>\n\t\t\t\t\t<\/a>\n\t\t\t\t<\/div>\n\t\t\t\t\t\t\t\t<\/div>\n\t\t\t\t<\/div>\n\t\t\t\t\t<\/div>\n\t\t\t\t<\/div>\n\t\t\t\t<\/div>\n\t\t","protected":false},"excerpt":{"rendered":"<p>R\u00fcckgabe Um ein Paket zur\u00fcckzusenden, f\u00fcllen Sie bitte das R\u00fccksendeformular aus und legen es zusammen mit den zur\u00fcckgesendeten Produkten in das Paket. Lieferadressen: Inpost-Paketautomaten: Parzelle Nr: ZWC03A Telefon-Nr.: +48 533 150 105 E-Mail Adresse: kontakt@gotygu.com Kurier: Adresse: Kopernika Stra\u00dfe 92a, 34-300 \u017bywiec Telefon-Nr.: +48 533 150 105 E-Mail Adresse: kontakt@gotygu.com Laden Sie das R\u00fccksendeformular herunter<\/p>\n","protected":false},"author":3016,"featured_media":0,"parent":0,"menu_order":0,"comment_status":"closed","ping_status":"closed","template":"elementor_header_footer","meta":{"footnotes":""},"class_list":["post-383798","page","type-page","status-publish","hentry"],"yoast_head":"<!-- This site is optimized with the Yoast SEO plugin v25.4 - https:\/\/yoast.com\/wordpress\/plugins\/seo\/ -->\n<title>R\u00fcckgabe - TYGU<\/title>\n<meta name=\"robots\" content=\"index, follow, max-snippet:-1, max-image-preview:large, max-video-preview:-1\" \/>\n<link rel=\"canonical\" href=\"https:\/\/gotygu.com\/zwroty-2\/\" \/>\n<meta property=\"og:locale\" content=\"de_DE\" \/>\n<meta property=\"og:type\" content=\"article\" \/>\n<meta property=\"og:title\" content=\"R\u00fcckgabe - TYGU\" \/>\n<meta property=\"og:description\" content=\"R\u00fcckgabe Um ein Paket zur\u00fcckzusenden, f\u00fcllen Sie bitte das R\u00fccksendeformular aus und legen es zusammen mit den zur\u00fcckgesendeten Produkten in das Paket. Lieferadressen: Inpost-Paketautomaten: Parzelle Nr: ZWC03A Telefon-Nr.: +48 533 150 105 E-Mail Adresse: kontakt@gotygu.com Kurier: Adresse: Kopernika Stra\u00dfe 92a, 34-300 \u017bywiec Telefon-Nr.: +48 533 150 105 E-Mail Adresse: kontakt@gotygu.com Laden Sie das R\u00fccksendeformular herunter\" \/>\n<meta property=\"og:url\" content=\"https:\/\/gotygu.com\/zwroty-2\/\" \/>\n<meta property=\"og:site_name\" content=\"TYGU\" \/>\n<meta property=\"article:publisher\" content=\"https:\/\/www.facebook.com\/TYGUapparel\" \/>\n<meta property=\"article:modified_time\" content=\"2025-10-14T11:18:05+00:00\" \/>\n<meta property=\"og:image\" content=\"https:\/\/gotygu.com\/wp-content\/uploads\/2023\/12\/tygu-gory.png\" \/>\n\t<meta property=\"og:image:width\" content=\"512\" \/>\n\t<meta property=\"og:image:height\" content=\"512\" \/>\n\t<meta property=\"og:image:type\" content=\"image\/png\" \/>\n<meta name=\"twitter:card\" content=\"summary_large_image\" \/>\n<meta name=\"twitter:label1\" content=\"Gesch\u00e4tzte Lesezeit\" \/>\n\t<meta name=\"twitter:data1\" content=\"1\u00a0Minute\" \/>\n<script type=\"application\/ld+json\" class=\"yoast-schema-graph\">{\"@context\":\"https:\/\/schema.org\",\"@graph\":[{\"@type\":\"WebPage\",\"@id\":\"https:\/\/gotygu.com\/zwroty-2\/\",\"url\":\"https:\/\/gotygu.com\/zwroty-2\/\",\"name\":\"R\u00fcckgabe - TYGU\",\"isPartOf\":{\"@id\":\"https:\/\/gotygu.com\/#website\"},\"datePublished\":\"2023-10-31T14:54:45+00:00\",\"dateModified\":\"2025-10-14T11:18:05+00:00\",\"breadcrumb\":{\"@id\":\"https:\/\/gotygu.com\/zwroty-2\/#breadcrumb\"},\"inLanguage\":\"de\",\"potentialAction\":[{\"@type\":\"ReadAction\",\"target\":[\"https:\/\/gotygu.com\/zwroty-2\/\"]}]},{\"@type\":\"BreadcrumbList\",\"@id\":\"https:\/\/gotygu.com\/zwroty-2\/#breadcrumb\",\"itemListElement\":[{\"@type\":\"ListItem\",\"position\":1,\"name\":\"Strona g\u0142\u00f3wna\",\"item\":\"https:\/\/gotygu.com\/\"},{\"@type\":\"ListItem\",\"position\":2,\"name\":\"R\u00fcckgabe\"}]},{\"@type\":\"WebSite\",\"@id\":\"https:\/\/gotygu.com\/#website\",\"url\":\"https:\/\/gotygu.com\/\",\"name\":\"TYGU - Polska marka odzie\u017cy\",\"description\":\"Designed To Ride - poznaj Polsk\u0105 mark\u0119\",\"publisher\":{\"@id\":\"https:\/\/gotygu.com\/#organization\"},\"alternateName\":\"Prosto z serca Beskid\u00f3w. Autorskie projekty odzie\u017cy i akcesori\u00f3w rowerowych. Odzie\u017c Merino dla rowerzyst\u00f3w\",\"potentialAction\":[{\"@type\":\"SearchAction\",\"target\":{\"@type\":\"EntryPoint\",\"urlTemplate\":\"https:\/\/gotygu.com\/?s={search_term_string}\"},\"query-input\":{\"@type\":\"PropertyValueSpecification\",\"valueRequired\":true,\"valueName\":\"search_term_string\"}}],\"inLanguage\":\"de\"},{\"@type\":\"Organization\",\"@id\":\"https:\/\/gotygu.com\/#organization\",\"name\":\"Polska marka rowerowa z serca beskid\u00f3w. Odzie\u017c i akcesoria rowerowa projektowane przez rowerzyst\u00f3w. Odzie\u017c merino, enduro i mtb.\",\"url\":\"https:\/\/gotygu.com\/\",\"logo\":{\"@type\":\"ImageObject\",\"inLanguage\":\"de\",\"@id\":\"https:\/\/gotygu.com\/#\/schema\/logo\/image\/\",\"url\":\"https:\/\/gotygu.com\/wp-content\/uploads\/2023\/12\/tygu-gory.png\",\"contentUrl\":\"https:\/\/gotygu.com\/wp-content\/uploads\/2023\/12\/tygu-gory.png\",\"width\":512,\"height\":512,\"caption\":\"Polska marka rowerowa z serca beskid\u00f3w. Odzie\u017c i akcesoria rowerowa projektowane przez rowerzyst\u00f3w. Odzie\u017c merino, enduro i mtb.\"},\"image\":{\"@id\":\"https:\/\/gotygu.com\/#\/schema\/logo\/image\/\"},\"sameAs\":[\"https:\/\/www.facebook.com\/TYGUapparel\"]}]}<\/script>\n<!-- \/ Yoast SEO plugin. -->","yoast_head_json":{"title":"R\u00fcckgabe - TYGU","robots":{"index":"index","follow":"follow","max-snippet":"max-snippet:-1","max-image-preview":"max-image-preview:large","max-video-preview":"max-video-preview:-1"},"canonical":"https:\/\/gotygu.com\/zwroty-2\/","og_locale":"de_DE","og_type":"article","og_title":"R\u00fcckgabe - TYGU","og_description":"R\u00fcckgabe Um ein Paket zur\u00fcckzusenden, f\u00fcllen Sie bitte das R\u00fccksendeformular aus und legen es zusammen mit den zur\u00fcckgesendeten Produkten in das Paket. Lieferadressen: Inpost-Paketautomaten: Parzelle Nr: ZWC03A Telefon-Nr.: +48 533 150 105 E-Mail Adresse: kontakt@gotygu.com Kurier: Adresse: Kopernika Stra\u00dfe 92a, 34-300 \u017bywiec Telefon-Nr.: +48 533 150 105 E-Mail Adresse: kontakt@gotygu.com Laden Sie das R\u00fccksendeformular herunter","og_url":"https:\/\/gotygu.com\/zwroty-2\/","og_site_name":"TYGU","article_publisher":"https:\/\/www.facebook.com\/TYGUapparel","article_modified_time":"2025-10-14T11:18:05+00:00","og_image":[{"width":512,"height":512,"url":"https:\/\/gotygu.com\/wp-content\/uploads\/2023\/12\/tygu-gory.png","type":"image\/png"}],"twitter_card":"summary_large_image","twitter_misc":{"Gesch\u00e4tzte Lesezeit":"1\u00a0Minute"},"schema":{"@context":"https:\/\/schema.org","@graph":[{"@type":"WebPage","@id":"https:\/\/gotygu.com\/zwroty-2\/","url":"https:\/\/gotygu.com\/zwroty-2\/","name":"R\u00fcckgabe - TYGU","isPartOf":{"@id":"https:\/\/gotygu.com\/#website"},"datePublished":"2023-10-31T14:54:45+00:00","dateModified":"2025-10-14T11:18:05+00:00","breadcrumb":{"@id":"https:\/\/gotygu.com\/zwroty-2\/#breadcrumb"},"inLanguage":"de","potentialAction":[{"@type":"ReadAction","target":["https:\/\/gotygu.com\/zwroty-2\/"]}]},{"@type":"BreadcrumbList","@id":"https:\/\/gotygu.com\/zwroty-2\/#breadcrumb","itemListElement":[{"@type":"ListItem","position":1,"name":"Strona g\u0142\u00f3wna","item":"https:\/\/gotygu.com\/"},{"@type":"ListItem","position":2,"name":"R\u00fcckgabe"}]},{"@type":"WebSite","@id":"https:\/\/gotygu.com\/#website","url":"https:\/\/gotygu.com\/","name":"TYGU - Polska marka odzie\u017cy","description":"Designed To Ride - poznaj Polsk\u0105 mark\u0119","publisher":{"@id":"https:\/\/gotygu.com\/#organization"},"alternateName":"Prosto z serca Beskid\u00f3w. Autorskie projekty odzie\u017cy i akcesori\u00f3w rowerowych. Odzie\u017c Merino dla rowerzyst\u00f3w","potentialAction":[{"@type":"SearchAction","target":{"@type":"EntryPoint","urlTemplate":"https:\/\/gotygu.com\/?s={search_term_string}"},"query-input":{"@type":"PropertyValueSpecification","valueRequired":true,"valueName":"search_term_string"}}],"inLanguage":"de"},{"@type":"Organization","@id":"https:\/\/gotygu.com\/#organization","name":"Polska marka rowerowa z serca beskid\u00f3w. Odzie\u017c i akcesoria rowerowa projektowane przez rowerzyst\u00f3w. Odzie\u017c merino, enduro i mtb.","url":"https:\/\/gotygu.com\/","logo":{"@type":"ImageObject","inLanguage":"de","@id":"https:\/\/gotygu.com\/#\/schema\/logo\/image\/","url":"https:\/\/gotygu.com\/wp-content\/uploads\/2023\/12\/tygu-gory.png","contentUrl":"https:\/\/gotygu.com\/wp-content\/uploads\/2023\/12\/tygu-gory.png","width":512,"height":512,"caption":"Polska marka rowerowa z serca beskid\u00f3w. Odzie\u017c i akcesoria rowerowa projektowane przez rowerzyst\u00f3w. Odzie\u017c merino, enduro i mtb."},"image":{"@id":"https:\/\/gotygu.com\/#\/schema\/logo\/image\/"},"sameAs":["https:\/\/www.facebook.com\/TYGUapparel"]}]}},"_links":{"self":[{"href":"https:\/\/gotygu.com\/de\/wp-json\/wp\/v2\/pages\/383798"}],"collection":[{"href":"https:\/\/gotygu.com\/de\/wp-json\/wp\/v2\/pages"}],"about":[{"href":"https:\/\/gotygu.com\/de\/wp-json\/wp\/v2\/types\/page"}],"author":[{"embeddable":true,"href":"https:\/\/gotygu.com\/de\/wp-json\/wp\/v2\/users\/3016"}],"replies":[{"embeddable":true,"href":"https:\/\/gotygu.com\/de\/wp-json\/wp\/v2\/comments?post=383798"}],"version-history":[{"count":32,"href":"https:\/\/gotygu.com\/de\/wp-json\/wp\/v2\/pages\/383798\/revisions"}],"predecessor-version":[{"id":390024,"href":"https:\/\/gotygu.com\/de\/wp-json\/wp\/v2\/pages\/383798\/revisions\/390024"}],"wp:attachment":[{"href":"https:\/\/gotygu.com\/de\/wp-json\/wp\/v2\/media?parent=383798"}],"curies":[{"name":"wp","href":"https:\/\/api.w.org\/{rel}","templated":true}]}}