{"id":378032,"date":"2021-11-24T16:44:44","date_gmt":"2021-11-24T15:44:44","guid":{"rendered":"https:\/\/gotygu.com\/mein-konto\/"},"modified":"2023-05-30T11:41:38","modified_gmt":"2023-05-30T09:41:38","slug":"mein-konto","status":"publish","type":"page","link":"https:\/\/gotygu.com\/de\/mein-konto\/","title":{"rendered":"Mein Konto"},"content":{"rendered":"\t\t<div data-elementor-type=\"wp-page\" data-elementor-id=\"378032\" class=\"elementor elementor-378032 elementor-2938\" data-elementor-post-type=\"page\">\n\t\t\t\t\t\t<section class=\"elementor-section elementor-top-section elementor-element elementor-element-9e1fe03 elementor-section-boxed elementor-section-height-default elementor-section-height-default\" data-id=\"9e1fe03\" data-element_type=\"section\" data-e-type=\"section\">\n\t\t\t\t\t\t<div class=\"elementor-container elementor-column-gap-default\">\n\t\t\t\t\t<div class=\"elementor-column elementor-col-100 elementor-top-column elementor-element elementor-element-62a0e8d8\" data-id=\"62a0e8d8\" data-element_type=\"column\" data-e-type=\"column\">\n\t\t\t<div class=\"elementor-widget-wrap elementor-element-populated\">\n\t\t\t\t\t\t<div class=\"elementor-element elementor-element-50ff8ccf elementor-widget elementor-widget-text-editor\" data-id=\"50ff8ccf\" data-element_type=\"widget\" data-e-type=\"widget\" data-widget_type=\"text-editor.default\">\n\t\t\t\t<div class=\"elementor-widget-container\">\n\t\t\t\t\t\t\t\t\t<p><div class=\"woocommerce\"><div class=\"woocommerce-notices-wrapper\"><\/div>\n\n<div class=\"u-columns col2-set\" id=\"customer_login\">\n\n\t<div class=\"u-column1 col-1\">\n\n\n\t\t<h2>Anmelden<\/h2>\n\n\t\t<form class=\"woocommerce-form woocommerce-form-login login\" method=\"post\" novalidate>\n\n\t\t\t\n\t\t\t<p class=\"woocommerce-form-row woocommerce-form-row--wide form-row form-row-wide\">\n\t\t\t\t<label for=\"username\">Benutzername oder E-Mail-Adresse&nbsp;<span class=\"required\" aria-hidden=\"true\">*<\/span><span class=\"screen-reader-text\">Erforderlich<\/span><\/label>\n\t\t\t\t<input type=\"text\" class=\"woocommerce-Input woocommerce-Input--text input-text\" name=\"username\" id=\"username\" autocomplete=\"username\" value=\"\" required aria-required=\"true\" \/>\t\t\t<\/p>\n\t\t\t<p class=\"woocommerce-form-row woocommerce-form-row--wide form-row form-row-wide\">\n\t\t\t\t<label for=\"password\">Passwort&nbsp;<span class=\"required\" aria-hidden=\"true\">*<\/span><span class=\"screen-reader-text\">Erforderlich<\/span><\/label>\n\t\t\t\t<input class=\"woocommerce-Input woocommerce-Input--text input-text\" type=\"password\" name=\"password\" id=\"password\" autocomplete=\"current-password\" required aria-required=\"true\" \/>\n\t\t\t<\/p>\n\n\t\t\t<div class=\"g-recaptcha\" style=\"transform: scale(0.9); -webkit-transform: scale(0.9); transform-origin: 0 0; -webkit-transform-origin: 0 0;\" data-sitekey=\"6Lc_5ZwpAAAAAFjv60ojwLFUEQedW2jVtB0cVGuE\"><\/div><script>\r\n                    function wpcaptcha_captcha_refresh() {\r\n                        grecaptcha.reset();\r\n                    }\r\n\r\n                    jQuery(document.body).on(\"checkout_error\", function(){\r\n                        setTimeout(wpcaptcha_captcha_refresh, 50);\r\n                    });\r\n\r\n                    jQuery(document.body).on(\"updated_checkout\", function(){\r\n                        setTimeout(wpcaptcha_captcha_refresh, 50);\r\n                    });\r\n                <\/script><script src='https:\/\/www.google.com\/recaptcha\/api.js?ver=1.34' id='wpcaptcha-recaptcha-js'><\/script>\n\t\t\t<p class=\"form-row\">\n\t\t\t\t<label class=\"woocommerce-form__label woocommerce-form__label-for-checkbox woocommerce-form-login__rememberme\">\n\t\t\t\t\t<input class=\"woocommerce-form__input woocommerce-form__input-checkbox\" name=\"rememberme\" type=\"checkbox\" id=\"rememberme\" value=\"forever\" \/> <span>Angemeldet bleiben<\/span>\n\t\t\t\t<\/label>\n\t\t\t\t<input type=\"hidden\" id=\"woocommerce-login-nonce\" name=\"woocommerce-login-nonce\" value=\"28e973484c\" \/><input type=\"hidden\" name=\"_wp_http_referer\" value=\"\/de\/wp-json\/wp\/v2\/pages\/378032\" \/>\t\t\t\t<button type=\"submit\" class=\"woocommerce-button button woocommerce-form-login__submit\" name=\"login\" value=\"Anmelden\">Anmelden<\/button>\n\t\t\t<\/p>\n\t\t\t<p class=\"woocommerce-LostPassword lost_password\">\n\t\t\t\t<a href=\"https:\/\/gotygu.com\/de\/mein-konto\/lost-password\/\">Passwort vergessen?<\/a>\n\t\t\t<\/p>\n\n\t\t\t\n\t\t<\/form>\n\n\n\t<\/div>\n\n\t<div class=\"u-column2 col-2\">\n\n\t\t<h2>Registrieren<\/h2>\n\n\t\t<form method=\"post\" class=\"woocommerce-form woocommerce-form-register register\"  >\n\n\t\t\t\n\t\t\t\n\t\t\t<p class=\"woocommerce-form-row woocommerce-form-row--wide form-row form-row-wide\">\n\t\t\t\t<label for=\"reg_email\">E-Mail-Adresse&nbsp;<span class=\"required\" aria-hidden=\"true\">*<\/span><span class=\"screen-reader-text\">Erforderlich<\/span><\/label>\n\t\t\t\t<input type=\"email\" class=\"woocommerce-Input woocommerce-Input--text input-text\" name=\"email\" id=\"reg_email\" autocomplete=\"email\" value=\"\" required aria-required=\"true\" \/>\t\t\t<\/p>\n\n\t\t\t\n\t\t\t\t<p class=\"woocommerce-form-row woocommerce-form-row--wide form-row form-row-wide\">\n\t\t\t\t\t<label for=\"reg_password\">Passwort&nbsp;<span class=\"required\" aria-hidden=\"true\">*<\/span><span class=\"screen-reader-text\">Erforderlich<\/span><\/label>\n\t\t\t\t\t<input type=\"password\" class=\"woocommerce-Input woocommerce-Input--text input-text\" name=\"password\" id=\"reg_password\" autocomplete=\"new-password\" required aria-required=\"true\" \/>\n\t\t\t\t<\/p>\n\n\t\t\t\n\t\t\t<p class=\"form-row form-row-wide mailchimp-newsletter\"><label for=\"mailchimp_woocommerce_newsletter\" class=\"woocommerce-form__label woocommerce-form__label-for-checkbox inline\"><input class=\"woocommerce-form__input woocommerce-form__input-checkbox input-checkbox\" id=\"mailchimp_woocommerce_newsletter\" type=\"checkbox\" name=\"mailchimp_woocommerce_newsletter\" value=\"1\" checked=\"checked\"> <span>Zapisz si\u0119 do naszego newslettera<\/span><\/label><\/p><div class=\"clear\"><\/div><div class=\"g-recaptcha\" style=\"transform: scale(0.9); -webkit-transform: scale(0.9); transform-origin: 0 0; -webkit-transform-origin: 0 0;\" data-sitekey=\"6Lc_5ZwpAAAAAFjv60ojwLFUEQedW2jVtB0cVGuE\"><\/div><script>\r\n                    function wpcaptcha_captcha_refresh() {\r\n                        grecaptcha.reset();\r\n                    }\r\n\r\n                    jQuery(document.body).on(\"checkout_error\", function(){\r\n                        setTimeout(wpcaptcha_captcha_refresh, 50);\r\n                    });\r\n\r\n                    jQuery(document.body).on(\"updated_checkout\", function(){\r\n                        setTimeout(wpcaptcha_captcha_refresh, 50);\r\n                    });\r\n                <\/script><script src='https:\/\/www.google.com\/recaptcha\/api.js?ver=1.34' id='wpcaptcha-recaptcha-js'><\/script><wc-order-attribution-inputs><\/wc-order-attribution-inputs><div class=\"woocommerce-privacy-policy-text\"><p>Twoje dane osobowe zostan\u0105 u\u017cyte do obs\u0142ugi twojej wizyty na naszej stronie, zarz\u0105dzania dost\u0119pem do twojego konta i dla innych cel\u00f3w o kt\u00f3rych m\u00f3wi nasza <a href=\"\" class=\"woocommerce-privacy-policy-link\" target=\"_blank\">Datenschutzerkl\u00e4rung<\/a>.<\/p>\n<\/div>\n\t\t\t<p class=\"woocommerce-form-row form-row\">\n\t\t\t\t<input type=\"hidden\" id=\"woocommerce-register-nonce\" name=\"woocommerce-register-nonce\" value=\"514ed73eeb\" \/><input type=\"hidden\" name=\"_wp_http_referer\" value=\"\/de\/wp-json\/wp\/v2\/pages\/378032\" \/>\t\t\t\t<button type=\"submit\" class=\"woocommerce-Button woocommerce-button button woocommerce-form-register__submit\" name=\"register\" value=\"Registrieren\">Registrieren<\/button>\n\t\t\t<\/p>\n\n\t\t\t\n\t\t<\/form>\n\n\t<\/div>\n\n<\/div>\n\n<\/div><\/p>\n\t\t\t\t\t\t\t\t<\/div>\n\t\t\t\t<\/div>\n\t\t\t\t\t<\/div>\n\t\t<\/div>\n\t\t\t\t\t<\/div>\n\t\t<\/section>\n\t\t\t\t<\/div>\n\t\t","protected":false},"excerpt":{"rendered":"","protected":false},"author":3023,"featured_media":0,"parent":0,"menu_order":0,"comment_status":"closed","ping_status":"closed","template":"","meta":{"footnotes":""},"class_list":["post-378032","page","type-page","status-publish","hentry"],"yoast_head":"<!-- This site is optimized with the Yoast SEO plugin v25.4 - https:\/\/yoast.com\/wordpress\/plugins\/seo\/ -->\n<title>Mein Konto - TYGU<\/title>\n<meta name=\"robots\" content=\"index, follow, max-snippet:-1, max-image-preview:large, max-video-preview:-1\" \/>\n<link rel=\"canonical\" href=\"https:\/\/gotygu.com\/moje-konto\/\" \/>\n<meta property=\"og:locale\" content=\"de_DE\" \/>\n<meta property=\"og:type\" content=\"article\" \/>\n<meta property=\"og:title\" content=\"Mein Konto - TYGU\" \/>\n<meta property=\"og:url\" content=\"https:\/\/gotygu.com\/moje-konto\/\" \/>\n<meta property=\"og:site_name\" content=\"TYGU\" \/>\n<meta property=\"article:publisher\" content=\"https:\/\/www.facebook.com\/TYGUapparel\" \/>\n<meta property=\"article:modified_time\" content=\"2023-05-30T09:41:38+00:00\" \/>\n<meta property=\"og:image\" content=\"https:\/\/gotygu.com\/wp-content\/uploads\/2023\/12\/tygu-gory.png\" \/>\n\t<meta property=\"og:image:width\" content=\"512\" \/>\n\t<meta property=\"og:image:height\" content=\"512\" \/>\n\t<meta property=\"og:image:type\" content=\"image\/png\" \/>\n<meta name=\"twitter:card\" content=\"summary_large_image\" \/>\n<script type=\"application\/ld+json\" class=\"yoast-schema-graph\">{\"@context\":\"https:\/\/schema.org\",\"@graph\":[{\"@type\":\"WebPage\",\"@id\":\"https:\/\/gotygu.com\/moje-konto\/\",\"url\":\"https:\/\/gotygu.com\/moje-konto\/\",\"name\":\"Mein Konto - TYGU\",\"isPartOf\":{\"@id\":\"https:\/\/gotygu.com\/#website\"},\"datePublished\":\"2021-11-24T15:44:44+00:00\",\"dateModified\":\"2023-05-30T09:41:38+00:00\",\"breadcrumb\":{\"@id\":\"https:\/\/gotygu.com\/moje-konto\/#breadcrumb\"},\"inLanguage\":\"de\",\"potentialAction\":[{\"@type\":\"ReadAction\",\"target\":[\"https:\/\/gotygu.com\/moje-konto\/\"]}]},{\"@type\":\"BreadcrumbList\",\"@id\":\"https:\/\/gotygu.com\/moje-konto\/#breadcrumb\",\"itemListElement\":[{\"@type\":\"ListItem\",\"position\":1,\"name\":\"Strona g\u0142\u00f3wna\",\"item\":\"https:\/\/gotygu.com\/\"},{\"@type\":\"ListItem\",\"position\":2,\"name\":\"Mein Konto\"}]},{\"@type\":\"WebSite\",\"@id\":\"https:\/\/gotygu.com\/#website\",\"url\":\"https:\/\/gotygu.com\/\",\"name\":\"TYGU - Polska marka odzie\u017cy\",\"description\":\"Designed To Ride - poznaj Polsk\u0105 mark\u0119\",\"publisher\":{\"@id\":\"https:\/\/gotygu.com\/#organization\"},\"alternateName\":\"Prosto z serca Beskid\u00f3w. Autorskie projekty odzie\u017cy i akcesori\u00f3w rowerowych. Odzie\u017c Merino dla rowerzyst\u00f3w\",\"potentialAction\":[{\"@type\":\"SearchAction\",\"target\":{\"@type\":\"EntryPoint\",\"urlTemplate\":\"https:\/\/gotygu.com\/?s={search_term_string}\"},\"query-input\":{\"@type\":\"PropertyValueSpecification\",\"valueRequired\":true,\"valueName\":\"search_term_string\"}}],\"inLanguage\":\"de\"},{\"@type\":\"Organization\",\"@id\":\"https:\/\/gotygu.com\/#organization\",\"name\":\"Polska marka rowerowa z serca beskid\u00f3w. Odzie\u017c i akcesoria rowerowa projektowane przez rowerzyst\u00f3w. Odzie\u017c merino, enduro i mtb.\",\"url\":\"https:\/\/gotygu.com\/\",\"logo\":{\"@type\":\"ImageObject\",\"inLanguage\":\"de\",\"@id\":\"https:\/\/gotygu.com\/#\/schema\/logo\/image\/\",\"url\":\"https:\/\/gotygu.com\/wp-content\/uploads\/2023\/12\/tygu-gory.png\",\"contentUrl\":\"https:\/\/gotygu.com\/wp-content\/uploads\/2023\/12\/tygu-gory.png\",\"width\":512,\"height\":512,\"caption\":\"Polska marka rowerowa z serca beskid\u00f3w. Odzie\u017c i akcesoria rowerowa projektowane przez rowerzyst\u00f3w. Odzie\u017c merino, enduro i mtb.\"},\"image\":{\"@id\":\"https:\/\/gotygu.com\/#\/schema\/logo\/image\/\"},\"sameAs\":[\"https:\/\/www.facebook.com\/TYGUapparel\"]}]}<\/script>\n<!-- \/ Yoast SEO plugin. -->","yoast_head_json":{"title":"Mein Konto - TYGU","robots":{"index":"index","follow":"follow","max-snippet":"max-snippet:-1","max-image-preview":"max-image-preview:large","max-video-preview":"max-video-preview:-1"},"canonical":"https:\/\/gotygu.com\/moje-konto\/","og_locale":"de_DE","og_type":"article","og_title":"Mein Konto - TYGU","og_url":"https:\/\/gotygu.com\/moje-konto\/","og_site_name":"TYGU","article_publisher":"https:\/\/www.facebook.com\/TYGUapparel","article_modified_time":"2023-05-30T09:41:38+00:00","og_image":[{"width":512,"height":512,"url":"https:\/\/gotygu.com\/wp-content\/uploads\/2023\/12\/tygu-gory.png","type":"image\/png"}],"twitter_card":"summary_large_image","schema":{"@context":"https:\/\/schema.org","@graph":[{"@type":"WebPage","@id":"https:\/\/gotygu.com\/moje-konto\/","url":"https:\/\/gotygu.com\/moje-konto\/","name":"Mein Konto - TYGU","isPartOf":{"@id":"https:\/\/gotygu.com\/#website"},"datePublished":"2021-11-24T15:44:44+00:00","dateModified":"2023-05-30T09:41:38+00:00","breadcrumb":{"@id":"https:\/\/gotygu.com\/moje-konto\/#breadcrumb"},"inLanguage":"de","potentialAction":[{"@type":"ReadAction","target":["https:\/\/gotygu.com\/moje-konto\/"]}]},{"@type":"BreadcrumbList","@id":"https:\/\/gotygu.com\/moje-konto\/#breadcrumb","itemListElement":[{"@type":"ListItem","position":1,"name":"Strona g\u0142\u00f3wna","item":"https:\/\/gotygu.com\/"},{"@type":"ListItem","position":2,"name":"Mein Konto"}]},{"@type":"WebSite","@id":"https:\/\/gotygu.com\/#website","url":"https:\/\/gotygu.com\/","name":"TYGU - Polska marka odzie\u017cy","description":"Designed To Ride - poznaj Polsk\u0105 mark\u0119","publisher":{"@id":"https:\/\/gotygu.com\/#organization"},"alternateName":"Prosto z serca Beskid\u00f3w. Autorskie projekty odzie\u017cy i akcesori\u00f3w rowerowych. Odzie\u017c Merino dla rowerzyst\u00f3w","potentialAction":[{"@type":"SearchAction","target":{"@type":"EntryPoint","urlTemplate":"https:\/\/gotygu.com\/?s={search_term_string}"},"query-input":{"@type":"PropertyValueSpecification","valueRequired":true,"valueName":"search_term_string"}}],"inLanguage":"de"},{"@type":"Organization","@id":"https:\/\/gotygu.com\/#organization","name":"Polska marka rowerowa z serca beskid\u00f3w. Odzie\u017c i akcesoria rowerowa projektowane przez rowerzyst\u00f3w. Odzie\u017c merino, enduro i mtb.","url":"https:\/\/gotygu.com\/","logo":{"@type":"ImageObject","inLanguage":"de","@id":"https:\/\/gotygu.com\/#\/schema\/logo\/image\/","url":"https:\/\/gotygu.com\/wp-content\/uploads\/2023\/12\/tygu-gory.png","contentUrl":"https:\/\/gotygu.com\/wp-content\/uploads\/2023\/12\/tygu-gory.png","width":512,"height":512,"caption":"Polska marka rowerowa z serca beskid\u00f3w. Odzie\u017c i akcesoria rowerowa projektowane przez rowerzyst\u00f3w. Odzie\u017c merino, enduro i mtb."},"image":{"@id":"https:\/\/gotygu.com\/#\/schema\/logo\/image\/"},"sameAs":["https:\/\/www.facebook.com\/TYGUapparel"]}]}},"_links":{"self":[{"href":"https:\/\/gotygu.com\/de\/wp-json\/wp\/v2\/pages\/378032"}],"collection":[{"href":"https:\/\/gotygu.com\/de\/wp-json\/wp\/v2\/pages"}],"about":[{"href":"https:\/\/gotygu.com\/de\/wp-json\/wp\/v2\/types\/page"}],"author":[{"embeddable":true,"href":"https:\/\/gotygu.com\/de\/wp-json\/wp\/v2\/users\/3023"}],"replies":[{"embeddable":true,"href":"https:\/\/gotygu.com\/de\/wp-json\/wp\/v2\/comments?post=378032"}],"version-history":[{"count":1,"href":"https:\/\/gotygu.com\/de\/wp-json\/wp\/v2\/pages\/378032\/revisions"}],"predecessor-version":[{"id":378033,"href":"https:\/\/gotygu.com\/de\/wp-json\/wp\/v2\/pages\/378032\/revisions\/378033"}],"wp:attachment":[{"href":"https:\/\/gotygu.com\/de\/wp-json\/wp\/v2\/media?parent=378032"}],"curies":[{"name":"wp","href":"https:\/\/api.w.org\/{rel}","templated":true}]}}